{"id":6279,"date":"2021-10-17T22:28:58","date_gmt":"2021-10-17T19:28:58","guid":{"rendered":"https:\/\/birimler.atauni.edu.tr\/makine-muhendisligi\/?page_id=6279"},"modified":"2025-07-14T14:31:09","modified_gmt":"2025-07-14T11:31:09","slug":"staj-yol-haritasi","status":"publish","type":"page","link":"https:\/\/atauni.edu.tr\/makine-muhendisligi\/staj-yol-haritasi\/","title":{"rendered":"Staj Yol Haritas\u0131"},"content":{"rendered":"\t\t<div data-elementor-type=\"wp-page\" data-elementor-id=\"6279\" class=\"elementor elementor-6279\" data-elementor-post-type=\"page\">\n\t\t\t\t\t\t<section class=\"elementor-section elementor-top-section elementor-element elementor-element-7eb7452 elementor-section-boxed elementor-section-height-default elementor-section-height-default\" data-id=\"7eb7452\" data-element_type=\"section\">\n\t\t\t\t\t\t<div class=\"elementor-container elementor-column-gap-default\">\n\t\t\t\t\t<div class=\"elementor-column elementor-col-100 elementor-top-column elementor-element elementor-element-abf8737\" data-id=\"abf8737\" data-element_type=\"column\">\n\t\t\t<div class=\"elementor-widget-wrap\">\n\t\t\t\t\t\t\t<\/div>\n\t\t<\/div>\n\t\t\t\t\t<\/div>\n\t\t<\/section>\n\t\t\t\t<section class=\"elementor-section elementor-top-section elementor-element elementor-element-7caba74 elementor-section-boxed elementor-section-height-default elementor-section-height-default\" data-id=\"7caba74\" data-element_type=\"section\">\n\t\t\t\t\t\t<div class=\"elementor-container elementor-column-gap-default\">\n\t\t\t\t\t<div class=\"elementor-column elementor-col-100 elementor-top-column elementor-element elementor-element-b211ff7\" data-id=\"b211ff7\" data-element_type=\"column\">\n\t\t\t<div class=\"elementor-widget-wrap elementor-element-populated\">\n\t\t\t\t\t\t<div class=\"elementor-element elementor-element-744b154 elementor-widget-divider--view-line elementor-widget elementor-widget-divider\" data-id=\"744b154\" data-element_type=\"widget\" data-widget_type=\"divider.default\">\n\t\t\t\t<div class=\"elementor-widget-container\">\n\t\t\t\t\t\t\t<div class=\"elementor-divider\">\n\t\t\t<span class=\"elementor-divider-separator\">\n\t\t\t\t\t\t<\/span>\n\t\t<\/div>\n\t\t\t\t\t\t<\/div>\n\t\t\t\t<\/div>\n\t\t\t\t<div class=\"elementor-element elementor-element-547ca0a elementor-widget elementor-widget-text-editor\" data-id=\"547ca0a\" data-element_type=\"widget\" data-widget_type=\"text-editor.default\">\n\t\t\t\t<div class=\"elementor-widget-container\">\n\t\t\t\t\t\t\t\t\t<p>Makine M\u00fchendisli\u011fi b\u00f6l\u00fcm\u00fcnde \u00f6\u011frencilerimize iki farkl\u0131 staj yapma se\u00e7ene\u011fi tan\u0131nmaktad\u0131r. Uzun d\u00f6nem ve k\u0131sa d\u00f6nem staj olarak de\u011ferlendirebilece\u011fimiz bu stajlardan, staj dersi kapsam\u0131nda 40 i\u015f g\u00fcn\u00fc ile tan\u0131mlanan stajlar\u0131n\u0131 yaz\u0131n tamamlayabilmektedirler. \u0130\u015fletmede Mesleki E\u011fitim (\u0130ME) yoluyla uzun d\u00f6nem staj se\u00e7ene\u011fini se\u00e7en \u00f6\u011frencilerin ise 2., 4. ve 6. yar\u0131y\u0131llar kapsam\u0131nda alttan en fazla 3 dersi olmas\u0131 ve devam \u015fart\u0131n\u0131 yerine getirmedikleri dersinin olmamas\u0131 beklenmektedir. Bu \u015fart\u0131 sa\u011flayan \u00f6\u011frenciler, 8. yar\u0131y\u0131l\u0131n 14 haftal\u0131k s\u00fcrecini i\u015fletmelerde al\u0131nan mesleki e\u011fitim tan\u0131m\u0131yla uzun d\u00f6nem staj yaparak tamamlayabilmektedirler. Uzun d\u00f6nem stajlarda \u00f6\u011frenciler olduk\u00e7a yak\u0131n bir \u015fekilde d\u00f6nem i\u00e7erisinde haftal\u0131k raporlar ve i\u015fletme ziyaretleri ile takip edilmektedir. Her iki staj i\u00e7in; \u00f6\u011frencilerden staj sonunda kazand\u0131klar\u0131 deneyimlerle birlikte, staj uygulama esaslar\u0131nda istenen sorulara yan\u0131t verecek bir staj raporu haz\u0131rlamalar\u0131 istenmektedir.<\/p>\t\t\t\t\t\t\t\t<\/div>\n\t\t\t\t<\/div>\n\t\t\t\t<div class=\"elementor-element elementor-element-02c0779 elementor-align-center elementor-widget elementor-widget-button\" data-id=\"02c0779\" data-element_type=\"widget\" data-widget_type=\"button.default\">\n\t\t\t\t<div class=\"elementor-widget-container\">\n\t\t\t\t\t\t\t\t\t<div class=\"elementor-button-wrapper\">\n\t\t\t\t\t<a class=\"elementor-button elementor-button-link elementor-size-md elementor-animation-shrink\" href=\"https:\/\/birimler.atauni.edu.tr\/makine-muhendisligi\/wp-content\/uploads\/sites\/136\/2020\/07\/Staj-Yol-Haritasi-Eylul-2024.pdf\">\n\t\t\t\t\t\t<span class=\"elementor-button-content-wrapper\">\n\t\t\t\t\t\t\t\t\t<span class=\"elementor-button-text\">Staj Yol Haritas\u0131<\/span>\n\t\t\t\t\t<\/span>\n\t\t\t\t\t<\/a>\n\t\t\t\t<\/div>\n\t\t\t\t\t\t\t\t<\/div>\n\t\t\t\t<\/div>\n\t\t\t\t\t<\/div>\n\t\t<\/div>\n\t\t\t\t\t<\/div>\n\t\t<\/section>\n\t\t\t\t<\/div>\n\t\t","protected":false},"excerpt":{"rendered":"<p>Makine M\u00fchendisli\u011fi b\u00f6l\u00fcm\u00fcnde \u00f6\u011frencilerimize iki farkl\u0131 staj yapma se\u00e7ene\u011fi tan\u0131nmaktad\u0131r. Uzun d\u00f6nem ve k\u0131sa d\u00f6nem staj olarak de\u011ferlendirebilece\u011fimiz bu stajlardan, staj dersi kapsam\u0131nda 40 i\u015f g\u00fcn\u00fc ile tan\u0131mlanan stajlar\u0131n\u0131 yaz\u0131n tamamlayabilmektedirler. \u0130\u015fletmede Mesleki E\u011fitim (\u0130ME) yoluyla uzun d\u00f6nem staj se\u00e7ene\u011fini se\u00e7en \u00f6\u011frencilerin ise 2., 4. ve 6. yar\u0131y\u0131llar kapsam\u0131nda alttan en fazla 3 dersi olmas\u0131 [&hellip;]<\/p>\n","protected":false},"author":247,"featured_media":0,"parent":0,"menu_order":0,"comment_status":"closed","ping_status":"closed","template":"","meta":{"footnotes":""},"class_list":["post-6279","page","type-page","status-publish","hentry"],"_links":{"self":[{"href":"https:\/\/atauni.edu.tr\/makine-muhendisligi\/wp-json\/wp\/v2\/pages\/6279","targetHints":{"allow":["GET"]}}],"collection":[{"href":"https:\/\/atauni.edu.tr\/makine-muhendisligi\/wp-json\/wp\/v2\/pages"}],"about":[{"href":"https:\/\/atauni.edu.tr\/makine-muhendisligi\/wp-json\/wp\/v2\/types\/page"}],"author":[{"embeddable":true,"href":"https:\/\/atauni.edu.tr\/makine-muhendisligi\/wp-json\/wp\/v2\/users\/247"}],"replies":[{"embeddable":true,"href":"https:\/\/atauni.edu.tr\/makine-muhendisligi\/wp-json\/wp\/v2\/comments?post=6279"}],"version-history":[{"count":37,"href":"https:\/\/atauni.edu.tr\/makine-muhendisligi\/wp-json\/wp\/v2\/pages\/6279\/revisions"}],"predecessor-version":[{"id":8936,"href":"https:\/\/atauni.edu.tr\/makine-muhendisligi\/wp-json\/wp\/v2\/pages\/6279\/revisions\/8936"}],"wp:attachment":[{"href":"https:\/\/atauni.edu.tr\/makine-muhendisligi\/wp-json\/wp\/v2\/media?parent=6279"}],"curies":[{"name":"wp","href":"https:\/\/api.w.org\/{rel}","templated":true}]}}