{"id":5728,"date":"2021-07-13T11:33:38","date_gmt":"2021-07-13T08:33:38","guid":{"rendered":"https:\/\/portaltest.atauni.edu.tr\/bilgisayar-muhendisligi\/?page_id=5728"},"modified":"2025-11-07T10:01:08","modified_gmt":"2025-11-07T07:01:08","slug":"anabilim-dali-tanitimi","status":"publish","type":"page","link":"https:\/\/atauni.edu.tr\/makine-programi\/anabilim-dali-tanitimi\/","title":{"rendered":"Anabilim Dal\u0131 Tan\u0131t\u0131m\u0131"},"content":{"rendered":"\t\t<div data-elementor-type=\"wp-page\" data-elementor-id=\"5728\" class=\"elementor elementor-5728\" data-elementor-post-type=\"page\">\n\t\t\t\t\t\t<section class=\"elementor-section elementor-top-section elementor-element elementor-element-9be811a elementor-section-boxed elementor-section-height-default elementor-section-height-default\" data-id=\"9be811a\" data-element_type=\"section\">\n\t\t\t\t\t\t<div class=\"elementor-container elementor-column-gap-default\">\n\t\t\t\t\t<div class=\"elementor-column elementor-col-100 elementor-top-column elementor-element elementor-element-1ed847b7\" data-id=\"1ed847b7\" data-element_type=\"column\">\n\t\t\t<div class=\"elementor-widget-wrap elementor-element-populated\">\n\t\t\t\t\t\t<div class=\"elementor-element elementor-element-4ce0d07f elementor-widget elementor-widget-heading\" data-id=\"4ce0d07f\" data-element_type=\"widget\" data-widget_type=\"heading.default\">\n\t\t\t\t<div class=\"elementor-widget-container\">\n\t\t\t\t\t<h2 class=\"elementor-heading-title elementor-size-default\">Mezunlar\u0131m\u0131z gelece\u011fe do\u011fru umutlar\u0131m\u0131z...<\/h2>\t\t\t\t<\/div>\n\t\t\t\t<\/div>\n\t\t\t\t<div class=\"elementor-element elementor-element-63260862 elementor-widget-divider--view-line elementor-widget elementor-widget-divider\" data-id=\"63260862\" data-element_type=\"widget\" data-widget_type=\"divider.default\">\n\t\t\t\t<div class=\"elementor-widget-container\">\n\t\t\t\t\t\t\t<div class=\"elementor-divider\">\n\t\t\t<span class=\"elementor-divider-separator\">\n\t\t\t\t\t\t<\/span>\n\t\t<\/div>\n\t\t\t\t\t\t<\/div>\n\t\t\t\t<\/div>\n\t\t\t\t\t<\/div>\n\t\t<\/div>\n\t\t\t\t\t<\/div>\n\t\t<\/section>\n\t\t\t\t<section class=\"elementor-section elementor-top-section elementor-element elementor-element-d3e1e9c elementor-section-boxed elementor-section-height-default elementor-section-height-default\" data-id=\"d3e1e9c\" data-element_type=\"section\">\n\t\t\t\t\t\t<div class=\"elementor-container elementor-column-gap-default\">\n\t\t\t\t\t<div class=\"elementor-column elementor-col-100 elementor-top-column elementor-element elementor-element-aa4eb92\" data-id=\"aa4eb92\" data-element_type=\"column\">\n\t\t\t<div class=\"elementor-widget-wrap elementor-element-populated\">\n\t\t\t\t\t\t<div class=\"elementor-element elementor-element-1a936d4 elementor-widget elementor-widget-text-editor\" data-id=\"1a936d4\" data-element_type=\"widget\" data-widget_type=\"text-editor.default\">\n\t\t\t\t<div class=\"elementor-widget-container\">\n\t\t\t\t\t\t\t\t\t<p style=\"margin-left: 18pt;line-height: normal;background-image: initial;background-position: initial;background-size: initial;background-repeat: initial;background-attachment: initial;text-align: left\">\u00a0<\/p><p><span style=\"color: #000000\">K\u0131ymetli mezun \u00f6\u011frencilerimiz a\u015fa\u011f\u0131da k\u0131sayolu verilmi\u015f olan mezuniyet anketimize kat\u0131lman\u0131z bizler i\u00e7in daha iyi bir e\u011fitim \u00f6\u011fretim i\u00e7in yol g\u00f6sterici olacakt\u0131r. Te\u015fekk\u00fcr eder ba\u015far\u0131lar dilerim.<\/span><\/p><div><span style=\"color: #000000\">Sayg\u0131lar\u0131mla;<\/span><br \/><span style=\"color: #000000\">Dr. \u00d6\u011fr. \u00dcyesi H\u00fcseyin G\u00dcLL\u00dcCE<\/span><br \/><span style=\"color: #000000\">Makine ve Metal Teknolojileri B\u00f6l\u00fcm Ba\u015fkan\u0131<\/span><\/div><div>\u00a0<\/div><div><a href=\"https:\/\/forms.gle\/UuJhk4CCTH8CFUe68\">Makine Program\u0131 Mezun Mezuniyet Anketi<\/a><\/div><div>\u00a0<\/div><div>\u00a0<\/div>\t\t\t\t\t\t\t\t<\/div>\n\t\t\t\t<\/div>\n\t\t\t\t\t<\/div>\n\t\t<\/div>\n\t\t\t\t\t<\/div>\n\t\t<\/section>\n\t\t\t\t<\/div>\n\t\t","protected":false},"excerpt":{"rendered":"<p>Mezunlar\u0131m\u0131z gelece\u011fe do\u011fru umutlar\u0131m\u0131z&#8230; \u00a0 K\u0131ymetli mezun \u00f6\u011frencilerimiz a\u015fa\u011f\u0131da k\u0131sayolu verilmi\u015f olan mezuniyet anketimize kat\u0131lman\u0131z bizler i\u00e7in daha iyi bir e\u011fitim \u00f6\u011fretim i\u00e7in yol g\u00f6sterici olacakt\u0131r. Te\u015fekk\u00fcr eder ba\u015far\u0131lar dilerim. Sayg\u0131lar\u0131mla;Dr. \u00d6\u011fr. \u00dcyesi H\u00fcseyin G\u00dcLL\u00dcCEMakine ve Metal Teknolojileri B\u00f6l\u00fcm Ba\u015fkan\u0131\u00a0Makine Program\u0131 Mezun Mezuniyet Anketi\u00a0\u00a0<\/p>\n","protected":false},"author":1,"featured_media":0,"parent":0,"menu_order":0,"comment_status":"closed","ping_status":"closed","template":"elementor_header_footer","meta":{"footnotes":""},"class_list":["post-5728","page","type-page","status-publish","hentry"],"_links":{"self":[{"href":"https:\/\/atauni.edu.tr\/makine-programi\/wp-json\/wp\/v2\/pages\/5728","targetHints":{"allow":["GET"]}}],"collection":[{"href":"https:\/\/atauni.edu.tr\/makine-programi\/wp-json\/wp\/v2\/pages"}],"about":[{"href":"https:\/\/atauni.edu.tr\/makine-programi\/wp-json\/wp\/v2\/types\/page"}],"author":[{"embeddable":true,"href":"https:\/\/atauni.edu.tr\/makine-programi\/wp-json\/wp\/v2\/users\/1"}],"replies":[{"embeddable":true,"href":"https:\/\/atauni.edu.tr\/makine-programi\/wp-json\/wp\/v2\/comments?post=5728"}],"version-history":[{"count":60,"href":"https:\/\/atauni.edu.tr\/makine-programi\/wp-json\/wp\/v2\/pages\/5728\/revisions"}],"predecessor-version":[{"id":6477,"href":"https:\/\/atauni.edu.tr\/makine-programi\/wp-json\/wp\/v2\/pages\/5728\/revisions\/6477"}],"wp:attachment":[{"href":"https:\/\/atauni.edu.tr\/makine-programi\/wp-json\/wp\/v2\/media?parent=5728"}],"curies":[{"name":"wp","href":"https:\/\/api.w.org\/{rel}","templated":true}]}}