{"id":6254,"date":"2025-05-05T16:10:31","date_gmt":"2025-05-05T13:10:31","guid":{"rendered":"https:\/\/birimler.atauni.edu.tr\/makine-programi\/?page_id=6254"},"modified":"2025-10-09T10:34:40","modified_gmt":"2025-10-09T07:34:40","slug":"danismanliklar","status":"publish","type":"page","link":"https:\/\/atauni.edu.tr\/makine-programi\/danismanliklar\/","title":{"rendered":"Dan\u0131\u015fmanl\u0131klar"},"content":{"rendered":"<table style=\"height: 161px\" width=\"1343\">\n<tbody>\n<tr>\n<td width=\"64\"><\/td>\n<td width=\"163\">Dan\u0131\u015fman<\/td>\n<td width=\"163\">Dan\u0131\u015fmanl\u0131k G\u00fcn\u00fc<\/td>\n<td width=\"115\">Dan\u0131\u015fmanl\u0131k Saati<\/td>\n<td width=\"161\">e-posta<\/td>\n<td width=\"97\">Telefon<\/td>\n<\/tr>\n<tr>\n<td>1. S\u0131n\u0131f<\/td>\n<td>\u00d6\u011fr. G\u00f6r. Zehra UZUN<\/td>\n<td>Sal\u0131- Per\u015fembe<\/td>\n<td>14:00-16:00<\/td>\n<td>\u00a0azehra@atauni.edu.tr<\/td>\n<td>0 442 231 6235<\/td>\n<\/tr>\n<tr>\n<td>2. S\u0131n\u0131f<\/td>\n<td>\u00d6\u011fr. G\u00f6r. \u00d6mer DENKTA\u015e<\/td>\n<td>\u00a0Sal\u0131- Per\u015fembe<\/td>\n<td><span style=\"font-family: inherit;font-size: inherit\">10:00-12:00<\/span><\/td>\n<td>\u00a0odenktas@atauni.edu.tr<\/td>\n<td>0 442 231 5127<\/td>\n<\/tr>\n<\/tbody>\n<\/table>\n","protected":false},"excerpt":{"rendered":"<p>Dan\u0131\u015fman Dan\u0131\u015fmanl\u0131k G\u00fcn\u00fc Dan\u0131\u015fmanl\u0131k Saati e-posta Telefon 1. S\u0131n\u0131f \u00d6\u011fr. G\u00f6r. Zehra UZUN Sal\u0131- Per\u015fembe 14:00-16:00 \u00a0azehra@atauni.edu.tr 0 442 231 6235 2. S\u0131n\u0131f \u00d6\u011fr. G\u00f6r. \u00d6mer DENKTA\u015e \u00a0Sal\u0131- Per\u015fembe 10:00-12:00 \u00a0odenktas@atauni.edu.tr 0 442 231 5127<\/p>\n","protected":false},"author":419,"featured_media":0,"parent":0,"menu_order":0,"comment_status":"closed","ping_status":"closed","template":"","meta":{"footnotes":""},"class_list":["post-6254","page","type-page","status-publish","hentry"],"_links":{"self":[{"href":"https:\/\/atauni.edu.tr\/makine-programi\/wp-json\/wp\/v2\/pages\/6254","targetHints":{"allow":["GET"]}}],"collection":[{"href":"https:\/\/atauni.edu.tr\/makine-programi\/wp-json\/wp\/v2\/pages"}],"about":[{"href":"https:\/\/atauni.edu.tr\/makine-programi\/wp-json\/wp\/v2\/types\/page"}],"author":[{"embeddable":true,"href":"https:\/\/atauni.edu.tr\/makine-programi\/wp-json\/wp\/v2\/users\/419"}],"replies":[{"embeddable":true,"href":"https:\/\/atauni.edu.tr\/makine-programi\/wp-json\/wp\/v2\/comments?post=6254"}],"version-history":[{"count":22,"href":"https:\/\/atauni.edu.tr\/makine-programi\/wp-json\/wp\/v2\/pages\/6254\/revisions"}],"predecessor-version":[{"id":6387,"href":"https:\/\/atauni.edu.tr\/makine-programi\/wp-json\/wp\/v2\/pages\/6254\/revisions\/6387"}],"wp:attachment":[{"href":"https:\/\/atauni.edu.tr\/makine-programi\/wp-json\/wp\/v2\/media?parent=6254"}],"curies":[{"name":"wp","href":"https:\/\/api.w.org\/{rel}","templated":true}]}}