{"id":6478,"date":"2025-11-07T10:05:33","date_gmt":"2025-11-07T07:05:33","guid":{"rendered":"https:\/\/birimler.atauni.edu.tr\/makine-programi\/?page_id=6478"},"modified":"2025-11-07T10:07:02","modified_gmt":"2025-11-07T07:07:02","slug":"program-tanitimi","status":"publish","type":"page","link":"https:\/\/atauni.edu.tr\/makine-programi\/program-tanitimi\/","title":{"rendered":"Program Tan\u0131t\u0131m\u0131"},"content":{"rendered":"\t\t<div data-elementor-type=\"wp-page\" data-elementor-id=\"6478\" class=\"elementor elementor-6478\" data-elementor-post-type=\"page\">\n\t\t\t\t\t\t<section class=\"elementor-section elementor-top-section elementor-element elementor-element-ff23c2b elementor-section-boxed elementor-section-height-default elementor-section-height-default\" data-id=\"ff23c2b\" data-element_type=\"section\">\n\t\t\t\t\t\t<div class=\"elementor-container elementor-column-gap-default\">\n\t\t\t\t\t<div class=\"elementor-column elementor-col-100 elementor-top-column elementor-element elementor-element-5a9cb14\" data-id=\"5a9cb14\" data-element_type=\"column\">\n\t\t\t<div class=\"elementor-widget-wrap elementor-element-populated\">\n\t\t\t\t\t\t<div class=\"elementor-element elementor-element-636a63f elementor-widget elementor-widget-text-editor\" data-id=\"636a63f\" data-element_type=\"widget\" data-widget_type=\"text-editor.default\">\n\t\t\t\t<div class=\"elementor-widget-container\">\n\t\t\t\t\t\t\t\t\t<p><span style=\"color: #000000\"><strong>Makine Program\u0131 Tan\u0131t\u0131m<\/strong><\/span><\/p>\n<ul>\n<li><span style=\"color: #000000\"><strong>Makine Program\u0131 Tarih\u00e7e<\/strong><\/span><\/li>\n<\/ul>\n<p><span style=\"color: #000000\">Makine B\u00f6l\u00fcm\u00fc, Atat\u00fcrk \u00dcniversitesi Erzurum Meslek Y\u00fcksekokulu b\u00fcnyesinde&nbsp;<strong>10 Mart 1978<\/strong>&nbsp;tarihinde Mill\u00ee E\u011fitim Bakanl\u0131\u011f\u0131na ba\u011fl\u0131 olarak kurulmu\u015f ve ilk olarak&nbsp;<strong>Makine-Motor B\u00f6l\u00fcm\u00fc<\/strong>&nbsp;ad\u0131yla \u00f6\u011fretime ba\u015flam\u0131\u015ft\u0131r. Bu d\u00f6nemde ayr\u0131ca Yap\u0131-\u0130n\u015faat, Elektrik Makineleri Tamir Bak\u0131m ve Onar\u0131m\u0131 gibi teknik alanlar ile Sevk ve \u0130dare, Pazarlama gibi sosyal bilimler b\u00f6l\u00fcmleri de e\u011fitim vermi\u015ftir.<\/span><\/p>\n<p><span style=\"color: #000000\"><strong>1980-1981 \u00f6\u011fretim y\u0131l\u0131ndan itibaren<\/strong>, Makine alan\u0131ndaki e\u011fitim&nbsp;<strong>Makine Resim Konstr\u00fcksiyonu<\/strong>&nbsp;ve&nbsp;<strong>Motor B\u00f6l\u00fcm\u00fc<\/strong>&nbsp;olarak devam etmi\u015f, b\u00f6ylece b\u00f6l\u00fcm\u00fcn teknik kapsam\u0131 geni\u015fletilmi\u015ftir.&nbsp;<strong>1982 y\u0131l\u0131nda<\/strong>, 41 Say\u0131l\u0131 Kanun H\u00fckm\u00fcnde Kararname ile y\u00fcksekokul Atat\u00fcrk \u00dcniversitesi Rekt\u00f6rl\u00fc\u011f\u00fc\u2019ne ba\u011flanm\u0131\u015ft\u0131r. Daha sonraki s\u00fcre\u00e7te,&nbsp;<strong>Makine ve Metal Teknolojileri B\u00f6l\u00fcm\u00fc<\/strong>,&nbsp;<strong>29 May\u0131s 2007 tarihinde Y\u00d6K karar\u0131yla Erzurum Meslek Y\u00fcksekokulu b\u00fcnyesinde<\/strong>&nbsp;kurulmu\u015ftur. Bu yap\u0131lanma, b\u00f6l\u00fcm\u00fcn akademik altyap\u0131s\u0131n\u0131 g\u00fc\u00e7lendirmi\u015ftir.<\/span><\/p>\n<p><span style=\"color: #000000\">Son olarak,&nbsp;<strong>25 Mart 2020 tarihinde<\/strong>, Y\u00fcksek\u00f6\u011fretim Kurulu Ba\u015fkanl\u0131\u011f\u0131\u2019n\u0131n karar\u0131yla Erzurum Meslek Y\u00fcksekokulu,&nbsp;<strong>Sosyal Bilimler MYO<\/strong>&nbsp;ve&nbsp;<strong>Teknik Bilimler MYO (TBMYO)<\/strong>&nbsp;olarak ikiye ayr\u0131lm\u0131\u015ft\u0131r. Bu yap\u0131lanma sonras\u0131 TBMYO b\u00fcnyesinde&nbsp;<strong>Makine ve Metal Teknolojileri B\u00f6l\u00fcm\u00fc<\/strong>&nbsp;alt\u0131nda bulunan&nbsp;<strong>Makine Program\u0131<\/strong>&nbsp;e\u011fitim-\u00f6\u011fretim faaliyetlerine devam etmektedir.<\/span><\/p>\n<p><span style=\"color: #000000\"><strong>Makine Program\u0131 Hakk\u0131nda<\/strong><\/span><\/p>\n<p><span style=\"color: #000000\">Makine ve Metal Teknolojileri B\u00f6l\u00fcm\u00fc b\u00fcnyesinde yer alan&nbsp;<strong>Makine Program\u0131<\/strong>, teknolojik geli\u015fmeleri yak\u0131ndan takip eden bir e\u011fitim anlay\u0131\u015f\u0131yla \u00d6nlisans d\u00fczeyinde yakla\u015f\u0131k&nbsp;<strong>2 y\u0131ll\u0131k (4 d\u00f6nem)<\/strong>&nbsp;bir \u00f6\u011frenim s\u00fcreci sunar. Program\u0131n temel amac\u0131; modern \u00fcretim s\u00fcre\u00e7lerinde g\u00f6rev alabilecek hem teorik bilgiye hem de uygulama becerisine sahip&nbsp;<strong>teknik ara elemanlar<\/strong>&nbsp;yeti\u015ftirmektir.<\/span><\/p>\n<p><span style=\"color: #000000\"><strong>E\u011fitim \u0130\u00e7eri\u011fi ve \u00d6\u011frenim S\u00fcreci<\/strong><\/span><\/p>\n<p><span style=\"color: #000000\">Program m\u00fcfredat\u0131; temel bilim dersleri (<strong>matematik, fizik<\/strong>), teknik resim, imalat i\u015flemleri, malzeme teknolojisi ve bilgisayar destekli tasar\u0131m-\u00fcretim (<strong>CAD\/CAM<\/strong>) gibi alanlar\u0131 kapsar. \u00d6\u011frenciler hem teorik dersler al\u0131r hem de uygulama-at\u00f6lye ve laboratuvar ortam\u0131nda pratik yapar.<\/span><\/p>\n<p><span style=\"color: #000000\">\u00d6rne\u011fin; CNC torna ve freze tezg\u00e2hlar\u0131, tala\u015fl\u0131 imalat at\u00f6lyesi, hidrolik-pn\u00f6matik sistemler laboratuvar\u0131 gibi uygulamal\u0131 dersler, \u00f6\u011frencilerin teknik becerilerini geli\u015ftirmeleri i\u00e7in kritik \u00f6neme sahiptir. Ayr\u0131ca sosyal sorumluluk projeleri, teknik geziler ve saha etkinlikleriyle \u00f6\u011frenciler i\u015f d\u00fcnyas\u0131na haz\u0131rlan\u0131r.<\/span><\/p>\n<p><span style=\"color: #000000\"><strong>Fizik\u00ee \u0130mkanlar<\/strong><\/span><\/p>\n<p><span style=\"color: #000000\">Programda yer alan ba\u015fl\u0131ca altyap\u0131lar \u015funlard\u0131r:<\/span><\/p>\n<ul>\n<li style=\"list-style-type: none\">\n<ul>\n<li><span style=\"color: #000000\">Bilgisayarl\u0131 Destekli Tasar\u0131m Laboratuvar\u0131<\/span><\/li>\n<li><span style=\"color: #000000\">CNC torna ve freze tezg\u00e2hlar\u0131<\/span><\/li>\n<li><span style=\"color: #000000\">Tala\u015fl\u0131 imalat at\u00f6lyesi<\/span><\/li>\n<li><span style=\"color: #000000\">Hidrolik-pn\u00f6matik sistemler laboratuvar\u0131<\/span><\/li>\n<li><span style=\"color: #000000\">Kaynak At\u00f6lyesi<\/span><\/li>\n<\/ul>\n<\/li>\n<\/ul>\n<p><span style=\"color: #000000\"><strong>Mezuniyet Sonras\u0131 \u0130mkanlar<\/strong><\/span><\/p>\n<p><span style=\"color: #000000\">Mezunlar; CNC operat\u00f6rl\u00fc\u011f\u00fc, bak\u0131m-onar\u0131m teknikerli\u011fi, kalite kontrol ve at\u00f6lye sorumlulu\u011fu gibi teknik pozisyonlarda g\u00f6rev alabilir. Ayr\u0131ca&nbsp;<strong>DGS (Dikey Ge\u00e7i\u015f S\u0131nav\u0131)<\/strong>&nbsp;ile Makine M\u00fchendisli\u011fi, \u0130malat M\u00fchendisli\u011fi ve Malzeme M\u00fchendisli\u011fi gibi lisans programlar\u0131na ge\u00e7i\u015f imk\u00e2n\u0131 vard\u0131r.<\/span><\/p>\n<p><span style=\"color: #000000\"><strong>Neden Bu Program?<\/strong><\/span><\/p>\n<p><span style=\"color: #000000\">Makine Program\u0131, sanayi ve imalat alan\u0131nda ihtiya\u00e7 duyulan teknik ara elemanlar\u0131 yeti\u015ftirir. G\u00fc\u00e7l\u00fc uygulama altyap\u0131s\u0131 sayesinde \u00f6\u011frenciler hem teknik beceriler hem de analitik d\u00fc\u015f\u00fcnme, problem \u00e7\u00f6zme ve tak\u0131m \u00e7al\u0131\u015fmas\u0131 gibi yetkinlikler kazan\u0131r. Ayr\u0131ca lisansa ge\u00e7i\u015f imk\u00e2n\u0131, uzun vadeli kariyer hedefleri i\u00e7in \u00f6nemli bir avantaj sa\u011flar.<\/span><\/p>\n<p><span style=\"color: #000000\"><strong>Dikkat Edilmesi Gerekenler<\/strong><\/span><\/p>\n<p><span style=\"color: #000000\">E\u011fitim s\u00fcrecinde at\u00f6lye ve laboratuvar \u00e7al\u0131\u015fmalar\u0131 yo\u011fundur; bu nedenle teknik beceri geli\u015ftirme iste\u011fi ve motivasyon \u00f6nemlidir. Giri\u015f puan\u0131 ve kontenjan her y\u0131l de\u011fi\u015febilir, bu nedenle tercih d\u00f6neminde g\u00fcncel bilgiler takip edilmelidir. Mezuniyet sonras\u0131 sekt\u00f6r ba\u011flant\u0131lar\u0131 ve staj s\u00fcreci kariyer i\u00e7in kritik rol oynar. Lisansa ge\u00e7i\u015f hedefleyenler i\u00e7in DGS haz\u0131rl\u0131\u011f\u0131 da dikkate al\u0131nmal\u0131d\u0131r.<\/span><\/p>\t\t\t\t\t\t\t\t<\/div>\n\t\t\t\t<\/div>\n\t\t\t\t\t<\/div>\n\t\t<\/div>\n\t\t\t\t\t<\/div>\n\t\t<\/section>\n\t\t\t\t<\/div>\n\t\t","protected":false},"excerpt":{"rendered":"<p>Makine Program\u0131 Tan\u0131t\u0131m Makine Program\u0131 Tarih\u00e7e Makine B\u00f6l\u00fcm\u00fc, Atat\u00fcrk \u00dcniversitesi Erzurum Meslek Y\u00fcksekokulu b\u00fcnyesinde&nbsp;10 Mart 1978&nbsp;tarihinde Mill\u00ee E\u011fitim Bakanl\u0131\u011f\u0131na ba\u011fl\u0131 olarak kurulmu\u015f ve ilk olarak&nbsp;Makine-Motor B\u00f6l\u00fcm\u00fc&nbsp;ad\u0131yla \u00f6\u011fretime ba\u015flam\u0131\u015ft\u0131r. Bu d\u00f6nemde ayr\u0131ca Yap\u0131-\u0130n\u015faat, Elektrik Makineleri Tamir Bak\u0131m ve Onar\u0131m\u0131 gibi teknik alanlar ile Sevk ve \u0130dare, Pazarlama gibi sosyal bilimler b\u00f6l\u00fcmleri de e\u011fitim vermi\u015ftir. 1980-1981 \u00f6\u011fretim [&hellip;]<\/p>\n","protected":false},"author":419,"featured_media":0,"parent":0,"menu_order":0,"comment_status":"closed","ping_status":"closed","template":"","meta":{"footnotes":""},"class_list":["post-6478","page","type-page","status-publish","hentry"],"_links":{"self":[{"href":"https:\/\/atauni.edu.tr\/makine-programi\/wp-json\/wp\/v2\/pages\/6478","targetHints":{"allow":["GET"]}}],"collection":[{"href":"https:\/\/atauni.edu.tr\/makine-programi\/wp-json\/wp\/v2\/pages"}],"about":[{"href":"https:\/\/atauni.edu.tr\/makine-programi\/wp-json\/wp\/v2\/types\/page"}],"author":[{"embeddable":true,"href":"https:\/\/atauni.edu.tr\/makine-programi\/wp-json\/wp\/v2\/users\/419"}],"replies":[{"embeddable":true,"href":"https:\/\/atauni.edu.tr\/makine-programi\/wp-json\/wp\/v2\/comments?post=6478"}],"version-history":[{"count":4,"href":"https:\/\/atauni.edu.tr\/makine-programi\/wp-json\/wp\/v2\/pages\/6478\/revisions"}],"predecessor-version":[{"id":6482,"href":"https:\/\/atauni.edu.tr\/makine-programi\/wp-json\/wp\/v2\/pages\/6478\/revisions\/6482"}],"wp:attachment":[{"href":"https:\/\/atauni.edu.tr\/makine-programi\/wp-json\/wp\/v2\/media?parent=6478"}],"curies":[{"name":"wp","href":"https:\/\/api.w.org\/{rel}","templated":true}]}}