{"id":5638,"date":"2021-07-13T09:49:25","date_gmt":"2021-07-13T06:49:25","guid":{"rendered":"https:\/\/portaltest.atauni.edu.tr\/bilgisayar-muhendisligi\/?page_id=5638"},"modified":"2021-09-13T13:54:39","modified_gmt":"2021-09-13T10:54:39","slug":"tarihce","status":"publish","type":"page","link":"https:\/\/atauni.edu.tr\/manej-alani-ve-atcilik-koordinatorlugu\/tarihce\/","title":{"rendered":"Tarih\u00e7e"},"content":{"rendered":"\t\t<div data-elementor-type=\"wp-page\" data-elementor-id=\"5638\" class=\"elementor elementor-5638\" data-elementor-post-type=\"page\">\n\t\t\t\t\t\t<section class=\"elementor-section elementor-top-section elementor-element elementor-element-730d320 elementor-section-boxed elementor-section-height-default elementor-section-height-default\" data-id=\"730d320\" data-element_type=\"section\">\n\t\t\t\t\t\t<div class=\"elementor-container elementor-column-gap-default\">\n\t\t\t\t\t<div class=\"elementor-column elementor-col-100 elementor-top-column elementor-element elementor-element-753d0860\" data-id=\"753d0860\" data-element_type=\"column\">\n\t\t\t<div class=\"elementor-widget-wrap\">\n\t\t\t\t\t\t\t<\/div>\n\t\t<\/div>\n\t\t\t\t\t<\/div>\n\t\t<\/section>\n\t\t\t\t<section class=\"elementor-section elementor-top-section elementor-element elementor-element-9be811a elementor-section-boxed elementor-section-height-default elementor-section-height-default\" data-id=\"9be811a\" data-element_type=\"section\">\n\t\t\t\t\t\t<div class=\"elementor-container elementor-column-gap-default\">\n\t\t\t\t\t<div class=\"elementor-column elementor-col-100 elementor-top-column elementor-element elementor-element-1ed847b7\" data-id=\"1ed847b7\" data-element_type=\"column\">\n\t\t\t<div class=\"elementor-widget-wrap elementor-element-populated\">\n\t\t\t\t\t\t<div class=\"elementor-element elementor-element-4ce0d07f elementor-widget elementor-widget-heading\" data-id=\"4ce0d07f\" data-element_type=\"widget\" data-widget_type=\"heading.default\">\n\t\t\t\t<div class=\"elementor-widget-container\">\n\t\t\t\t\t<h2 class=\"elementor-heading-title elementor-size-default\">Tarih\u00e7e<\/h2>\t\t\t\t<\/div>\n\t\t\t\t<\/div>\n\t\t\t\t<div class=\"elementor-element elementor-element-63260862 elementor-widget-divider--view-line elementor-widget elementor-widget-divider\" data-id=\"63260862\" data-element_type=\"widget\" data-widget_type=\"divider.default\">\n\t\t\t\t<div class=\"elementor-widget-container\">\n\t\t\t\t\t\t\t<div class=\"elementor-divider\">\n\t\t\t<span class=\"elementor-divider-separator\">\n\t\t\t\t\t\t<\/span>\n\t\t<\/div>\n\t\t\t\t\t\t<\/div>\n\t\t\t\t<\/div>\n\t\t\t\t\t<\/div>\n\t\t<\/div>\n\t\t\t\t\t<\/div>\n\t\t<\/section>\n\t\t\t\t<section class=\"elementor-section elementor-top-section elementor-element elementor-element-681db8b elementor-section-boxed elementor-section-height-default elementor-section-height-default\" data-id=\"681db8b\" data-element_type=\"section\">\n\t\t\t\t\t\t<div class=\"elementor-container elementor-column-gap-default\">\n\t\t\t\t\t<div class=\"elementor-column elementor-col-100 elementor-top-column elementor-element elementor-element-ad4dac5\" data-id=\"ad4dac5\" data-element_type=\"column\">\n\t\t\t<div class=\"elementor-widget-wrap elementor-element-populated\">\n\t\t\t\t\t\t<div class=\"elementor-element elementor-element-2f96b3d elementor-widget elementor-widget-text-editor\" data-id=\"2f96b3d\" data-element_type=\"widget\" data-widget_type=\"text-editor.default\">\n\t\t\t\t<div class=\"elementor-widget-container\">\n\t\t\t\t\t\t\t\t\t<p>Atat\u00fcrk \u00dcniversitesi Manej Alan\u0131 ve At\u00e7\u0131l\u0131k Koordinat\u00f6rl\u00fc\u011f\u00fc&#8217;n\u00fcn tarihi olduk\u00e7a eskilere dayanmaktad\u0131r. K\u00f6keni Cumhuriyetin ilk y\u0131llar\u0131na uzanan at\u00e7\u0131l\u0131k faaliyetleri, uzun y\u0131llar boyunca \u00e7e\u015fitli geli\u015fmelerle \u015fekillenmi\u015ftir.<\/p>\n<p>\u00dclkemizde at\u00e7\u0131l\u0131\u011f\u0131n geli\u015ftirilmesi ve bu alandaki faaliyetlerin d\u00fczenlenmesi amac\u0131yla kurulan kurumlar, zaman i\u00e7inde farkl\u0131 yap\u0131lar alt\u0131nda faaliyetlerini s\u00fcrd\u00fcrm\u00fc\u015flerdir. Manej Alan\u0131 ve At\u00e7\u0131l\u0131k Koordinat\u00f6rl\u00fc\u011f\u00fc de bu s\u00fcrecin bir par\u00e7as\u0131 olarak, at\u00e7\u0131l\u0131\u011f\u0131n te\u015fvik edilmesi ve geli\u015ftirilmesine katk\u0131da bulunmu\u015ftur.<\/p>\n<p>At\u00e7\u0131l\u0131k Koordinat\u00f6rl\u00fc\u011f\u00fc&#8217;n\u00fcn kurulmas\u0131, at\u00e7\u0131l\u0131k faaliyetlerinin daha organize ve profesyonel bir \u015fekilde y\u00fcr\u00fct\u00fclmesini hedeflemi\u015ftir. Bu ama\u00e7la, \u00e7e\u015fitli e\u011fitim programlar\u0131, yar\u0131\u015fmalar ve di\u011fer aktivitelere ev sahipli\u011fi yapm\u0131\u015f, sekt\u00f6rdeki geli\u015fmelere y\u00f6n vermi\u015ftir.<\/p>\n<p>Manej Alan\u0131&#8217;n\u0131n in\u015fas\u0131 da bu s\u00fcrecin \u00f6nemli bir par\u00e7as\u0131n\u0131 olu\u015fturmu\u015ftur. Modern tesisler ve donan\u0131mlarla at\u00e7\u0131l\u0131k faaliyetlerinin y\u00fcr\u00fct\u00fclmesi sa\u011flanm\u0131\u015f, binicilik e\u011fitimi ve di\u011fer at\u00e7\u0131l\u0131k aktivitelerine olanak tan\u0131nm\u0131\u015ft\u0131r.<\/p>\n<p>Atat\u00fcrk \u00dcniversitesi Manej Alan\u0131 ve At\u00e7\u0131l\u0131k Koordinat\u00f6rl\u00fc\u011f\u00fc, at\u00e7\u0131l\u0131\u011f\u0131n yayg\u0131nla\u015ft\u0131r\u0131lmas\u0131, geli\u015ftirilmesi ve bu alandaki bilincin art\u0131r\u0131lmas\u0131 i\u00e7in \u00f6nemli bir misyon \u00fcstlenmektedir. Gelecek y\u0131llarda da ayn\u0131 azim ve kararl\u0131l\u0131kla faaliyetlerine devam etmesi beklenmektedir.<\/p>\t\t\t\t\t\t\t\t<\/div>\n\t\t\t\t<\/div>\n\t\t\t\t\t<\/div>\n\t\t<\/div>\n\t\t\t\t\t<\/div>\n\t\t<\/section>\n\t\t\t\t<\/div>\n\t\t","protected":false},"excerpt":{"rendered":"<p>Tarih\u00e7e Lorem Ipsum Nedir? Lorem Ipsum, dizgi ve bask\u0131 end\u00fcstrisinde kullan\u0131lan m\u0131g\u0131r metinlerdir. Lorem Ipsum, ad\u0131 bilinmeyen bir matbaac\u0131n\u0131n bir hurufat numune kitab\u0131 olu\u015fturmak \u00fczere bir yaz\u0131 galerisini alarak kar\u0131\u015ft\u0131rd\u0131\u011f\u0131 1500&#8217;lerden beri end\u00fcstri standard\u0131 sahte metinler olarak kullan\u0131lm\u0131\u015ft\u0131r. Be\u015fy\u00fcz y\u0131l boyunca varl\u0131\u011f\u0131n\u0131 s\u00fcrd\u00fcrmekle kalmam\u0131\u015f, ayn\u0131 zamanda pek de\u011fi\u015fmeden elektronik dizgiye de s\u0131\u00e7ram\u0131\u015ft\u0131r. 1960&#8217;larda Lorem Ipsum [&hellip;]<\/p>\n","protected":false},"author":1,"featured_media":0,"parent":0,"menu_order":0,"comment_status":"closed","ping_status":"closed","template":"","meta":{"footnotes":""},"class_list":["post-5638","page","type-page","status-publish","hentry"],"_links":{"self":[{"href":"https:\/\/atauni.edu.tr\/manej-alani-ve-atcilik-koordinatorlugu\/wp-json\/wp\/v2\/pages\/5638","targetHints":{"allow":["GET"]}}],"collection":[{"href":"https:\/\/atauni.edu.tr\/manej-alani-ve-atcilik-koordinatorlugu\/wp-json\/wp\/v2\/pages"}],"about":[{"href":"https:\/\/atauni.edu.tr\/manej-alani-ve-atcilik-koordinatorlugu\/wp-json\/wp\/v2\/types\/page"}],"author":[{"embeddable":true,"href":"https:\/\/atauni.edu.tr\/manej-alani-ve-atcilik-koordinatorlugu\/wp-json\/wp\/v2\/users\/1"}],"replies":[{"embeddable":true,"href":"https:\/\/atauni.edu.tr\/manej-alani-ve-atcilik-koordinatorlugu\/wp-json\/wp\/v2\/comments?post=5638"}],"version-history":[{"count":22,"href":"https:\/\/atauni.edu.tr\/manej-alani-ve-atcilik-koordinatorlugu\/wp-json\/wp\/v2\/pages\/5638\/revisions"}],"predecessor-version":[{"id":6127,"href":"https:\/\/atauni.edu.tr\/manej-alani-ve-atcilik-koordinatorlugu\/wp-json\/wp\/v2\/pages\/5638\/revisions\/6127"}],"wp:attachment":[{"href":"https:\/\/atauni.edu.tr\/manej-alani-ve-atcilik-koordinatorlugu\/wp-json\/wp\/v2\/media?parent=5638"}],"curies":[{"name":"wp","href":"https:\/\/api.w.org\/{rel}","templated":true}]}}