{"id":6216,"date":"2022-08-10T21:49:16","date_gmt":"2022-08-10T18:49:16","guid":{"rendered":"https:\/\/birimler.atauni.edu.tr\/manej-alani-ve-atcilik-koordinatorlugu\/?page_id=6216"},"modified":"2022-08-10T21:50:25","modified_gmt":"2022-08-10T18:50:25","slug":"hizmetler","status":"publish","type":"page","link":"https:\/\/atauni.edu.tr\/manej-alani-ve-atcilik-koordinatorlugu\/hizmetler\/","title":{"rendered":"Hizmetler"},"content":{"rendered":"\t\t<div data-elementor-type=\"wp-page\" data-elementor-id=\"6216\" class=\"elementor elementor-6216\" data-elementor-post-type=\"page\">\n\t\t\t\t\t\t<section class=\"elementor-section elementor-top-section elementor-element elementor-element-730d320 elementor-section-boxed elementor-section-height-default elementor-section-height-default\" data-id=\"730d320\" data-element_type=\"section\">\n\t\t\t\t\t\t<div class=\"elementor-container elementor-column-gap-default\">\n\t\t\t\t\t<div class=\"elementor-column elementor-col-100 elementor-top-column elementor-element elementor-element-753d0860\" data-id=\"753d0860\" data-element_type=\"column\">\n\t\t\t<div class=\"elementor-widget-wrap\">\n\t\t\t\t\t\t\t<\/div>\n\t\t<\/div>\n\t\t\t\t\t<\/div>\n\t\t<\/section>\n\t\t\t\t<section class=\"elementor-section elementor-top-section elementor-element elementor-element-9be811a elementor-section-boxed elementor-section-height-default elementor-section-height-default\" data-id=\"9be811a\" data-element_type=\"section\">\n\t\t\t\t\t\t<div class=\"elementor-container elementor-column-gap-default\">\n\t\t\t\t\t<div class=\"elementor-column elementor-col-100 elementor-top-column elementor-element elementor-element-1ed847b7\" data-id=\"1ed847b7\" data-element_type=\"column\">\n\t\t\t<div class=\"elementor-widget-wrap elementor-element-populated\">\n\t\t\t\t\t\t<div class=\"elementor-element elementor-element-4ce0d07f elementor-widget elementor-widget-heading\" data-id=\"4ce0d07f\" data-element_type=\"widget\" data-widget_type=\"heading.default\">\n\t\t\t\t<div class=\"elementor-widget-container\">\n\t\t\t\t\t<h2 class=\"elementor-heading-title elementor-size-default\">Hizmetler<\/h2>\t\t\t\t<\/div>\n\t\t\t\t<\/div>\n\t\t\t\t<div class=\"elementor-element elementor-element-63260862 elementor-widget-divider--view-line elementor-widget elementor-widget-divider\" data-id=\"63260862\" data-element_type=\"widget\" data-widget_type=\"divider.default\">\n\t\t\t\t<div class=\"elementor-widget-container\">\n\t\t\t\t\t\t\t<div class=\"elementor-divider\">\n\t\t\t<span class=\"elementor-divider-separator\">\n\t\t\t\t\t\t<\/span>\n\t\t<\/div>\n\t\t\t\t\t\t<\/div>\n\t\t\t\t<\/div>\n\t\t\t\t\t<\/div>\n\t\t<\/div>\n\t\t\t\t\t<\/div>\n\t\t<\/section>\n\t\t\t\t<section class=\"elementor-section elementor-top-section elementor-element elementor-element-681db8b elementor-section-boxed elementor-section-height-default elementor-section-height-default\" data-id=\"681db8b\" data-element_type=\"section\">\n\t\t\t\t\t\t<div class=\"elementor-container elementor-column-gap-default\">\n\t\t\t\t\t<div class=\"elementor-column elementor-col-100 elementor-top-column elementor-element elementor-element-ad4dac5\" data-id=\"ad4dac5\" data-element_type=\"column\">\n\t\t\t<div class=\"elementor-widget-wrap elementor-element-populated\">\n\t\t\t\t\t\t<div class=\"elementor-element elementor-element-2f96b3d elementor-widget elementor-widget-text-editor\" data-id=\"2f96b3d\" data-element_type=\"widget\" data-widget_type=\"text-editor.default\">\n\t\t\t\t<div class=\"elementor-widget-container\">\n\t\t\t\t\t\t\t\t\t<table><tbody><tr><td colspan=\"2\" width=\"604\"><p><strong>MANEJ ALANI VE AT\u00c7ILIK KOORD\u0130NAT\u00d6RL\u00dc\u011e\u00dc D\u00d6NER SERMAYE \u0130\u015eLETMES\u0130 2022 YILI MAL\u0130 H\u0130ZMET BEDELLER\u0130<\/strong><\/p><\/td><\/tr><tr><td width=\"510\"><p><strong>H\u0130ZMET ADI<\/strong><\/p><\/td><td width=\"94\"><p><strong>F\u0130YATI<\/strong><\/p><\/td><\/tr><tr><td width=\"510\"><p>TEMEL B\u0130N\u0130C\u0130L\u0130K E\u011e\u0130T\u0130M\u0130 1.SEV\u0130YE 10 SEANS (MODERN B\u0130N\u0130C\u0130L\u0130K)<\/p><\/td><td width=\"94\"><p>1300 TL<\/p><\/td><\/tr><tr><td width=\"510\"><p>TEMEL B\u0130N\u0130C\u0130L\u0130K E\u011e\u0130T\u0130M\u0130 2.SEV\u0130YE 10 SEANS (MODERN B\u0130N\u0130C\u0130L\u0130K)<\/p><\/td><td width=\"94\"><p>1300 TL<\/p><\/td><\/tr><tr><td width=\"510\"><p>TEMEL B\u0130N\u0130C\u0130L\u0130K E\u011e\u0130T\u0130M\u0130 3.SEV\u0130YE 10 SEANS (MODERN B\u0130N\u0130C\u0130L\u0130K)<\/p><\/td><td width=\"94\"><p>1300 TL<\/p><\/td><\/tr><tr><td width=\"510\"><p>TEMEL B\u0130N\u0130C\u0130L\u0130K E\u011e\u0130T\u0130M\u0130 4.SEV\u0130YE 10 SEANS (MODERN B\u0130N\u0130C\u0130L\u0130K)<\/p><\/td><td width=\"94\"><p>1300 TL<\/p><\/td><\/tr><tr><td width=\"510\"><p>TEMEL B\u0130N\u0130C\u0130L\u0130K E\u011e\u0130T\u0130M\u0130 5.SEV\u0130YE 10 SEANS (MODERN B\u0130N\u0130C\u0130L\u0130K)<\/p><\/td><td width=\"94\"><p>1300 TL<\/p><\/td><\/tr><tr><td width=\"510\"><p>TEMEL B\u0130N\u0130C\u0130L\u0130K E\u011e\u0130T\u0130M\u0130 1.SEV\u0130YE 10 SEANS (GELENEKSEL B\u0130N\u0130C\u0130L\u0130K)<\/p><\/td><td width=\"94\"><p>1300 TL<\/p><\/td><\/tr><tr><td width=\"510\"><p>TEMEL B\u0130N\u0130C\u0130L\u0130K E\u011e\u0130T\u0130M\u0130 2.SEV\u0130YE 10 SEANS (GELENEKSEL B\u0130N\u0130C\u0130L\u0130K)<\/p><\/td><td width=\"94\"><p>1300 TL<\/p><\/td><\/tr><tr><td width=\"510\"><p>TEMEL B\u0130N\u0130C\u0130L\u0130K E\u011e\u0130T\u0130M\u0130 3.SEV\u0130YE 10 SEANS (GELENEKSEL B\u0130N\u0130C\u0130L\u0130K)<\/p><\/td><td width=\"94\"><p>1300 TL<\/p><\/td><\/tr><tr><td width=\"510\"><p>TEMEL B\u0130N\u0130C\u0130L\u0130K E\u011e\u0130T\u0130M\u0130 4.SEV\u0130YE 10 SEANS (GELENEKSEL B\u0130N\u0130C\u0130L\u0130K)<\/p><\/td><td width=\"94\"><p>1300 TL<\/p><\/td><\/tr><tr><td width=\"510\"><p>\u0130LER\u0130 SEV\u0130YE B\u0130N\u0130C\u0130L\u0130K E\u011e\u0130T\u0130M\u0130 1 SEANS (45 DK)<\/p><\/td><td width=\"94\"><p>250 TL<\/p><\/td><\/tr><tr><td width=\"510\"><p>ENGEL ATLAMA 10 SEANS<\/p><\/td><td width=\"94\"><p>1500 TL<\/p><\/td><\/tr><tr><td width=\"510\"><p>AT TERB\u0130YES\u0130 E\u011e\u0130T\u0130M\u0130 10 SEANS<\/p><\/td><td width=\"94\"><p>1500 TL<\/p><\/td><\/tr><tr><td width=\"510\"><p>SPORT\u0130F B\u0130N\u0130C\u0130L\u0130K 1 SEANS<\/p><\/td><td width=\"94\"><p>250 TL<\/p><\/td><\/tr><tr><td width=\"510\"><p>TERAP\u0130 AMA\u00c7LI B\u0130N\u0130\u015e GRUP SEANS \u00dcCRET\u0130<\/p><\/td><td width=\"94\"><p>150 TL<\/p><\/td><\/tr><tr><td width=\"510\"><p>TERAP\u0130 AMA\u00c7LI B\u0130N\u0130\u015e \u00d6ZEL SEANS \u00dcCRET\u0130<\/p><\/td><td width=\"94\"><p>200 TL<\/p><\/td><\/tr><tr><td width=\"510\"><p>KRE\u015e \u00c7OCUKLARI TUR B\u0130N\u0130\u015e\u0130 (1 TUR) \u00dcCRET\u0130<\/p><\/td><td width=\"94\"><p>15 TL<\/p><\/td><\/tr><tr><td width=\"510\"><p>TOPLU \u00c7OCUK TUR B\u0130N\u0130\u015e\u0130 (1 TUR) \u00dcCRET\u0130<\/p><\/td><td width=\"94\"><p>15 TL<\/p><\/td><\/tr><tr><td width=\"510\"><p>TOPLU YET\u0130\u015eK\u0130N TUR B\u0130N\u0130\u015e\u0130 (1 TUR)<\/p><\/td><td width=\"94\"><p>15 TL<\/p><\/td><\/tr><tr><td width=\"510\"><p>TEK K\u0130\u015e\u0130L\u0130K TUR B\u0130N\u0130\u015e\u0130 (2 TUR)<\/p><\/td><td width=\"94\"><p>25 TL<\/p><\/td><\/tr><tr><td width=\"510\"><p>D\u00dc\u011e\u00dcN S\u00dcNNET VE D\u0130\u011eER ETK\u0130NL\u0130K FOTO\u011eRAF \u00c7EK\u0130M\u0130 AT K\u0130RASI<\/p><\/td><td width=\"94\"><p>250 TL<\/p><\/td><\/tr><tr><td width=\"510\"><p>ARAZ\u0130 B\u0130N\u0130\u015e\u0130 (1 SAAT)<\/p><p>(Binicilik Temel E\u011fitimini Tamamlayanlar \u0130\u00e7in)<\/p><\/td><td width=\"94\"><p>250 TL<\/p><\/td><\/tr><tr><td width=\"510\"><p>ATLI OK\u00c7ULUK TEMEL E\u011e\u0130T\u0130M\u0130 10 SEANS (\u0130leri seviye E\u011fitimini Tamamlayanlar \u0130\u00e7in)<\/p><\/td><td width=\"94\"><p>1500 TL<\/p><\/td><\/tr><tr><td width=\"510\"><p>ATLI C\u0130R\u0130T TEMEL E\u011e\u0130T\u0130M\u0130 10 SEANS (\u0130leri Seviye E\u011fitimini Tamamlayanlar \u0130\u00e7in)<\/p><\/td><td width=\"94\"><p>1500 TL<\/p><\/td><\/tr><tr><td width=\"510\"><p>NALBANTLIK E\u011e\u0130T\u0130M\u0130 8 SEANS (At Terbiyesi E\u011fitimini Tamamlayanlar \u0130\u00e7in)<\/p><\/td><td width=\"94\"><p>1250 TL<\/p><\/td><\/tr><\/tbody><\/table>\t\t\t\t\t\t\t\t<\/div>\n\t\t\t\t<\/div>\n\t\t\t\t\t<\/div>\n\t\t<\/div>\n\t\t\t\t\t<\/div>\n\t\t<\/section>\n\t\t\t\t<\/div>\n\t\t","protected":false},"excerpt":{"rendered":"<p>Hizmetler MANEJ ALANI VE AT\u00c7ILIK KOORD\u0130NAT\u00d6RL\u00dc\u011e\u00dc D\u00d6NER SERMAYE \u0130\u015eLETMES\u0130 2022 YILI MAL\u0130 H\u0130ZMET BEDELLER\u0130 H\u0130ZMET ADI F\u0130YATI TEMEL B\u0130N\u0130C\u0130L\u0130K E\u011e\u0130T\u0130M\u0130 1.SEV\u0130YE 10 SEANS (MODERN B\u0130N\u0130C\u0130L\u0130K) 1300 TL TEMEL B\u0130N\u0130C\u0130L\u0130K E\u011e\u0130T\u0130M\u0130 2.SEV\u0130YE 10 SEANS (MODERN B\u0130N\u0130C\u0130L\u0130K) 1300 TL TEMEL B\u0130N\u0130C\u0130L\u0130K E\u011e\u0130T\u0130M\u0130 3.SEV\u0130YE 10 SEANS (MODERN B\u0130N\u0130C\u0130L\u0130K) 1300 TL TEMEL B\u0130N\u0130C\u0130L\u0130K E\u011e\u0130T\u0130M\u0130 4.SEV\u0130YE 10 SEANS (MODERN B\u0130N\u0130C\u0130L\u0130K) [&hellip;]<\/p>\n","protected":false},"author":466,"featured_media":0,"parent":0,"menu_order":0,"comment_status":"closed","ping_status":"closed","template":"elementor_header_footer","meta":{"footnotes":""},"class_list":["post-6216","page","type-page","status-publish","hentry"],"_links":{"self":[{"href":"https:\/\/atauni.edu.tr\/manej-alani-ve-atcilik-koordinatorlugu\/wp-json\/wp\/v2\/pages\/6216","targetHints":{"allow":["GET"]}}],"collection":[{"href":"https:\/\/atauni.edu.tr\/manej-alani-ve-atcilik-koordinatorlugu\/wp-json\/wp\/v2\/pages"}],"about":[{"href":"https:\/\/atauni.edu.tr\/manej-alani-ve-atcilik-koordinatorlugu\/wp-json\/wp\/v2\/types\/page"}],"author":[{"embeddable":true,"href":"https:\/\/atauni.edu.tr\/manej-alani-ve-atcilik-koordinatorlugu\/wp-json\/wp\/v2\/users\/466"}],"replies":[{"embeddable":true,"href":"https:\/\/atauni.edu.tr\/manej-alani-ve-atcilik-koordinatorlugu\/wp-json\/wp\/v2\/comments?post=6216"}],"version-history":[{"count":4,"href":"https:\/\/atauni.edu.tr\/manej-alani-ve-atcilik-koordinatorlugu\/wp-json\/wp\/v2\/pages\/6216\/revisions"}],"predecessor-version":[{"id":6220,"href":"https:\/\/atauni.edu.tr\/manej-alani-ve-atcilik-koordinatorlugu\/wp-json\/wp\/v2\/pages\/6216\/revisions\/6220"}],"wp:attachment":[{"href":"https:\/\/atauni.edu.tr\/manej-alani-ve-atcilik-koordinatorlugu\/wp-json\/wp\/v2\/media?parent=6216"}],"curies":[{"name":"wp","href":"https:\/\/api.w.org\/{rel}","templated":true}]}}