{"id":5682,"date":"2021-07-13T10:10:01","date_gmt":"2021-07-13T07:10:01","guid":{"rendered":"https:\/\/portaltest.atauni.edu.tr\/bilgisayar-muhendisligi\/?page_id=5682"},"modified":"2023-05-04T09:58:18","modified_gmt":"2023-05-04T06:58:18","slug":"misyon-vizyon-ve-temel-degerler","status":"publish","type":"page","link":"https:\/\/atauni.edu.tr\/mantik-anabilim-dali\/misyon-vizyon-ve-temel-degerler\/","title":{"rendered":"Misyon, Vizyon ve Temel De\u011ferler"},"content":{"rendered":"\t\t<div data-elementor-type=\"wp-page\" data-elementor-id=\"5682\" class=\"elementor elementor-5682\" data-elementor-post-type=\"page\">\n\t\t\t\t\t\t<section class=\"elementor-section elementor-top-section elementor-element elementor-element-730d320 elementor-section-boxed elementor-section-height-default elementor-section-height-default\" data-id=\"730d320\" data-element_type=\"section\">\n\t\t\t\t\t\t<div class=\"elementor-container elementor-column-gap-default\">\n\t\t\t\t\t<div class=\"elementor-column elementor-col-100 elementor-top-column elementor-element elementor-element-753d0860\" data-id=\"753d0860\" data-element_type=\"column\">\n\t\t\t<div class=\"elementor-widget-wrap\">\n\t\t\t\t\t\t\t<\/div>\n\t\t<\/div>\n\t\t\t\t\t<\/div>\n\t\t<\/section>\n\t\t\t\t<section class=\"elementor-section elementor-top-section elementor-element elementor-element-9be811a elementor-section-boxed elementor-section-height-default elementor-section-height-default\" data-id=\"9be811a\" data-element_type=\"section\">\n\t\t\t\t\t\t<div class=\"elementor-container elementor-column-gap-default\">\n\t\t\t\t\t<div class=\"elementor-column elementor-col-100 elementor-top-column elementor-element elementor-element-1ed847b7\" data-id=\"1ed847b7\" data-element_type=\"column\">\n\t\t\t<div class=\"elementor-widget-wrap elementor-element-populated\">\n\t\t\t\t\t\t<div class=\"elementor-element elementor-element-4ce0d07f elementor-widget elementor-widget-heading\" data-id=\"4ce0d07f\" data-element_type=\"widget\" data-widget_type=\"heading.default\">\n\t\t\t\t<div class=\"elementor-widget-container\">\n\t\t\t\t\t<h2 class=\"elementor-heading-title elementor-size-default\">Misyon, Vizyon ve Temel De\u011ferler<\/h2>\t\t\t\t<\/div>\n\t\t\t\t<\/div>\n\t\t\t\t<div class=\"elementor-element elementor-element-63260862 elementor-widget-divider--view-line elementor-widget elementor-widget-divider\" data-id=\"63260862\" data-element_type=\"widget\" data-widget_type=\"divider.default\">\n\t\t\t\t<div class=\"elementor-widget-container\">\n\t\t\t\t\t\t\t<div class=\"elementor-divider\">\n\t\t\t<span class=\"elementor-divider-separator\">\n\t\t\t\t\t\t<\/span>\n\t\t<\/div>\n\t\t\t\t\t\t<\/div>\n\t\t\t\t<\/div>\n\t\t\t\t\t<\/div>\n\t\t<\/div>\n\t\t\t\t\t<\/div>\n\t\t<\/section>\n\t\t\t\t<section class=\"elementor-section elementor-top-section elementor-element elementor-element-681db8b elementor-section-boxed elementor-section-height-default elementor-section-height-default\" data-id=\"681db8b\" data-element_type=\"section\">\n\t\t\t\t\t\t<div class=\"elementor-container elementor-column-gap-default\">\n\t\t\t\t\t<div class=\"elementor-column elementor-col-100 elementor-top-column elementor-element elementor-element-ad4dac5\" data-id=\"ad4dac5\" data-element_type=\"column\">\n\t\t\t<div class=\"elementor-widget-wrap elementor-element-populated\">\n\t\t\t\t\t\t<div class=\"elementor-element elementor-element-2f96b3d elementor-widget elementor-widget-text-editor\" data-id=\"2f96b3d\" data-element_type=\"widget\" data-widget_type=\"text-editor.default\">\n\t\t\t\t<div class=\"elementor-widget-container\">\n\t\t\t\t\t\t\t\t\t<p>&nbsp;<span style=\", serif;font-size: 12pt;color: var( --e-global-color-text );font-weight: var( --e-global-typography-text-font-weight );letter-spacing: 0px\">Mant\u0131k\nAna Bilim Dal\u0131 teorik ve uygulamal\u0131 mant\u0131k alanlar\u0131nda e\u011fitim ve \u00f6\u011fretim\nyapmay\u0131 hedeflemektedir. Bu ama\u00e7la, lisans ve lisans\u00fcst\u00fc programlar\u0131 i\u00e7inde\ndersler verilmektedir. Mant\u0131k Ana Bilim Dal\u0131&#8217;n\u0131n ama\u00e7lar\u0131 aras\u0131nda, mant\u0131\u011f\u0131n\nakademik \u00f6l\u00e7\u00fclerde \u00f6\u011frencilere aktar\u0131lmas\u0131, \u0130sl\u00e2m d\u00fc\u015f\u00fcncesini anlaman\u0131n\nanahtar\u0131 olan klasik ve modern mant\u0131k bilgilerinin \u00f6\u011fretilmesi, \u0130sl\u00e2m bilim\ntart\u0131\u015fmalar\u0131nda mant\u0131\u011f\u0131n yeri, dil bilinci kazand\u0131rmak suretiyle ele\u015ftirel\nd\u00fc\u015f\u00fcncenin ilkelerinin tan\u0131t\u0131lmas\u0131 ve felsefe \u00f6\u011frenimlerinde yard\u0131mc\u0131 olmak\ngibi hedefler bulunmaktad\u0131r. Ayr\u0131ca, Mant\u0131k\u2019\u0131n, bilimsel d\u00fc\u015f\u00fcnce ve sorgulama;\nbireysel ara\u015ft\u0131rma ve yetenekleri geli\u015ftirme; do\u011fru ve g\u00fcvenilir bilgiye ula\u015fma\nyollar\u0131n\u0131 inceleme imk\u00e2n\u0131 sunma gibi hedefleri de vard\u0131r.<\/span><\/p><p class=\"MsoNormal\" style=\"line-height: 150%\"><span style=\"font-size:12.0pt;line-height:150%;,serif\"><\/span><\/p>\t\t\t\t\t\t\t\t<\/div>\n\t\t\t\t<\/div>\n\t\t\t\t\t<\/div>\n\t\t<\/div>\n\t\t\t\t\t<\/div>\n\t\t<\/section>\n\t\t\t\t<\/div>\n\t\t","protected":false},"excerpt":{"rendered":"<p>Misyon, Vizyon ve Temel De\u011ferler &nbsp;Mant\u0131k Ana Bilim Dal\u0131 teorik ve uygulamal\u0131 mant\u0131k alanlar\u0131nda e\u011fitim ve \u00f6\u011fretim yapmay\u0131 hedeflemektedir. Bu ama\u00e7la, lisans ve lisans\u00fcst\u00fc programlar\u0131 i\u00e7inde dersler verilmektedir. Mant\u0131k Ana Bilim Dal\u0131&#8217;n\u0131n ama\u00e7lar\u0131 aras\u0131nda, mant\u0131\u011f\u0131n akademik \u00f6l\u00e7\u00fclerde \u00f6\u011frencilere aktar\u0131lmas\u0131, \u0130sl\u00e2m d\u00fc\u015f\u00fcncesini anlaman\u0131n anahtar\u0131 olan klasik ve modern mant\u0131k bilgilerinin \u00f6\u011fretilmesi, \u0130sl\u00e2m bilim tart\u0131\u015fmalar\u0131nda mant\u0131\u011f\u0131n yeri, [&hellip;]<\/p>\n","protected":false},"author":1,"featured_media":0,"parent":0,"menu_order":0,"comment_status":"closed","ping_status":"closed","template":"elementor_header_footer","meta":{"footnotes":""},"class_list":["post-5682","page","type-page","status-publish","hentry"],"_links":{"self":[{"href":"https:\/\/atauni.edu.tr\/mantik-anabilim-dali\/wp-json\/wp\/v2\/pages\/5682","targetHints":{"allow":["GET"]}}],"collection":[{"href":"https:\/\/atauni.edu.tr\/mantik-anabilim-dali\/wp-json\/wp\/v2\/pages"}],"about":[{"href":"https:\/\/atauni.edu.tr\/mantik-anabilim-dali\/wp-json\/wp\/v2\/types\/page"}],"author":[{"embeddable":true,"href":"https:\/\/atauni.edu.tr\/mantik-anabilim-dali\/wp-json\/wp\/v2\/users\/1"}],"replies":[{"embeddable":true,"href":"https:\/\/atauni.edu.tr\/mantik-anabilim-dali\/wp-json\/wp\/v2\/comments?post=5682"}],"version-history":[{"count":14,"href":"https:\/\/atauni.edu.tr\/mantik-anabilim-dali\/wp-json\/wp\/v2\/pages\/5682\/revisions"}],"predecessor-version":[{"id":6277,"href":"https:\/\/atauni.edu.tr\/mantik-anabilim-dali\/wp-json\/wp\/v2\/pages\/5682\/revisions\/6277"}],"wp:attachment":[{"href":"https:\/\/atauni.edu.tr\/mantik-anabilim-dali\/wp-json\/wp\/v2\/media?parent=5682"}],"curies":[{"name":"wp","href":"https:\/\/api.w.org\/{rel}","templated":true}]}}