{"id":5638,"date":"2021-07-13T09:49:25","date_gmt":"2021-07-13T06:49:25","guid":{"rendered":"https:\/\/portaltest.atauni.edu.tr\/bilgisayar-muhendisligi\/?page_id=5638"},"modified":"2022-06-07T17:06:10","modified_gmt":"2022-06-07T14:06:10","slug":"tarihce","status":"publish","type":"page","link":"https:\/\/atauni.edu.tr\/matematik\/tarihce\/","title":{"rendered":"Tarih\u00e7e"},"content":{"rendered":"\t\t<div data-elementor-type=\"wp-page\" data-elementor-id=\"5638\" class=\"elementor elementor-5638\" data-elementor-post-type=\"page\">\n\t\t\t\t\t\t<section class=\"elementor-section elementor-top-section elementor-element elementor-element-730d320 elementor-section-boxed elementor-section-height-default elementor-section-height-default\" data-id=\"730d320\" data-element_type=\"section\">\n\t\t\t\t\t\t<div class=\"elementor-container elementor-column-gap-default\">\n\t\t\t\t\t<div class=\"elementor-column elementor-col-100 elementor-top-column elementor-element elementor-element-753d0860\" data-id=\"753d0860\" data-element_type=\"column\">\n\t\t\t<div class=\"elementor-widget-wrap\">\n\t\t\t\t\t\t\t<\/div>\n\t\t<\/div>\n\t\t\t\t\t<\/div>\n\t\t<\/section>\n\t\t\t\t<section class=\"elementor-section elementor-top-section elementor-element elementor-element-9be811a elementor-section-boxed elementor-section-height-default elementor-section-height-default\" data-id=\"9be811a\" data-element_type=\"section\">\n\t\t\t\t\t\t<div class=\"elementor-container elementor-column-gap-default\">\n\t\t\t\t\t<div class=\"elementor-column elementor-col-100 elementor-top-column elementor-element elementor-element-1ed847b7\" data-id=\"1ed847b7\" data-element_type=\"column\">\n\t\t\t<div class=\"elementor-widget-wrap elementor-element-populated\">\n\t\t\t\t\t\t<div class=\"elementor-element elementor-element-4ce0d07f elementor-widget elementor-widget-heading\" data-id=\"4ce0d07f\" data-element_type=\"widget\" data-widget_type=\"heading.default\">\n\t\t\t\t<div class=\"elementor-widget-container\">\n\t\t\t\t\t<h2 class=\"elementor-heading-title elementor-size-default\">Tarih\u00e7e<\/h2>\t\t\t\t<\/div>\n\t\t\t\t<\/div>\n\t\t\t\t<div class=\"elementor-element elementor-element-63260862 elementor-widget-divider--view-line elementor-widget elementor-widget-divider\" data-id=\"63260862\" data-element_type=\"widget\" data-widget_type=\"divider.default\">\n\t\t\t\t<div class=\"elementor-widget-container\">\n\t\t\t\t\t\t\t<div class=\"elementor-divider\">\n\t\t\t<span class=\"elementor-divider-separator\">\n\t\t\t\t\t\t<\/span>\n\t\t<\/div>\n\t\t\t\t\t\t<\/div>\n\t\t\t\t<\/div>\n\t\t\t\t\t<\/div>\n\t\t<\/div>\n\t\t\t\t\t<\/div>\n\t\t<\/section>\n\t\t\t\t<section class=\"elementor-section elementor-top-section elementor-element elementor-element-681db8b elementor-section-boxed elementor-section-height-default elementor-section-height-default\" data-id=\"681db8b\" data-element_type=\"section\">\n\t\t\t\t\t\t<div class=\"elementor-container elementor-column-gap-default\">\n\t\t\t\t\t<div class=\"elementor-column elementor-col-100 elementor-top-column elementor-element elementor-element-ad4dac5\" data-id=\"ad4dac5\" data-element_type=\"column\">\n\t\t\t<div class=\"elementor-widget-wrap elementor-element-populated\">\n\t\t\t\t\t\t<div class=\"elementor-element elementor-element-2f96b3d elementor-widget elementor-widget-text-editor\" data-id=\"2f96b3d\" data-element_type=\"widget\" data-widget_type=\"text-editor.default\">\n\t\t\t\t<div class=\"elementor-widget-container\">\n\t\t\t\t\t\t\t\t\t<div><h2>Matematik B\u00f6l\u00fcm\u00fc<\/h2><p><span style=\"text-align: start;letter-spacing: 0px;color: #000000;font-family: Roboto Condensed, sans-serif\"><span style=\"font-size: 14px\"><b>Atat\u00fcrk \u00dcniversitesi b\u00fcnyesinde 17 Kas\u0131m 1958 tarihinde Fen-Edebiyat Fak\u00fcltesi kurulmu\u015ftur. Fen Grubunda,\u00a0<\/b><\/span><\/span><b style=\"text-align: start;letter-spacing: 0px;font-size: 14px;color: #000000;font-family: 'Roboto Condensed', sans-serif\">Matematik-Fizik B\u00f6l\u00fcm\u00fc ve Tabii \u0130limler B\u00f6l\u00fcm\u00fc olmak \u00fczere iki b\u00f6l\u00fcm; Edebiyat Grubunda ise T\u00fcrk Dili ve\u00a0<\/b><b style=\"text-align: start;letter-spacing: 0px;font-size: 14px;color: #000000;font-family: 'Roboto Condensed', sans-serif\">Edebiyat\u0131, Alman Dili ve Edebiyat\u0131, \u0130ngiliz Dili ve Edebiyat\u0131, Frans\u0131z Dili ve Edebiyat\u0131 ile \u0130ktisat ve \u0130\u015fletmecilik\u00a0<\/b><b style=\"text-align: start;letter-spacing: 0px;font-size: 14px;color: #000000;font-family: 'Roboto Condensed', sans-serif\">B\u00f6l\u00fcmleri olmak \u00fczere be\u015f b\u00f6l\u00fcm vard\u0131r. Kuruldu\u011fu y\u0131llarda, bug\u00fcnk\u00fc \u015eair Nefi Ortaokulunda faaliyetlerini\u00a0<\/b><b style=\"text-align: start;letter-spacing: 0px;font-size: 14px;color: #000000;font-family: 'Roboto Condensed', sans-serif\">s\u00fcrd\u00fcren Fen-Edebiyat Fak\u00fcltesi 1962-1963 \u00f6\u011fretim y\u0131l\u0131 ba\u015f\u0131nda \u015fu andaki kamp\u00fcs i\u00e7erisinde yer alan kendi\u00a0<\/b><span style=\"text-align: start;letter-spacing: 0px;color: #000000;font-family: Roboto Condensed, sans-serif\"><span style=\"font-size: 14px\"><b>binalar\u0131na ta\u015f\u0131nm\u0131\u015ft\u0131r. 1969 y\u0131l\u0131nda, Fen-Edebiyat Fak\u00fcltesi, Fen Fak\u00fcltesi, Edebiyat Fak\u00fcltesi ve \u0130\u015fletme Fak\u00fcltesi\u00a0<\/b><\/span><\/span><b style=\"text-align: start;letter-spacing: 0px;font-size: 14px;color: #000000;font-family: 'Roboto Condensed', sans-serif\">olmak \u00fczere \u00fc\u00e7 ayr\u0131 fak\u00fclteye ayr\u0131lm\u0131\u015ft\u0131r. Biyoloji, Jeoloji, Fizik, Kimya ve Matematik \u015feklinde be\u015f ayr\u0131 b\u00f6l\u00fcm\u00a0<\/b><b style=\"text-align: start;letter-spacing: 0px;font-size: 14px;color: #000000;font-family: 'Roboto Condensed', sans-serif\">halinde organize olan Fen Fak\u00fcltesi ise, 1970-1971 \u00f6\u011fretim y\u0131l\u0131nda da ilk kez Biyoloji B\u00f6l\u00fcm\u00fcne 37 ve Matematik\u00a0<\/b><b style=\"text-align: start;letter-spacing: 0px;font-size: 14px;color: #000000;font-family: 'Roboto Condensed', sans-serif\">B\u00f6l\u00fcm\u00fcne 96 \u00f6\u011frenci alarak lisans d\u00fczeyinde e\u011fitim ve \u00f6\u011fretime ba\u015flam\u0131\u015ft\u0131r.<\/b><\/p><p><b style=\"text-align: start;letter-spacing: 0px;font-size: 14px;color: #000000;font-family: 'Roboto Condensed', sans-serif\">Fen-Edebiyat Fak\u00fcltesine ba\u011fl\u0131\u00a0<\/b><b style=\"text-align: start;letter-spacing: 0px;font-size: 14px;color: #000000;font-family: 'Roboto Condensed', sans-serif\">olarak 1970 y\u0131l\u0131ndan beri 17 Eyl\u00fcl 2008 tarih ve 2008\/14169 say\u0131l\u0131 Bakanlar Kurulu karar\u0131 ile Fen Fak\u00fcltesi\u00a0<\/b><b style=\"text-align: start;letter-spacing: 0px;font-size: 14px;color: #000000;font-family: 'Roboto Condensed', sans-serif\">Matematik B\u00f6l\u00fcm\u00fc olarak \u00f6\u011frencilerine lisans e\u011fitimi vermektedir. Matematik b\u00f6l\u00fcm\u00fcn\u00fcn e\u011fitim dili T\u00fcrk\u00e7e\u2019dir.\u00a0<\/b><b style=\"text-align: start;letter-spacing: 0px;font-size: 14px;color: #000000;font-family: 'Roboto Condensed', sans-serif\">B\u00f6l\u00fcm\u00fcm\u00fcz\u00fcn ana hedefi, \u00fclkemizin ihtiyac\u0131 olan matematik\u00e7ileri uluslararas\u0131 d\u00fczeyde yeti\u015ftirmektir.\u00a0<\/b><b style=\"text-align: start;letter-spacing: 0px;font-size: 14px;color: #000000;font-family: 'Roboto Condensed', sans-serif\">B\u00f6l\u00fcm\u00fcm\u00fczde 24 \u00d6\u011fretim \u00dcyesi ve 4 Ara\u015ft\u0131rma G\u00f6revlisi bulunmaktad\u0131r. Analiz ve Fonksiyonlar Teorisi,\u00a0<\/b><b style=\"text-align: start;letter-spacing: 0px;font-size: 14px;color: #000000;font-family: 'Roboto Condensed', sans-serif\">Geometri, Cebir ve Say\u0131lar Teorisi, Matemati\u011fin Temelleri ve Matematik Lojik , Uygulamal\u0131 Matematik, Topoloji\u00a0<\/b><b style=\"text-align: start;letter-spacing: 0px;font-size: 14px;color: #000000;font-family: 'Roboto Condensed', sans-serif\">ve Bilgisayar Bilimleri dallar\u0131nda 17760 Say\u0131l\u0131 Resmi Gazete\u2019de yay\u0131nlanarak, 20 Temmuz 1982 tarihinde\u00a0<\/b><b style=\"text-align: start;letter-spacing: 0px;font-size: 14px;color: #000000;font-family: 'Roboto Condensed', sans-serif\">y\u00fcr\u00fcrl\u00fc\u011fe giren Y\u00fcksek \u00d6\u011fretim Kurumlar\u0131 Te\u015fkilat\u0131 Hakk\u0131ndaki 41 Say\u0131l\u0131 Kanun H\u00fckm\u00fcnde Kararname ile\u00a0<\/b><b style=\"text-align: start;letter-spacing: 0px;font-size: 14px;color: #000000;font-family: 'Roboto Condensed', sans-serif\">kurulmu\u015f olan Fen Bilimleri Enstit\u00fcs\u00fcne ba\u011fl\u0131 Matematik Anabilim Dal\u0131 olarak da y\u00fcksek lisans ve doktora\u00a0<\/b><b style=\"text-align: start;letter-spacing: 0px;font-size: 14px;color: #000000;font-family: 'Roboto Condensed', sans-serif\">d\u00fczeyinde e\u011fitim vermektedir. Lisans e\u011fitim-\u00f6\u011fretim s\u00fcrecinde kendi fak\u00fcltesine hizmet veren Matematik b\u00f6l\u00fcm\u00fc\u00a0<\/b><b style=\"text-align: start;letter-spacing: 0px;font-size: 14px;color: #000000;font-family: 'Roboto Condensed', sans-serif\">ayr\u0131ca \u00fcniversitemizde bulunan di\u011fer fak\u00fcltelerin m\u00fcfredatlar\u0131nda bulunan Matematik derslerinin teorik ve\u00a0<\/b><b style=\"text-align: start;letter-spacing: 0px;font-size: 14px;color: #000000;font-family: 'Roboto Condensed', sans-serif\">uygulama b\u00f6l\u00fcmlerini y\u00fcr\u00fctmektedir.\u00a0<\/b><\/p><\/div>\t\t\t\t\t\t\t\t<\/div>\n\t\t\t\t<\/div>\n\t\t\t\t\t<\/div>\n\t\t<\/div>\n\t\t\t\t\t<\/div>\n\t\t<\/section>\n\t\t\t\t<\/div>\n\t\t","protected":false},"excerpt":{"rendered":"<p>Tarih\u00e7e Matematik B\u00f6l\u00fcm\u00fc Atat\u00fcrk \u00dcniversitesi b\u00fcnyesinde 17 Kas\u0131m 1958 tarihinde Fen-Edebiyat Fak\u00fcltesi kurulmu\u015ftur. Fen Grubunda,\u00a0Matematik-Fizik B\u00f6l\u00fcm\u00fc ve Tabii \u0130limler B\u00f6l\u00fcm\u00fc olmak \u00fczere iki b\u00f6l\u00fcm; Edebiyat Grubunda ise T\u00fcrk Dili ve\u00a0Edebiyat\u0131, Alman Dili ve Edebiyat\u0131, \u0130ngiliz Dili ve Edebiyat\u0131, Frans\u0131z Dili ve Edebiyat\u0131 ile \u0130ktisat ve \u0130\u015fletmecilik\u00a0B\u00f6l\u00fcmleri olmak \u00fczere be\u015f b\u00f6l\u00fcm vard\u0131r. Kuruldu\u011fu y\u0131llarda, bug\u00fcnk\u00fc \u015eair [&hellip;]<\/p>\n","protected":false},"author":1,"featured_media":0,"parent":0,"menu_order":0,"comment_status":"closed","ping_status":"closed","template":"","meta":{"footnotes":""},"class_list":["post-5638","page","type-page","status-publish","hentry"],"_links":{"self":[{"href":"https:\/\/atauni.edu.tr\/matematik\/wp-json\/wp\/v2\/pages\/5638","targetHints":{"allow":["GET"]}}],"collection":[{"href":"https:\/\/atauni.edu.tr\/matematik\/wp-json\/wp\/v2\/pages"}],"about":[{"href":"https:\/\/atauni.edu.tr\/matematik\/wp-json\/wp\/v2\/types\/page"}],"author":[{"embeddable":true,"href":"https:\/\/atauni.edu.tr\/matematik\/wp-json\/wp\/v2\/users\/1"}],"replies":[{"embeddable":true,"href":"https:\/\/atauni.edu.tr\/matematik\/wp-json\/wp\/v2\/comments?post=5638"}],"version-history":[{"count":44,"href":"https:\/\/atauni.edu.tr\/matematik\/wp-json\/wp\/v2\/pages\/5638\/revisions"}],"predecessor-version":[{"id":7206,"href":"https:\/\/atauni.edu.tr\/matematik\/wp-json\/wp\/v2\/pages\/5638\/revisions\/7206"}],"wp:attachment":[{"href":"https:\/\/atauni.edu.tr\/matematik\/wp-json\/wp\/v2\/media?parent=5638"}],"curies":[{"name":"wp","href":"https:\/\/api.w.org\/{rel}","templated":true}]}}