{"id":5765,"date":"2021-07-13T12:56:51","date_gmt":"2021-07-13T09:56:51","guid":{"rendered":"https:\/\/portaltest.atauni.edu.tr\/bilgisayar-muhendisligi\/?page_id=5765"},"modified":"2026-01-01T16:19:24","modified_gmt":"2026-01-01T13:19:24","slug":"anabilim-dallari","status":"publish","type":"page","link":"https:\/\/atauni.edu.tr\/matematik\/anabilim-dallari\/","title":{"rendered":"Anabilim Dallar\u0131"},"content":{"rendered":"\t\t<div data-elementor-type=\"wp-page\" data-elementor-id=\"5765\" class=\"elementor elementor-5765\" data-elementor-post-type=\"page\">\n\t\t\t\t\t\t<section class=\"elementor-section elementor-top-section elementor-element elementor-element-730d320 elementor-section-boxed elementor-section-height-default elementor-section-height-default\" data-id=\"730d320\" data-element_type=\"section\">\n\t\t\t\t\t\t<div class=\"elementor-container elementor-column-gap-default\">\n\t\t\t\t\t<div class=\"elementor-column elementor-col-100 elementor-top-column elementor-element elementor-element-753d0860\" data-id=\"753d0860\" data-element_type=\"column\">\n\t\t\t<div class=\"elementor-widget-wrap\">\n\t\t\t\t\t\t\t<\/div>\n\t\t<\/div>\n\t\t\t\t\t<\/div>\n\t\t<\/section>\n\t\t\t\t<section class=\"elementor-section elementor-top-section elementor-element elementor-element-9be811a elementor-section-boxed elementor-section-height-default elementor-section-height-default\" data-id=\"9be811a\" data-element_type=\"section\">\n\t\t\t\t\t\t<div class=\"elementor-container elementor-column-gap-default\">\n\t\t\t\t\t<div class=\"elementor-column elementor-col-100 elementor-top-column elementor-element elementor-element-1ed847b7\" data-id=\"1ed847b7\" data-element_type=\"column\">\n\t\t\t<div class=\"elementor-widget-wrap elementor-element-populated\">\n\t\t\t\t\t\t<div class=\"elementor-element elementor-element-4ce0d07f elementor-widget elementor-widget-heading\" data-id=\"4ce0d07f\" data-element_type=\"widget\" data-widget_type=\"heading.default\">\n\t\t\t\t<div class=\"elementor-widget-container\">\n\t\t\t\t\t<h2 class=\"elementor-heading-title elementor-size-default\">Anabilim Dallar\u0131<\/h2>\t\t\t\t<\/div>\n\t\t\t\t<\/div>\n\t\t\t\t<div class=\"elementor-element elementor-element-63260862 elementor-widget-divider--view-line elementor-widget elementor-widget-divider\" data-id=\"63260862\" data-element_type=\"widget\" data-widget_type=\"divider.default\">\n\t\t\t\t<div class=\"elementor-widget-container\">\n\t\t\t\t\t\t\t<div class=\"elementor-divider\">\n\t\t\t<span class=\"elementor-divider-separator\">\n\t\t\t\t\t\t<\/span>\n\t\t<\/div>\n\t\t\t\t\t\t<\/div>\n\t\t\t\t<\/div>\n\t\t\t\t\t<\/div>\n\t\t<\/div>\n\t\t\t\t\t<\/div>\n\t\t<\/section>\n\t\t\t\t<section class=\"elementor-section elementor-top-section elementor-element elementor-element-681db8b elementor-section-boxed elementor-section-height-default elementor-section-height-default\" data-id=\"681db8b\" data-element_type=\"section\">\n\t\t\t\t\t\t<div class=\"elementor-container elementor-column-gap-default\">\n\t\t\t\t\t<div class=\"elementor-column elementor-col-100 elementor-top-column elementor-element elementor-element-ad4dac5\" data-id=\"ad4dac5\" data-element_type=\"column\">\n\t\t\t<div class=\"elementor-widget-wrap elementor-element-populated\">\n\t\t\t\t\t\t<div class=\"elementor-element elementor-element-2f96b3d elementor-widget elementor-widget-text-editor\" data-id=\"2f96b3d\" data-element_type=\"widget\" data-widget_type=\"text-editor.default\">\n\t\t\t\t<div class=\"elementor-widget-container\">\n\t\t\t\t\t\t\t\t\t<h3>1- Analiz ve Fonksiyonlar Teorisi Anabilim Dal\u0131<\/h3><div><strong><a href=\"https:\/\/avesis.atauni.edu.tr\/horhan\" target=\"_blank\" rel=\"noopener\">Prof. Dr. Halit ORHAN (Anabilim Dal\u0131 Ba\u015fkan\u0131)<\/a><\/strong><\/div><div style=\"font-family: Roboto, sans-serif;font-size: 17px;font-weight: 400\"><a href=\"https:\/\/avesis.atauni.edu.tr\/ekrem\" target=\"_blank\" rel=\"noopener\">Prof. Dr. Ekrem KADIO\u011eLU<\/a><\/div><div style=\"font-family: Roboto, sans-serif;font-size: 17px;font-weight: 400\"><a href=\"https:\/\/avesis.atauni.edu.tr\/mozdemir\" target=\"_blank\" rel=\"noopener\">Prof. Dr. Murat \u00d6ZDEM\u0130R<\/a><\/div><div style=\"font-family: Roboto, sans-serif;font-size: 17px;font-weight: 400\"><a href=\"https:\/\/avesis.atauni.edu.tr\/sezginakbulut\" target=\"_blank\" rel=\"noopener\"><span style=\"letter-spacing: 0px\">Prof. Dr. Sezgin AKBULUT<\/span><\/a><\/div><div style=\"font-family: Roboto, sans-serif;font-size: 17px;font-weight: 400\"><a href=\"https:\/\/avesis.atauni.edu.tr\/isayildirim\" target=\"_blank\" rel=\"noopener\">Prof. Dr. \u0130sa YILDIRIM<\/a><\/div><div style=\"font-family: Roboto, sans-serif;font-size: 17px;font-weight: 400\"><a href=\"https:\/\/avesis.atauni.edu.tr\/faltuntas\" target=\"_blank\" rel=\"noopener\">Dr. \u00d6\u011fr. \u00dcyesi Fatma SA\u011eS\u00d6Z<\/a><\/div><div style=\"font-family: Roboto, sans-serif;font-size: 17px;font-weight: 400\"><a href=\"https:\/\/avesis.atauni.edu.tr\/nazli.kadioglu\" target=\"_blank\" rel=\"noopener\">Dr. \u00d6\u011fr. \u00dcyesi Nazl\u0131 KADIO\u011eLU KARACA<\/a><\/div><div style=\"font-family: Roboto, sans-serif;font-size: 17px;font-weight: 400\"><a href=\"https:\/\/avesis.atauni.edu.tr\/merve.ozkan\" target=\"_blank\" rel=\"noopener\">Dr. \u00d6\u011fr. \u00dcyesi Merve \u00d6ZKAN<\/a><\/div><h3>2- Bilgisayar Bilimleri Anabilim Dal\u0131<\/h3><div style=\"font-family: Roboto, sans-serif;font-size: 17px;font-weight: 400\"><div><strong><a href=\"https:\/\/avesis.atauni.edu.tr\/akopuzlu\" target=\"_blank\" rel=\"noopener\">Prof. Dr. Abdullah KOPUZLU (Anabilim Dal\u0131 Ba\u015fkan\u0131)<\/a><\/strong><\/div><div>\u00a0<\/div><\/div><h3>3- Cebir ve Say\u0131lar Teorisi Anabilim Dal\u0131<\/h3><div style=\"font-family: Roboto, sans-serif;font-size: 17px;font-weight: 400\"><div><strong><a href=\"https:\/\/avesis.atauni.edu.tr\/eduman\" target=\"_blank\" rel=\"noopener\">Prof. Dr. Erdal KARADUMAN (Anabilim Dal\u0131 Ba\u015fkan\u0131)<\/a><\/strong><\/div><div><a href=\"https:\/\/avesis.atauni.edu.tr\/igultekin\" target=\"_blank\" rel=\"noopener\">Prof. Dr. \u0130nci G\u00dcLTEK\u0130N<\/a><\/div><div><a href=\"https:\/\/avesis.atauni.edu.tr\/saittas\" target=\"_blank\" rel=\"noopener\">Do\u00e7. Dr. Sait TA\u015e<\/a><\/div><\/div><h3>4- Geometri Anabilim Dal\u0131<\/h3><div style=\"font-family: Roboto, sans-serif;font-size: 17px;font-weight: 400\"><div><strong><a href=\"https:\/\/avesis.atauni.edu.tr\/kakbulut\" target=\"_blank\" rel=\"noopener\">Prof. Dr. K\u00fcr\u015fat AKBULUT (Anabilim Dal\u0131 Ba\u015fkan\u0131)<\/a><\/strong><\/div><div><a href=\"https:\/\/avesis.atauni.edu.tr\/ncengiz\" target=\"_blank\" rel=\"noopener\">Prof. Dr. Nejmi Cengiz<\/a><\/div><div><a href=\"https:\/\/avesis.atauni.edu.tr\/tarakci\" target=\"_blank\" rel=\"noopener\">Prof. Dr. \u00d6mer TARAKCI<\/a><\/div><div><a href=\"https:\/\/avesis.atauni.edu.tr\/agezer\" target=\"_blank\" rel=\"noopener\">Prof. Dr. Ayd\u0131n GEZER<\/a><\/div><div><a href=\"https:\/\/avesis.atauni.edu.tr\/cagri.karaman\" target=\"_blank\" rel=\"noopener\">Do\u00e7. Dr. \u00c7a\u011fr\u0131 KARAMAN<\/a><\/div><div><a href=\"https:\/\/avesis.atauni.edu.tr\/semrakaya\" target=\"_blank\" rel=\"noopener\">Dr. \u00d6\u011fr. \u00dcyesi Semra YURTTAN\u00c7IKMAZ<\/a><\/div><\/div><div><h3>5- Matemati\u011fin Temelleri ve Matematik Lojik Anabilim Dal\u0131<\/h3><\/div><div style=\"font-family: Roboto, sans-serif;font-size: 17px;font-weight: 400\"><strong><a href=\"https:\/\/avesis.atauni.edu.tr\/mozdemir\" target=\"_blank\" rel=\"noopener\">Prof. Dr. Murat \u00d6ZDEM\u0130R (Anabilim Dal\u0131 Ba\u015fkan\u0131)<\/a><\/strong><\/div><h3>6- Topoloji Anabilim Dal\u0131<\/h3><div><strong><a href=\"https:\/\/avesis.atauni.edu.tr\/tugur\" target=\"_blank\" rel=\"noopener\">Prof. Dr. Tamer U\u011eUR\u00a0 (Anabilim Dal\u0131 Ba\u015fkan\u0131)<\/a><\/strong><\/div><div style=\"font-family: Roboto, sans-serif;font-size: 17px;font-weight: 400\"><a href=\"https:\/\/avesis.atauni.edu.tr\/akopuzlu\" target=\"_blank\" rel=\"noopener\">Prof. Dr. Abdullah KOPUZLU<\/a><\/div><div style=\"font-family: Roboto, sans-serif;font-size: 17px;font-weight: 400\"><a href=\"https:\/\/avesis.atauni.edu.tr\/tugcek\" target=\"_blank\" rel=\"noopener\">Ar\u015f. G\u00f6r. Dr. Tu\u011f\u00e7e KUNDURACI<\/a><\/div><div><h3>7- Uygulamal\u0131 Matematik Anabilim Dal\u0131<\/h3><\/div><div style=\"font-family: Roboto, sans-serif;font-size: 17px;font-weight: 400\"><strong><a href=\"https:\/\/avesis.atauni.edu.tr\/msubasi\" target=\"_blank\" rel=\"noopener\">Prof. Dr. Murat SUBA\u015eI (Anabilim Dal\u0131 Ba\u015fkan\u0131)<\/a><\/strong><\/div><div style=\"font-family: Roboto, sans-serif;font-size: 17px;font-weight: 400\"><a href=\"https:\/\/avesis.atauni.edu.tr\/ysarac\" target=\"_blank\" rel=\"noopener\">Do\u00e7. Dr. Ye\u015fim AKBULUT<\/a><\/div><div><a href=\"https:\/\/avesis.atauni.edu.tr\/senersule\" target=\"_blank\" rel=\"noopener\">Do\u00e7. Dr. S\u0131d\u0131ka \u015eule \u015eENER KILI\u00c7<\/a><\/div><div><a href=\"https:\/\/avesis.atauni.edu.tr\/mkarabacak\" target=\"_blank\" rel=\"noopener\">Do\u00e7. Dr. Mesut KARABACAK<\/a><\/div><div style=\"font-family: Roboto, sans-serif;font-size: 17px;font-weight: 400\"><a href=\"https:\/\/avesis.atauni.edu.tr\/aaykut\" target=\"_blank\" rel=\"noopener\">Dr. \u00d6\u011fr. \u00dcyesi Arzu AYKUT<\/a><\/div><div style=\"font-family: Roboto, sans-serif;font-size: 17px;font-weight: 400\"><a href=\"https:\/\/avesis.atauni.edu.tr\/derya.sendur\" target=\"_blank\" rel=\"noopener\">Ar\u015f. G\u00f6r. Dr. Faika Derya \u015eENDUR<\/a><\/div><div style=\"font-family: Roboto, sans-serif;font-size: 17px;font-weight: 400\"><a href=\"https:\/\/avesis.atauni.edu.tr\/tugba.yazgan\" target=\"_blank\" rel=\"noopener\">Ar\u015f. G\u00f6r. Dr. Tu\u011fba YAZGAN<\/a><\/div><div><a href=\"https:\/\/avesis.atauni.edu.tr\/amirov.orhan\" target=\"_blank\" rel=\"noopener\">Ar\u015f. G\u00f6r. Orhan AM\u0130ROV<\/a><\/div>\t\t\t\t\t\t\t\t<\/div>\n\t\t\t\t<\/div>\n\t\t\t\t\t<\/div>\n\t\t<\/div>\n\t\t\t\t\t<\/div>\n\t\t<\/section>\n\t\t\t\t<\/div>\n\t\t","protected":false},"excerpt":{"rendered":"<p>Anabilim Dallar\u0131 1- Analiz ve Fonksiyonlar Teorisi Anabilim Dal\u0131 Prof. Dr. Halit ORHAN (Anabilim Dal\u0131 Ba\u015fkan\u0131)Prof. Dr. Ekrem KADIO\u011eLUProf. Dr. Murat \u00d6ZDEM\u0130RProf. Dr. Sezgin AKBULUTProf. Dr. \u0130sa YILDIRIMDr. \u00d6\u011fr. \u00dcyesi Fatma SA\u011eS\u00d6ZDr. \u00d6\u011fr. \u00dcyesi Nazl\u0131 KADIO\u011eLU KARACADr. \u00d6\u011fr. \u00dcyesi Merve \u00d6ZKAN 2- Bilgisayar Bilimleri Anabilim Dal\u0131 Prof. Dr. Abdullah KOPUZLU (Anabilim Dal\u0131 Ba\u015fkan\u0131)\u00a0 3- Cebir [&hellip;]<\/p>\n","protected":false},"author":1,"featured_media":0,"parent":0,"menu_order":0,"comment_status":"closed","ping_status":"closed","template":"elementor_header_footer","meta":{"footnotes":""},"class_list":["post-5765","page","type-page","status-publish","hentry"],"_links":{"self":[{"href":"https:\/\/atauni.edu.tr\/matematik\/wp-json\/wp\/v2\/pages\/5765","targetHints":{"allow":["GET"]}}],"collection":[{"href":"https:\/\/atauni.edu.tr\/matematik\/wp-json\/wp\/v2\/pages"}],"about":[{"href":"https:\/\/atauni.edu.tr\/matematik\/wp-json\/wp\/v2\/types\/page"}],"author":[{"embeddable":true,"href":"https:\/\/atauni.edu.tr\/matematik\/wp-json\/wp\/v2\/users\/1"}],"replies":[{"embeddable":true,"href":"https:\/\/atauni.edu.tr\/matematik\/wp-json\/wp\/v2\/comments?post=5765"}],"version-history":[{"count":147,"href":"https:\/\/atauni.edu.tr\/matematik\/wp-json\/wp\/v2\/pages\/5765\/revisions"}],"predecessor-version":[{"id":10227,"href":"https:\/\/atauni.edu.tr\/matematik\/wp-json\/wp\/v2\/pages\/5765\/revisions\/10227"}],"wp:attachment":[{"href":"https:\/\/atauni.edu.tr\/matematik\/wp-json\/wp\/v2\/media?parent=5765"}],"curies":[{"name":"wp","href":"https:\/\/api.w.org\/{rel}","templated":true}]}}