{"id":6510,"date":"2022-01-19T11:23:35","date_gmt":"2022-01-19T08:23:35","guid":{"rendered":"http:\/\/birimler.atauni.edu.tr\/matematik\/?page_id=6510"},"modified":"2022-06-07T17:20:51","modified_gmt":"2022-06-07T14:20:51","slug":"departments","status":"publish","type":"page","link":"https:\/\/atauni.edu.tr\/matematik\/en\/departments\/","title":{"rendered":"Departments"},"content":{"rendered":"\t\t<div data-elementor-type=\"wp-page\" data-elementor-id=\"6510\" class=\"elementor elementor-6510\" data-elementor-post-type=\"page\">\n\t\t\t\t\t\t<section class=\"elementor-section elementor-top-section elementor-element elementor-element-d8b2eca elementor-section-boxed elementor-section-height-default elementor-section-height-default\" data-id=\"d8b2eca\" data-element_type=\"section\">\n\t\t\t\t\t\t<div class=\"elementor-container elementor-column-gap-default\">\n\t\t\t\t\t<div class=\"elementor-column elementor-col-100 elementor-top-column elementor-element elementor-element-bb0a5d0\" data-id=\"bb0a5d0\" data-element_type=\"column\">\n\t\t\t<div class=\"elementor-widget-wrap elementor-element-populated\">\n\t\t\t\t\t\t<div class=\"elementor-element elementor-element-920feeb elementor-widget elementor-widget-heading\" data-id=\"920feeb\" data-element_type=\"widget\" data-widget_type=\"heading.default\">\n\t\t\t\t<div class=\"elementor-widget-container\">\n\t\t\t\t\t<h2 class=\"elementor-heading-title elementor-size-default\">Departments<\/h2>\t\t\t\t<\/div>\n\t\t\t\t<\/div>\n\t\t\t\t<div class=\"elementor-element elementor-element-0f46124 elementor-widget-divider--view-line elementor-widget elementor-widget-divider\" data-id=\"0f46124\" data-element_type=\"widget\" data-widget_type=\"divider.default\">\n\t\t\t\t<div class=\"elementor-widget-container\">\n\t\t\t\t\t\t\t<div class=\"elementor-divider\">\n\t\t\t<span class=\"elementor-divider-separator\">\n\t\t\t\t\t\t<\/span>\n\t\t<\/div>\n\t\t\t\t\t\t<\/div>\n\t\t\t\t<\/div>\n\t\t\t\t\t<\/div>\n\t\t<\/div>\n\t\t\t\t\t<\/div>\n\t\t<\/section>\n\t\t\t\t<section class=\"elementor-section elementor-top-section elementor-element elementor-element-e7e70af elementor-section-boxed elementor-section-height-default elementor-section-height-default\" data-id=\"e7e70af\" data-element_type=\"section\">\n\t\t\t\t\t\t<div class=\"elementor-container elementor-column-gap-default\">\n\t\t\t\t\t<div class=\"elementor-column elementor-col-100 elementor-top-column elementor-element elementor-element-512c541\" data-id=\"512c541\" data-element_type=\"column\">\n\t\t\t<div class=\"elementor-widget-wrap elementor-element-populated\">\n\t\t\t\t\t\t<div class=\"elementor-element elementor-element-b8a076e elementor-widget elementor-widget-text-editor\" data-id=\"b8a076e\" data-element_type=\"widget\" data-widget_type=\"text-editor.default\">\n\t\t\t\t<div class=\"elementor-widget-container\">\n\t\t\t\t\t\t\t\t\t<div><h2><span style=\"font-size: 1.75rem;letter-spacing: 0px\">1- Department of Functional Analysis and Functions Theory<\/span><\/h2><div style=\"font-family: Roboto, sans-serif;font-size: 17px;font-weight: 400\"><a href=\"https:\/\/avesis.atauni.edu.tr\/sezginakbulut\">Prof. Dr. Sezgin AKBULUT\u00a0(Head of Department)<\/a><\/div><div style=\"font-family: Roboto, sans-serif;font-size: 17px;font-weight: 400\"><a href=\"https:\/\/avesis.atauni.edu.tr\/ekrem\">Prof. Dr. Ekrem KADIO\u011eLU<\/a><\/div><div style=\"font-family: Roboto, sans-serif;font-size: 17px;font-weight: 400\"><a href=\"https:\/\/avesis.atauni.edu.tr\/mozdemir\">Prof. Dr. Murat \u00d6ZDEM\u0130R<\/a><\/div><div style=\"font-family: Roboto, sans-serif;font-size: 17px;font-weight: 400\"><a href=\"https:\/\/avesis.atauni.edu.tr\/horhan\"><span style=\"letter-spacing: 0px\">Prof. Dr. Halit ORHAN<\/span><\/a><\/div><div style=\"font-family: Roboto, sans-serif;font-size: 17px;font-weight: 400\"><a href=\"https:\/\/avesis.atauni.edu.tr\/isayildirim\">Prof. Dr. \u0130sa YILDIRIM<\/a><\/div><div style=\"font-family: Roboto, sans-serif;font-size: 17px;font-weight: 400\"><a href=\"https:\/\/avesis.atauni.edu.tr\/faltuntas\">Assist. Prof. Dr. \u00d6\u011fr \u00dcyesi Fatma SA\u011eS\u00d6Z<\/a><\/div><div style=\"font-family: Roboto, sans-serif;font-size: 17px;font-weight: 400\"><a href=\"https:\/\/avesis.atauni.edu.tr\/nazli.kadioglu\">Assist. Prof. Dr. \u00d6\u011fr \u00dcyesi Nazl\u0131 KARACA<\/a><\/div><div style=\"font-family: Roboto, sans-serif;font-size: 17px;font-weight: 400\"><a href=\"https:\/\/avesis.atauni.edu.tr\/merve.ozkan\">Researc Assist. Merve AKTAY<\/a><\/div><h2>2- Department of<span style=\"font-size: 1.75rem;letter-spacing: 0px\">\u00a0Computer Sciences<\/span><\/h2><div style=\"font-family: Roboto, sans-serif;font-size: 17px;font-weight: 400\"><div><a href=\"https:\/\/avesis.atauni.edu.tr\/akopuzlu\">Prof. Dr. Abdullah KOPUZLU (Head of Department)<\/a><\/div><\/div><h2>3- Department of<span style=\"font-size: 1.75rem;letter-spacing: 0px\">\u00a0<\/span>Algebra and Number Theory<\/h2><div style=\"font-family: Roboto, sans-serif;font-size: 17px;font-weight: 400\"><div><a href=\"https:\/\/avesis.atauni.edu.tr\/eduman\">Prof. Dr. Erdal KARADUMAN (Head of Department)<\/a><\/div><div><a href=\"https:\/\/avesis.atauni.edu.tr\/igultekin\">Prof. Dr. \u0130nci G\u00dcLTEK\u0130N<\/a><\/div><div><a href=\"https:\/\/avesis.atauni.edu.tr\/saittas\">Assist. Prof. Dr. \u00d6\u011fr \u00dcyesi Sait TA\u015e<\/a><\/div><\/div><div><h2>4- Department of<span style=\"font-size: 1.75rem;letter-spacing: 0px\">\u00a0Geometry<\/span><\/h2><\/div><div style=\"font-family: Roboto, sans-serif;font-size: 17px;font-weight: 400\"><div><a href=\"https:\/\/avesis.atauni.edu.tr\/ncengiz\">Prof. Dr. Nejmi Cengiz (Head of Department)<\/a><\/div><div><a href=\"https:\/\/avesis.atauni.edu.tr\/agezer\">Prof. Dr. Ayd\u0131n GEZER<\/a><\/div><div><a href=\"https:\/\/avesis.atauni.edu.tr\/kakbulut\">Prof. Dr. K\u00fcr\u015fat AKBULUT<\/a><\/div><div><a href=\"https:\/\/avesis.atauni.edu.tr\/tarakci\">Prof. Dr. \u00d6mer TARAKCI<\/a><\/div><div><a href=\"https:\/\/avesis.atauni.edu.tr\/cagri.karaman\">Assoc. Prof. Dr. \u00c7a\u011fr\u0131 KARAMAN<\/a><\/div><div><a href=\"https:\/\/avesis.atauni.edu.tr\/semrakaya\">Assist. Prof. Dr. \u00d6\u011fr. \u00dcyesi Semra YURTTAN\u00c7IKMAZ<\/a><\/div><\/div><h2><span style=\"font-size: 1.75rem;letter-spacing: 0px\">5- Department of<\/span><span style=\"font-size: 1.75rem;letter-spacing: 0px\">\u00a0Fundamentals of Mathematics and Mathematical Logic<\/span><\/h2><div style=\"font-family: Roboto, sans-serif;font-size: 17px;font-weight: 400\"><a href=\"https:\/\/avesis.atauni.edu.tr\/mozdemir\">Prof. Dr. Murat \u00d6ZDEM\u0130R (Head of Department)<\/a><\/div><div><h2>6- Department of<span style=\"font-size: 1.75rem;letter-spacing: 0px\">\u00a0 Topology<\/span><\/h2><\/div><div style=\"font-family: Roboto, sans-serif;font-size: 17px;font-weight: 400\"><a href=\"https:\/\/avesis.atauni.edu.tr\/tugur\">Prof. Dr. Tamer U\u011eUR (Head of Department)<\/a><\/div><div style=\"font-family: Roboto, sans-serif;font-size: 17px;font-weight: 400\"><a href=\"https:\/\/avesis.atauni.edu.tr\/akopuzlu\">Prof. Dr. Abdullah KOPUZLU<\/a><\/div><div style=\"font-family: Roboto, sans-serif;font-size: 17px;font-weight: 400\"><a href=\"https:\/\/avesis.atauni.edu.tr\/akucuk\">Prof. Dr. Ahmet K\u00dc\u00c7\u00dcK<\/a><\/div><div style=\"font-family: Roboto, sans-serif;font-size: 17px;font-weight: 400\"><a href=\"https:\/\/avesis.atauni.edu.tr\/olgun.durmaz\">Research Assist. <\/a><a href=\"https:\/\/avesis.atauni.edu.tr\/tugcek\">Tu\u011f\u00e7e KUNDURACI<\/a><\/div><div><h2>7- Department of<span style=\"font-size: 1.75rem;letter-spacing: 0px\">\u00a0Applied Mathematics<\/span><\/h2><\/div><div style=\"font-family: Roboto, sans-serif;font-size: 17px;font-weight: 400\"><a href=\"https:\/\/avesis.atauni.edu.tr\/msubasi\">Prof. Dr. Murat SUBA\u015eI\u00a0(Head of Department)<\/a><\/div><div style=\"font-family: Roboto, sans-serif;font-size: 17px;font-weight: 400\"><a href=\"https:\/\/avesis.atauni.edu.tr\/ysarac\">Assoc. Dr. Ye\u015fim SARA\u00c7<\/a><\/div><div style=\"font-family: Roboto, sans-serif;font-size: 17px;font-weight: 400\"><a href=\"https:\/\/avesis.atauni.edu.tr\/aaykut\">Assist. Prof. Dr. Arzu AYKUT<\/a><\/div><div style=\"font-family: Roboto, sans-serif;font-size: 17px;font-weight: 400\"><a href=\"https:\/\/avesis.atauni.edu.tr\/mkarabacak\">Assist. Prof. Dr. Mesut KARABACAK<\/a><\/div><div style=\"font-family: Roboto, sans-serif;font-size: 17px;font-weight: 400\"><a href=\"https:\/\/avesis.atauni.edu.tr\/senersule\">Assist. Prof. Dr. S\u0131d\u0131ka \u015eule \u015eENER KILI\u00c7<\/a><\/div><div style=\"font-family: Roboto, sans-serif;font-size: 17px;font-weight: 400\"><a href=\"https:\/\/avesis.atauni.edu.tr\/derya.sendur\">Research Assist. Faika Derya \u015eENDUR<\/a><\/div><div style=\"font-family: Roboto, sans-serif;font-size: 17px;font-weight: 400\"><a href=\"https:\/\/avesis.atauni.edu.tr\/tugba.yazgan\">Researc. Assist. Tu\u011fba YAZGAN<\/a><\/div><\/div>\t\t\t\t\t\t\t\t<\/div>\n\t\t\t\t<\/div>\n\t\t\t\t\t<\/div>\n\t\t<\/div>\n\t\t\t\t\t<\/div>\n\t\t<\/section>\n\t\t\t\t<\/div>\n\t\t","protected":false},"excerpt":{"rendered":"<p>Departments 1- Department of Functional Analysis and Functions Theory Prof. Dr. Sezgin AKBULUT\u00a0(Head of Department)Prof. Dr. Ekrem KADIO\u011eLUProf. Dr. Murat \u00d6ZDEM\u0130RProf. Dr. Halit ORHANProf. Dr. \u0130sa YILDIRIMAssist. Prof. Dr. \u00d6\u011fr \u00dcyesi Fatma SA\u011eS\u00d6ZAssist. Prof. Dr. \u00d6\u011fr \u00dcyesi Nazl\u0131 KARACAResearc Assist. Merve AKTAY 2- Department of\u00a0Computer Sciences Prof. Dr. Abdullah KOPUZLU (Head of Department) 3- Department [&hellip;]<\/p>\n","protected":false},"author":282,"featured_media":0,"parent":0,"menu_order":0,"comment_status":"closed","ping_status":"closed","template":"","meta":{"footnotes":""},"class_list":["post-6510","page","type-page","status-publish","hentry"],"_links":{"self":[{"href":"https:\/\/atauni.edu.tr\/matematik\/wp-json\/wp\/v2\/pages\/6510","targetHints":{"allow":["GET"]}}],"collection":[{"href":"https:\/\/atauni.edu.tr\/matematik\/wp-json\/wp\/v2\/pages"}],"about":[{"href":"https:\/\/atauni.edu.tr\/matematik\/wp-json\/wp\/v2\/types\/page"}],"author":[{"embeddable":true,"href":"https:\/\/atauni.edu.tr\/matematik\/wp-json\/wp\/v2\/users\/282"}],"replies":[{"embeddable":true,"href":"https:\/\/atauni.edu.tr\/matematik\/wp-json\/wp\/v2\/comments?post=6510"}],"version-history":[{"count":22,"href":"https:\/\/atauni.edu.tr\/matematik\/wp-json\/wp\/v2\/pages\/6510\/revisions"}],"predecessor-version":[{"id":7229,"href":"https:\/\/atauni.edu.tr\/matematik\/wp-json\/wp\/v2\/pages\/6510\/revisions\/7229"}],"wp:attachment":[{"href":"https:\/\/atauni.edu.tr\/matematik\/wp-json\/wp\/v2\/media?parent=6510"}],"curies":[{"name":"wp","href":"https:\/\/api.w.org\/{rel}","templated":true}]}}