{"id":8070,"date":"2023-08-17T10:22:37","date_gmt":"2023-08-17T07:22:37","guid":{"rendered":"http:\/\/birimler.atauni.edu.tr\/matematik\/?page_id=8070"},"modified":"2025-05-22T14:52:43","modified_gmt":"2025-05-22T11:52:43","slug":"fedek","status":"publish","type":"page","link":"https:\/\/atauni.edu.tr\/matematik\/fedek\/","title":{"rendered":"FEDEK"},"content":{"rendered":"\t\t<div data-elementor-type=\"wp-page\" data-elementor-id=\"8070\" class=\"elementor elementor-8070\" data-elementor-post-type=\"page\">\n\t\t\t\t\t\t<section class=\"elementor-section elementor-top-section elementor-element elementor-element-a6d840d elementor-section-boxed elementor-section-height-default elementor-section-height-default\" data-id=\"a6d840d\" data-element_type=\"section\">\n\t\t\t\t\t\t<div class=\"elementor-container elementor-column-gap-default\">\n\t\t\t\t\t<div class=\"elementor-column elementor-col-100 elementor-top-column elementor-element elementor-element-4334003\" data-id=\"4334003\" data-element_type=\"column\">\n\t\t\t<div class=\"elementor-widget-wrap elementor-element-populated\">\n\t\t\t\t\t\t<div class=\"elementor-element elementor-element-d2a9f8f elementor-widget elementor-widget-text-editor\" data-id=\"d2a9f8f\" data-element_type=\"widget\" data-widget_type=\"text-editor.default\">\n\t\t\t\t<div class=\"elementor-widget-container\">\n\t\t\t\t\t\t\t\t\t<h2>Matematik B\u00f6l\u00fcm\u00fc Fedek Sayfas\u0131<\/h2>\t\t\t\t\t\t\t\t<\/div>\n\t\t\t\t<\/div>\n\t\t\t\t<div class=\"elementor-element elementor-element-561f405 elementor-widget-divider--view-line elementor-widget elementor-widget-divider\" data-id=\"561f405\" data-element_type=\"widget\" data-widget_type=\"divider.default\">\n\t\t\t\t<div class=\"elementor-widget-container\">\n\t\t\t\t\t\t\t<div class=\"elementor-divider\">\n\t\t\t<span class=\"elementor-divider-separator\">\n\t\t\t\t\t\t<\/span>\n\t\t<\/div>\n\t\t\t\t\t\t<\/div>\n\t\t\t\t<\/div>\n\t\t\t\t\t<\/div>\n\t\t<\/div>\n\t\t\t\t\t<\/div>\n\t\t<\/section>\n\t\t\t\t<section class=\"elementor-section elementor-top-section elementor-element elementor-element-d6cc9f6 elementor-section-boxed elementor-section-height-default elementor-section-height-default\" data-id=\"d6cc9f6\" data-element_type=\"section\">\n\t\t\t\t\t\t<div class=\"elementor-container elementor-column-gap-default\">\n\t\t\t\t\t<div class=\"elementor-column elementor-col-100 elementor-top-column elementor-element elementor-element-61f723f\" data-id=\"61f723f\" data-element_type=\"column\">\n\t\t\t<div class=\"elementor-widget-wrap elementor-element-populated\">\n\t\t\t\t\t\t<div class=\"elementor-element elementor-element-670b074 elementor-widget elementor-widget-text-editor\" data-id=\"670b074\" data-element_type=\"widget\" data-widget_type=\"text-editor.default\">\n\t\t\t\t<div class=\"elementor-widget-container\">\n\t\t\t\t\t\t\t\t\t<h5>FEDEK, farkl\u0131 disiplinlerdeki Fen, Edebiyat, Fen-Edebiyat, Dil ve Tarih-Co\u011frafya Fak\u00fclteleri (Bundan sonra FEF olarak an\u0131lacakt\u0131r) \u00f6\u011fretim programlar\u0131 i\u00e7in akreditasyon, de\u011ferlendirme ve bilgilendirme \u00e7al\u0131\u015fmalar\u0131 yaparak, T\u00fcrkiye\u2019de FEF \u00f6\u011fretiminin kalitesinin y\u00fckseltilmesine katk\u0131da bulunacakt\u0131r. FEDEK, FEF b\u00f6l\u00fcmlerinde e\u011fitim-\u00f6\u011fretim, bilimsel ara\u015ft\u0131rma ve topluma hizmeti ilerletmek amac\u0131yla kurulmu\u015ftur.<\/h5>\t\t\t\t\t\t\t\t<\/div>\n\t\t\t\t<\/div>\n\t\t\t\t\t<\/div>\n\t\t<\/div>\n\t\t\t\t\t<\/div>\n\t\t<\/section>\n\t\t\t\t<section class=\"elementor-section elementor-top-section elementor-element elementor-element-2a28619 elementor-section-boxed elementor-section-height-default elementor-section-height-default\" data-id=\"2a28619\" data-element_type=\"section\">\n\t\t\t\t\t\t<div class=\"elementor-container elementor-column-gap-default\">\n\t\t\t\t\t<div class=\"elementor-column elementor-col-100 elementor-top-column elementor-element elementor-element-c743511\" data-id=\"c743511\" data-element_type=\"column\">\n\t\t\t<div class=\"elementor-widget-wrap elementor-element-populated\">\n\t\t\t\t\t\t<div class=\"elementor-element elementor-element-0025c0a elementor-widget elementor-widget-text-editor\" data-id=\"0025c0a\" data-element_type=\"widget\" data-widget_type=\"text-editor.default\">\n\t\t\t\t<div class=\"elementor-widget-container\">\n\t\t\t\t\t\t\t\t\t<h3><span style=\"text-decoration: underline;color: #800000\"><strong>B\u00d6L\u00dcM\u00dcM\u00dcZ\u00dcN<\/strong><\/span><\/h3>\t\t\t\t\t\t\t\t<\/div>\n\t\t\t\t<\/div>\n\t\t\t\t\t<\/div>\n\t\t<\/div>\n\t\t\t\t\t<\/div>\n\t\t<\/section>\n\t\t\t\t<section class=\"elementor-section elementor-top-section elementor-element elementor-element-5948cc0 elementor-section-boxed elementor-section-height-default elementor-section-height-default\" data-id=\"5948cc0\" data-element_type=\"section\">\n\t\t\t\t\t\t<div class=\"elementor-container elementor-column-gap-default\">\n\t\t\t\t\t<div class=\"elementor-column elementor-col-50 elementor-top-column elementor-element elementor-element-b4bb090\" data-id=\"b4bb090\" data-element_type=\"column\">\n\t\t\t<div class=\"elementor-widget-wrap elementor-element-populated\">\n\t\t\t\t\t\t<div class=\"elementor-element elementor-element-4c6b058 elementor-widget__width-initial elementor-view-default elementor-widget elementor-widget-icon\" data-id=\"4c6b058\" data-element_type=\"widget\" data-widget_type=\"icon.default\">\n\t\t\t\t<div class=\"elementor-widget-container\">\n\t\t\t\t\t\t\t<div class=\"elementor-icon-wrapper\">\n\t\t\t<div class=\"elementor-icon\">\n\t\t\t<i aria-hidden=\"true\" class=\"far fa-arrow-alt-circle-right\"><\/i>\t\t\t<\/div>\n\t\t<\/div>\n\t\t\t\t\t\t<\/div>\n\t\t\t\t<\/div>\n\t\t\t\t\t<\/div>\n\t\t<\/div>\n\t\t\t\t<div class=\"elementor-column elementor-col-50 elementor-top-column elementor-element elementor-element-2e31bb5\" data-id=\"2e31bb5\" data-element_type=\"column\">\n\t\t\t<div class=\"elementor-widget-wrap elementor-element-populated\">\n\t\t\t\t\t\t<div class=\"elementor-element elementor-element-900a019 elementor-widget__width-initial elementor-widget elementor-widget-heading\" data-id=\"900a019\" data-element_type=\"widget\" data-widget_type=\"heading.default\">\n\t\t\t\t<div class=\"elementor-widget-container\">\n\t\t\t\t\t<h5 class=\"elementor-heading-title elementor-size-default\"><a href=\"https:\/\/birimler.atauni.edu.tr\/matematik\/matematik-bolumu-yonetim-semasi\/\" target=\"_blank\">Y\u00f6netim Yap\u0131s\u0131<\/a><\/h5>\t\t\t\t<\/div>\n\t\t\t\t<\/div>\n\t\t\t\t\t<\/div>\n\t\t<\/div>\n\t\t\t\t\t<\/div>\n\t\t<\/section>\n\t\t\t\t<section class=\"elementor-section elementor-top-section elementor-element elementor-element-3188be0 elementor-section-boxed elementor-section-height-default elementor-section-height-default\" data-id=\"3188be0\" data-element_type=\"section\">\n\t\t\t\t\t\t<div class=\"elementor-container elementor-column-gap-default\">\n\t\t\t\t\t<div class=\"elementor-column elementor-col-50 elementor-top-column elementor-element elementor-element-b84a51f\" data-id=\"b84a51f\" data-element_type=\"column\">\n\t\t\t<div class=\"elementor-widget-wrap elementor-element-populated\">\n\t\t\t\t\t\t<div class=\"elementor-element elementor-element-a016091 elementor-widget__width-initial elementor-view-default elementor-widget elementor-widget-icon\" data-id=\"a016091\" data-element_type=\"widget\" data-widget_type=\"icon.default\">\n\t\t\t\t<div class=\"elementor-widget-container\">\n\t\t\t\t\t\t\t<div class=\"elementor-icon-wrapper\">\n\t\t\t<div class=\"elementor-icon\">\n\t\t\t<i aria-hidden=\"true\" class=\"far fa-arrow-alt-circle-right\"><\/i>\t\t\t<\/div>\n\t\t<\/div>\n\t\t\t\t\t\t<\/div>\n\t\t\t\t<\/div>\n\t\t\t\t\t<\/div>\n\t\t<\/div>\n\t\t\t\t<div class=\"elementor-column elementor-col-50 elementor-top-column elementor-element elementor-element-e28bdf2\" data-id=\"e28bdf2\" data-element_type=\"column\">\n\t\t\t<div class=\"elementor-widget-wrap elementor-element-populated\">\n\t\t\t\t\t\t<div class=\"elementor-element elementor-element-4c5b313 elementor-widget__width-initial elementor-widget elementor-widget-heading\" data-id=\"4c5b313\" data-element_type=\"widget\" data-widget_type=\"heading.default\">\n\t\t\t\t<div class=\"elementor-widget-container\">\n\t\t\t\t\t<h5 class=\"elementor-heading-title elementor-size-default\"><a href=\"http:\/\/birimler.atauni.edu.tr\/matematik\/wp-content\/uploads\/sites\/137\/2025\/05\/Matematik-Bolumu-Komisyonlar-2025.pdf\" target=\"_blank\">Komisyonlar\u0131<\/a><\/h5>\t\t\t\t<\/div>\n\t\t\t\t<\/div>\n\t\t\t\t\t<\/div>\n\t\t<\/div>\n\t\t\t\t\t<\/div>\n\t\t<\/section>\n\t\t\t\t<section class=\"elementor-section elementor-top-section elementor-element elementor-element-82877c9 elementor-section-boxed elementor-section-height-default elementor-section-height-default\" data-id=\"82877c9\" data-element_type=\"section\">\n\t\t\t\t\t\t<div class=\"elementor-container elementor-column-gap-default\">\n\t\t\t\t\t<div class=\"elementor-column elementor-col-50 elementor-top-column elementor-element elementor-element-45b52d1\" data-id=\"45b52d1\" data-element_type=\"column\">\n\t\t\t<div class=\"elementor-widget-wrap elementor-element-populated\">\n\t\t\t\t\t\t<div class=\"elementor-element elementor-element-454cb24 elementor-widget__width-initial elementor-view-default elementor-widget elementor-widget-icon\" data-id=\"454cb24\" data-element_type=\"widget\" data-widget_type=\"icon.default\">\n\t\t\t\t<div class=\"elementor-widget-container\">\n\t\t\t\t\t\t\t<div class=\"elementor-icon-wrapper\">\n\t\t\t<a class=\"elementor-icon\" href=\"https:\/\/birimler.atauni.edu.tr\/matematik\/bolum-tanitimi\/\" target=\"_blank\">\n\t\t\t<i aria-hidden=\"true\" class=\"far fa-arrow-alt-circle-right\"><\/i>\t\t\t<\/a>\n\t\t<\/div>\n\t\t\t\t\t\t<\/div>\n\t\t\t\t<\/div>\n\t\t\t\t\t<\/div>\n\t\t<\/div>\n\t\t\t\t<div class=\"elementor-column elementor-col-50 elementor-top-column elementor-element elementor-element-45ce337\" data-id=\"45ce337\" data-element_type=\"column\">\n\t\t\t<div class=\"elementor-widget-wrap elementor-element-populated\">\n\t\t\t\t\t\t<div class=\"elementor-element elementor-element-f700719 elementor-widget__width-initial elementor-widget elementor-widget-heading\" data-id=\"f700719\" data-element_type=\"widget\" data-widget_type=\"heading.default\">\n\t\t\t\t<div class=\"elementor-widget-container\">\n\t\t\t\t\t<h5 class=\"elementor-heading-title elementor-size-default\"><a href=\"https:\/\/birimler.atauni.edu.tr\/matematik\/bolum-tanitimi\/\" target=\"_blank\">Tan\u0131m\u0131<\/a><\/h5>\t\t\t\t<\/div>\n\t\t\t\t<\/div>\n\t\t\t\t\t<\/div>\n\t\t<\/div>\n\t\t\t\t\t<\/div>\n\t\t<\/section>\n\t\t\t\t<section class=\"elementor-section elementor-top-section elementor-element elementor-element-3681f80 elementor-section-boxed elementor-section-height-default elementor-section-height-default\" data-id=\"3681f80\" data-element_type=\"section\">\n\t\t\t\t\t\t<div class=\"elementor-container elementor-column-gap-default\">\n\t\t\t\t\t<div class=\"elementor-column elementor-col-50 elementor-top-column elementor-element elementor-element-5477364\" data-id=\"5477364\" data-element_type=\"column\">\n\t\t\t<div class=\"elementor-widget-wrap elementor-element-populated\">\n\t\t\t\t\t\t<div class=\"elementor-element elementor-element-50f70f2 elementor-widget__width-initial elementor-view-default elementor-widget elementor-widget-icon\" data-id=\"50f70f2\" data-element_type=\"widget\" data-widget_type=\"icon.default\">\n\t\t\t\t<div class=\"elementor-widget-container\">\n\t\t\t\t\t\t\t<div class=\"elementor-icon-wrapper\">\n\t\t\t<a class=\"elementor-icon\" href=\"https:\/\/birimler.atauni.edu.tr\/matematik\/anabilim-dallari\/\" target=\"_blank\">\n\t\t\t<i aria-hidden=\"true\" class=\"far fa-arrow-alt-circle-right\"><\/i>\t\t\t<\/a>\n\t\t<\/div>\n\t\t\t\t\t\t<\/div>\n\t\t\t\t<\/div>\n\t\t\t\t\t<\/div>\n\t\t<\/div>\n\t\t\t\t<div class=\"elementor-column elementor-col-50 elementor-top-column elementor-element elementor-element-1a6f10f\" data-id=\"1a6f10f\" data-element_type=\"column\">\n\t\t\t<div class=\"elementor-widget-wrap elementor-element-populated\">\n\t\t\t\t\t\t<div class=\"elementor-element elementor-element-56d0b91 elementor-widget__width-initial elementor-widget elementor-widget-heading\" data-id=\"56d0b91\" data-element_type=\"widget\" data-widget_type=\"heading.default\">\n\t\t\t\t<div class=\"elementor-widget-container\">\n\t\t\t\t\t<h5 class=\"elementor-heading-title elementor-size-default\"><a href=\"https:\/\/birimler.atauni.edu.tr\/matematik\/anabilim-dallari\/\" target=\"_blank\">Anabilim Dallar\u0131na G\u00f6re \u00d6\u011fretim \u00dcyeleri ve \u00d6zge\u00e7mi\u015fleri<\/a><\/h5>\t\t\t\t<\/div>\n\t\t\t\t<\/div>\n\t\t\t\t\t<\/div>\n\t\t<\/div>\n\t\t\t\t\t<\/div>\n\t\t<\/section>\n\t\t\t\t<section class=\"elementor-section elementor-top-section elementor-element elementor-element-59ba668 elementor-section-boxed elementor-section-height-default elementor-section-height-default\" data-id=\"59ba668\" data-element_type=\"section\">\n\t\t\t\t\t\t<div class=\"elementor-container elementor-column-gap-default\">\n\t\t\t\t\t<div class=\"elementor-column elementor-col-50 elementor-top-column elementor-element elementor-element-babce2a\" data-id=\"babce2a\" data-element_type=\"column\">\n\t\t\t<div class=\"elementor-widget-wrap elementor-element-populated\">\n\t\t\t\t\t\t<div class=\"elementor-element elementor-element-01478e4 elementor-widget__width-initial elementor-view-default elementor-widget elementor-widget-icon\" data-id=\"01478e4\" data-element_type=\"widget\" data-widget_type=\"icon.default\">\n\t\t\t\t<div class=\"elementor-widget-container\">\n\t\t\t\t\t\t\t<div class=\"elementor-icon-wrapper\">\n\t\t\t<a class=\"elementor-icon\" href=\"https:\/\/birimler.atauni.edu.tr\/matematik\/lisans-ders-listesi\/\" target=\"_blank\">\n\t\t\t<i aria-hidden=\"true\" class=\"far fa-arrow-alt-circle-right\"><\/i>\t\t\t<\/a>\n\t\t<\/div>\n\t\t\t\t\t\t<\/div>\n\t\t\t\t<\/div>\n\t\t\t\t\t<\/div>\n\t\t<\/div>\n\t\t\t\t<div class=\"elementor-column elementor-col-50 elementor-top-column elementor-element elementor-element-d65651f\" data-id=\"d65651f\" data-element_type=\"column\">\n\t\t\t<div class=\"elementor-widget-wrap elementor-element-populated\">\n\t\t\t\t\t\t<div class=\"elementor-element elementor-element-545e59d elementor-widget__width-initial elementor-widget elementor-widget-heading\" data-id=\"545e59d\" data-element_type=\"widget\" data-widget_type=\"heading.default\">\n\t\t\t\t<div class=\"elementor-widget-container\">\n\t\t\t\t\t<h5 class=\"elementor-heading-title elementor-size-default\"><a href=\"https:\/\/birimler.atauni.edu.tr\/matematik\/lisans-ders-listesi\/\" target=\"_blank\">Lisans Program\u0131 i\u00e7in M\u00fcfredat Plan\u0131<\/a><\/h5>\t\t\t\t<\/div>\n\t\t\t\t<\/div>\n\t\t\t\t\t<\/div>\n\t\t<\/div>\n\t\t\t\t\t<\/div>\n\t\t<\/section>\n\t\t\t\t<section class=\"elementor-section elementor-top-section elementor-element elementor-element-22b75f4 elementor-section-boxed elementor-section-height-default elementor-section-height-default\" data-id=\"22b75f4\" data-element_type=\"section\">\n\t\t\t\t\t\t<div class=\"elementor-container elementor-column-gap-default\">\n\t\t\t\t\t<div class=\"elementor-column elementor-col-50 elementor-top-column elementor-element elementor-element-85ddaee\" data-id=\"85ddaee\" data-element_type=\"column\">\n\t\t\t<div class=\"elementor-widget-wrap elementor-element-populated\">\n\t\t\t\t\t\t<div class=\"elementor-element elementor-element-94dbdc4 elementor-widget__width-initial elementor-view-default elementor-widget elementor-widget-icon\" data-id=\"94dbdc4\" data-element_type=\"widget\" data-widget_type=\"icon.default\">\n\t\t\t\t<div class=\"elementor-widget-container\">\n\t\t\t\t\t\t\t<div class=\"elementor-icon-wrapper\">\n\t\t\t<a class=\"elementor-icon\" href=\"https:\/\/birimler.atauni.edu.tr\/matematik\/lisans-ders-icerikleri\/\" target=\"_blank\">\n\t\t\t<i aria-hidden=\"true\" class=\"far fa-arrow-alt-circle-right\"><\/i>\t\t\t<\/a>\n\t\t<\/div>\n\t\t\t\t\t\t<\/div>\n\t\t\t\t<\/div>\n\t\t\t\t\t<\/div>\n\t\t<\/div>\n\t\t\t\t<div class=\"elementor-column elementor-col-50 elementor-top-column elementor-element elementor-element-048ad70\" data-id=\"048ad70\" data-element_type=\"column\">\n\t\t\t<div class=\"elementor-widget-wrap elementor-element-populated\">\n\t\t\t\t\t\t<div class=\"elementor-element elementor-element-9b8ec20 elementor-widget__width-initial elementor-widget elementor-widget-heading\" data-id=\"9b8ec20\" data-element_type=\"widget\" data-widget_type=\"heading.default\">\n\t\t\t\t<div class=\"elementor-widget-container\">\n\t\t\t\t\t<h5 class=\"elementor-heading-title elementor-size-default\"><a href=\"https:\/\/birimler.atauni.edu.tr\/matematik\/lisans-ders-icerikleri\/\" target=\"_blank\">Lisans Ders \u0130\u00e7erikleri<\/a><\/h5>\t\t\t\t<\/div>\n\t\t\t\t<\/div>\n\t\t\t\t\t<\/div>\n\t\t<\/div>\n\t\t\t\t\t<\/div>\n\t\t<\/section>\n\t\t\t\t<section class=\"elementor-section elementor-top-section elementor-element elementor-element-f12d6f7 elementor-section-boxed elementor-section-height-default elementor-section-height-default\" data-id=\"f12d6f7\" data-element_type=\"section\">\n\t\t\t\t\t\t<div class=\"elementor-container elementor-column-gap-default\">\n\t\t\t\t\t<div class=\"elementor-column elementor-col-50 elementor-top-column elementor-element elementor-element-0446de9\" data-id=\"0446de9\" data-element_type=\"column\">\n\t\t\t<div class=\"elementor-widget-wrap elementor-element-populated\">\n\t\t\t\t\t\t<div class=\"elementor-element elementor-element-e40962d elementor-widget__width-initial elementor-view-default elementor-widget elementor-widget-icon\" data-id=\"e40962d\" data-element_type=\"widget\" data-widget_type=\"icon.default\">\n\t\t\t\t<div class=\"elementor-widget-container\">\n\t\t\t\t\t\t\t<div class=\"elementor-icon-wrapper\">\n\t\t\t<a class=\"elementor-icon\" href=\"https:\/\/birimler.atauni.edu.tr\/matematik\/dilekceler-hakkinda\/\" target=\"_blank\">\n\t\t\t<i aria-hidden=\"true\" class=\"far fa-arrow-alt-circle-right\"><\/i>\t\t\t<\/a>\n\t\t<\/div>\n\t\t\t\t\t\t<\/div>\n\t\t\t\t<\/div>\n\t\t\t\t\t<\/div>\n\t\t<\/div>\n\t\t\t\t<div class=\"elementor-column elementor-col-50 elementor-top-column elementor-element elementor-element-f560f1b\" data-id=\"f560f1b\" data-element_type=\"column\">\n\t\t\t<div class=\"elementor-widget-wrap elementor-element-populated\">\n\t\t\t\t\t\t<div class=\"elementor-element elementor-element-7a15d0a elementor-widget__width-initial elementor-widget elementor-widget-heading\" data-id=\"7a15d0a\" data-element_type=\"widget\" data-widget_type=\"heading.default\">\n\t\t\t\t<div class=\"elementor-widget-container\">\n\t\t\t\t\t<h5 class=\"elementor-heading-title elementor-size-default\"><a href=\"https:\/\/birimler.atauni.edu.tr\/matematik\/dilekceler-hakkinda\/\" target=\"_blank\">Dilek\u00e7e ve Formlar\u0131<\/a><\/h5>\t\t\t\t<\/div>\n\t\t\t\t<\/div>\n\t\t\t\t\t<\/div>\n\t\t<\/div>\n\t\t\t\t\t<\/div>\n\t\t<\/section>\n\t\t\t\t<section class=\"elementor-section elementor-top-section elementor-element elementor-element-b8fa91c elementor-section-boxed elementor-section-height-default elementor-section-height-default\" data-id=\"b8fa91c\" data-element_type=\"section\">\n\t\t\t\t\t\t<div class=\"elementor-container elementor-column-gap-default\">\n\t\t\t\t\t<div class=\"elementor-column elementor-col-50 elementor-top-column elementor-element elementor-element-e95e5bb\" data-id=\"e95e5bb\" data-element_type=\"column\">\n\t\t\t<div class=\"elementor-widget-wrap elementor-element-populated\">\n\t\t\t\t\t\t<div class=\"elementor-element elementor-element-80edc41 elementor-widget__width-initial elementor-view-default elementor-widget elementor-widget-icon\" data-id=\"80edc41\" data-element_type=\"widget\" data-widget_type=\"icon.default\">\n\t\t\t\t<div class=\"elementor-widget-container\">\n\t\t\t\t\t\t\t<div class=\"elementor-icon-wrapper\">\n\t\t\t<a class=\"elementor-icon\" href=\"https:\/\/birimler.atauni.edu.tr\/matematik\/dilekceler-hakkinda\/\" target=\"_blank\">\n\t\t\t<i aria-hidden=\"true\" class=\"far fa-arrow-alt-circle-right\"><\/i>\t\t\t<\/a>\n\t\t<\/div>\n\t\t\t\t\t\t<\/div>\n\t\t\t\t<\/div>\n\t\t\t\t\t<\/div>\n\t\t<\/div>\n\t\t\t\t<div class=\"elementor-column elementor-col-50 elementor-top-column elementor-element elementor-element-56a9105\" data-id=\"56a9105\" data-element_type=\"column\">\n\t\t\t<div class=\"elementor-widget-wrap elementor-element-populated\">\n\t\t\t\t\t\t<div class=\"elementor-element elementor-element-23f1bf1 elementor-widget__width-initial elementor-widget elementor-widget-heading\" data-id=\"23f1bf1\" data-element_type=\"widget\" data-widget_type=\"heading.default\">\n\t\t\t\t<div class=\"elementor-widget-container\">\n\t\t\t\t\t<h5 class=\"elementor-heading-title elementor-size-default\"><a href=\"https:\/\/birimler.atauni.edu.tr\/matematik\/anketler\/\" target=\"_blank\">Anketler<\/a><\/h5>\t\t\t\t<\/div>\n\t\t\t\t<\/div>\n\t\t\t\t\t<\/div>\n\t\t<\/div>\n\t\t\t\t\t<\/div>\n\t\t<\/section>\n\t\t\t\t<section class=\"elementor-section elementor-top-section elementor-element elementor-element-9203142 elementor-section-boxed elementor-section-height-default elementor-section-height-default\" data-id=\"9203142\" data-element_type=\"section\">\n\t\t\t\t\t\t<div class=\"elementor-container elementor-column-gap-default\">\n\t\t\t\t\t<div class=\"elementor-column elementor-col-100 elementor-top-column elementor-element elementor-element-028a3d4\" data-id=\"028a3d4\" data-element_type=\"column\">\n\t\t\t<div class=\"elementor-widget-wrap elementor-element-populated\">\n\t\t\t\t\t\t<div class=\"elementor-element elementor-element-6b5a198 elementor-widget elementor-widget-text-editor\" data-id=\"6b5a198\" data-element_type=\"widget\" data-widget_type=\"text-editor.default\">\n\t\t\t\t<div class=\"elementor-widget-container\">\n\t\t\t\t\t\t\t\t\t<h1><span style=\"text-decoration: underline;color: #800000\"><strong>FEDEK BELGES\u0130<\/strong><\/span><\/h1>\t\t\t\t\t\t\t\t<\/div>\n\t\t\t\t<\/div>\n\t\t\t\t\t<\/div>\n\t\t<\/div>\n\t\t\t\t\t<\/div>\n\t\t<\/section>\n\t\t\t\t<section class=\"elementor-section elementor-top-section elementor-element elementor-element-0265240 elementor-section-boxed elementor-section-height-default elementor-section-height-default\" data-id=\"0265240\" data-element_type=\"section\">\n\t\t\t\t\t\t<div class=\"elementor-container elementor-column-gap-default\">\n\t\t\t\t\t<div class=\"elementor-column elementor-col-100 elementor-top-column elementor-element elementor-element-5e5f36d\" data-id=\"5e5f36d\" data-element_type=\"column\">\n\t\t\t<div class=\"elementor-widget-wrap elementor-element-populated\">\n\t\t\t\t\t\t<div class=\"elementor-element elementor-element-1c1d110 elementor-widget elementor-widget-image\" data-id=\"1c1d110\" data-element_type=\"widget\" data-widget_type=\"image.default\">\n\t\t\t\t<div class=\"elementor-widget-container\">\n\t\t\t\t\t\t\t\t\t\t\t\t\t\t\t<img fetchpriority=\"high\" decoding=\"async\" width=\"1024\" height=\"724\" src=\"https:\/\/atauni.edu.tr\/matematik\/wp-content\/uploads\/sites\/137\/2020\/07\/FEDEK-SERTIFIKA_page-0001-1024x724.jpg\" class=\"attachment-large size-large wp-image-8053\" alt=\"\" srcset=\"https:\/\/atauni.edu.tr\/matematik\/wp-content\/uploads\/sites\/137\/2020\/07\/FEDEK-SERTIFIKA_page-0001-1024x724.jpg 1024w, https:\/\/atauni.edu.tr\/matematik\/wp-content\/uploads\/sites\/137\/2020\/07\/FEDEK-SERTIFIKA_page-0001-300x212.jpg 300w, https:\/\/atauni.edu.tr\/matematik\/wp-content\/uploads\/sites\/137\/2020\/07\/FEDEK-SERTIFIKA_page-0001-768x543.jpg 768w, https:\/\/atauni.edu.tr\/matematik\/wp-content\/uploads\/sites\/137\/2020\/07\/FEDEK-SERTIFIKA_page-0001-1536x1086.jpg 1536w, https:\/\/atauni.edu.tr\/matematik\/wp-content\/uploads\/sites\/137\/2020\/07\/FEDEK-SERTIFIKA_page-0001-600x424.jpg 600w, https:\/\/atauni.edu.tr\/matematik\/wp-content\/uploads\/sites\/137\/2020\/07\/FEDEK-SERTIFIKA_page-0001-560x396.jpg 560w, https:\/\/atauni.edu.tr\/matematik\/wp-content\/uploads\/sites\/137\/2020\/07\/FEDEK-SERTIFIKA_page-0001.jpg 1755w\" sizes=\"(max-width: 1024px) 100vw, 1024px\" \/>\t\t\t\t\t\t\t\t\t\t\t\t\t\t\t<\/div>\n\t\t\t\t<\/div>\n\t\t\t\t\t<\/div>\n\t\t<\/div>\n\t\t\t\t\t<\/div>\n\t\t<\/section>\n\t\t\t\t<\/div>\n\t\t","protected":false},"excerpt":{"rendered":"<p>Matematik B\u00f6l\u00fcm\u00fc Fedek Sayfas\u0131 FEDEK, farkl\u0131 disiplinlerdeki Fen, Edebiyat, Fen-Edebiyat, Dil ve Tarih-Co\u011frafya Fak\u00fclteleri (Bundan sonra FEF olarak an\u0131lacakt\u0131r) \u00f6\u011fretim programlar\u0131 i\u00e7in akreditasyon, de\u011ferlendirme ve bilgilendirme \u00e7al\u0131\u015fmalar\u0131 yaparak, T\u00fcrkiye\u2019de FEF \u00f6\u011fretiminin kalitesinin y\u00fckseltilmesine katk\u0131da bulunacakt\u0131r. FEDEK, FEF b\u00f6l\u00fcmlerinde e\u011fitim-\u00f6\u011fretim, bilimsel ara\u015ft\u0131rma ve topluma hizmeti ilerletmek amac\u0131yla kurulmu\u015ftur. B\u00d6L\u00dcM\u00dcM\u00dcZ\u00dcN Y\u00f6netim Yap\u0131s\u0131 Komisyonlar\u0131 Tan\u0131m\u0131 Anabilim Dallar\u0131na G\u00f6re [&hellip;]<\/p>\n","protected":false},"author":282,"featured_media":0,"parent":0,"menu_order":0,"comment_status":"closed","ping_status":"closed","template":"","meta":{"footnotes":""},"class_list":["post-8070","page","type-page","status-publish","hentry"],"_links":{"self":[{"href":"https:\/\/atauni.edu.tr\/matematik\/wp-json\/wp\/v2\/pages\/8070","targetHints":{"allow":["GET"]}}],"collection":[{"href":"https:\/\/atauni.edu.tr\/matematik\/wp-json\/wp\/v2\/pages"}],"about":[{"href":"https:\/\/atauni.edu.tr\/matematik\/wp-json\/wp\/v2\/types\/page"}],"author":[{"embeddable":true,"href":"https:\/\/atauni.edu.tr\/matematik\/wp-json\/wp\/v2\/users\/282"}],"replies":[{"embeddable":true,"href":"https:\/\/atauni.edu.tr\/matematik\/wp-json\/wp\/v2\/comments?post=8070"}],"version-history":[{"count":96,"href":"https:\/\/atauni.edu.tr\/matematik\/wp-json\/wp\/v2\/pages\/8070\/revisions"}],"predecessor-version":[{"id":9792,"href":"https:\/\/atauni.edu.tr\/matematik\/wp-json\/wp\/v2\/pages\/8070\/revisions\/9792"}],"wp:attachment":[{"href":"https:\/\/atauni.edu.tr\/matematik\/wp-json\/wp\/v2\/media?parent=8070"}],"curies":[{"name":"wp","href":"https:\/\/api.w.org\/{rel}","templated":true}]}}