{"id":9860,"date":"2025-06-26T12:29:44","date_gmt":"2025-06-26T09:29:44","guid":{"rendered":"https:\/\/birimler.atauni.edu.tr\/matematik\/?page_id=9860"},"modified":"2025-08-01T20:40:10","modified_gmt":"2025-08-01T17:40:10","slug":"haberler","status":"publish","type":"page","link":"https:\/\/atauni.edu.tr\/matematik\/haberler\/","title":{"rendered":"Haberler"},"content":{"rendered":"<form method=\"get\" class=\"row g-3\" style=\"margin-bottom: 20px;\"><div class=\"col-md-3\"><input type=\"text\" name=\"haber_ara\" class=\"form-control\" placeholder=\"Haber ara...\" value=\"\"><\/div><div class=\"col-md-3\"><input type=\"date\" name=\"baslangic_tarihi\" class=\"form-control\" value=\"\"><\/div><div class=\"col-md-3\"><input type=\"date\" name=\"bitis_tarihi\" class=\"form-control\" value=\"\"><\/div><div class=\"col-md-3\"><button type=\"submit\" class=\"btn btn-secondary w-50\">Filtrele<\/button><\/div><\/form><ul class=\"kategori-yazilari-liste\"><li style=\"display: flex; margin-bottom: 10px; align-items: center;\"><div class=\"post-thumbnail\" style=\"margin-right: 15px;\"><a href=\"https:\/\/atauni.edu.tr\/matematik\/2026\/04\/20\/bilgiyle-yaris-bilimle-kazan-yarismasi-ikincisi-matematik-bolumu\/\"><img decoding=\"async\" width=\"150\" height=\"150\" src=\"https:\/\/atauni.edu.tr\/matematik\/wp-content\/uploads\/sites\/137\/2026\/04\/PHOTO-2026-04-13-15-47-42-150x150.jpg\" class=\"attachment-thumbnail size-thumbnail wp-post-image\" alt=\"\" \/><\/a><\/div><div class=\"post-content\" style=\"flex-grow: 1;\"><span class=\"post-date habertarih\" style=\"display: block; font-weight: bold; margin-bottom: 5px;\">20 Nisan 2026<\/span><a class=\"haberbaslik\" href=\"https:\/\/atauni.edu.tr\/matematik\/2026\/04\/20\/bilgiyle-yaris-bilimle-kazan-yarismasi-ikincisi-matematik-bolumu\/\">Bilgiyle Yar\u0131\u015f Bilimle Kazan Yar\u0131\u015fmas\u0131 \u0130kincisi Matematik B\u00f6l\u00fcm\u00fc<\/a><\/div><\/li><li style=\"display: flex; margin-bottom: 10px; align-items: center;\"><div class=\"post-thumbnail\" style=\"margin-right: 15px;\"><a href=\"https:\/\/atauni.edu.tr\/matematik\/2026\/04\/01\/fen-fakultesi-kiz-voleybol-takimi-oyuncu-basvurulari-basladi\/\"><img decoding=\"async\" width=\"150\" height=\"150\" src=\"https:\/\/atauni.edu.tr\/matematik\/wp-content\/uploads\/sites\/137\/2026\/04\/Voleybol-Takimi-Secmeleri_page-0001-150x150.jpg\" class=\"attachment-thumbnail size-thumbnail wp-post-image\" alt=\"\" \/><\/a><\/div><div class=\"post-content\" style=\"flex-grow: 1;\"><span class=\"post-date habertarih\" style=\"display: block; font-weight: bold; margin-bottom: 5px;\">1 Nisan 2026<\/span><a class=\"haberbaslik\" href=\"https:\/\/atauni.edu.tr\/matematik\/2026\/04\/01\/fen-fakultesi-kiz-voleybol-takimi-oyuncu-basvurulari-basladi\/\">Fen Fak\u00fcltesi K\u0131z Voleybol Tak\u0131m\u0131 Oyuncu Ba\u015fvurular\u0131 Ba\u015flad\u0131<\/a><\/div><\/li><li style=\"display: flex; margin-bottom: 10px; align-items: center;\"><div class=\"post-thumbnail\" style=\"margin-right: 15px;\"><a href=\"https:\/\/atauni.edu.tr\/matematik\/2026\/04\/01\/yurt-disinda-egitim-ve-kariyer-imkanlari\/\"><img decoding=\"async\" width=\"150\" height=\"150\" src=\"https:\/\/atauni.edu.tr\/matematik\/wp-content\/uploads\/sites\/137\/2026\/04\/Yurt-Disinda-Egitim-150x150.jpg\" class=\"attachment-thumbnail size-thumbnail wp-post-image\" alt=\"\" \/><\/a><\/div><div class=\"post-content\" style=\"flex-grow: 1;\"><span class=\"post-date habertarih\" style=\"display: block; font-weight: bold; margin-bottom: 5px;\">1 Nisan 2026<\/span><a class=\"haberbaslik\" href=\"https:\/\/atauni.edu.tr\/matematik\/2026\/04\/01\/yurt-disinda-egitim-ve-kariyer-imkanlari\/\">Yurt D\u0131\u015f\u0131nda E\u011fitim ve Kariyer \u0130mkanlar\u0131<\/a><\/div><\/li><li style=\"display: flex; margin-bottom: 10px; align-items: center;\"><div class=\"post-thumbnail\" style=\"margin-right: 15px;\"><a href=\"https:\/\/atauni.edu.tr\/matematik\/2026\/03\/23\/ulusal-staj-programi-2\/\"><img loading=\"lazy\" decoding=\"async\" width=\"150\" height=\"150\" src=\"https:\/\/atauni.edu.tr\/matematik\/wp-content\/uploads\/sites\/137\/2026\/03\/USP_BILLBOARD31MART_DIGITALpdf-150x150.jpg\" class=\"attachment-thumbnail size-thumbnail wp-post-image\" alt=\"\" \/><\/a><\/div><div class=\"post-content\" style=\"flex-grow: 1;\"><span class=\"post-date habertarih\" style=\"display: block; font-weight: bold; margin-bottom: 5px;\">23 Mart 2026<\/span><a class=\"haberbaslik\" href=\"https:\/\/atauni.edu.tr\/matematik\/2026\/03\/23\/ulusal-staj-programi-2\/\">Ulusal Staj Program\u0131<\/a><\/div><\/li><li style=\"display: flex; margin-bottom: 10px; align-items: center;\"><div class=\"post-thumbnail\" style=\"margin-right: 15px;\"><a href=\"https:\/\/atauni.edu.tr\/matematik\/2026\/03\/12\/dunya-matematik-gunu-programi\/\"><img loading=\"lazy\" decoding=\"async\" width=\"150\" height=\"150\" src=\"https:\/\/atauni.edu.tr\/matematik\/wp-content\/uploads\/sites\/137\/2026\/03\/PHOTO-2026-03-12-11-53-47-150x150.jpg\" class=\"attachment-thumbnail size-thumbnail wp-post-image\" alt=\"\" \/><\/a><\/div><div class=\"post-content\" style=\"flex-grow: 1;\"><span class=\"post-date habertarih\" style=\"display: block; font-weight: bold; margin-bottom: 5px;\">12 Mart 2026<\/span><a class=\"haberbaslik\" href=\"https:\/\/atauni.edu.tr\/matematik\/2026\/03\/12\/dunya-matematik-gunu-programi\/\">D\u00fcnya Matematik G\u00fcn\u00fc Program\u0131<\/a><\/div><\/li><li style=\"display: flex; margin-bottom: 10px; align-items: center;\"><div class=\"post-thumbnail\" style=\"margin-right: 15px;\"><a href=\"https:\/\/atauni.edu.tr\/matematik\/2026\/01\/13\/butunlesik-yuksek-lisans-programi-ogrenci-bilgilendirme-toplantisi\/\"><img loading=\"lazy\" decoding=\"async\" width=\"150\" height=\"150\" src=\"https:\/\/atauni.edu.tr\/matematik\/wp-content\/uploads\/sites\/137\/2026\/01\/PHOTO-2026-01-13-10-21-38-150x150.jpg\" class=\"attachment-thumbnail size-thumbnail wp-post-image\" alt=\"\" \/><\/a><\/div><div class=\"post-content\" style=\"flex-grow: 1;\"><span class=\"post-date habertarih\" style=\"display: block; font-weight: bold; margin-bottom: 5px;\">13 Ocak 2026<\/span><a class=\"haberbaslik\" href=\"https:\/\/atauni.edu.tr\/matematik\/2026\/01\/13\/butunlesik-yuksek-lisans-programi-ogrenci-bilgilendirme-toplantisi\/\">B\u00fct\u00fcnle\u015fik Y\u00fcksek Lisans Program\u0131 \u00d6\u011frenci Bilgilendirme Toplant\u0131s\u0131<\/a><\/div><\/li><li style=\"display: flex; margin-bottom: 10px; align-items: center;\"><div class=\"post-thumbnail\" style=\"margin-right: 15px;\"><a href=\"https:\/\/atauni.edu.tr\/matematik\/2026\/01\/12\/cift-anadal-bilgilendirme-toplantisi\/\"><img loading=\"lazy\" decoding=\"async\" width=\"150\" height=\"150\" src=\"https:\/\/atauni.edu.tr\/matematik\/wp-content\/uploads\/sites\/137\/2026\/01\/PHOTO-2026-01-12-15-46-08-150x150.jpg\" class=\"attachment-thumbnail size-thumbnail wp-post-image\" alt=\"\" \/><\/a><\/div><div class=\"post-content\" style=\"flex-grow: 1;\"><span class=\"post-date habertarih\" style=\"display: block; font-weight: bold; margin-bottom: 5px;\">12 Ocak 2026<\/span><a class=\"haberbaslik\" href=\"https:\/\/atauni.edu.tr\/matematik\/2026\/01\/12\/cift-anadal-bilgilendirme-toplantisi\/\">\u00c7ift Anadal-Yandal Bilgilendirme Toplant\u0131s\u0131<\/a><\/div><\/li><li style=\"display: flex; margin-bottom: 10px; align-items: center;\"><div class=\"post-thumbnail\" style=\"margin-right: 15px;\"><a href=\"https:\/\/atauni.edu.tr\/matematik\/2025\/12\/31\/erasmus-bilgilendirme-toplantisi-2\/\"><img loading=\"lazy\" decoding=\"async\" width=\"150\" height=\"150\" src=\"https:\/\/atauni.edu.tr\/matematik\/wp-content\/uploads\/sites\/137\/2025\/12\/PHOTO-2025-12-31-09-54-45-150x150.jpg\" class=\"attachment-thumbnail size-thumbnail wp-post-image\" alt=\"\" \/><\/a><\/div><div class=\"post-content\" style=\"flex-grow: 1;\"><span class=\"post-date habertarih\" style=\"display: block; font-weight: bold; margin-bottom: 5px;\">31 Aral\u0131k 2025<\/span><a class=\"haberbaslik\" href=\"https:\/\/atauni.edu.tr\/matematik\/2025\/12\/31\/erasmus-bilgilendirme-toplantisi-2\/\">Erasmus Bilgilendirme Toplant\u0131s\u0131<\/a><\/div><\/li><li style=\"display: flex; margin-bottom: 10px; align-items: center;\"><div class=\"post-thumbnail\" style=\"margin-right: 15px;\"><a href=\"https:\/\/atauni.edu.tr\/matematik\/2025\/12\/17\/seminer-12\/\"><img loading=\"lazy\" decoding=\"async\" width=\"150\" height=\"150\" src=\"https:\/\/atauni.edu.tr\/matematik\/wp-content\/uploads\/sites\/137\/2025\/12\/PHOTO-2025-12-17-12-46-48-150x150.jpg\" class=\"attachment-thumbnail size-thumbnail wp-post-image\" alt=\"\" \/><\/a><\/div><div class=\"post-content\" style=\"flex-grow: 1;\"><span class=\"post-date habertarih\" style=\"display: block; font-weight: bold; margin-bottom: 5px;\">17 Aral\u0131k 2025<\/span><a class=\"haberbaslik\" href=\"https:\/\/atauni.edu.tr\/matematik\/2025\/12\/17\/seminer-12\/\">SEM\u0130NER<\/a><\/div><\/li><li style=\"display: flex; margin-bottom: 10px; align-items: center;\"><div class=\"post-thumbnail\" style=\"margin-right: 15px;\"><a href=\"https:\/\/atauni.edu.tr\/matematik\/2025\/12\/17\/seminer-11\/\"><img loading=\"lazy\" decoding=\"async\" width=\"150\" height=\"150\" src=\"https:\/\/atauni.edu.tr\/matematik\/wp-content\/uploads\/sites\/137\/2025\/12\/PHOTO-2025-12-17-08-09-03-150x150.jpg\" class=\"attachment-thumbnail size-thumbnail wp-post-image\" alt=\"\" \/><\/a><\/div><div class=\"post-content\" style=\"flex-grow: 1;\"><span class=\"post-date habertarih\" style=\"display: block; font-weight: bold; margin-bottom: 5px;\">17 Aral\u0131k 2025<\/span><a class=\"haberbaslik\" href=\"https:\/\/atauni.edu.tr\/matematik\/2025\/12\/17\/seminer-11\/\">SEM\u0130NER<\/a><\/div><\/li><\/ul><nav class=\"pagination\" style=\"margin-top: 20px;\"><ul class='page-numbers'>\n\t<li><span aria-current=\"page\" class=\"page-numbers current\">1<\/span><\/li>\n\t<li><a class=\"page-numbers\" href=\"https:\/\/atauni.edu.tr\/matematik\/wp-json\/wp\/v2\/pages\/9860\/page\/2\/\">2<\/a><\/li>\n\t<li><a class=\"page-numbers\" href=\"https:\/\/atauni.edu.tr\/matematik\/wp-json\/wp\/v2\/pages\/9860\/page\/3\/\">3<\/a><\/li>\n\t<li><a class=\"page-numbers\" href=\"https:\/\/atauni.edu.tr\/matematik\/wp-json\/wp\/v2\/pages\/9860\/page\/4\/\">4<\/a><\/li>\n\t<li><a class=\"next page-numbers\" href=\"https:\/\/atauni.edu.tr\/matematik\/wp-json\/wp\/v2\/pages\/9860\/page\/2\/\">Sonraki &raquo;<\/a><\/li>\n<\/ul>\n<\/nav>\n\n\n\n<p><\/p>\n","protected":false},"excerpt":{"rendered":"","protected":false},"author":8,"featured_media":0,"parent":0,"menu_order":0,"comment_status":"closed","ping_status":"closed","template":"","meta":{"footnotes":""},"class_list":["post-9860","page","type-page","status-publish","hentry"],"_links":{"self":[{"href":"https:\/\/atauni.edu.tr\/matematik\/wp-json\/wp\/v2\/pages\/9860","targetHints":{"allow":["GET"]}}],"collection":[{"href":"https:\/\/atauni.edu.tr\/matematik\/wp-json\/wp\/v2\/pages"}],"about":[{"href":"https:\/\/atauni.edu.tr\/matematik\/wp-json\/wp\/v2\/types\/page"}],"author":[{"embeddable":true,"href":"https:\/\/atauni.edu.tr\/matematik\/wp-json\/wp\/v2\/users\/8"}],"replies":[{"embeddable":true,"href":"https:\/\/atauni.edu.tr\/matematik\/wp-json\/wp\/v2\/comments?post=9860"}],"version-history":[{"count":3,"href":"https:\/\/atauni.edu.tr\/matematik\/wp-json\/wp\/v2\/pages\/9860\/revisions"}],"predecessor-version":[{"id":10372,"href":"https:\/\/atauni.edu.tr\/matematik\/wp-json\/wp\/v2\/pages\/9860\/revisions\/10372"}],"wp:attachment":[{"href":"https:\/\/atauni.edu.tr\/matematik\/wp-json\/wp\/v2\/media?parent=9860"}],"curies":[{"name":"wp","href":"https:\/\/api.w.org\/{rel}","templated":true}]}}