{"id":9862,"date":"2025-06-26T12:31:37","date_gmt":"2025-06-26T09:31:37","guid":{"rendered":"https:\/\/birimler.atauni.edu.tr\/matematik\/?page_id=9862"},"modified":"2026-02-24T14:46:40","modified_gmt":"2026-02-24T11:46:40","slug":"etkinlikler","status":"publish","type":"page","link":"https:\/\/atauni.edu.tr\/matematik\/etkinlikler\/","title":{"rendered":"Etkinlikler"},"content":{"rendered":"<form method=\"get\" class=\"row g-3\" style=\"margin-bottom: 20px;\"><div class=\"col-md-3\"><input type=\"text\" name=\"etkinlik_ara\" class=\"form-control\" placeholder=\"Etkinlik ara...\" value=\"\"><\/div><div class=\"col-md-3\"><input type=\"date\" name=\"baslangic_tarihi\" class=\"form-control\" value=\"\"><\/div><div class=\"col-md-3\"><input type=\"date\" name=\"bitis_tarihi\" class=\"form-control\" value=\"\"><\/div><div class=\"col-md-3\"><button type=\"submit\" class=\"btn btn-secondary w-50\">Filtrele<\/button><\/div><\/form><div class=\"etkinlikler-grid-container\" style=\"display: grid; grid-template-columns: repeat(3, 1fr); gap: 20px;\"><div class=\"etkinlik-grid-item\"><div class=\"etkinlik-thumbnail\"><img fetchpriority=\"high\" decoding=\"async\" width=\"300\" height=\"225\" src=\"https:\/\/atauni.edu.tr\/matematik\/wp-content\/uploads\/sites\/137\/2026\/04\/PHOTO-2026-04-13-15-47-42-300x225.jpg\" class=\"img-fluid wp-post-image\" alt=\"\" srcset=\"https:\/\/atauni.edu.tr\/matematik\/wp-content\/uploads\/sites\/137\/2026\/04\/PHOTO-2026-04-13-15-47-42-300x225.jpg 300w, https:\/\/atauni.edu.tr\/matematik\/wp-content\/uploads\/sites\/137\/2026\/04\/PHOTO-2026-04-13-15-47-42-1024x768.jpg 1024w, https:\/\/atauni.edu.tr\/matematik\/wp-content\/uploads\/sites\/137\/2026\/04\/PHOTO-2026-04-13-15-47-42-768x576.jpg 768w, https:\/\/atauni.edu.tr\/matematik\/wp-content\/uploads\/sites\/137\/2026\/04\/PHOTO-2026-04-13-15-47-42-1536x1152.jpg 1536w, https:\/\/atauni.edu.tr\/matematik\/wp-content\/uploads\/sites\/137\/2026\/04\/PHOTO-2026-04-13-15-47-42-600x450.jpg 600w, https:\/\/atauni.edu.tr\/matematik\/wp-content\/uploads\/sites\/137\/2026\/04\/PHOTO-2026-04-13-15-47-42-560x420.jpg 560w, https:\/\/atauni.edu.tr\/matematik\/wp-content\/uploads\/sites\/137\/2026\/04\/PHOTO-2026-04-13-15-47-42.jpg 2000w\" sizes=\"(max-width: 300px) 100vw, 300px\" \/><\/div><div class=\"etkinlik-datee\"><span class=\"day\">20<\/span><span class=\"month\">Nisan<\/span><span class=\"year\">2026<\/span><\/div><a href=\"https:\/\/atauni.edu.tr\/matematik\/2026\/04\/20\/bilgiyle-yaris-bilimle-kazan-yarismasi-ikincisi-matematik-bolumu\/\" class=\"etkinlik-titlee\">Bilgiyle Yar\u0131\u015f Bilimle Kazan Yar\u0131\u015fmas\u0131 \u0130kincisi Matematik B\u00f6l\u00fcm\u00fc<\/a><\/div><div class=\"etkinlik-grid-item\"><div class=\"etkinlik-thumbnail\"><img decoding=\"async\" width=\"212\" height=\"300\" src=\"https:\/\/atauni.edu.tr\/matematik\/wp-content\/uploads\/sites\/137\/2026\/04\/Voleybol-Takimi-Secmeleri_page-0001-212x300.jpg\" class=\"img-fluid wp-post-image\" alt=\"\" srcset=\"https:\/\/atauni.edu.tr\/matematik\/wp-content\/uploads\/sites\/137\/2026\/04\/Voleybol-Takimi-Secmeleri_page-0001-212x300.jpg 212w, https:\/\/atauni.edu.tr\/matematik\/wp-content\/uploads\/sites\/137\/2026\/04\/Voleybol-Takimi-Secmeleri_page-0001-725x1024.jpg 725w, https:\/\/atauni.edu.tr\/matematik\/wp-content\/uploads\/sites\/137\/2026\/04\/Voleybol-Takimi-Secmeleri_page-0001-768x1085.jpg 768w, https:\/\/atauni.edu.tr\/matematik\/wp-content\/uploads\/sites\/137\/2026\/04\/Voleybol-Takimi-Secmeleri_page-0001-1087x1536.jpg 1087w, https:\/\/atauni.edu.tr\/matematik\/wp-content\/uploads\/sites\/137\/2026\/04\/Voleybol-Takimi-Secmeleri_page-0001-425x600.jpg 425w, https:\/\/atauni.edu.tr\/matematik\/wp-content\/uploads\/sites\/137\/2026\/04\/Voleybol-Takimi-Secmeleri_page-0001-396x560.jpg 396w, https:\/\/atauni.edu.tr\/matematik\/wp-content\/uploads\/sites\/137\/2026\/04\/Voleybol-Takimi-Secmeleri_page-0001.jpg 1241w\" sizes=\"(max-width: 212px) 100vw, 212px\" \/><\/div><div class=\"etkinlik-datee\"><span class=\"day\">01<\/span><span class=\"month\">Nisan<\/span><span class=\"year\">2026<\/span><\/div><a href=\"https:\/\/atauni.edu.tr\/matematik\/2026\/04\/01\/fen-fakultesi-kiz-voleybol-takimi-oyuncu-basvurulari-basladi\/\" class=\"etkinlik-titlee\">Fen Fak\u00fcltesi K\u0131z Voleybol Tak\u0131m\u0131 Oyuncu Ba\u015fvurular\u0131 Ba\u015flad\u0131<\/a><\/div><div class=\"etkinlik-grid-item\"><div class=\"etkinlik-thumbnail\"><img decoding=\"async\" width=\"212\" height=\"300\" src=\"https:\/\/atauni.edu.tr\/matematik\/wp-content\/uploads\/sites\/137\/2026\/04\/Yurt-Disinda-Egitim-212x300.jpg\" class=\"img-fluid wp-post-image\" alt=\"\" srcset=\"https:\/\/atauni.edu.tr\/matematik\/wp-content\/uploads\/sites\/137\/2026\/04\/Yurt-Disinda-Egitim-212x300.jpg 212w, https:\/\/atauni.edu.tr\/matematik\/wp-content\/uploads\/sites\/137\/2026\/04\/Yurt-Disinda-Egitim-724x1024.jpg 724w, https:\/\/atauni.edu.tr\/matematik\/wp-content\/uploads\/sites\/137\/2026\/04\/Yurt-Disinda-Egitim-768x1086.jpg 768w, https:\/\/atauni.edu.tr\/matematik\/wp-content\/uploads\/sites\/137\/2026\/04\/Yurt-Disinda-Egitim-1086x1536.jpg 1086w, https:\/\/atauni.edu.tr\/matematik\/wp-content\/uploads\/sites\/137\/2026\/04\/Yurt-Disinda-Egitim-424x600.jpg 424w, https:\/\/atauni.edu.tr\/matematik\/wp-content\/uploads\/sites\/137\/2026\/04\/Yurt-Disinda-Egitim-396x560.jpg 396w, https:\/\/atauni.edu.tr\/matematik\/wp-content\/uploads\/sites\/137\/2026\/04\/Yurt-Disinda-Egitim.jpg 1131w\" sizes=\"(max-width: 212px) 100vw, 212px\" \/><\/div><div class=\"etkinlik-datee\"><span class=\"day\">01<\/span><span class=\"month\">Nisan<\/span><span class=\"year\">2026<\/span><\/div><a href=\"https:\/\/atauni.edu.tr\/matematik\/2026\/04\/01\/yurt-disinda-egitim-ve-kariyer-imkanlari\/\" class=\"etkinlik-titlee\">Yurt D\u0131\u015f\u0131nda E\u011fitim ve Kariyer \u0130mkanlar\u0131<\/a><\/div><div class=\"etkinlik-grid-item\"><div class=\"etkinlik-thumbnail\"><img loading=\"lazy\" decoding=\"async\" width=\"300\" height=\"168\" src=\"https:\/\/atauni.edu.tr\/matematik\/wp-content\/uploads\/sites\/137\/2026\/03\/USP_BILLBOARD31MART_DIGITALpdf-300x168.jpg\" class=\"img-fluid wp-post-image\" alt=\"\" srcset=\"https:\/\/atauni.edu.tr\/matematik\/wp-content\/uploads\/sites\/137\/2026\/03\/USP_BILLBOARD31MART_DIGITALpdf-300x168.jpg 300w, https:\/\/atauni.edu.tr\/matematik\/wp-content\/uploads\/sites\/137\/2026\/03\/USP_BILLBOARD31MART_DIGITALpdf-1024x575.jpg 1024w, https:\/\/atauni.edu.tr\/matematik\/wp-content\/uploads\/sites\/137\/2026\/03\/USP_BILLBOARD31MART_DIGITALpdf-768x431.jpg 768w, https:\/\/atauni.edu.tr\/matematik\/wp-content\/uploads\/sites\/137\/2026\/03\/USP_BILLBOARD31MART_DIGITALpdf-1536x862.jpg 1536w, https:\/\/atauni.edu.tr\/matematik\/wp-content\/uploads\/sites\/137\/2026\/03\/USP_BILLBOARD31MART_DIGITALpdf-2048x1150.jpg 2048w, https:\/\/atauni.edu.tr\/matematik\/wp-content\/uploads\/sites\/137\/2026\/03\/USP_BILLBOARD31MART_DIGITALpdf-600x337.jpg 600w, https:\/\/atauni.edu.tr\/matematik\/wp-content\/uploads\/sites\/137\/2026\/03\/USP_BILLBOARD31MART_DIGITALpdf-560x314.jpg 560w\" sizes=\"(max-width: 300px) 100vw, 300px\" \/><\/div><div class=\"etkinlik-datee\"><span class=\"day\">23<\/span><span class=\"month\">Mart<\/span><span class=\"year\">2026<\/span><\/div><a href=\"https:\/\/atauni.edu.tr\/matematik\/2026\/03\/23\/ulusal-staj-programi-2\/\" class=\"etkinlik-titlee\">Ulusal Staj Program\u0131<\/a><\/div><div class=\"etkinlik-grid-item\"><div class=\"etkinlik-thumbnail\"><img loading=\"lazy\" decoding=\"async\" width=\"212\" height=\"300\" src=\"https:\/\/atauni.edu.tr\/matematik\/wp-content\/uploads\/sites\/137\/2026\/03\/PHOTO-2026-03-12-11-53-47-212x300.jpg\" class=\"img-fluid wp-post-image\" alt=\"\" srcset=\"https:\/\/atauni.edu.tr\/matematik\/wp-content\/uploads\/sites\/137\/2026\/03\/PHOTO-2026-03-12-11-53-47-212x300.jpg 212w, https:\/\/atauni.edu.tr\/matematik\/wp-content\/uploads\/sites\/137\/2026\/03\/PHOTO-2026-03-12-11-53-47-724x1024.jpg 724w, https:\/\/atauni.edu.tr\/matematik\/wp-content\/uploads\/sites\/137\/2026\/03\/PHOTO-2026-03-12-11-53-47-768x1086.jpg 768w, https:\/\/atauni.edu.tr\/matematik\/wp-content\/uploads\/sites\/137\/2026\/03\/PHOTO-2026-03-12-11-53-47-1087x1536.jpg 1087w, https:\/\/atauni.edu.tr\/matematik\/wp-content\/uploads\/sites\/137\/2026\/03\/PHOTO-2026-03-12-11-53-47-425x600.jpg 425w, https:\/\/atauni.edu.tr\/matematik\/wp-content\/uploads\/sites\/137\/2026\/03\/PHOTO-2026-03-12-11-53-47-396x560.jpg 396w, https:\/\/atauni.edu.tr\/matematik\/wp-content\/uploads\/sites\/137\/2026\/03\/PHOTO-2026-03-12-11-53-47.jpg 1132w\" sizes=\"(max-width: 212px) 100vw, 212px\" \/><\/div><div class=\"etkinlik-datee\"><span class=\"day\">12<\/span><span class=\"month\">Mart<\/span><span class=\"year\">2026<\/span><\/div><a href=\"https:\/\/atauni.edu.tr\/matematik\/2026\/03\/12\/dunya-matematik-gunu-programi\/\" class=\"etkinlik-titlee\">D\u00fcnya Matematik G\u00fcn\u00fc Program\u0131<\/a><\/div><div class=\"etkinlik-grid-item\"><div class=\"etkinlik-thumbnail\"><img loading=\"lazy\" decoding=\"async\" width=\"212\" height=\"300\" src=\"https:\/\/atauni.edu.tr\/matematik\/wp-content\/uploads\/sites\/137\/2026\/01\/PHOTO-2026-01-13-10-21-38-212x300.jpg\" class=\"img-fluid wp-post-image\" alt=\"\" srcset=\"https:\/\/atauni.edu.tr\/matematik\/wp-content\/uploads\/sites\/137\/2026\/01\/PHOTO-2026-01-13-10-21-38-212x300.jpg 212w, https:\/\/atauni.edu.tr\/matematik\/wp-content\/uploads\/sites\/137\/2026\/01\/PHOTO-2026-01-13-10-21-38-724x1024.jpg 724w, https:\/\/atauni.edu.tr\/matematik\/wp-content\/uploads\/sites\/137\/2026\/01\/PHOTO-2026-01-13-10-21-38-768x1086.jpg 768w, https:\/\/atauni.edu.tr\/matematik\/wp-content\/uploads\/sites\/137\/2026\/01\/PHOTO-2026-01-13-10-21-38-1086x1536.jpg 1086w, https:\/\/atauni.edu.tr\/matematik\/wp-content\/uploads\/sites\/137\/2026\/01\/PHOTO-2026-01-13-10-21-38-424x600.jpg 424w, https:\/\/atauni.edu.tr\/matematik\/wp-content\/uploads\/sites\/137\/2026\/01\/PHOTO-2026-01-13-10-21-38-396x560.jpg 396w, https:\/\/atauni.edu.tr\/matematik\/wp-content\/uploads\/sites\/137\/2026\/01\/PHOTO-2026-01-13-10-21-38.jpg 1131w\" sizes=\"(max-width: 212px) 100vw, 212px\" \/><\/div><div class=\"etkinlik-datee\"><span class=\"day\">13<\/span><span class=\"month\">Ocak<\/span><span class=\"year\">2026<\/span><\/div><a href=\"https:\/\/atauni.edu.tr\/matematik\/2026\/01\/13\/butunlesik-yuksek-lisans-programi-ogrenci-bilgilendirme-toplantisi\/\" class=\"etkinlik-titlee\">B\u00fct\u00fcnle\u015fik Y\u00fcksek Lisans Program\u0131 \u00d6\u011frenci Bilgilendirme Toplant\u0131s\u0131<\/a><\/div><div class=\"etkinlik-grid-item\"><div class=\"etkinlik-thumbnail\"><img loading=\"lazy\" decoding=\"async\" width=\"212\" height=\"300\" src=\"https:\/\/atauni.edu.tr\/matematik\/wp-content\/uploads\/sites\/137\/2026\/01\/PHOTO-2026-01-12-15-46-08-212x300.jpg\" class=\"img-fluid wp-post-image\" alt=\"\" srcset=\"https:\/\/atauni.edu.tr\/matematik\/wp-content\/uploads\/sites\/137\/2026\/01\/PHOTO-2026-01-12-15-46-08-212x300.jpg 212w, https:\/\/atauni.edu.tr\/matematik\/wp-content\/uploads\/sites\/137\/2026\/01\/PHOTO-2026-01-12-15-46-08-724x1024.jpg 724w, https:\/\/atauni.edu.tr\/matematik\/wp-content\/uploads\/sites\/137\/2026\/01\/PHOTO-2026-01-12-15-46-08-768x1086.jpg 768w, https:\/\/atauni.edu.tr\/matematik\/wp-content\/uploads\/sites\/137\/2026\/01\/PHOTO-2026-01-12-15-46-08-1086x1536.jpg 1086w, https:\/\/atauni.edu.tr\/matematik\/wp-content\/uploads\/sites\/137\/2026\/01\/PHOTO-2026-01-12-15-46-08-424x600.jpg 424w, https:\/\/atauni.edu.tr\/matematik\/wp-content\/uploads\/sites\/137\/2026\/01\/PHOTO-2026-01-12-15-46-08-396x560.jpg 396w, https:\/\/atauni.edu.tr\/matematik\/wp-content\/uploads\/sites\/137\/2026\/01\/PHOTO-2026-01-12-15-46-08.jpg 1131w\" sizes=\"(max-width: 212px) 100vw, 212px\" \/><\/div><div class=\"etkinlik-datee\"><span class=\"day\">12<\/span><span class=\"month\">Ocak<\/span><span class=\"year\">2026<\/span><\/div><a href=\"https:\/\/atauni.edu.tr\/matematik\/2026\/01\/12\/cift-anadal-bilgilendirme-toplantisi\/\" class=\"etkinlik-titlee\">\u00c7ift Anadal-Yandal Bilgilendirme Toplant\u0131s\u0131<\/a><\/div><div class=\"etkinlik-grid-item\"><div class=\"etkinlik-thumbnail\"><img loading=\"lazy\" decoding=\"async\" width=\"212\" height=\"300\" src=\"https:\/\/atauni.edu.tr\/matematik\/wp-content\/uploads\/sites\/137\/2025\/12\/PHOTO-2025-12-31-09-54-45-212x300.jpg\" class=\"img-fluid wp-post-image\" alt=\"\" srcset=\"https:\/\/atauni.edu.tr\/matematik\/wp-content\/uploads\/sites\/137\/2025\/12\/PHOTO-2025-12-31-09-54-45-212x300.jpg 212w, https:\/\/atauni.edu.tr\/matematik\/wp-content\/uploads\/sites\/137\/2025\/12\/PHOTO-2025-12-31-09-54-45-724x1024.jpg 724w, https:\/\/atauni.edu.tr\/matematik\/wp-content\/uploads\/sites\/137\/2025\/12\/PHOTO-2025-12-31-09-54-45-768x1086.jpg 768w, https:\/\/atauni.edu.tr\/matematik\/wp-content\/uploads\/sites\/137\/2025\/12\/PHOTO-2025-12-31-09-54-45-1086x1536.jpg 1086w, https:\/\/atauni.edu.tr\/matematik\/wp-content\/uploads\/sites\/137\/2025\/12\/PHOTO-2025-12-31-09-54-45-424x600.jpg 424w, https:\/\/atauni.edu.tr\/matematik\/wp-content\/uploads\/sites\/137\/2025\/12\/PHOTO-2025-12-31-09-54-45-396x560.jpg 396w, https:\/\/atauni.edu.tr\/matematik\/wp-content\/uploads\/sites\/137\/2025\/12\/PHOTO-2025-12-31-09-54-45.jpg 1131w\" sizes=\"(max-width: 212px) 100vw, 212px\" \/><\/div><div class=\"etkinlik-datee\"><span class=\"day\">31<\/span><span class=\"month\">Aral\u0131k<\/span><span class=\"year\">2025<\/span><\/div><a href=\"https:\/\/atauni.edu.tr\/matematik\/2025\/12\/31\/erasmus-bilgilendirme-toplantisi-2\/\" class=\"etkinlik-titlee\">Erasmus Bilgilendirme Toplant\u0131s\u0131<\/a><\/div><div class=\"etkinlik-grid-item\"><div class=\"etkinlik-thumbnail\"><img loading=\"lazy\" decoding=\"async\" width=\"212\" height=\"300\" src=\"https:\/\/atauni.edu.tr\/matematik\/wp-content\/uploads\/sites\/137\/2025\/12\/PHOTO-2025-12-17-12-46-48-212x300.jpg\" class=\"img-fluid wp-post-image\" alt=\"\" srcset=\"https:\/\/atauni.edu.tr\/matematik\/wp-content\/uploads\/sites\/137\/2025\/12\/PHOTO-2025-12-17-12-46-48-212x300.jpg 212w, https:\/\/atauni.edu.tr\/matematik\/wp-content\/uploads\/sites\/137\/2025\/12\/PHOTO-2025-12-17-12-46-48-724x1024.jpg 724w, https:\/\/atauni.edu.tr\/matematik\/wp-content\/uploads\/sites\/137\/2025\/12\/PHOTO-2025-12-17-12-46-48-768x1086.jpg 768w, https:\/\/atauni.edu.tr\/matematik\/wp-content\/uploads\/sites\/137\/2025\/12\/PHOTO-2025-12-17-12-46-48-1086x1536.jpg 1086w, https:\/\/atauni.edu.tr\/matematik\/wp-content\/uploads\/sites\/137\/2025\/12\/PHOTO-2025-12-17-12-46-48-424x600.jpg 424w, https:\/\/atauni.edu.tr\/matematik\/wp-content\/uploads\/sites\/137\/2025\/12\/PHOTO-2025-12-17-12-46-48-396x560.jpg 396w, https:\/\/atauni.edu.tr\/matematik\/wp-content\/uploads\/sites\/137\/2025\/12\/PHOTO-2025-12-17-12-46-48.jpg 1131w\" sizes=\"(max-width: 212px) 100vw, 212px\" \/><\/div><div class=\"etkinlik-datee\"><span class=\"day\">17<\/span><span class=\"month\">Aral\u0131k<\/span><span class=\"year\">2025<\/span><\/div><a href=\"https:\/\/atauni.edu.tr\/matematik\/2025\/12\/17\/seminer-12\/\" class=\"etkinlik-titlee\">SEM\u0130NER<\/a><\/div><\/div><div class=\"pagination\" style=\"margin-top: 20px;\"><span aria-current=\"page\" class=\"page-numbers current\">1<\/span>\n<a class=\"page-numbers\" href=\"https:\/\/atauni.edu.tr\/matematik\/wp-json\/wp\/v2\/pages\/9862\/page\/2\/\">2<\/a>\n<a class=\"page-numbers\" href=\"https:\/\/atauni.edu.tr\/matematik\/wp-json\/wp\/v2\/pages\/9862\/page\/3\/\">3<\/a>\n<a class=\"next page-numbers\" href=\"https:\/\/atauni.edu.tr\/matematik\/wp-json\/wp\/v2\/pages\/9862\/page\/2\/\">Sonraki &raquo;<\/a><\/div>\n\n\n\n<p><\/p>\n","protected":false},"excerpt":{"rendered":"","protected":false},"author":8,"featured_media":0,"parent":0,"menu_order":0,"comment_status":"closed","ping_status":"closed","template":"","meta":{"footnotes":""},"class_list":["post-9862","page","type-page","status-publish","hentry"],"_links":{"self":[{"href":"https:\/\/atauni.edu.tr\/matematik\/wp-json\/wp\/v2\/pages\/9862","targetHints":{"allow":["GET"]}}],"collection":[{"href":"https:\/\/atauni.edu.tr\/matematik\/wp-json\/wp\/v2\/pages"}],"about":[{"href":"https:\/\/atauni.edu.tr\/matematik\/wp-json\/wp\/v2\/types\/page"}],"author":[{"embeddable":true,"href":"https:\/\/atauni.edu.tr\/matematik\/wp-json\/wp\/v2\/users\/8"}],"replies":[{"embeddable":true,"href":"https:\/\/atauni.edu.tr\/matematik\/wp-json\/wp\/v2\/comments?post=9862"}],"version-history":[{"count":5,"href":"https:\/\/atauni.edu.tr\/matematik\/wp-json\/wp\/v2\/pages\/9862\/revisions"}],"predecessor-version":[{"id":10376,"href":"https:\/\/atauni.edu.tr\/matematik\/wp-json\/wp\/v2\/pages\/9862\/revisions\/10376"}],"wp:attachment":[{"href":"https:\/\/atauni.edu.tr\/matematik\/wp-json\/wp\/v2\/media?parent=9862"}],"curies":[{"name":"wp","href":"https:\/\/api.w.org\/{rel}","templated":true}]}}