{"id":9864,"date":"2025-06-26T12:33:12","date_gmt":"2025-06-26T09:33:12","guid":{"rendered":"https:\/\/birimler.atauni.edu.tr\/matematik\/?page_id=9864"},"modified":"2025-08-01T20:39:44","modified_gmt":"2025-08-01T17:39:44","slug":"duyurular","status":"publish","type":"page","link":"https:\/\/atauni.edu.tr\/matematik\/duyurular\/","title":{"rendered":"Duyurular"},"content":{"rendered":"<form method=\"get\" class=\"row g-3\" style=\"margin-bottom: 20px;\"><div class=\"col-md-3\"><input type=\"text\" name=\"Duyuru_ara\" class=\"form-control\" placeholder=\"Duyuru ara...\" value=\"\"><\/div><div class=\"col-md-3\"><input type=\"date\" name=\"baslangic_tarihi\" class=\"form-control\" value=\"\"><\/div><div class=\"col-md-3\"><input type=\"date\" name=\"bitis_tarihi\" class=\"form-control\" value=\"\"><\/div><div class=\"col-md-3\"><button type=\"submit\" class=\"btn btn-secondary w-50\">Filtrele<\/button><\/div><\/form><ul class=\"kategori-yazilari-liste\"><li style=\"display: flex; margin-bottom: 10px; align-items: center;\"><div class=\"post-content\" style=\"flex-grow: 1;\"><span class=\"post-date Duyurutarih\" style=\"display: block; font-weight: bold; margin-bottom: 5px;\">23 Mart 2026<\/span><a class=\"Duyurubaslik\" href=\"https:\/\/atauni.edu.tr\/matematik\/2026\/03\/23\/2025-2026-bahar-donemi-ara-sinav-programi-kesinlesmis\/\">2025 \u2013 2026 Bahar D\u00f6nemi Ara S\u0131nav Program\u0131 (KES\u0130NLE\u015eM\u0130\u015e)<\/a><\/div><\/li><li style=\"display: flex; margin-bottom: 10px; align-items: center;\"><div class=\"post-content\" style=\"flex-grow: 1;\"><span class=\"post-date Duyurutarih\" style=\"display: block; font-weight: bold; margin-bottom: 5px;\">16 Mart 2026<\/span><a class=\"Duyurubaslik\" href=\"https:\/\/atauni.edu.tr\/matematik\/2026\/03\/16\/2025-2026-bahar-donemi-ara-sinav-programi\/\">2025-2026 Bahar D\u00f6nemi Ara S\u0131nav Program\u0131 (TASLAK)<\/a><\/div><\/li><li style=\"display: flex; margin-bottom: 10px; align-items: center;\"><div class=\"post-content\" style=\"flex-grow: 1;\"><span class=\"post-date Duyurutarih\" style=\"display: block; font-weight: bold; margin-bottom: 5px;\">3 \u015eubat 2026<\/span><a class=\"Duyurubaslik\" href=\"https:\/\/atauni.edu.tr\/matematik\/2026\/02\/03\/2025-2026-bahar-donemi-ders-programi\/\">2025-2026 Bahar D\u00f6nemi Ders Program\u0131<\/a><\/div><\/li><li style=\"display: flex; margin-bottom: 10px; align-items: center;\"><div class=\"post-content\" style=\"flex-grow: 1;\"><span class=\"post-date Duyurutarih\" style=\"display: block; font-weight: bold; margin-bottom: 5px;\">21 Ocak 2026<\/span><a class=\"Duyurubaslik\" href=\"https:\/\/atauni.edu.tr\/matematik\/2026\/01\/21\/2025-2026-guz-donemi-sonu-tek-ders-sinavi\/\">2025-2026 G\u00fcz D\u00f6nemi Sonu Tek Ders S\u0131nav\u0131<\/a><\/div><\/li><li style=\"display: flex; margin-bottom: 10px; align-items: center;\"><div class=\"post-content\" style=\"flex-grow: 1;\"><span class=\"post-date Duyurutarih\" style=\"display: block; font-weight: bold; margin-bottom: 5px;\">16 Ocak 2026<\/span><a class=\"Duyurubaslik\" href=\"https:\/\/atauni.edu.tr\/matematik\/2026\/01\/16\/2025-2026-guz-donemi-azami-sure-sinav-programi\/\">2025-2026 G\u00fcz D\u00f6nemi Azami S\u00fcre S\u0131nav Program\u0131<\/a><\/div><\/li><li style=\"display: flex; margin-bottom: 10px; align-items: center;\"><div class=\"post-content\" style=\"flex-grow: 1;\"><span class=\"post-date Duyurutarih\" style=\"display: block; font-weight: bold; margin-bottom: 5px;\">14 Ocak 2026<\/span><a class=\"Duyurubaslik\" href=\"https:\/\/atauni.edu.tr\/matematik\/2026\/01\/14\/husamettin-tugac-vakfi-lisans-burs-basvuru-cagrisi\/\">H\u00fcsamettin Tu\u011fa\u00e7 Vakf\u0131 Lisans Burs Ba\u015fvuru \u00c7a\u011fr\u0131s\u0131<\/a><\/div><\/li><li style=\"display: flex; margin-bottom: 10px; align-items: center;\"><div class=\"post-content\" style=\"flex-grow: 1;\"><span class=\"post-date Duyurutarih\" style=\"display: block; font-weight: bold; margin-bottom: 5px;\">2 Ocak 2026<\/span><a class=\"Duyurubaslik\" href=\"https:\/\/atauni.edu.tr\/matematik\/2026\/01\/02\/2025-2026-guz-donemi-azami-sure-sonu-sinavlari\/\">2025-2026 G\u00fcz D\u00f6nemi Azami S\u00fcre Sonu S\u0131navlar\u0131<\/a><\/div><\/li><li style=\"display: flex; margin-bottom: 10px; align-items: center;\"><div class=\"post-content\" style=\"flex-grow: 1;\"><span class=\"post-date Duyurutarih\" style=\"display: block; font-weight: bold; margin-bottom: 5px;\">29 Aral\u0131k 2025<\/span><a class=\"Duyurubaslik\" href=\"https:\/\/atauni.edu.tr\/matematik\/2025\/12\/29\/2025-2026-guz-donemi-butunleme-programi\/\">2025-2026 G\u00fcz D\u00f6nemi B\u00fct\u00fcnleme Program\u0131<\/a><\/div><\/li><li style=\"display: flex; margin-bottom: 10px; align-items: center;\"><div class=\"post-content\" style=\"flex-grow: 1;\"><span class=\"post-date Duyurutarih\" style=\"display: block; font-weight: bold; margin-bottom: 5px;\">22 Aral\u0131k 2025<\/span><a class=\"Duyurubaslik\" href=\"https:\/\/atauni.edu.tr\/matematik\/2025\/12\/22\/2025-2026-guz-donemi-final-programi\/\">2025-2026 G\u00fcz D\u00f6nemi Final Program\u0131<\/a><\/div><\/li><li style=\"display: flex; margin-bottom: 10px; align-items: center;\"><div class=\"post-content\" style=\"flex-grow: 1;\"><span class=\"post-date Duyurutarih\" style=\"display: block; font-weight: bold; margin-bottom: 5px;\">12 Aral\u0131k 2025<\/span><a class=\"Duyurubaslik\" href=\"https:\/\/atauni.edu.tr\/matematik\/2025\/12\/12\/2025-2026-guz-donemi-1-vize-mazeret-programi\/\">2025-2026 G\u00fcz D\u00f6nemi 1.Vize Mazeret Program\u0131<\/a><\/div><\/li><\/ul><nav class=\"pagination\" style=\"margin-top: 20px;\"><ul class='page-numbers'>\n\t<li><span aria-current=\"page\" class=\"page-numbers current\">1<\/span><\/li>\n\t<li><a class=\"page-numbers\" href=\"https:\/\/atauni.edu.tr\/matematik\/wp-json\/wp\/v2\/pages\/9864\/page\/2\/\">2<\/a><\/li>\n\t<li><a class=\"page-numbers\" href=\"https:\/\/atauni.edu.tr\/matematik\/wp-json\/wp\/v2\/pages\/9864\/page\/3\/\">3<\/a><\/li>\n\t<li><a class=\"page-numbers\" href=\"https:\/\/atauni.edu.tr\/matematik\/wp-json\/wp\/v2\/pages\/9864\/page\/4\/\">4<\/a><\/li>\n\t<li><a class=\"next page-numbers\" href=\"https:\/\/atauni.edu.tr\/matematik\/wp-json\/wp\/v2\/pages\/9864\/page\/2\/\">Sonraki &raquo;<\/a><\/li>\n<\/ul>\n<\/nav>\n\n\n\n<p><\/p>\n","protected":false},"excerpt":{"rendered":"","protected":false},"author":8,"featured_media":0,"parent":0,"menu_order":0,"comment_status":"closed","ping_status":"closed","template":"","meta":{"footnotes":""},"class_list":["post-9864","page","type-page","status-publish","hentry"],"_links":{"self":[{"href":"https:\/\/atauni.edu.tr\/matematik\/wp-json\/wp\/v2\/pages\/9864","targetHints":{"allow":["GET"]}}],"collection":[{"href":"https:\/\/atauni.edu.tr\/matematik\/wp-json\/wp\/v2\/pages"}],"about":[{"href":"https:\/\/atauni.edu.tr\/matematik\/wp-json\/wp\/v2\/types\/page"}],"author":[{"embeddable":true,"href":"https:\/\/atauni.edu.tr\/matematik\/wp-json\/wp\/v2\/users\/8"}],"replies":[{"embeddable":true,"href":"https:\/\/atauni.edu.tr\/matematik\/wp-json\/wp\/v2\/comments?post=9864"}],"version-history":[{"count":2,"href":"https:\/\/atauni.edu.tr\/matematik\/wp-json\/wp\/v2\/pages\/9864\/revisions"}],"predecessor-version":[{"id":9903,"href":"https:\/\/atauni.edu.tr\/matematik\/wp-json\/wp\/v2\/pages\/9864\/revisions\/9903"}],"wp:attachment":[{"href":"https:\/\/atauni.edu.tr\/matematik\/wp-json\/wp\/v2\/media?parent=9864"}],"curies":[{"name":"wp","href":"https:\/\/api.w.org\/{rel}","templated":true}]}}