{"id":5662,"date":"2021-07-13T10:01:45","date_gmt":"2021-07-13T07:01:45","guid":{"rendered":"https:\/\/portaltest.atauni.edu.tr\/bilgisayar-muhendisligi\/?page_id=5662"},"modified":"2026-01-02T00:14:03","modified_gmt":"2026-01-01T21:14:03","slug":"yonetim","status":"publish","type":"page","link":"https:\/\/atauni.edu.tr\/metalurji-ve-malzeme-muhendisligi\/yonetim\/","title":{"rendered":"Y\u00f6netim"},"content":{"rendered":"\t\t<div data-elementor-type=\"wp-page\" data-elementor-id=\"5662\" class=\"elementor elementor-5662\" data-elementor-post-type=\"page\">\n\t\t\t\t\t\t<section class=\"elementor-section elementor-top-section elementor-element elementor-element-22b96024 elementor-section-boxed elementor-section-height-default elementor-section-height-default\" data-id=\"22b96024\" data-element_type=\"section\">\n\t\t\t\t\t\t<div class=\"elementor-container elementor-column-gap-default\">\n\t\t\t\t\t<div class=\"elementor-column elementor-col-100 elementor-top-column elementor-element elementor-element-5a1f7769\" data-id=\"5a1f7769\" data-element_type=\"column\">\n\t\t\t<div class=\"elementor-widget-wrap elementor-element-populated\">\n\t\t\t\t\t\t<div class=\"elementor-element elementor-element-3b3e2d4a elementor-widget elementor-widget-heading\" data-id=\"3b3e2d4a\" data-element_type=\"widget\" data-widget_type=\"heading.default\">\n\t\t\t\t<div class=\"elementor-widget-container\">\n\t\t\t\t\t<h2 class=\"elementor-heading-title elementor-size-default\">Y\u00f6netim<\/h2>\t\t\t\t<\/div>\n\t\t\t\t<\/div>\n\t\t\t\t<div class=\"elementor-element elementor-element-35223868 elementor-widget-divider--view-line elementor-widget elementor-widget-divider\" data-id=\"35223868\" data-element_type=\"widget\" data-widget_type=\"divider.default\">\n\t\t\t\t<div class=\"elementor-widget-container\">\n\t\t\t\t\t\t\t<div class=\"elementor-divider\">\n\t\t\t<span class=\"elementor-divider-separator\">\n\t\t\t\t\t\t<\/span>\n\t\t<\/div>\n\t\t\t\t\t\t<\/div>\n\t\t\t\t<\/div>\n\t\t\t\t\t<\/div>\n\t\t<\/div>\n\t\t\t\t\t<\/div>\n\t\t<\/section>\n\t\t\t\t<section class=\"elementor-section elementor-top-section elementor-element elementor-element-4dc2c80 elementor-section-boxed elementor-section-height-default elementor-section-height-default\" data-id=\"4dc2c80\" data-element_type=\"section\">\n\t\t\t\t\t\t<div class=\"elementor-container elementor-column-gap-default\">\n\t\t\t\t\t<div class=\"elementor-column elementor-col-100 elementor-top-column elementor-element elementor-element-3170c1d\" data-id=\"3170c1d\" data-element_type=\"column\">\n\t\t\t<div class=\"elementor-widget-wrap elementor-element-populated\">\n\t\t\t\t\t\t<div class=\"elementor-element elementor-element-6a2727e elementor-widget elementor-widget-shortcode\" data-id=\"6a2727e\" data-element_type=\"widget\" data-widget_type=\"shortcode.default\">\n\t\t\t\t<div class=\"elementor-widget-container\">\n\t\t\t\t\t            <div class=\"accordion\" id=\"personel-kart\">\n                <div class=\"card p-liste\">\n                    <div class=\"card-header \" id=\"p-0\">\n                        <h2 class=\"mb-0\">\n                            <button class=\"btn btn-link collapsed\" type=\"button\" data-toggle=\"collapse\"\n                                    data-target=\"#k-0\"\n                                    aria-expanded=\"false\" aria-controls=\"collapseOne\">\n                                <span class=\"unvan\">B\u00f6l\u00fcm Ba\u015fkan\u0131<\/span>\n                                Prof. Dr. Derya Tekin                            <\/button>\n                        <\/h2>\n                    <\/div>\n                    <div id=\"k-0\" class=\"collapse\" aria-labelledby=\"p-0\"\n                         data-parent=\"#personel-kart\" style=\"\">\n                        <div class=\"card-body\">\n                            <div class=\"row\">\n                                <div class=\"col-3 kart-resim\">\n                                    <img decoding=\"async\" src=\"\/\/eski.atauni.edu.tr\/resizer.php?w=189&amp;h=228&amp;zc=1&amp;src=\/uploads\/profilResimleriSha1\/b37dd1c7456ccb3797a7417648e8ad57.png\"\n                                         class=\"img-fluid\">\n                                <\/div>\n                                <div class=\"col-7\">\n                                    <h3 class=\"kart-baslik kart-baslik-yonetim\">B\u00f6l\u00fcm Ba\u015fkan\u0131<\/h3>\n                                    <div class=\"row\">\n                                        <div class=\"ad-soyad\">Prof. Dr. Derya Tekin<\/div>\n                                        <div class=\"birim\">Malzeme Anabilim Dal\u0131<\/div>\n                                        <div class=\"bilgiler\">\n                                            <strong>E-Posta<\/strong>deryatekin@atauni.edu.tr                                        <\/div>\n                                                                                <div class=\"bilgiler\"><strong>Profil<\/strong> <a target=\"_blank\"\n                                         href=\"http:\/\/avesis.atauni.edu.tr\/deryatekin\">https:\/\/avesis.atauni.edu.tr\/deryatekin<\/a>\n                                        <\/div>\n                                        <div class=\"bilgiler\">\n                                            <strong>Telefon<\/strong>\n                                            +90 442 231                                           (6032)&nbsp;\n                                        <\/div>\n                                        <div class=\"bilgiler\"><strong>Posta Adresi<\/strong> \n                                        <span class=\"posta\">\n                                                                                                Atat\u00fcrk \u00dcniversitesi M\u00fchendislik Fak\u00fcltesi Ek Bina 3. Kat. Metalurji ve Malzeme M\u00fchendisli\u011fi B\u00f6l\u00fcm\u00fc 25240 Erzurum                                                                                                                                                                                                                                                                                                                                                                                                                                <\/span>\n                                        <\/div>\n                                    <\/div>\n                                <\/div>\n                                <div class=\"col-10 kart-egitim\">\n                                    <h3>E\u011fitim<\/h3>\n                                    <ul>\n\n                                                                                        <li>Doktora, Atat\u00fcrk \u00dcniversitesi, Kimya M\u00fchendisli\u011fi B\u00f6l\u00fcm\u00fc, 2010 <\/li>\n\n\n                                                                                                <li>Y\u00fcksek Lisans, Atat\u00fcrk \u00dcniversitesi, Kimya M\u00fchendisli\u011fi B\u00f6l\u00fcm\u00fc, 2000 <\/li>\n\n\n                                                                                                <li>Lisans, Atat\u00fcrk \u00dcniversitesi, Kimya M\u00fchendisli\u011fi B\u00f6l\u00fcm\u00fc, 1992 <\/li>\n\n\n                                                \n                                    <\/ul>\n                                <\/div>\n                                 <!--<div class=\"col-2 qr\">\n                                    <img decoding=\"async\" src=\"https:\/\/chart.googleapis.com\/chart?chs=100x100&amp;cht=qr&amp;chl=BEGIN:VCARD%0AVERSION:3.0%0ATITLE:%0AN:Derya%20Tekin%0ATEL;type=WORK:%2B904422316032%0AEMAIL:deryatekin@atauni.edu.tr%0AEND:VCARD\"\n                                         class=\"img-fluid qr\">\n                                <\/div>-->\n                            <\/div>\n                        <\/div>\n                    <\/div>\n                <\/div>\n            <\/div>\n\n\n                        <div class=\"accordion\" id=\"personel-kart\">\n                <div class=\"card p-liste\">\n                    <div class=\"card-header \" id=\"p-1\">\n                        <h2 class=\"mb-0\">\n                            <button class=\"btn btn-link collapsed\" type=\"button\" data-toggle=\"collapse\"\n                                    data-target=\"#k-1\"\n                                    aria-expanded=\"false\" aria-controls=\"collapseOne\">\n                                <span class=\"unvan\">B\u00f6l\u00fcm Ba\u015fkan\u0131 Yard\u0131mc\u0131s\u0131<\/span>\n                                Do\u00e7. Dr. Mustafa Engin Kocada\u011fistan                            <\/button>\n                        <\/h2>\n                    <\/div>\n                    <div id=\"k-1\" class=\"collapse\" aria-labelledby=\"p-1\"\n                         data-parent=\"#personel-kart\" style=\"\">\n                        <div class=\"card-body\">\n                            <div class=\"row\">\n                                <div class=\"col-3 kart-resim\">\n                                    <img decoding=\"async\" src=\"\/\/eski.atauni.edu.tr\/resizer.php?w=189&amp;h=228&amp;zc=1&amp;src=\/uploads\/profilResimleriSha1\/b5004c15c0314d86ed783549d967a5df.png\"\n                                         class=\"img-fluid\">\n                                <\/div>\n                                <div class=\"col-7\">\n                                    <h3 class=\"kart-baslik kart-baslik-yonetim\">B\u00f6l\u00fcm Ba\u015fkan\u0131 Yard\u0131mc\u0131s\u0131<\/h3>\n                                    <div class=\"row\">\n                                        <div class=\"ad-soyad\">Do\u00e7. Dr. Mustafa Engin Kocada\u011fistan<\/div>\n                                        <div class=\"birim\">\u00dcretim Metalurjisi Anabilim Dal\u0131<\/div>\n                                        <div class=\"bilgiler\">\n                                            <strong>E-Posta<\/strong>mengink@atauni.edu.tr                                        <\/div>\n                                                                                <div class=\"bilgiler\"><strong>Profil<\/strong> <a target=\"_blank\"\n                                         href=\"http:\/\/avesis.atauni.edu.tr\/mengink\">https:\/\/avesis.atauni.edu.tr\/mengink<\/a>\n                                        <\/div>\n                                        <div class=\"bilgiler\">\n                                            <strong>Telefon<\/strong>\n                                            +90 442 231                                           (6036)&nbsp;\n                                        <\/div>\n                                        <div class=\"bilgiler\"><strong>Posta Adresi<\/strong> \n                                        <span class=\"posta\">\n                                                                                                Atat\u00fcrk \u00dcniversitesi M\u00fchendislik Fak\u00fcltesi Ek Bina 3. Kat. Metalurji ve Malzeme M\u00fchendisli\u011fi B\u00f6l\u00fcm\u00fc 25240 Erzurum                                                                                                                                                                                                                                                                                                                                                                                                                                <\/span>\n                                        <\/div>\n                                    <\/div>\n                                <\/div>\n                                <div class=\"col-10 kart-egitim\">\n                                    <h3>E\u011fitim<\/h3>\n                                    <ul>\n\n                                                                                        <li>Doktora, Atat\u00fcrk \u00dcniversitesi, \u00c7evre M\u00fchendisli\u011fi B\u00f6l\u00fcm\u00fc, 2007 <\/li>\n\n\n                                                                                                <li>Y\u00fcksek Lisans, Atat\u00fcrk \u00dcniversitesi, Peyzaj Mimarli\u011fi B\u00f6l\u00fcm\u00fc, 1997 <\/li>\n\n\n                                                                                                <li>Lisans, Istanbul Teknik \u00dcniversitesi, Maden M\u00fchendisli\u011fi B\u00f6l\u00fcm\u00fc, 1988 <\/li>\n\n\n                                                \n                                    <\/ul>\n                                <\/div>\n                                 <!--<div class=\"col-2 qr\">\n                                    <img decoding=\"async\" src=\"https:\/\/chart.googleapis.com\/chart?chs=100x100&amp;cht=qr&amp;chl=BEGIN:VCARD%0AVERSION:3.0%0ATITLE:%0AN:Mustafa Engin%20Kocada\u011fistan%0ATEL;type=WORK:%2B904422316036%0AEMAIL:mengink@atauni.edu.tr%0AEND:VCARD\"\n                                         class=\"img-fluid qr\">\n                                <\/div>-->\n                            <\/div>\n                        <\/div>\n                    <\/div>\n                <\/div>\n            <\/div>\n\n\n                        <div class=\"accordion\" id=\"personel-kart\">\n                <div class=\"card p-liste\">\n                    <div class=\"card-header \" id=\"p-2\">\n                        <h2 class=\"mb-0\">\n                            <button class=\"btn btn-link collapsed\" type=\"button\" data-toggle=\"collapse\"\n                                    data-target=\"#k-2\"\n                                    aria-expanded=\"false\" aria-controls=\"collapseOne\">\n                                <span class=\"unvan\">B\u00f6l\u00fcm Ba\u015fkan\u0131 Yard\u0131mc\u0131s\u0131<\/span>\n                                Dr. \u00d6\u011fr. \u00dcyesi Mehmet K\u00fcr\u015fat Dilma\u00e7                            <\/button>\n                        <\/h2>\n                    <\/div>\n                    <div id=\"k-2\" class=\"collapse\" aria-labelledby=\"p-2\"\n                         data-parent=\"#personel-kart\" style=\"\">\n                        <div class=\"card-body\">\n                            <div class=\"row\">\n                                <div class=\"col-3 kart-resim\">\n                                    <img decoding=\"async\" src=\"\/\/eski.atauni.edu.tr\/resizer.php?w=189&amp;h=228&amp;zc=1&amp;src=\/uploads\/profilResimleriSha1\/41a14fc753d08226801566f81f7b4c72.png\"\n                                         class=\"img-fluid\">\n                                <\/div>\n                                <div class=\"col-7\">\n                                    <h3 class=\"kart-baslik kart-baslik-yonetim\">B\u00f6l\u00fcm Ba\u015fkan\u0131 Yard\u0131mc\u0131s\u0131<\/h3>\n                                    <div class=\"row\">\n                                        <div class=\"ad-soyad\">Dr. \u00d6\u011fr. \u00dcyesi Mehmet K\u00fcr\u015fat Dilma\u00e7<\/div>\n                                        <div class=\"birim\">\u00dcretim Metalurjisi Anabilim Dal\u0131<\/div>\n                                        <div class=\"bilgiler\">\n                                            <strong>E-Posta<\/strong>mkdilmac@atauni.edu.tr                                        <\/div>\n                                                                                <div class=\"bilgiler\"><strong>Profil<\/strong> <a target=\"_blank\"\n                                         href=\"http:\/\/avesis.atauni.edu.tr\/mkdilmac\">https:\/\/avesis.atauni.edu.tr\/mkdilmac<\/a>\n                                        <\/div>\n                                        <div class=\"bilgiler\">\n                                            <strong>Telefon<\/strong>\n                                            +90 442 231                                           ()&nbsp;\n                                        <\/div>\n                                        <div class=\"bilgiler\"><strong>Posta Adresi<\/strong> \n                                        <span class=\"posta\">\n                                                                                                Atat\u00fcrk \u00dcniversitesi M\u00fchendislik Fak\u00fcltesi Ek Bina 3. Kat. Metalurji ve Malzeme M\u00fchendisli\u011fi B\u00f6l\u00fcm\u00fc 25240 Erzurum                                                                                                                                                                                                                                                                                                                                                                                                                                <\/span>\n                                        <\/div>\n                                    <\/div>\n                                <\/div>\n                                <div class=\"col-10 kart-egitim\">\n                                    <h3>E\u011fitim<\/h3>\n                                    <ul>\n\n                                                                                        <li>Lisans, Cumhuriyet \u00dcniversitesi, Maden M\u00fchendisli\u011fi B\u00f6l\u00fcm\u00fc, 2006 <\/li>\n\n\n                                                                                                <li>Y\u00fcksek Lisans, Cumhuriyet \u00dcniversitesi, Maden M\u00fchendisli\u011fi B\u00f6l\u00fcm\u00fc, 2009 <\/li>\n\n\n                                                                                                <li>Doktora, Cumhuriyet \u00dcniversitesi, Maden M\u00fchendisli\u011fi B\u00f6l\u00fcm\u00fc, 2018 <\/li>\n\n\n                                                \n                                    <\/ul>\n                                <\/div>\n                                 <!--<div class=\"col-2 qr\">\n                                    <img decoding=\"async\" src=\"https:\/\/chart.googleapis.com\/chart?chs=100x100&amp;cht=qr&amp;chl=BEGIN:VCARD%0AVERSION:3.0%0ATITLE:%0AN:Mehmet K\u00fcr\u015fat%20Dilma\u00e7%0ATEL;type=WORK:%2B90442231%0AEMAIL:mkdilmac@atauni.edu.tr%0AEND:VCARD\"\n                                         class=\"img-fluid qr\">\n                                <\/div>-->\n                            <\/div>\n                        <\/div>\n                    <\/div>\n                <\/div>\n            <\/div>\n\n\n            \t\t<div class=\"elementor-shortcode\"><\/div>\n\t\t\t\t\t\t<\/div>\n\t\t\t\t<\/div>\n\t\t\t\t\t<\/div>\n\t\t<\/div>\n\t\t\t\t\t<\/div>\n\t\t<\/section>\n\t\t\t\t<section class=\"elementor-section elementor-top-section elementor-element elementor-element-dcd5381 elementor-section-boxed elementor-section-height-default elementor-section-height-default\" data-id=\"dcd5381\" data-element_type=\"section\">\n\t\t\t\t\t\t<div class=\"elementor-container elementor-column-gap-default\">\n\t\t\t\t\t<div class=\"elementor-column elementor-col-100 elementor-top-column elementor-element elementor-element-fa7c430\" data-id=\"fa7c430\" data-element_type=\"column\">\n\t\t\t<div class=\"elementor-widget-wrap elementor-element-populated\">\n\t\t\t\t\t\t<div class=\"elementor-element elementor-element-3c976f3 elementor-widget elementor-widget-html\" data-id=\"3c976f3\" data-element_type=\"widget\" data-widget_type=\"html.default\">\n\t\t\t\t<div class=\"elementor-widget-container\">\n\t\t\t\t\t<section class=\"hod-wrap\">\r\n  <div class=\"hod-card\">\r\n    <div class=\"hod-head\">\r\n      <div class=\"hod-badge\">\r\n        <span class=\"hod-badge-ico\">\ud83c\udf93<\/span>\r\n        <span class=\"hod-badge-text\">B\u00f6l\u00fcm Ba\u015fkan\u0131 Mesaj\u0131<\/span>\r\n      <\/div>\r\n\r\n      <h2 class=\"hod-title\">Metalurji ve Malzeme M\u00fchendisli\u011fi<\/h2>\r\n      <p class=\"hod-subtitle\">\r\n        Bilim temelli yakla\u015f\u0131m, uygulama odakl\u0131 e\u011fitim ve sorumluluk bilinciyle gelece\u011fin m\u00fchendislerini yeti\u015ftiriyoruz.\r\n      <\/p>\r\n    <\/div>\r\n\r\n    <div class=\"hod-body\">\r\n      <p>\r\n        Metalurji ve Malzeme M\u00fchendisli\u011fi, g\u00fcn\u00fcm\u00fcz teknolojilerinin ve sanayinin temelini olu\u015fturan stratejik bir m\u00fchendislik alan\u0131d\u0131r.\r\n        Atat\u00fcrk \u00dcniversitesi Metalurji ve Malzeme M\u00fchendisli\u011fi B\u00f6l\u00fcm\u00fc olarak; \u00f6\u011frencilerimize yaln\u0131zca teorik bilgi kazand\u0131rmay\u0131 de\u011fil,\r\n        ayn\u0131 zamanda <strong>analitik d\u00fc\u015f\u00fcnme, problem \u00e7\u00f6zme ve uygulama becerilerini<\/strong> geli\u015ftirmeyi ama\u00e7layan bir e\u011fitim anlay\u0131\u015f\u0131n\u0131 benimsiyoruz.\r\n      <\/p>\r\n\r\n      <p>\r\n        E\u011fitim ve ara\u015ft\u0131rma faaliyetlerimiz; <strong>bilimsel yakla\u015f\u0131m, etik sorumluluk, \u00e7evre ve i\u015f sa\u011fl\u0131\u011f\u0131\u2013g\u00fcvenli\u011fi bilinci<\/strong> \u00e7er\u00e7evesinde \u015fekillenmektedir.\r\n        \u00d6\u011frencilerimizin, h\u0131zla de\u011fi\u015fen teknoloji ve sanayi ko\u015fullar\u0131na uyum sa\u011flayabilen, <strong>yenilik\u00e7i ve sorgulay\u0131c\u0131<\/strong> m\u00fchendisler olarak yeti\u015fmeleri\r\n        en temel \u00f6nceli\u011fimizdir.\r\n      <\/p>\r\n\r\n      <p class=\"hod-note\">\r\n        Sanayi ile i\u015f birli\u011fini \u00f6nemseyen yakla\u015f\u0131m\u0131m\u0131zla, \u00f6\u011frencilerimizin mesleki hayata donan\u0131ml\u0131 bir \u015fekilde haz\u0131rlanmalar\u0131n\u0131 hedeflemekteyiz.\r\n      <\/p>\r\n    <\/div>\r\n\r\n    <div class=\"hod-foot\">\r\n      <!-- Foto kullanacaksan: hod-avatar i\u00e7ine img ekle -->\r\n      <div class=\"hod-avatar\">\r\n  <img decoding=\"async\" src=\"https:\/\/atauni.edu.tr\/resizer.php?w=189&amp;h=228&amp;zc=1&amp;src=\/uploads\/profilResimleriSha1\/b37dd1c7456ccb3797a7417648e8ad57.png\" alt=\"Prof. Dr. Derya Tekin\">\r\n<\/div>\r\n\r\n\r\n      <div class=\"hod-sign\">\r\n        <div class=\"hod-name\">Prof. Dr. Derya Tekin<\/div>\r\n        <div class=\"hod-role\">B\u00f6l\u00fcm Ba\u015fkan\u0131<\/div>\r\n        <div class=\"hod-org\">Atat\u00fcrk \u00dcniversitesi \u2022 Metalurji ve Malzeme M\u00fchendisli\u011fi<\/div>\r\n      <\/div>\r\n\r\n      <div class=\"hod-cta\">\r\n        <span class=\"hod-pill\">Bilim Temelli<\/span>\r\n        <span class=\"hod-pill\">Uygulama Odakl\u0131<\/span>\r\n      <\/div>\r\n    <\/div>\r\n  <\/div>\r\n<\/section>\r\n\t\t\t\t<\/div>\n\t\t\t\t<\/div>\n\t\t\t\t\t<\/div>\n\t\t<\/div>\n\t\t\t\t\t<\/div>\n\t\t<\/section>\n\t\t\t\t<\/div>\n\t\t","protected":false},"excerpt":{"rendered":"<p>Y\u00f6netim \ud83c\udf93 B\u00f6l\u00fcm Ba\u015fkan\u0131 Mesaj\u0131 Metalurji ve Malzeme M\u00fchendisli\u011fi Bilim temelli yakla\u015f\u0131m, uygulama odakl\u0131 e\u011fitim ve sorumluluk bilinciyle gelece\u011fin m\u00fchendislerini yeti\u015ftiriyoruz. Metalurji ve Malzeme M\u00fchendisli\u011fi, g\u00fcn\u00fcm\u00fcz teknolojilerinin ve sanayinin temelini olu\u015fturan stratejik bir m\u00fchendislik alan\u0131d\u0131r. Atat\u00fcrk \u00dcniversitesi Metalurji ve Malzeme M\u00fchendisli\u011fi B\u00f6l\u00fcm\u00fc olarak; \u00f6\u011frencilerimize yaln\u0131zca teorik bilgi kazand\u0131rmay\u0131 de\u011fil, ayn\u0131 zamanda analitik d\u00fc\u015f\u00fcnme, problem \u00e7\u00f6zme [&hellip;]<\/p>\n","protected":false},"author":1,"featured_media":0,"parent":0,"menu_order":0,"comment_status":"closed","ping_status":"closed","template":"elementor_header_footer","meta":{"footnotes":""},"class_list":["post-5662","page","type-page","status-publish","hentry"],"_links":{"self":[{"href":"https:\/\/atauni.edu.tr\/metalurji-ve-malzeme-muhendisligi\/wp-json\/wp\/v2\/pages\/5662","targetHints":{"allow":["GET"]}}],"collection":[{"href":"https:\/\/atauni.edu.tr\/metalurji-ve-malzeme-muhendisligi\/wp-json\/wp\/v2\/pages"}],"about":[{"href":"https:\/\/atauni.edu.tr\/metalurji-ve-malzeme-muhendisligi\/wp-json\/wp\/v2\/types\/page"}],"author":[{"embeddable":true,"href":"https:\/\/atauni.edu.tr\/metalurji-ve-malzeme-muhendisligi\/wp-json\/wp\/v2\/users\/1"}],"replies":[{"embeddable":true,"href":"https:\/\/atauni.edu.tr\/metalurji-ve-malzeme-muhendisligi\/wp-json\/wp\/v2\/comments?post=5662"}],"version-history":[{"count":72,"href":"https:\/\/atauni.edu.tr\/metalurji-ve-malzeme-muhendisligi\/wp-json\/wp\/v2\/pages\/5662\/revisions"}],"predecessor-version":[{"id":8555,"href":"https:\/\/atauni.edu.tr\/metalurji-ve-malzeme-muhendisligi\/wp-json\/wp\/v2\/pages\/5662\/revisions\/8555"}],"wp:attachment":[{"href":"https:\/\/atauni.edu.tr\/metalurji-ve-malzeme-muhendisligi\/wp-json\/wp\/v2\/media?parent=5662"}],"curies":[{"name":"wp","href":"https:\/\/api.w.org\/{rel}","templated":true}]}}