{"id":6261,"date":"2021-12-09T19:14:59","date_gmt":"2021-12-09T16:14:59","guid":{"rendered":"https:\/\/birimler.atauni.edu.tr\/metalurji-ve-malzeme-muhendisligi\/?page_id=6261"},"modified":"2026-01-01T23:57:10","modified_gmt":"2026-01-01T20:57:10","slug":"bolumumuz","status":"publish","type":"page","link":"https:\/\/atauni.edu.tr\/metalurji-ve-malzeme-muhendisligi\/bolumumuz\/","title":{"rendered":"B\u00f6l\u00fcm\u00fcm\u00fcz"},"content":{"rendered":"\t\t<div data-elementor-type=\"wp-page\" data-elementor-id=\"6261\" class=\"elementor elementor-6261\" data-elementor-post-type=\"page\">\n\t\t\t\t\t\t<section class=\"elementor-section elementor-top-section elementor-element elementor-element-35ad817 elementor-section-boxed elementor-section-height-default elementor-section-height-default\" data-id=\"35ad817\" data-element_type=\"section\">\n\t\t\t\t\t\t<div class=\"elementor-container elementor-column-gap-default\">\n\t\t\t\t\t<div class=\"elementor-column elementor-col-100 elementor-top-column elementor-element elementor-element-d9ba4a1\" data-id=\"d9ba4a1\" data-element_type=\"column\">\n\t\t\t<div class=\"elementor-widget-wrap elementor-element-populated\">\n\t\t\t\t\t\t<div class=\"elementor-element elementor-element-c690cca elementor-widget elementor-widget-heading\" data-id=\"c690cca\" data-element_type=\"widget\" data-widget_type=\"heading.default\">\n\t\t\t\t<div class=\"elementor-widget-container\">\n\t\t\t\t\t<h2 class=\"elementor-heading-title elementor-size-default\">Tarih\u00e7e<\/h2>\t\t\t\t<\/div>\n\t\t\t\t<\/div>\n\t\t\t\t<div class=\"elementor-element elementor-element-fd73b20 elementor-widget-divider--view-line elementor-widget elementor-widget-divider\" data-id=\"fd73b20\" data-element_type=\"widget\" data-widget_type=\"divider.default\">\n\t\t\t\t<div class=\"elementor-widget-container\">\n\t\t\t\t\t\t\t<div class=\"elementor-divider\">\n\t\t\t<span class=\"elementor-divider-separator\">\n\t\t\t\t\t\t<\/span>\n\t\t<\/div>\n\t\t\t\t\t\t<\/div>\n\t\t\t\t<\/div>\n\t\t\t\t\t<\/div>\n\t\t<\/div>\n\t\t\t\t\t<\/div>\n\t\t<\/section>\n\t\t\t\t<section class=\"elementor-section elementor-top-section elementor-element elementor-element-807f7fc elementor-section-boxed elementor-section-height-default elementor-section-height-default\" data-id=\"807f7fc\" data-element_type=\"section\">\n\t\t\t\t\t\t<div class=\"elementor-container elementor-column-gap-default\">\n\t\t\t\t\t<div class=\"elementor-column elementor-col-100 elementor-top-column elementor-element elementor-element-4d16710\" data-id=\"4d16710\" data-element_type=\"column\">\n\t\t\t<div class=\"elementor-widget-wrap elementor-element-populated\">\n\t\t\t\t\t\t<div class=\"elementor-element elementor-element-40dd698 elementor-widget elementor-widget-text-editor\" data-id=\"40dd698\" data-element_type=\"widget\" data-widget_type=\"text-editor.default\">\n\t\t\t\t<div class=\"elementor-widget-container\">\n\t\t\t\t\t\t\t\t\t<p data-start=\"746\" data-end=\"943\">Atat\u00fcrk \u00dcniversitesi Metalurji ve Malzeme M\u00fchendisli\u011fi B\u00f6l\u00fcm\u00fc, <strong data-start=\"753\" data-end=\"783\">2011\u20132012 akademik y\u0131l\u0131nda<\/strong> lisans d\u00fczeyinde e\u011fitim-\u00f6\u011fretime ba\u015flam\u0131\u015f; ayn\u0131 akademik y\u0131lda <strong data-start=\"847\" data-end=\"875\">birinci \u00f6\u011fretim (g\u00fcnd\u00fcz)<\/strong> ve <strong data-start=\"879\" data-end=\"904\">ikinci \u00f6\u011fretim (gece)<\/strong> programlar\u0131yla \u00f6\u011frenci kabul etmi\u015ftir.<\/p><p data-start=\"945\" data-end=\"1190\">G\u00fcn\u00fcm\u00fczde b\u00f6l\u00fcm b\u00fcnyesinde <strong data-start=\"972\" data-end=\"1068\">lisans e\u011fitiminin yan\u0131 s\u0131ra y\u00fcksek lisans ve doktora d\u00fczeyinde lisans\u00fcst\u00fc e\u011fitim programlar\u0131<\/strong> y\u00fcr\u00fct\u00fclmekte olup, metalurji ve malzeme m\u00fchendisli\u011fi alan\u0131nda akademik ve uygulamaya y\u00f6nelik \u00e7al\u0131\u015fmalar s\u00fcrd\u00fcr\u00fclmektedir.<\/p>\t\t\t\t\t\t\t\t<\/div>\n\t\t\t\t<\/div>\n\t\t\t\t\t<\/div>\n\t\t<\/div>\n\t\t\t\t\t<\/div>\n\t\t<\/section>\n\t\t\t\t<section class=\"elementor-section elementor-top-section elementor-element elementor-element-0e2396d elementor-section-boxed elementor-section-height-default elementor-section-height-default\" data-id=\"0e2396d\" data-element_type=\"section\">\n\t\t\t\t\t\t<div class=\"elementor-container elementor-column-gap-default\">\n\t\t\t\t\t<div class=\"elementor-column elementor-col-100 elementor-top-column elementor-element elementor-element-1e56379\" data-id=\"1e56379\" data-element_type=\"column\">\n\t\t\t<div class=\"elementor-widget-wrap elementor-element-populated\">\n\t\t\t\t\t\t<div class=\"elementor-element elementor-element-2361ac8 elementor-widget-divider--view-line elementor-widget elementor-widget-divider\" data-id=\"2361ac8\" data-element_type=\"widget\" data-widget_type=\"divider.default\">\n\t\t\t\t<div class=\"elementor-widget-container\">\n\t\t\t\t\t\t\t<div class=\"elementor-divider\">\n\t\t\t<span class=\"elementor-divider-separator\">\n\t\t\t\t\t\t<\/span>\n\t\t<\/div>\n\t\t\t\t\t\t<\/div>\n\t\t\t\t<\/div>\n\t\t\t\t\t<\/div>\n\t\t<\/div>\n\t\t\t\t\t<\/div>\n\t\t<\/section>\n\t\t\t\t<section class=\"elementor-section elementor-top-section elementor-element elementor-element-4c8b65b elementor-section-boxed elementor-section-height-default elementor-section-height-default\" data-id=\"4c8b65b\" data-element_type=\"section\">\n\t\t\t\t\t\t<div class=\"elementor-container elementor-column-gap-default\">\n\t\t\t\t\t<div class=\"elementor-column elementor-col-100 elementor-top-column elementor-element elementor-element-428c901\" data-id=\"428c901\" data-element_type=\"column\">\n\t\t\t<div class=\"elementor-widget-wrap elementor-element-populated\">\n\t\t\t\t\t\t<div class=\"elementor-element elementor-element-af59f23 elementor-widget elementor-widget-html\" data-id=\"af59f23\" data-element_type=\"widget\" data-widget_type=\"html.default\">\n\t\t\t\t<div class=\"elementor-widget-container\">\n\t\t\t\t\t<div class=\"mm-banner\">\r\n  <div class=\"mm-banner-inner\">\r\n    <div class=\"mm-banner-top\">\r\n      <div class=\"mm-kicker\">Atat\u00fcrk \u00dcniversitesi<\/div>\r\n      <h2 class=\"mm-title\">Metalurji ve Malzeme M\u00fchendisli\u011fi<\/h2>\r\n      <p class=\"mm-subtitle\">Misyon \u2022 Vizyon \u2022 Temel De\u011ferler<\/p>\r\n    <\/div>\r\n\r\n    <div class=\"mm-slogan\">\r\n      <span class=\"mm-slogan-pill\">Bilim Temelli, Uygulama Odakl\u0131 M\u00fchendislik<\/span>\r\n    <\/div>\r\n  <\/div>\r\n<\/div>\r\n\r\n<section class=\"mm-section\">\r\n\r\n  <div class=\"mm-grid\">\r\n\r\n    <!-- M\u0130SYON -->\r\n    <article class=\"mm-card mm-card--mission\">\r\n      <div class=\"mm-card-head\">\r\n        <div class=\"mm-icon\">\ud83c\udfaf<\/div>\r\n        <div>\r\n          <h3 class=\"mm-card-title\">Misyon<\/h3>\r\n          <p class=\"mm-card-tag\">E\u011fitim \u2022 Ara\u015ft\u0131rma \u2022 Uygulama<\/p>\r\n        <\/div>\r\n      <\/div>\r\n\r\n      <div class=\"mm-card-body\">\r\n        <p>\r\n          Atat\u00fcrk \u00dcniversitesi Metalurji ve Malzeme M\u00fchendisli\u011fi B\u00f6l\u00fcm\u00fc;\r\n          m\u00fchendislik malzemelerinin \u00fcretimi, karakterizasyonu, \u015fekillendirilmesi ve performans\u0131n\u0131n geli\u015ftirilmesi alanlar\u0131nda\r\n          sa\u011flam kuramsal bilgiye ve g\u00fc\u00e7l\u00fc uygulama becerisine sahip,\r\n          bilimsel d\u00fc\u015f\u00fcnme yetkinli\u011fi kazanm\u0131\u015f,\r\n          etik de\u011ferlere ba\u011fl\u0131,\r\n          \u00e7evre, i\u015f sa\u011fl\u0131\u011f\u0131 ve g\u00fcvenli\u011fi bilinci geli\u015fmi\u015f,\r\n          tak\u0131m \u00e7al\u0131\u015fmas\u0131na yatk\u0131n ve sorumluluk alabilen\r\n          metalurji ve malzeme m\u00fchendisleri yeti\u015ftirmeyi ama\u00e7lar.\r\n        <\/p>\r\n\r\n        <div class=\"mm-divider\"><\/div>\r\n\r\n        <p class=\"mm-muted\">\r\n          B\u00f6l\u00fcm; e\u011fitim, ara\u015ft\u0131rma ve uygulama faaliyetleriyle b\u00f6lgesel ve ulusal ihtiya\u00e7lara katk\u0131 sa\u011flamay\u0131,\r\n          sanayi ve ara\u015ft\u0131rma kurumlar\u0131yla i\u015f birli\u011fi i\u00e7inde katma de\u011feri y\u00fcksek bilgi ve teknoloji \u00fcretmeyi temel g\u00f6rev edinir.\r\n        <\/p>\r\n      <\/div>\r\n    <\/article>\r\n\r\n    <!-- V\u0130ZYON -->\r\n    <article class=\"mm-card mm-card--vision\">\r\n      <div class=\"mm-card-head\">\r\n        <div class=\"mm-icon\">\ud83d\udd2d<\/div>\r\n        <div>\r\n          <h3 class=\"mm-card-title\">Vizyon<\/h3>\r\n          <p class=\"mm-card-tag\">Tan\u0131n\u0131rl\u0131k \u2022 Yetkinlik \u2022 \u00d6nc\u00fcl\u00fck<\/p>\r\n        <\/div>\r\n      <\/div>\r\n\r\n      <div class=\"mm-card-body\">\r\n        <p>\r\n          Metalurji ve malzeme m\u00fchendisli\u011fi alan\u0131nda;\r\n          ulusal ve uluslararas\u0131 d\u00fczeyde tan\u0131nan,\r\n          e\u011fitim kalitesi, ara\u015ft\u0131rma yetkinli\u011fi ve uygulamaya d\u00f6n\u00fck \u00e7al\u0131\u015fmalar\u0131yla \u00f6ne \u00e7\u0131kan,\r\n          bilimsel geli\u015fmeleri yak\u0131ndan izleyen ve hayata ge\u00e7iren,\r\n          b\u00f6lgesel kalk\u0131nmaya katk\u0131 sunan \u00f6nc\u00fc bir m\u00fchendislik b\u00f6l\u00fcm\u00fc olmak.\r\n        <\/p>\r\n      <\/div>\r\n    <\/article>\r\n\r\n    <!-- TEMEL DE\u011eERLER -->\r\n    <article class=\"mm-card mm-card--values\">\r\n      <div class=\"mm-card-head\">\r\n        <div class=\"mm-icon\">\ud83e\udded<\/div>\r\n        <div>\r\n          <h3 class=\"mm-card-title\">Temel De\u011ferler<\/h3>\r\n          <p class=\"mm-card-tag\">\u0130lke \u2022 Duru\u015f \u2022 Sorumluluk<\/p>\r\n        <\/div>\r\n      <\/div>\r\n\r\n      <div class=\"mm-card-body\">\r\n        <ul class=\"mm-values\">\r\n          <li class=\"mm-value\">\r\n            <div class=\"mm-value-ico\">\ud83d\udd2c<\/div>\r\n            <div>\r\n              <div class=\"mm-value-title\">Bilimsellik<\/div>\r\n              <div class=\"mm-value-text\">E\u011fitim, ara\u015ft\u0131rma ve karar alma s\u00fcre\u00e7lerinde bilimsel y\u00f6ntemleri ve akademik d\u00fcr\u00fcstl\u00fc\u011f\u00fc esas al\u0131r.<\/div>\r\n            <\/div>\r\n          <\/li>\r\n\r\n          <li class=\"mm-value\">\r\n            <div class=\"mm-value-ico\">\ud83d\udca1<\/div>\r\n            <div>\r\n              <div class=\"mm-value-title\">Yenilik\u00e7ilik ve S\u00fcrekli Geli\u015fim<\/div>\r\n              <div class=\"mm-value-text\">De\u011fi\u015fen teknoloji ve end\u00fcstri gereksinimlerine uyum sa\u011flayan, yenilik\u00e7i d\u00fc\u015f\u00fcnceyi ve s\u00fcrekli \u00f6\u011frenmeyi te\u015fvik eder.<\/div>\r\n            <\/div>\r\n          <\/li>\r\n\r\n          <li class=\"mm-value\">\r\n            <div class=\"mm-value-ico\">\ud83e\udd1d<\/div>\r\n            <div>\r\n              <div class=\"mm-value-title\">Kat\u0131l\u0131mc\u0131l\u0131k ve \u0130\u015f Birli\u011fi<\/div>\r\n              <div class=\"mm-value-text\">\u00d6\u011frenci, akademik ve idari payda\u015flar\u0131n s\u00fcrece aktif kat\u0131l\u0131m\u0131n\u0131 destekler; \u015feffaf ve payla\u015f\u0131mc\u0131 bir akademik ortam olu\u015fturur.<\/div>\r\n            <\/div>\r\n          <\/li>\r\n\r\n          <li class=\"mm-value\">\r\n            <div class=\"mm-value-ico\">\u2699\ufe0f<\/div>\r\n            <div>\r\n              <div class=\"mm-value-title\">Uygulama ve Sanayi Odakl\u0131l\u0131k<\/div>\r\n              <div class=\"mm-value-text\">Teorik bilgiyi uygulama ile b\u00fct\u00fcnle\u015ftirir; sanayi, Ar-Ge ve \u00fcretim odakl\u0131 bak\u0131\u015f a\u00e7\u0131s\u0131n\u0131 g\u00fc\u00e7lendirir.<\/div>\r\n            <\/div>\r\n          <\/li>\r\n\r\n          <li class=\"mm-value\">\r\n            <div class=\"mm-value-ico\">\ud83d\udee1\ufe0f<\/div>\r\n            <div>\r\n              <div class=\"mm-value-title\">Etik, \u00c7evre ve \u0130SG Duyarl\u0131l\u0131\u011f\u0131<\/div>\r\n              <div class=\"mm-value-text\">Mesleki etik ilkelere ba\u011fl\u0131, \u00e7evreye duyarl\u0131, i\u015f sa\u011fl\u0131\u011f\u0131 ve g\u00fcvenli\u011fi bilinci y\u00fcksek m\u00fchendisler yeti\u015ftirir.<\/div>\r\n            <\/div>\r\n          <\/li>\r\n\r\n          <li class=\"mm-value\">\r\n            <div class=\"mm-value-ico\">\ud83c\udf0d<\/div>\r\n            <div>\r\n              <div class=\"mm-value-title\">Ulusal ve Evrensel Sorumluluk<\/div>\r\n              <div class=\"mm-value-text\">Ulusal de\u011ferlere ba\u011fl\u0131, evrensel bilim ve m\u00fchendislik anlay\u0131\u015f\u0131n\u0131 benimseyen bir yakla\u015f\u0131m\u0131 esas al\u0131r.<\/div>\r\n            <\/div>\r\n          <\/li>\r\n        <\/ul>\r\n      <\/div>\r\n    <\/article>\r\n\r\n  <\/div>\r\n<\/section>\r\n\t\t\t\t<\/div>\n\t\t\t\t<\/div>\n\t\t\t\t\t<\/div>\n\t\t<\/div>\n\t\t\t\t\t<\/div>\n\t\t<\/section>\n\t\t\t\t<\/div>\n\t\t","protected":false},"excerpt":{"rendered":"<p>Tarih\u00e7e Atat\u00fcrk \u00dcniversitesi Metalurji ve Malzeme M\u00fchendisli\u011fi B\u00f6l\u00fcm\u00fc, 2011\u20132012 akademik y\u0131l\u0131nda lisans d\u00fczeyinde e\u011fitim-\u00f6\u011fretime ba\u015flam\u0131\u015f; ayn\u0131 akademik y\u0131lda birinci \u00f6\u011fretim (g\u00fcnd\u00fcz) ve ikinci \u00f6\u011fretim (gece) programlar\u0131yla \u00f6\u011frenci kabul etmi\u015ftir. G\u00fcn\u00fcm\u00fczde b\u00f6l\u00fcm b\u00fcnyesinde lisans e\u011fitiminin yan\u0131 s\u0131ra y\u00fcksek lisans ve doktora d\u00fczeyinde lisans\u00fcst\u00fc e\u011fitim programlar\u0131 y\u00fcr\u00fct\u00fclmekte olup, metalurji ve malzeme m\u00fchendisli\u011fi alan\u0131nda akademik ve uygulamaya y\u00f6nelik [&hellip;]<\/p>\n","protected":false},"author":437,"featured_media":0,"parent":0,"menu_order":0,"comment_status":"closed","ping_status":"closed","template":"","meta":{"footnotes":""},"class_list":["post-6261","page","type-page","status-publish","hentry"],"_links":{"self":[{"href":"https:\/\/atauni.edu.tr\/metalurji-ve-malzeme-muhendisligi\/wp-json\/wp\/v2\/pages\/6261","targetHints":{"allow":["GET"]}}],"collection":[{"href":"https:\/\/atauni.edu.tr\/metalurji-ve-malzeme-muhendisligi\/wp-json\/wp\/v2\/pages"}],"about":[{"href":"https:\/\/atauni.edu.tr\/metalurji-ve-malzeme-muhendisligi\/wp-json\/wp\/v2\/types\/page"}],"author":[{"embeddable":true,"href":"https:\/\/atauni.edu.tr\/metalurji-ve-malzeme-muhendisligi\/wp-json\/wp\/v2\/users\/437"}],"replies":[{"embeddable":true,"href":"https:\/\/atauni.edu.tr\/metalurji-ve-malzeme-muhendisligi\/wp-json\/wp\/v2\/comments?post=6261"}],"version-history":[{"count":22,"href":"https:\/\/atauni.edu.tr\/metalurji-ve-malzeme-muhendisligi\/wp-json\/wp\/v2\/pages\/6261\/revisions"}],"predecessor-version":[{"id":8539,"href":"https:\/\/atauni.edu.tr\/metalurji-ve-malzeme-muhendisligi\/wp-json\/wp\/v2\/pages\/6261\/revisions\/8539"}],"wp:attachment":[{"href":"https:\/\/atauni.edu.tr\/metalurji-ve-malzeme-muhendisligi\/wp-json\/wp\/v2\/media?parent=6261"}],"curies":[{"name":"wp","href":"https:\/\/api.w.org\/{rel}","templated":true}]}}