{"id":6285,"date":"2021-12-09T19:41:06","date_gmt":"2021-12-09T16:41:06","guid":{"rendered":"https:\/\/birimler.atauni.edu.tr\/metalurji-ve-malzeme-muhendisligi\/?page_id=6285"},"modified":"2025-12-17T21:24:57","modified_gmt":"2025-12-17T18:24:57","slug":"haftalik-ders-programi","status":"publish","type":"page","link":"https:\/\/atauni.edu.tr\/metalurji-ve-malzeme-muhendisligi\/haftalik-ders-programi\/","title":{"rendered":"Haftal\u0131k Ders Program\u0131"},"content":{"rendered":"\t\t<div data-elementor-type=\"wp-page\" data-elementor-id=\"6285\" class=\"elementor elementor-6285\" data-elementor-post-type=\"page\">\n\t\t\t\t\t\t<section class=\"elementor-section elementor-top-section elementor-element elementor-element-c4df56d elementor-section-boxed elementor-section-height-default elementor-section-height-default\" data-id=\"c4df56d\" data-element_type=\"section\">\n\t\t\t\t\t\t<div class=\"elementor-container elementor-column-gap-default\">\n\t\t\t\t\t<div class=\"elementor-column elementor-col-100 elementor-top-column elementor-element elementor-element-e1cd21a\" data-id=\"e1cd21a\" data-element_type=\"column\">\n\t\t\t<div class=\"elementor-widget-wrap elementor-element-populated\">\n\t\t\t\t\t\t<div class=\"elementor-element elementor-element-5023519 elementor-widget elementor-widget-heading\" data-id=\"5023519\" data-element_type=\"widget\" data-widget_type=\"heading.default\">\n\t\t\t\t<div class=\"elementor-widget-container\">\n\t\t\t\t\t<h2 class=\"elementor-heading-title elementor-size-default\">Lisans \u00dcst\u00fc Haftal\u0131k Ders Program\u0131<\/h2>\t\t\t\t<\/div>\n\t\t\t\t<\/div>\n\t\t\t\t\t<\/div>\n\t\t<\/div>\n\t\t\t\t\t<\/div>\n\t\t<\/section>\n\t\t\t\t<section class=\"elementor-section elementor-top-section elementor-element elementor-element-a740fca elementor-section-boxed elementor-section-height-default elementor-section-height-default\" data-id=\"a740fca\" data-element_type=\"section\">\n\t\t\t\t\t\t<div class=\"elementor-container elementor-column-gap-default\">\n\t\t\t\t\t<div class=\"elementor-column elementor-col-100 elementor-top-column elementor-element elementor-element-32cbc7f\" data-id=\"32cbc7f\" data-element_type=\"column\">\n\t\t\t<div class=\"elementor-widget-wrap elementor-element-populated\">\n\t\t\t\t\t\t<div class=\"elementor-element elementor-element-49854d5 elementor-widget-divider--view-line elementor-widget elementor-widget-divider\" data-id=\"49854d5\" data-element_type=\"widget\" data-widget_type=\"divider.default\">\n\t\t\t\t<div class=\"elementor-widget-container\">\n\t\t\t\t\t\t\t<div class=\"elementor-divider\">\n\t\t\t<span class=\"elementor-divider-separator\">\n\t\t\t\t\t\t<\/span>\n\t\t<\/div>\n\t\t\t\t\t\t<\/div>\n\t\t\t\t<\/div>\n\t\t\t\t<div class=\"elementor-element elementor-element-50927b2 elementor-widget elementor-widget-image\" data-id=\"50927b2\" data-element_type=\"widget\" data-widget_type=\"image.default\">\n\t\t\t\t<div class=\"elementor-widget-container\">\n\t\t\t\t\t\t\t\t\t\t\t\t\t\t\t<img fetchpriority=\"high\" decoding=\"async\" width=\"1024\" height=\"838\" src=\"https:\/\/atauni.edu.tr\/metalurji-ve-malzeme-muhendisligi\/wp-content\/uploads\/sites\/138\/2025\/12\/FBE-20225-DERS-1024x838.png\" class=\"attachment-large size-large wp-image-8343\" alt=\"\" srcset=\"https:\/\/atauni.edu.tr\/metalurji-ve-malzeme-muhendisligi\/wp-content\/uploads\/sites\/138\/2025\/12\/FBE-20225-DERS-1024x838.png 1024w, https:\/\/atauni.edu.tr\/metalurji-ve-malzeme-muhendisligi\/wp-content\/uploads\/sites\/138\/2025\/12\/FBE-20225-DERS-300x246.png 300w, https:\/\/atauni.edu.tr\/metalurji-ve-malzeme-muhendisligi\/wp-content\/uploads\/sites\/138\/2025\/12\/FBE-20225-DERS-768x629.png 768w, https:\/\/atauni.edu.tr\/metalurji-ve-malzeme-muhendisligi\/wp-content\/uploads\/sites\/138\/2025\/12\/FBE-20225-DERS-600x491.png 600w, https:\/\/atauni.edu.tr\/metalurji-ve-malzeme-muhendisligi\/wp-content\/uploads\/sites\/138\/2025\/12\/FBE-20225-DERS-560x458.png 560w, https:\/\/atauni.edu.tr\/metalurji-ve-malzeme-muhendisligi\/wp-content\/uploads\/sites\/138\/2025\/12\/FBE-20225-DERS.png 1048w\" sizes=\"(max-width: 1024px) 100vw, 1024px\" \/>\t\t\t\t\t\t\t\t\t\t\t\t\t\t\t<\/div>\n\t\t\t\t<\/div>\n\t\t\t\t\t<\/div>\n\t\t<\/div>\n\t\t\t\t\t<\/div>\n\t\t<\/section>\n\t\t\t\t<\/div>\n\t\t","protected":false},"excerpt":{"rendered":"<p>Lisans \u00dcst\u00fc Haftal\u0131k Ders Program\u0131<\/p>\n","protected":false},"author":437,"featured_media":0,"parent":0,"menu_order":0,"comment_status":"closed","ping_status":"closed","template":"","meta":{"footnotes":""},"class_list":["post-6285","page","type-page","status-publish","hentry"],"_links":{"self":[{"href":"https:\/\/atauni.edu.tr\/metalurji-ve-malzeme-muhendisligi\/wp-json\/wp\/v2\/pages\/6285","targetHints":{"allow":["GET"]}}],"collection":[{"href":"https:\/\/atauni.edu.tr\/metalurji-ve-malzeme-muhendisligi\/wp-json\/wp\/v2\/pages"}],"about":[{"href":"https:\/\/atauni.edu.tr\/metalurji-ve-malzeme-muhendisligi\/wp-json\/wp\/v2\/types\/page"}],"author":[{"embeddable":true,"href":"https:\/\/atauni.edu.tr\/metalurji-ve-malzeme-muhendisligi\/wp-json\/wp\/v2\/users\/437"}],"replies":[{"embeddable":true,"href":"https:\/\/atauni.edu.tr\/metalurji-ve-malzeme-muhendisligi\/wp-json\/wp\/v2\/comments?post=6285"}],"version-history":[{"count":40,"href":"https:\/\/atauni.edu.tr\/metalurji-ve-malzeme-muhendisligi\/wp-json\/wp\/v2\/pages\/6285\/revisions"}],"predecessor-version":[{"id":8380,"href":"https:\/\/atauni.edu.tr\/metalurji-ve-malzeme-muhendisligi\/wp-json\/wp\/v2\/pages\/6285\/revisions\/8380"}],"wp:attachment":[{"href":"https:\/\/atauni.edu.tr\/metalurji-ve-malzeme-muhendisligi\/wp-json\/wp\/v2\/media?parent=6285"}],"curies":[{"name":"wp","href":"https:\/\/api.w.org\/{rel}","templated":true}]}}