{"id":6991,"date":"2025-06-26T13:15:15","date_gmt":"2025-06-26T10:15:15","guid":{"rendered":"https:\/\/birimler.atauni.edu.tr\/metalurji-ve-malzeme-muhendisligi\/?page_id=6991"},"modified":"2025-08-01T20:40:47","modified_gmt":"2025-08-01T17:40:47","slug":"duyurular","status":"publish","type":"page","link":"https:\/\/atauni.edu.tr\/metalurji-ve-malzeme-muhendisligi\/duyurular\/","title":{"rendered":"Duyurular"},"content":{"rendered":"<form method=\"get\" class=\"row g-3\" style=\"margin-bottom: 20px;\"><div class=\"col-md-3\"><input type=\"text\" name=\"Duyuru_ara\" class=\"form-control\" placeholder=\"Duyuru ara...\" value=\"\"><\/div><div class=\"col-md-3\"><input type=\"date\" name=\"baslangic_tarihi\" class=\"form-control\" value=\"\"><\/div><div class=\"col-md-3\"><input type=\"date\" name=\"bitis_tarihi\" class=\"form-control\" value=\"\"><\/div><div class=\"col-md-3\"><button type=\"submit\" class=\"btn btn-secondary w-50\">Filtrele<\/button><\/div><\/form><ul class=\"kategori-yazilari-liste\"><li style=\"display: flex; margin-bottom: 10px; align-items: center;\"><div class=\"post-content\" style=\"flex-grow: 1;\"><span class=\"post-date Duyurutarih\" style=\"display: block; font-weight: bold; margin-bottom: 5px;\">5 Mart 2026<\/span><a class=\"Duyurubaslik\" href=\"https:\/\/atauni.edu.tr\/metalurji-ve-malzeme-muhendisligi\/2026\/03\/05\/kariyer-atlasi-sahada-elazig-%e2%86%92-hatay-teknik-gezisi-11-05-2026-13-05-2026\/\">Kariyer Atlas\u0131 Sahada \u2014 Elaz\u0131\u011f \u2192 Hatay Teknik Gezisi (11.05.2026\u201313.05.2026)<\/a><\/div><\/li><li style=\"display: flex; margin-bottom: 10px; align-items: center;\"><div class=\"post-content\" style=\"flex-grow: 1;\"><span class=\"post-date Duyurutarih\" style=\"display: block; font-weight: bold; margin-bottom: 5px;\">30 Aral\u0131k 2025<\/span><a class=\"Duyurubaslik\" href=\"https:\/\/atauni.edu.tr\/metalurji-ve-malzeme-muhendisligi\/2025\/12\/30\/2025-2026-kesinlesmis-yariyil-sonu-sinav-takvimi\/\">2025-2026 Kesinle\u015fmi\u015f Yar\u0131y\u0131l sonu S\u0131nav Takvimi<\/a><\/div><\/li><\/ul>\n\n\n\n<p><\/p>\n","protected":false},"excerpt":{"rendered":"","protected":false},"author":8,"featured_media":0,"parent":0,"menu_order":0,"comment_status":"closed","ping_status":"closed","template":"","meta":{"footnotes":""},"class_list":["post-6991","page","type-page","status-publish","hentry"],"_links":{"self":[{"href":"https:\/\/atauni.edu.tr\/metalurji-ve-malzeme-muhendisligi\/wp-json\/wp\/v2\/pages\/6991","targetHints":{"allow":["GET"]}}],"collection":[{"href":"https:\/\/atauni.edu.tr\/metalurji-ve-malzeme-muhendisligi\/wp-json\/wp\/v2\/pages"}],"about":[{"href":"https:\/\/atauni.edu.tr\/metalurji-ve-malzeme-muhendisligi\/wp-json\/wp\/v2\/types\/page"}],"author":[{"embeddable":true,"href":"https:\/\/atauni.edu.tr\/metalurji-ve-malzeme-muhendisligi\/wp-json\/wp\/v2\/users\/8"}],"replies":[{"embeddable":true,"href":"https:\/\/atauni.edu.tr\/metalurji-ve-malzeme-muhendisligi\/wp-json\/wp\/v2\/comments?post=6991"}],"version-history":[{"count":2,"href":"https:\/\/atauni.edu.tr\/metalurji-ve-malzeme-muhendisligi\/wp-json\/wp\/v2\/pages\/6991\/revisions"}],"predecessor-version":[{"id":6996,"href":"https:\/\/atauni.edu.tr\/metalurji-ve-malzeme-muhendisligi\/wp-json\/wp\/v2\/pages\/6991\/revisions\/6996"}],"wp:attachment":[{"href":"https:\/\/atauni.edu.tr\/metalurji-ve-malzeme-muhendisligi\/wp-json\/wp\/v2\/media?parent=6991"}],"curies":[{"name":"wp","href":"https:\/\/api.w.org\/{rel}","templated":true}]}}