{"id":7316,"date":"2025-11-23T10:03:48","date_gmt":"2025-11-23T07:03:48","guid":{"rendered":"https:\/\/birimler.atauni.edu.tr\/metalurji-ve-malzeme-muhendisligi\/?page_id=7316"},"modified":"2025-11-23T15:03:11","modified_gmt":"2025-11-23T12:03:11","slug":"kurullar","status":"publish","type":"page","link":"https:\/\/atauni.edu.tr\/metalurji-ve-malzeme-muhendisligi\/kurullar\/","title":{"rendered":"Kurullar"},"content":{"rendered":"\t\t<div data-elementor-type=\"wp-page\" data-elementor-id=\"7316\" class=\"elementor elementor-7316\" data-elementor-post-type=\"page\">\n\t\t\t\t\t\t<section class=\"elementor-section elementor-top-section elementor-element elementor-element-bd9719b elementor-section-boxed elementor-section-height-default elementor-section-height-default\" data-id=\"bd9719b\" data-element_type=\"section\">\n\t\t\t\t\t\t<div class=\"elementor-container elementor-column-gap-default\">\n\t\t\t\t\t<div class=\"elementor-column elementor-col-100 elementor-top-column elementor-element elementor-element-8a43874\" data-id=\"8a43874\" data-element_type=\"column\">\n\t\t\t<div class=\"elementor-widget-wrap elementor-element-populated\">\n\t\t\t\t\t\t<div class=\"elementor-element elementor-element-e8e7e00 elementor-widget elementor-widget-html\" data-id=\"e8e7e00\" data-element_type=\"widget\" data-widget_type=\"html.default\">\n\t\t\t\t<div class=\"elementor-widget-container\">\n\t\t\t\t\t<div class=\"Council-wrapper\">\r\n\r\n<div class=\"Council-card\">\r\n  <div class=\"Council-header\">\r\n    <div class=\"Council-index\">1<\/div>\r\n    <div class=\"Council-title-area\">\r\n      <div class=\"Council-title\">D\u0131\u015f Payda\u015flar Kurulu<\/div>\r\n    <\/div>\r\n  <\/div>\r\n  <div class=\"Council-members-block\">\r\n\r\n        <div class=\"Council-role-row\">\r\n        <span class=\"Council-role-pill Council-role-president\">BA\u015eKAN<\/span>\r\n        <span class=\"Council-member-name\">- Do\u00e7. Dr. S. Yenal Vang\u00f6l\u00fc<\/span>\r\n        <\/div>\r\n        <div class=\"Council-role-row\">\r\n        <span class=\"Council-role-pill Council-role-member\">\u00dcYE<\/span>\r\n        <span class=\"Council-member-name\">- Do\u00e7. Dr. G\u00fczide Meltem L\u00fcle \u015een\u00f6z<\/span>\r\n        <\/div>\r\n        <div class=\"Council-role-row\">\r\n        <span class=\"Council-role-pill Council-role-member\">\u00dcYE<\/span>\r\n        <span class=\"Council-member-name\">- Dr. \u00d6\u011fretim \u00dcyesi Erc\u00fcment Ko\u00e7<\/span>\r\n        <\/div>\r\n  <\/div>\r\n<\/div>\r\n\r\n<div class=\"Council-card\">\r\n  <div class=\"Council-header\">\r\n    <div class=\"Council-index\">2<\/div>\r\n    <div class=\"Council-title-area\">\r\n      <div class=\"Council-title\">Eski Mezunlar Toplant\u0131s\u0131 Kurulu<\/div>\r\n    <\/div>\r\n  <\/div>\r\n  <div class=\"Council-members-block\">\r\n\r\n        <div class=\"Council-role-row\">\r\n        <span class=\"Council-role-pill Council-role-president\">BA\u015eKAN<\/span>\r\n        <span class=\"Council-member-name\">- Do\u00e7. Dr. M. Engin Kocada\u011fistan<\/span>\r\n        <\/div>\r\n        <div class=\"Council-role-row\">\r\n        <span class=\"Council-role-pill Council-role-member\">\u00dcYE<\/span>\r\n        <span class=\"Council-member-name\">- Do\u00e7. Dr. Taha \u00c7a\u011fr\u0131 \u015eenocak<\/span>\r\n        <\/div>\r\n        <div class=\"Council-role-row\">\r\n        <span class=\"Council-role-pill Council-role-member\">\u00dcYE<\/span>\r\n        <span class=\"Council-member-name\">- Dr. \u00d6\u011fretim \u00dcyesi Yunus Emre Benkli<\/span>\r\n        <\/div>\r\n        <div class=\"Council-role-row\">\r\n        <span class=\"Council-role-pill Council-role-member\">\u00dcYE<\/span>\r\n        <span class=\"Council-member-name\">- Dr. \u00d6\u011fretim \u00dcyesi M. K\u00fcr\u015fat Dilma\u00e7<\/span>\r\n        <\/div>\r\n  <\/div>\r\n<\/div>\r\n\r\n<div class=\"Council-card\">\r\n  <div class=\"Council-header\">\r\n    <div class=\"Council-index\">3<\/div>\r\n    <div class=\"Council-title-area\">\r\n      <div class=\"Council-title\">\u0130\u015f Sa\u011fl\u0131\u011f\u0131 ve G\u00fcvenli\u011fi Kurulu<\/div>\r\n    <\/div>\r\n  <\/div>\r\n  <div class=\"Council-members-block\">\r\n\r\n        <div class=\"Council-role-row\">\r\n        <span class=\"Council-role-pill Council-role-member\">\u00dcYE<\/span>\r\n        <span class=\"Council-member-name\">- Dr. \u00d6\u011fretim \u00dcyesi M. K\u00fcr\u015fat Dilma\u00e7<\/span>\r\n        <\/div>\r\n        <div class=\"Council-role-row\">\r\n        <span class=\"Council-role-pill Council-role-member\">\u00dcYE<\/span>\r\n        <span class=\"Council-member-name\">- Dr. \u00d6\u011fretim \u00dcyesi Yunus Emre Benkli<\/span>\r\n        <\/div>\r\n  <\/div>\r\n<\/div>\r\n<\/div>\t\t\t\t<\/div>\n\t\t\t\t<\/div>\n\t\t\t\t\t<\/div>\n\t\t<\/div>\n\t\t\t\t\t<\/div>\n\t\t<\/section>\n\t\t\t\t<\/div>\n\t\t","protected":false},"excerpt":{"rendered":"<p>1 D\u0131\u015f Payda\u015flar Kurulu BA\u015eKAN &#8211; Do\u00e7. Dr. S. Yenal Vang\u00f6l\u00fc \u00dcYE &#8211; Do\u00e7. Dr. G\u00fczide Meltem L\u00fcle \u015een\u00f6z \u00dcYE &#8211; Dr. \u00d6\u011fretim \u00dcyesi Erc\u00fcment Ko\u00e7 2 Eski Mezunlar Toplant\u0131s\u0131 Kurulu BA\u015eKAN &#8211; Do\u00e7. Dr. M. Engin Kocada\u011fistan \u00dcYE &#8211; Do\u00e7. Dr. Taha \u00c7a\u011fr\u0131 \u015eenocak \u00dcYE &#8211; Dr. \u00d6\u011fretim \u00dcyesi Yunus Emre Benkli \u00dcYE &#8211; [&hellip;]<\/p>\n","protected":false},"author":649,"featured_media":0,"parent":0,"menu_order":0,"comment_status":"closed","ping_status":"closed","template":"","meta":{"footnotes":""},"class_list":["post-7316","page","type-page","status-publish","hentry"],"_links":{"self":[{"href":"https:\/\/atauni.edu.tr\/metalurji-ve-malzeme-muhendisligi\/wp-json\/wp\/v2\/pages\/7316","targetHints":{"allow":["GET"]}}],"collection":[{"href":"https:\/\/atauni.edu.tr\/metalurji-ve-malzeme-muhendisligi\/wp-json\/wp\/v2\/pages"}],"about":[{"href":"https:\/\/atauni.edu.tr\/metalurji-ve-malzeme-muhendisligi\/wp-json\/wp\/v2\/types\/page"}],"author":[{"embeddable":true,"href":"https:\/\/atauni.edu.tr\/metalurji-ve-malzeme-muhendisligi\/wp-json\/wp\/v2\/users\/649"}],"replies":[{"embeddable":true,"href":"https:\/\/atauni.edu.tr\/metalurji-ve-malzeme-muhendisligi\/wp-json\/wp\/v2\/comments?post=7316"}],"version-history":[{"count":13,"href":"https:\/\/atauni.edu.tr\/metalurji-ve-malzeme-muhendisligi\/wp-json\/wp\/v2\/pages\/7316\/revisions"}],"predecessor-version":[{"id":7353,"href":"https:\/\/atauni.edu.tr\/metalurji-ve-malzeme-muhendisligi\/wp-json\/wp\/v2\/pages\/7316\/revisions\/7353"}],"wp:attachment":[{"href":"https:\/\/atauni.edu.tr\/metalurji-ve-malzeme-muhendisligi\/wp-json\/wp\/v2\/media?parent=7316"}],"curies":[{"name":"wp","href":"https:\/\/api.w.org\/{rel}","templated":true}]}}