{"id":7427,"date":"2025-11-23T21:26:42","date_gmt":"2025-11-23T18:26:42","guid":{"rendered":"https:\/\/birimler.atauni.edu.tr\/metalurji-ve-malzeme-muhendisligi\/?page_id=7427"},"modified":"2025-12-17T17:59:45","modified_gmt":"2025-12-17T14:59:45","slug":"laboratuvarlar","status":"publish","type":"page","link":"https:\/\/atauni.edu.tr\/metalurji-ve-malzeme-muhendisligi\/laboratuvarlar\/","title":{"rendered":"Laboratuvarlar"},"content":{"rendered":"\t\t<div data-elementor-type=\"wp-page\" data-elementor-id=\"7427\" class=\"elementor elementor-7427\" data-elementor-post-type=\"page\">\n\t\t\t\t\t\t<section class=\"elementor-section elementor-top-section elementor-element elementor-element-3151b9e elementor-section-boxed elementor-section-height-default elementor-section-height-default\" data-id=\"3151b9e\" data-element_type=\"section\">\n\t\t\t\t\t\t<div class=\"elementor-container elementor-column-gap-default\">\n\t\t\t\t\t<div class=\"elementor-column elementor-col-100 elementor-top-column elementor-element elementor-element-9c2df2d\" data-id=\"9c2df2d\" data-element_type=\"column\">\n\t\t\t<div class=\"elementor-widget-wrap elementor-element-populated\">\n\t\t\t\t\t\t<div class=\"elementor-element elementor-element-237638e elementor-widget elementor-widget-html\" data-id=\"237638e\" data-element_type=\"widget\" data-widget_type=\"html.default\">\n\t\t\t\t<div class=\"elementor-widget-container\">\n\t\t\t\t\t<!-- YEB | Laboratuvarlar Blo\u011fu -->\r\n<div class=\"yeb-labs-wrapper\">\r\n  <h2 class=\"yeb-labs-title\">Laboratuvarlar\u0131m\u0131z<\/h2>\r\n  <div class=\"yeb-labs-list\">\r\n    <a href=\"https:\/\/birimler.atauni.edu.tr\/metalurji-ve-malzeme-muhendisligi\/laboratuvar-cevher-zenginlestirme\/\" class=\"yeb-lab-card\">\r\n      <div class=\"yeb-lab-inner\">\r\n        <span class=\"yeb-lab-name\">Cevher Zenginle\u015ftirme ve Hidrometalurji Laboratuvar\u0131<\/span>\r\n        <span class=\"yeb-lab-resp\">Sorumlu: Prof. Dr. G\u00fcl\u015fen Tozsin<\/span>\r\n      <\/div>\r\n    <\/a>\r\n    <a href=\"https:\/\/birimler.atauni.edu.tr\/metalurji-ve-malzeme-muhendisligi\/laboratuvar-isil-islem\" class=\"yeb-lab-card\">\r\n      <div class=\"yeb-lab-inner\">\r\n        <span class=\"yeb-lab-name\">Is\u0131l \u0130\u015flem Laboratuvar\u0131<\/span>\r\n        <span class=\"yeb-lab-resp\">Sorumlu: Dr. \u00d6\u011fretim \u00dcyesi Yunus Emre Benkli<\/span>\r\n      <\/div>\r\n    <\/a>\r\n    <a href=\"https:\/\/birimler.atauni.edu.tr\/metalurji-ve-malzeme-muhendisligi\/laboratuvar-kaynak-teknolojisi\" class=\"yeb-lab-card\">\r\n      <div class=\"yeb-lab-inner\">\r\n        <span class=\"yeb-lab-name\">Kaynak Teknolojisi Laboratuvar\u0131<\/span>\r\n        <span class=\"yeb-lab-resp\">Sorumlu: Do\u00e7.Dr. Engin Kocada\u011fistan<\/span>\r\n      <\/div>\r\n    <\/a>\r\n    <a href=\"https:\/\/birimler.atauni.edu.tr\/metalurji-ve-malzeme-muhendisligi\/laboratuvar-korozyon\/\" class=\"yeb-lab-card\">\r\n      <div class=\"yeb-lab-inner\">\r\n        <span class=\"yeb-lab-name\">Korozyon Lab\u0131ratuvar\u0131<\/span>\r\n        <span class=\"yeb-lab-resp\">Sorumlu: Dr. \u00d6\u011fretim \u00dcyesi Mehmet K\u00fcr\u015fat Dilma\u00e7<\/span>\r\n      <\/div>\r\n    <\/a>\r\n    <a href=\"https:\/\/birimler.atauni.edu.tr\/metalurji-ve-malzeme-muhendisligi\/laboratuvar-mekanik-metalurji\" class=\"yeb-lab-card\">\r\n      <div class=\"yeb-lab-inner\">\r\n        <span class=\"yeb-lab-name\">Polimer Malzemeler Laborauvar\u0131<\/span>\r\n        <span class=\"yeb-lab-resp\">Sorumlu: Prof. Dr. Derya Tekin<\/span>\r\n      <\/div>\r\n    <\/a>\r\n    <a href=\"https:\/\/birimler.atauni.edu.tr\/metalurji-ve-malzeme-muhendisligi\/laboratuvar-toz-metalurjisi\/\" class=\"yeb-lab-card\">\r\n      <div class=\"yeb-lab-inner\">\r\n        <span class=\"yeb-lab-name\">Toz Metalurjisi Laboratuvar\u0131<\/span>\r\n        <span class=\"yeb-lab-resp\">Sorumlu: Do\u00e7 Dr. Meltem L\u00fcle<\/span>\r\n      <\/div>\r\n    <\/a>\r\n    <a href=\"https:\/\/birimler.atauni.edu.tr\/metalurji-ve-malzeme-muhendisligi\/laboratuvar-metalografi\" class=\"yeb-lab-card\">\r\n      <div class=\"yeb-lab-inner\">\r\n        <span class=\"yeb-lab-name\">Y\u00fczey \u0130\u015flemleri Laboraruvar\u0131 1<\/span>\r\n        <span class=\"yeb-lab-resp\">Sorumlu: Do\u00e7. Dr. Sebahattin Yenal Vang\u00f6l\u00fc<\/span>\r\n      <\/div>\r\n    <\/a>\r\n    <a href=\"https:\/\/birimler.atauni.edu.tr\/metalurji-ve-malzeme-muhendisligi\/laboratuvar-yuzey-teknolojisi\" class=\"yeb-lab-card\">\r\n      <div class=\"yeb-lab-inner\">\r\n        <span class=\"yeb-lab-name\">Y\u00fczey \u0130\u015flemleri Laboraruvar\u0131 2<\/span>\r\n        <span class=\"yeb-lab-resp\">Sorumlu: Prof. Dr. Kadri Vefa Ezirmik<\/span>\r\n      <\/div>\r\n    <\/a>\r\n  <\/div>\r\n<\/div>\t\t\t\t<\/div>\n\t\t\t\t<\/div>\n\t\t\t\t\t<\/div>\n\t\t<\/div>\n\t\t\t\t\t<\/div>\n\t\t<\/section>\n\t\t\t\t<\/div>\n\t\t","protected":false},"excerpt":{"rendered":"<p>Laboratuvarlar\u0131m\u0131z Cevher Zenginle\u015ftirme ve Hidrometalurji Laboratuvar\u0131 Sorumlu: Prof. Dr. G\u00fcl\u015fen Tozsin Is\u0131l \u0130\u015flem Laboratuvar\u0131 Sorumlu: Dr. \u00d6\u011fretim \u00dcyesi Yunus Emre Benkli Kaynak Teknolojisi Laboratuvar\u0131 Sorumlu: Do\u00e7.Dr. Engin Kocada\u011fistan Korozyon Lab\u0131ratuvar\u0131 Sorumlu: Dr. \u00d6\u011fretim \u00dcyesi Mehmet K\u00fcr\u015fat Dilma\u00e7 Polimer Malzemeler Laborauvar\u0131 Sorumlu: Prof. Dr. Derya Tekin Toz Metalurjisi Laboratuvar\u0131 Sorumlu: Do\u00e7 Dr. Meltem L\u00fcle Y\u00fczey \u0130\u015flemleri [&hellip;]<\/p>\n","protected":false},"author":649,"featured_media":0,"parent":0,"menu_order":0,"comment_status":"closed","ping_status":"closed","template":"","meta":{"footnotes":""},"class_list":["post-7427","page","type-page","status-publish","hentry"],"_links":{"self":[{"href":"https:\/\/atauni.edu.tr\/metalurji-ve-malzeme-muhendisligi\/wp-json\/wp\/v2\/pages\/7427","targetHints":{"allow":["GET"]}}],"collection":[{"href":"https:\/\/atauni.edu.tr\/metalurji-ve-malzeme-muhendisligi\/wp-json\/wp\/v2\/pages"}],"about":[{"href":"https:\/\/atauni.edu.tr\/metalurji-ve-malzeme-muhendisligi\/wp-json\/wp\/v2\/types\/page"}],"author":[{"embeddable":true,"href":"https:\/\/atauni.edu.tr\/metalurji-ve-malzeme-muhendisligi\/wp-json\/wp\/v2\/users\/649"}],"replies":[{"embeddable":true,"href":"https:\/\/atauni.edu.tr\/metalurji-ve-malzeme-muhendisligi\/wp-json\/wp\/v2\/comments?post=7427"}],"version-history":[{"count":22,"href":"https:\/\/atauni.edu.tr\/metalurji-ve-malzeme-muhendisligi\/wp-json\/wp\/v2\/pages\/7427\/revisions"}],"predecessor-version":[{"id":8278,"href":"https:\/\/atauni.edu.tr\/metalurji-ve-malzeme-muhendisligi\/wp-json\/wp\/v2\/pages\/7427\/revisions\/8278"}],"wp:attachment":[{"href":"https:\/\/atauni.edu.tr\/metalurji-ve-malzeme-muhendisligi\/wp-json\/wp\/v2\/media?parent=7427"}],"curies":[{"name":"wp","href":"https:\/\/api.w.org\/{rel}","templated":true}]}}