{"id":7703,"date":"2025-12-03T21:27:56","date_gmt":"2025-12-03T18:27:56","guid":{"rendered":"https:\/\/birimler.atauni.edu.tr\/metalurji-ve-malzeme-muhendisligi\/?page_id=7703"},"modified":"2025-12-03T22:28:55","modified_gmt":"2025-12-03T19:28:55","slug":"ders-degerlendirme-anketleri","status":"publish","type":"page","link":"https:\/\/atauni.edu.tr\/metalurji-ve-malzeme-muhendisligi\/ders-degerlendirme-anketleri\/","title":{"rendered":"Ders De\u011ferlendirme Anketleri"},"content":{"rendered":"\t\t<div data-elementor-type=\"wp-page\" data-elementor-id=\"7703\" class=\"elementor elementor-7703\" data-elementor-post-type=\"page\">\n\t\t\t\t\t\t<section class=\"elementor-section elementor-top-section elementor-element elementor-element-e76efe1 elementor-section-boxed elementor-section-height-default elementor-section-height-default\" data-id=\"e76efe1\" data-element_type=\"section\">\n\t\t\t\t\t\t<div class=\"elementor-container elementor-column-gap-default\">\n\t\t\t\t\t<div class=\"elementor-column elementor-col-100 elementor-top-column elementor-element elementor-element-ccdf908\" data-id=\"ccdf908\" data-element_type=\"column\">\n\t\t\t<div class=\"elementor-widget-wrap elementor-element-populated\">\n\t\t\t\t\t\t\t<\/div>\n\t\t<\/div>\n\t\t\t\t\t<\/div>\n\t\t<\/section>\n\t\t\t\t<section class=\"elementor-section elementor-top-section elementor-element elementor-element-e60fc52 elementor-section-boxed elementor-section-height-default elementor-section-height-default\" data-id=\"e60fc52\" data-element_type=\"section\">\n\t\t\t\t\t\t<div class=\"elementor-container elementor-column-gap-default\">\n\t\t\t\t\t<div class=\"elementor-column elementor-col-100 elementor-top-column elementor-element elementor-element-5684565\" data-id=\"5684565\" data-element_type=\"column\">\n\t\t\t<div class=\"elementor-widget-wrap elementor-element-populated\">\n\t\t\t\t\t\t<div class=\"elementor-element elementor-element-f9ae4b2 elementor-widget elementor-widget-html\" data-id=\"f9ae4b2\" data-element_type=\"widget\" data-widget_type=\"html.default\">\n\t\t\t\t<div class=\"elementor-widget-container\">\n\t\t\t\t\t<div class=\"ders-anketleri-bg\">\r\n  <div class=\"ders-anketleri-section\">\r\n\r\n    <header class=\"ders-anketleri-header\">\r\n      <div class=\"ders-anketleri-icon\">\ud83d\udcd8<\/div>\r\n      <div>\r\n        <h1 class=\"ders-anketleri-title\">Anketify | Ders De\u011ferlendirme Anketleri<\/h1>\r\n        <p class=\"ders-anketleri-subtitle\">G\u00f6r\u00fc\u015fleriniz, b\u00f6l\u00fcm\u00fcm\u00fcz i\u00e7in yol g\u00f6stericidir.<\/p>\r\n      <\/div>\r\n    <\/header>\r\n\r\n    <section class=\"ders-anketleri-intro\">\r\n      <p>Sevgili \u00d6\u011frencilerimiz,<\/p>\r\n\r\n      <p>\r\n        B\u00f6l\u00fcm\u00fcm\u00fczde y\u00fcr\u00fct\u00fclen e\u011fitim-\u00f6\u011fretim faaliyetlerinin kalitesini art\u0131rmak, ders i\u00e7eriklerini geli\u015ftirmek \r\n        ve sizlere daha verimli bir \u00f6\u011frenme ortam\u0131 sunabilmek amac\u0131yla \r\n        <strong>Ders De\u011ferlendirme Anketleri<\/strong> haz\u0131rlanm\u0131\u015ft\u0131r.\r\n      <\/p>\r\n\r\n      <p>Bu anketler arac\u0131l\u0131\u011f\u0131yla payla\u015ft\u0131\u011f\u0131n\u0131z g\u00f6r\u00fc\u015fler;<\/p>\r\n\r\n      <ul class=\"ders-anketleri-benefits\">\r\n        <li>\u2705 ders i\u00e7eriklerinin g\u00fcncellenmesinde,<\/li>\r\n        <li>\u2705 \u00f6\u011fretim y\u00f6ntemlerinin geli\u015ftirilmesinde,<\/li>\r\n        <li>\u2705 laboratuvar ve uygulama olanaklar\u0131n\u0131n iyile\u015ftirilmesinde,<\/li>\r\n        <li>\u2705 \u00f6l\u00e7me-de\u011ferlendirme s\u00fcre\u00e7lerinin daha adil hale getirilmesinde<\/li>\r\n      <\/ul>\r\n\r\n      <p>do\u011frudan dikkate al\u0131nacakt\u0131r.<\/p>\r\n\r\n      <p>\r\n        Anketlerde verdi\u011finiz t\u00fcm cevaplar <strong>tamamen gizlidir<\/strong> ve yaln\u0131zca istatistiksel de\u011ferlendirme \r\n        amac\u0131yla kullan\u0131lacakt\u0131r. Hi\u00e7bir cevap bireysel olarak de\u011ferlendirilmeyecek, kimli\u011finiz kesinlikle tespit edilmeyecektir.\r\n      <\/p>\r\n\r\n      <p>\r\n        Kat\u0131l\u0131m\u0131n\u0131z, b\u00f6l\u00fcm\u00fcm\u00fcz\u00fcn geli\u015fimi a\u00e7\u0131s\u0131ndan b\u00fcy\u00fck \u00f6nem ta\u015f\u0131maktad\u0131r. \r\n        <strong>Her \u00f6\u011frencimizin g\u00f6r\u00fc\u015f\u00fc de\u011ferlidir.<\/strong>\r\n      <\/p>\r\n\r\n      <p class=\"ders-anketleri-note\">\r\n        A\u015fa\u011f\u0131da, bulundu\u011funuz s\u0131n\u0131f d\u00fczeyine uygun anketlere eri\u015febilirsiniz:\r\n      <\/p>\r\n    <\/section>\r\n\r\n    <section class=\"ders-anketleri-grid\">\r\n      <!-- 1. S\u0131n\u0131f Kart\u0131 -->\r\n      <article class=\"ders-anketleri-card\">\r\n        <h2>\ud83c\udf93 1. S\u0131n\u0131f Ders De\u011ferlendirme Anketleri<\/h2>\r\n        <p>\r\n          Birinci s\u0131n\u0131f \u00f6\u011frencilerimizin g\u00f6r\u00fc\u015fleri, b\u00f6l\u00fcme uyum s\u00fcrecinin iyile\u015ftirilmesi ve \r\n          temel derslerin niteli\u011finin art\u0131r\u0131lmas\u0131 a\u00e7\u0131s\u0131ndan b\u00fcy\u00fck \u00f6nem ta\u015f\u0131maktad\u0131r.\r\n        <\/p>\r\n\r\n        <div class=\"ders-anketleri-qr-area\">\r\n\r\n  <img decoding=\"async\" src=\"http:\/\/birimler.atauni.edu.tr\/metalurji-ve-malzeme-muhendisligi\/wp-content\/uploads\/sites\/138\/2025\/12\/2025-2026-1.-sinif.png\" alt=\"1. S\u0131n\u0131f Ders De\u011ferlendirme Anketi QR Kodu\" class=\"ders-anketleri-qr-img\">\r\n\r\n  <a href=\"https:\/\/www.kulupkariyer.com\/MemnuniyetAnalizi\/index.php\/169612?newtest=Y&amp;lang=tr\" class=\"ders-anketleri-link\" rel=\"noopener\">\r\n    1. S\u0131n\u0131f Anket Linki\r\n  <\/a>\r\n\r\n<\/div>\r\n      <\/article>\r\n\r\n      <!-- 2. S\u0131n\u0131f Kart\u0131 -->\r\n      <article class=\"ders-anketleri-card\">\r\n        <h2>\ud83c\udf93 2. S\u0131n\u0131f Ders De\u011ferlendirme Anketleri<\/h2>\r\n        <p>\r\n          \u0130kinci s\u0131n\u0131f dersleri, mesleki altyap\u0131n\u0131n olu\u015ftu\u011fu kritik bir a\u015famad\u0131r. \r\n          Geri bildirimleriniz, e\u011fitim i\u00e7eri\u011finin daha etkin hale getirilmesine katk\u0131 sa\u011flayacakt\u0131r.\r\n        <\/p>\r\n\r\n        <div class=\"ders-anketleri-qr-area\">\r\n\r\n  <img decoding=\"async\" src=\"http:\/\/birimler.atauni.edu.tr\/metalurji-ve-malzeme-muhendisligi\/wp-content\/uploads\/sites\/138\/2025\/12\/Bos.png\" alt=\"2. S\u0131n\u0131f Ders De\u011ferlendirme Anketi QR Kodu\" class=\"ders-anketleri-qr-img\">\r\n\r\n  <a href=\"BURAYA_ANKET_LINKINI_YAPISTIR\" class=\"ders-anketleri-link\" rel=\"noopener\">\r\n    2. S\u0131n\u0131f Anket Linki\r\n  <\/a>\r\n\r\n<\/div>\r\n      <\/article>\r\n\r\n      <!-- 3. S\u0131n\u0131f Kart\u0131 -->\r\n      <article class=\"ders-anketleri-card\">\r\n        <h2>\ud83c\udf93 3. S\u0131n\u0131f Ders De\u011ferlendirme Anketleri<\/h2>\r\n        <p>\r\n          \u00dc\u00e7\u00fcnc\u00fc s\u0131n\u0131f, alan derslerinin yo\u011funla\u015ft\u0131\u011f\u0131 \u00f6nemli bir d\u00f6nemdir. \r\n          G\u00f6r\u00fc\u015fleriniz, uygulama a\u011f\u0131rl\u0131kl\u0131 derslerin geli\u015ftirilmesi i\u00e7in yol g\u00f6sterici olacakt\u0131r.\r\n        <\/p>\r\n\r\n        <div class=\"ders-anketleri-qr-area\">\r\n\r\n  <img decoding=\"async\" src=\"http:\/\/birimler.atauni.edu.tr\/metalurji-ve-malzeme-muhendisligi\/wp-content\/uploads\/sites\/138\/2025\/12\/Bos.png\" alt=\"3. S\u0131n\u0131f Ders De\u011ferlendirme Anketi QR Kodu\" class=\"ders-anketleri-qr-img\">\r\n\r\n  <a href=\"BURAYA_ANKET_LINKINI_YAPISTIR\" class=\"ders-anketleri-link\" rel=\"noopener\">\r\n    3. S\u0131n\u0131f Anket Linki\r\n  <\/a>\r\n\r\n<\/div>\r\n      <\/article>\r\n\r\n      <!-- 4. S\u0131n\u0131f Kart\u0131 -->\r\n      <article class=\"ders-anketleri-card\">\r\n        <h2>\ud83c\udf93 4. S\u0131n\u0131f Ders De\u011ferlendirme Anketleri<\/h2>\r\n        <p>\r\n          D\u00f6rd\u00fcnc\u00fc s\u0131n\u0131f \u00f6\u011frencilerimiz, program\u0131n genel de\u011ferlendirilmesi a\u00e7\u0131s\u0131ndan kritik bir role sahiptir. \r\n          E\u011fitim s\u00fcrecine dair g\u00f6r\u00fc\u015fleriniz, gelecekteki \u00f6\u011frencilere daha iyi bir sistem sunulmas\u0131na yard\u0131mc\u0131 olacakt\u0131r.\r\n        <\/p>\r\n\r\n        <div class=\"ders-anketleri-qr-area\">\r\n\r\n  <img decoding=\"async\" src=\"http:\/\/birimler.atauni.edu.tr\/metalurji-ve-malzeme-muhendisligi\/wp-content\/uploads\/sites\/138\/2025\/12\/Bos.png\" alt=\"4. S\u0131n\u0131f Ders De\u011ferlendirme Anketi QR Kodu\" class=\"ders-anketleri-qr-img\">\r\n\r\n  <a href=\"BURAYA_ANKET_LINKINI_YAPISTIR\" class=\"ders-anketleri-link\" rel=\"noopener\">\r\n    4. S\u0131n\u0131f Anket Linki\r\n  <\/a>\r\n\r\n<\/div>\r\n      <\/article>\r\n    <\/section>\r\n\r\n    <section class=\"ders-anketleri-footer-text\">\r\n      <p>\r\n        L\u00fctfen her dersi yaln\u0131zca bir kez de\u011ferlendiriniz. Anketleri doldururken g\u00f6r\u00fc\u015flerinizi i\u00e7ten ve ger\u00e7ek\u00e7i \r\n        \u015fekilde belirtmeniz, s\u00fcrecin sa\u011fl\u0131kl\u0131 i\u015flemesi a\u00e7\u0131s\u0131ndan \u00f6nemlidir.\r\n      <\/p>\r\n\r\n      <p class=\"ders-anketleri-thanks\">\r\n        Kat\u0131l\u0131m\u0131n\u0131z i\u00e7in te\u015fekk\u00fcr eder, akademik ba\u015far\u0131n\u0131zda sizlere sa\u011fl\u0131kl\u0131 ve verimli bir d\u00f6nem dileriz.\r\n      <\/p>\r\n    <\/section>\r\n\r\n  <\/div>\r\n<\/div>\t\t\t\t<\/div>\n\t\t\t\t<\/div>\n\t\t\t\t\t<\/div>\n\t\t<\/div>\n\t\t\t\t\t<\/div>\n\t\t<\/section>\n\t\t\t\t<\/div>\n\t\t","protected":false},"excerpt":{"rendered":"<p>\ud83d\udcd8 Anketify | Ders De\u011ferlendirme Anketleri G\u00f6r\u00fc\u015fleriniz, b\u00f6l\u00fcm\u00fcm\u00fcz i\u00e7in yol g\u00f6stericidir. Sevgili \u00d6\u011frencilerimiz, B\u00f6l\u00fcm\u00fcm\u00fczde y\u00fcr\u00fct\u00fclen e\u011fitim-\u00f6\u011fretim faaliyetlerinin kalitesini art\u0131rmak, ders i\u00e7eriklerini geli\u015ftirmek ve sizlere daha verimli bir \u00f6\u011frenme ortam\u0131 sunabilmek amac\u0131yla Ders De\u011ferlendirme Anketleri haz\u0131rlanm\u0131\u015ft\u0131r. Bu anketler arac\u0131l\u0131\u011f\u0131yla payla\u015ft\u0131\u011f\u0131n\u0131z g\u00f6r\u00fc\u015fler; \u2705 ders i\u00e7eriklerinin g\u00fcncellenmesinde, \u2705 \u00f6\u011fretim y\u00f6ntemlerinin geli\u015ftirilmesinde, \u2705 laboratuvar ve uygulama olanaklar\u0131n\u0131n iyile\u015ftirilmesinde, \u2705 [&hellip;]<\/p>\n","protected":false},"author":661,"featured_media":0,"parent":0,"menu_order":0,"comment_status":"closed","ping_status":"closed","template":"","meta":{"footnotes":""},"class_list":["post-7703","page","type-page","status-publish","hentry"],"_links":{"self":[{"href":"https:\/\/atauni.edu.tr\/metalurji-ve-malzeme-muhendisligi\/wp-json\/wp\/v2\/pages\/7703","targetHints":{"allow":["GET"]}}],"collection":[{"href":"https:\/\/atauni.edu.tr\/metalurji-ve-malzeme-muhendisligi\/wp-json\/wp\/v2\/pages"}],"about":[{"href":"https:\/\/atauni.edu.tr\/metalurji-ve-malzeme-muhendisligi\/wp-json\/wp\/v2\/types\/page"}],"author":[{"embeddable":true,"href":"https:\/\/atauni.edu.tr\/metalurji-ve-malzeme-muhendisligi\/wp-json\/wp\/v2\/users\/661"}],"replies":[{"embeddable":true,"href":"https:\/\/atauni.edu.tr\/metalurji-ve-malzeme-muhendisligi\/wp-json\/wp\/v2\/comments?post=7703"}],"version-history":[{"count":58,"href":"https:\/\/atauni.edu.tr\/metalurji-ve-malzeme-muhendisligi\/wp-json\/wp\/v2\/pages\/7703\/revisions"}],"predecessor-version":[{"id":7767,"href":"https:\/\/atauni.edu.tr\/metalurji-ve-malzeme-muhendisligi\/wp-json\/wp\/v2\/pages\/7703\/revisions\/7767"}],"wp:attachment":[{"href":"https:\/\/atauni.edu.tr\/metalurji-ve-malzeme-muhendisligi\/wp-json\/wp\/v2\/media?parent=7703"}],"curies":[{"name":"wp","href":"https:\/\/api.w.org\/{rel}","templated":true}]}}