{"id":7884,"date":"2025-12-13T09:12:44","date_gmt":"2025-12-13T06:12:44","guid":{"rendered":"https:\/\/birimler.atauni.edu.tr\/metalurji-ve-malzeme-muhendisligi\/?page_id=7884"},"modified":"2025-12-13T09:29:33","modified_gmt":"2025-12-13T06:29:33","slug":"staj-ime","status":"publish","type":"page","link":"https:\/\/atauni.edu.tr\/metalurji-ve-malzeme-muhendisligi\/staj-ime\/","title":{"rendered":"Staj &#8211; \u0130ME"},"content":{"rendered":"\t\t<div data-elementor-type=\"wp-page\" data-elementor-id=\"7884\" class=\"elementor elementor-7884\" data-elementor-post-type=\"page\">\n\t\t\t\t\t\t<section class=\"elementor-section elementor-top-section elementor-element elementor-element-f91f308 elementor-section-boxed elementor-section-height-default elementor-section-height-default\" data-id=\"f91f308\" data-element_type=\"section\">\n\t\t\t\t\t\t<div class=\"elementor-container elementor-column-gap-default\">\n\t\t\t\t\t<div class=\"elementor-column elementor-col-100 elementor-top-column elementor-element elementor-element-e6b72b7\" data-id=\"e6b72b7\" data-element_type=\"column\">\n\t\t\t<div class=\"elementor-widget-wrap elementor-element-populated\">\n\t\t\t\t\t\t<div class=\"elementor-element elementor-element-6b61145 elementor-widget elementor-widget-html\" data-id=\"6b61145\" data-element_type=\"widget\" data-widget_type=\"html.default\">\n\t\t\t\t<div class=\"elementor-widget-container\">\n\t\t\t\t\t<section class=\"mme-staj-box\" aria-label=\"Staj ve \u0130ME Bilgilendirme\">\r\n  <div class=\"mme-staj-inner\">\r\n    <div class=\"mme-staj-header\">\r\n      <div class=\"mme-staj-badge\" aria-hidden=\"true\">Bilgilendirme<\/div>\r\n      <h3 class=\"mme-staj-title\">Staj ve \u0130\u015fletmede Mesleki E\u011fitim (\u0130ME)<\/h3>\r\n      <p class=\"mme-staj-lead\">\r\n        Metalurji ve Malzeme M\u00fchendisli\u011fi b\u00f6l\u00fcm\u00fcnde \u00f6\u011frencilerimize iki farkl\u0131 staj yapma se\u00e7ene\u011fi tan\u0131nmaktad\u0131r.\r\n        Uzun d\u00f6nem ve k\u0131sa d\u00f6nem staj olarak de\u011ferlendirebilece\u011fimiz bu stajlardan, staj dersi kapsam\u0131nda 40 i\u015f g\u00fcn\u00fc ile\r\n        tan\u0131mlanan stajlar\u0131n\u0131 yaz\u0131n tamamlayabilmektedirler. \u0130\u015fletmede Mesleki E\u011fitim (\u0130ME) yoluyla uzun d\u00f6nem staj\r\n        se\u00e7ene\u011fini se\u00e7en \u00f6\u011frencilerin ise 2., 4. ve 6. yar\u0131y\u0131llar kapsam\u0131nda alttan en fazla 3 dersi olmas\u0131 ve devam\r\n        \u015fart\u0131n\u0131 yerine getirmedikleri dersinin olmamas\u0131 beklenmektedir. Bu \u015fart\u0131 sa\u011flayan \u00f6\u011frenciler, 8. yar\u0131y\u0131l\u0131n 14\r\n        haftal\u0131k s\u00fcrecini i\u015fletmelerde al\u0131nan mesleki e\u011fitim tan\u0131m\u0131yla uzun d\u00f6nem staj yaparak tamamlayabilmektedirler.\r\n        Uzun d\u00f6nem stajlarda \u00f6\u011frenciler olduk\u00e7a yak\u0131n bir \u015fekilde d\u00f6nem i\u00e7erisinde haftal\u0131k raporlar ve i\u015fletme\r\n        ziyaretleri ile takip edilmektedir. Her iki staj i\u00e7in; \u00f6\u011frencilerden staj sonunda kazand\u0131klar\u0131 deneyimlerle\r\n        birlikte, staj uygulama esaslar\u0131nda istenen sorulara yan\u0131t verecek bir staj raporu haz\u0131rlamalar\u0131 istenmektedir.\r\n      <\/p>\r\n    <\/div>\r\n\r\n\r\n\r\n\r\n\r\n    <div class=\"mme-staj-actions\" role=\"group\" aria-label=\"Staj ba\u011flant\u0131lar\u0131\">\r\n      <a class=\"mme-btn mme-btn-primary\" href=\"https:\/\/birimler.atauni.edu.tr\/metalurji-ve-malzeme-muhendisligi\/staj\/\" target=\"_self\" rel=\"noopener\">\r\n        STAJ SAYFASI\r\n        <span class=\"mme-btn-icon\" aria-hidden=\"true\">\u2192<\/span>\r\n      <\/a>\r\n\r\n      <a class=\"mme-btn mme-btn-ghost\" href=\"https:\/\/birimler.atauni.edu.tr\/metalurji-ve-malzeme-muhendisligi\/isletmede-mesleki-egitim-ime\/\" target=\"_self\" rel=\"noopener\">\r\n        \u0130\u015eLETMEDE MESLEK\u0130 E\u011e\u0130T\u0130M (\u0130ME)\r\n        <span class=\"mme-btn-icon\" aria-hidden=\"true\">\u2192<\/span>\r\n      <\/a>\r\n    <\/div>\r\n\r\n\r\n    \r\n  <\/div>\r\n<\/section>\t\t\t\t<\/div>\n\t\t\t\t<\/div>\n\t\t\t\t\t<\/div>\n\t\t<\/div>\n\t\t\t\t\t<\/div>\n\t\t<\/section>\n\t\t\t\t<\/div>\n\t\t","protected":false},"excerpt":{"rendered":"<p>Bilgilendirme Staj ve \u0130\u015fletmede Mesleki E\u011fitim (\u0130ME) Metalurji ve Malzeme M\u00fchendisli\u011fi b\u00f6l\u00fcm\u00fcnde \u00f6\u011frencilerimize iki farkl\u0131 staj yapma se\u00e7ene\u011fi tan\u0131nmaktad\u0131r. Uzun d\u00f6nem ve k\u0131sa d\u00f6nem staj olarak de\u011ferlendirebilece\u011fimiz bu stajlardan, staj dersi kapsam\u0131nda 40 i\u015f g\u00fcn\u00fc ile tan\u0131mlanan stajlar\u0131n\u0131 yaz\u0131n tamamlayabilmektedirler. \u0130\u015fletmede Mesleki E\u011fitim (\u0130ME) yoluyla uzun d\u00f6nem staj se\u00e7ene\u011fini se\u00e7en \u00f6\u011frencilerin ise 2., 4. ve [&hellip;]<\/p>\n","protected":false},"author":661,"featured_media":0,"parent":0,"menu_order":0,"comment_status":"closed","ping_status":"closed","template":"","meta":{"footnotes":""},"class_list":["post-7884","page","type-page","status-publish","hentry"],"_links":{"self":[{"href":"https:\/\/atauni.edu.tr\/metalurji-ve-malzeme-muhendisligi\/wp-json\/wp\/v2\/pages\/7884","targetHints":{"allow":["GET"]}}],"collection":[{"href":"https:\/\/atauni.edu.tr\/metalurji-ve-malzeme-muhendisligi\/wp-json\/wp\/v2\/pages"}],"about":[{"href":"https:\/\/atauni.edu.tr\/metalurji-ve-malzeme-muhendisligi\/wp-json\/wp\/v2\/types\/page"}],"author":[{"embeddable":true,"href":"https:\/\/atauni.edu.tr\/metalurji-ve-malzeme-muhendisligi\/wp-json\/wp\/v2\/users\/661"}],"replies":[{"embeddable":true,"href":"https:\/\/atauni.edu.tr\/metalurji-ve-malzeme-muhendisligi\/wp-json\/wp\/v2\/comments?post=7884"}],"version-history":[{"count":10,"href":"https:\/\/atauni.edu.tr\/metalurji-ve-malzeme-muhendisligi\/wp-json\/wp\/v2\/pages\/7884\/revisions"}],"predecessor-version":[{"id":7896,"href":"https:\/\/atauni.edu.tr\/metalurji-ve-malzeme-muhendisligi\/wp-json\/wp\/v2\/pages\/7884\/revisions\/7896"}],"wp:attachment":[{"href":"https:\/\/atauni.edu.tr\/metalurji-ve-malzeme-muhendisligi\/wp-json\/wp\/v2\/media?parent=7884"}],"curies":[{"name":"wp","href":"https:\/\/api.w.org\/{rel}","templated":true}]}}