{"id":8563,"date":"2026-01-02T01:08:37","date_gmt":"2026-01-01T22:08:37","guid":{"rendered":"https:\/\/birimler.atauni.edu.tr\/metalurji-ve-malzeme-muhendisligi\/?page_id=8563"},"modified":"2026-01-02T02:05:28","modified_gmt":"2026-01-01T23:05:28","slug":"akademik-ve-bilimsel-faaliyetler","status":"publish","type":"page","link":"https:\/\/atauni.edu.tr\/metalurji-ve-malzeme-muhendisligi\/akademik-ve-bilimsel-faaliyetler\/","title":{"rendered":"Akademik ve Bilimsel Faaliyetler"},"content":{"rendered":"\t\t<div data-elementor-type=\"wp-page\" data-elementor-id=\"8563\" class=\"elementor elementor-8563\" data-elementor-post-type=\"page\">\n\t\t\t\t\t\t<section class=\"elementor-section elementor-top-section elementor-element elementor-element-6d8a1e9 elementor-section-boxed elementor-section-height-default elementor-section-height-default\" data-id=\"6d8a1e9\" data-element_type=\"section\">\n\t\t\t\t\t\t<div class=\"elementor-container elementor-column-gap-default\">\n\t\t\t\t\t<div class=\"elementor-column elementor-col-100 elementor-top-column elementor-element elementor-element-420f126\" data-id=\"420f126\" data-element_type=\"column\">\n\t\t\t<div class=\"elementor-widget-wrap elementor-element-populated\">\n\t\t\t\t\t\t<div class=\"elementor-element elementor-element-9f237fc elementor-widget elementor-widget-html\" data-id=\"9f237fc\" data-element_type=\"widget\" data-widget_type=\"html.default\">\n\t\t\t\t<div class=\"elementor-widget-container\">\n\t\t\t\t\t<section class=\"mme-hub\">\r\n  <div class=\"mme-hub__head\">\r\n    <h3 class=\"mme-hub__title\">Akademik ve Bilimsel Faaliyetler<\/h3>\r\n    <p class=\"mme-hub__sub\">Yay\u0131nlar, projeler ve fikri \u00e7\u0131kt\u0131lar\u0131m\u0131za h\u0131zl\u0131 eri\u015fim.<\/p>\r\n  <\/div>\r\n\r\n  <div class=\"mme-hub__grid\">\r\n\r\n    <a class=\"mme-item mme-item--pub\" href=\"https:\/\/avesis.atauni.edu.tr\/arama?Bulunan%20Kay%C4%B1t%20T%C3%BCrleri[0]=Yay%C4%B1nlar&amp;%C3%9Clke[0]=T%C3%BCrkiye&amp;%C3%87al%C4%B1%C5%9F%C4%B1lan%20Kurum[0]=Atat%C3%BCrk%20%C3%9Cniversitesi&amp;%C3%87al%C4%B1%C5%9F%C4%B1lan%20Fak%C3%BClte[0]=M%C3%BChendislik%20Fak%C3%BCltesi&amp;%C3%87al%C4%B1%C5%9F%C4%B1lan%20B%C3%B6l%C3%BCm[0]=Metalurji%20ve%20Malzeme%20M%C3%BChendisli%C4%9Fi\" target=\"_blank\" rel=\"noopener noreferrer\">\r\n      <div class=\"mme-item__icon\">\ud83d\udcda<\/div>\r\n      <div class=\"mme-item__body\">\r\n        <div class=\"mme-item__title\">Yay\u0131nlar<\/div>\r\n        <div class=\"mme-item__desc\">Makale, bildiri, kitap\/kitap b\u00f6l\u00fcm\u00fc<\/div>\r\n      <\/div>\r\n      <div class=\"mme-item__arrow\">\u2197<\/div>\r\n    <\/a>\r\n\r\n    <a class=\"mme-item mme-item--proj\" href=\"https:\/\/avesis.atauni.edu.tr\/arama?Bulunan%20Kay%C4%B1t%20T%C3%BCrleri[0]=Projeler&amp;%C3%9Clke[0]=T%C3%BCrkiye&amp;%C3%87al%C4%B1%C5%9F%C4%B1lan%20Kurum[0]=Atat%C3%BCrk%20%C3%9Cniversitesi&amp;%C3%87al%C4%B1%C5%9F%C4%B1lan%20Fak%C3%BClte[0]=M%C3%BChendislik%20Fak%C3%BCltesi&amp;%C3%87al%C4%B1%C5%9F%C4%B1lan%20B%C3%B6l%C3%BCm[0]=Metalurji%20ve%20Malzeme%20M%C3%BChendisli%C4%9Fi\" target=\"_blank\" rel=\"noopener noreferrer\">\r\n      <div class=\"mme-item__icon\">\ud83e\udde9<\/div>\r\n      <div class=\"mme-item__body\">\r\n        <div class=\"mme-item__title\">Projeler<\/div>\r\n        <div class=\"mme-item__desc\">Ulusal\/uluslararas\u0131 Ar-Ge \u00e7al\u0131\u015fmalar\u0131<\/div>\r\n      <\/div>\r\n      <div class=\"mme-item__arrow\">\u2197<\/div>\r\n    <\/a>\r\n\r\n    <a class=\"mme-item mme-item--pat\" href=\"https:\/\/avesis.atauni.edu.tr\/arama?Bulunan%20Kay%C4%B1t%20T%C3%BCrleri[0]=Fikri%20M%C3%BClkiyet&amp;%C3%9Clke[0]=T%C3%BCrkiye&amp;%C3%87al%C4%B1%C5%9F%C4%B1lan%20Kurum[0]=Atat%C3%BCrk%20%C3%9Cniversitesi&amp;%C3%87al%C4%B1%C5%9F%C4%B1lan%20Fak%C3%BClte[0]=M%C3%BChendislik%20Fak%C3%BCltesi&amp;%C3%87al%C4%B1%C5%9F%C4%B1lan%20B%C3%B6l%C3%BCm[0]=Metalurji%20ve%20Malzeme%20M%C3%BChendisli%C4%9Fi\" target=\"_blank\" rel=\"noopener noreferrer\">\r\n      <div class=\"mme-item__icon\">\ud83e\uddfe<\/div>\r\n      <div class=\"mme-item__body\">\r\n        <div class=\"mme-item__title\">Fikri M\u00fclkiyet<\/div>\r\n        <div class=\"mme-item__desc\">Tescil ve ba\u015fvuru s\u00fcre\u00e7lerindeki \u00e7\u0131kt\u0131lar<\/div>\r\n      <\/div>\r\n      <div class=\"mme-item__arrow\">\u2197<\/div>\r\n    <\/a>\r\n\r\n    <a class=\"mme-item mme-item--ip\" href=\"https:\/\/avesis.atauni.edu.tr\/arama?Bulunan%20Kay%C4%B1t%20T%C3%BCrleri[0]=%C3%96d%C3%BCller&amp;%C3%9Clke[0]=T%C3%BCrkiye&amp;%C3%87al%C4%B1%C5%9F%C4%B1lan%20Kurum[0]=Atat%C3%BCrk%20%C3%9Cniversitesi&amp;%C3%87al%C4%B1%C5%9F%C4%B1lan%20Fak%C3%BClte[0]=M%C3%BChendislik%20Fak%C3%BCltesi&amp;%C3%87al%C4%B1%C5%9F%C4%B1lan%20B%C3%B6l%C3%BCm[0]=Metalurji%20ve%20Malzeme%20M%C3%BChendisli%C4%9Fi\" target=\"_blank\" rel=\"noopener noreferrer\">\r\n      <div class=\"mme-item__icon\">\ud83d\udee1\ufe0f<\/div>\r\n      <div class=\"mme-item__body\">\r\n        <div class=\"mme-item__title\">\u00d6d\u00fcller<\/div>\r\n        <div class=\"mme-item__desc\"><\/div>\r\n      <\/div>\r\n      <div class=\"mme-item__arrow\">\u2197<\/div>\r\n    <\/a>\r\n\r\n  <\/div>\r\n<\/section>\r\n\t\t\t\t<\/div>\n\t\t\t\t<\/div>\n\t\t\t\t\t<\/div>\n\t\t<\/div>\n\t\t\t\t\t<\/div>\n\t\t<\/section>\n\t\t\t\t<\/div>\n\t\t","protected":false},"excerpt":{"rendered":"<p>Akademik ve Bilimsel Faaliyetler Yay\u0131nlar, projeler ve fikri \u00e7\u0131kt\u0131lar\u0131m\u0131za h\u0131zl\u0131 eri\u015fim. \ud83d\udcda Yay\u0131nlar Makale, bildiri, kitap\/kitap b\u00f6l\u00fcm\u00fc \u2197 \ud83e\udde9 Projeler Ulusal\/uluslararas\u0131 Ar-Ge \u00e7al\u0131\u015fmalar\u0131 \u2197 \ud83e\uddfe Fikri M\u00fclkiyet Tescil ve ba\u015fvuru s\u00fcre\u00e7lerindeki \u00e7\u0131kt\u0131lar \u2197 \ud83d\udee1\ufe0f \u00d6d\u00fcller \u2197<\/p>\n","protected":false},"author":661,"featured_media":0,"parent":0,"menu_order":0,"comment_status":"closed","ping_status":"closed","template":"","meta":{"footnotes":""},"class_list":["post-8563","page","type-page","status-publish","hentry"],"_links":{"self":[{"href":"https:\/\/atauni.edu.tr\/metalurji-ve-malzeme-muhendisligi\/wp-json\/wp\/v2\/pages\/8563","targetHints":{"allow":["GET"]}}],"collection":[{"href":"https:\/\/atauni.edu.tr\/metalurji-ve-malzeme-muhendisligi\/wp-json\/wp\/v2\/pages"}],"about":[{"href":"https:\/\/atauni.edu.tr\/metalurji-ve-malzeme-muhendisligi\/wp-json\/wp\/v2\/types\/page"}],"author":[{"embeddable":true,"href":"https:\/\/atauni.edu.tr\/metalurji-ve-malzeme-muhendisligi\/wp-json\/wp\/v2\/users\/661"}],"replies":[{"embeddable":true,"href":"https:\/\/atauni.edu.tr\/metalurji-ve-malzeme-muhendisligi\/wp-json\/wp\/v2\/comments?post=8563"}],"version-history":[{"count":28,"href":"https:\/\/atauni.edu.tr\/metalurji-ve-malzeme-muhendisligi\/wp-json\/wp\/v2\/pages\/8563\/revisions"}],"predecessor-version":[{"id":8609,"href":"https:\/\/atauni.edu.tr\/metalurji-ve-malzeme-muhendisligi\/wp-json\/wp\/v2\/pages\/8563\/revisions\/8609"}],"wp:attachment":[{"href":"https:\/\/atauni.edu.tr\/metalurji-ve-malzeme-muhendisligi\/wp-json\/wp\/v2\/media?parent=8563"}],"curies":[{"name":"wp","href":"https:\/\/api.w.org\/{rel}","templated":true}]}}