{"id":8576,"date":"2026-01-02T01:29:43","date_gmt":"2026-01-01T22:29:43","guid":{"rendered":"https:\/\/birimler.atauni.edu.tr\/metalurji-ve-malzeme-muhendisligi\/?page_id=8576"},"modified":"2026-01-02T02:11:00","modified_gmt":"2026-01-01T23:11:00","slug":"topluma-katki","status":"publish","type":"page","link":"https:\/\/atauni.edu.tr\/metalurji-ve-malzeme-muhendisligi\/topluma-katki\/","title":{"rendered":"Topluma Katk\u0131"},"content":{"rendered":"\t\t<div data-elementor-type=\"wp-page\" data-elementor-id=\"8576\" class=\"elementor elementor-8576\" data-elementor-post-type=\"page\">\n\t\t\t\t\t\t<section class=\"elementor-section elementor-top-section elementor-element elementor-element-3250613 elementor-section-boxed elementor-section-height-default elementor-section-height-default\" data-id=\"3250613\" data-element_type=\"section\">\n\t\t\t\t\t\t<div class=\"elementor-container elementor-column-gap-default\">\n\t\t\t\t\t<div class=\"elementor-column elementor-col-100 elementor-top-column elementor-element elementor-element-cee9706\" data-id=\"cee9706\" data-element_type=\"column\">\n\t\t\t<div class=\"elementor-widget-wrap elementor-element-populated\">\n\t\t\t\t\t\t<div class=\"elementor-element elementor-element-9b35b51 elementor-widget elementor-widget-html\" data-id=\"9b35b51\" data-element_type=\"widget\" data-widget_type=\"html.default\">\n\t\t\t\t<div class=\"elementor-widget-container\">\n\t\t\t\t\t<section class=\"sdg-hub\">\r\n  <div class=\"sdg-hub__head\">\r\n    <h3 class=\"sdg-hub__title\">S\u00fcrd\u00fcr\u00fclebilirlik ve Toplumsal Katk\u0131<\/h3>\r\n    <p class=\"sdg-hub__sub\">S\u00fcrd\u00fcr\u00fclebilir kalk\u0131nma \u00e7al\u0131\u015fmalar\u0131 ve topluma katk\u0131 faaliyetlerimize h\u0131zl\u0131 eri\u015fim.<\/p>\r\n  <\/div>\r\n\r\n  <div class=\"sdg-hub__grid\">\r\n\r\n    <a class=\"sdg-card sdg-card--tools\" href=\"https:\/\/avesis.atauni.edu.tr\/surdurulebilirlik\" target=\"_blank\" rel=\"noopener noreferrer\">\r\n      <div class=\"sdg-card__icon\">\ud83c\udf3f<\/div>\r\n      <div class=\"sdg-card__body\">\r\n        <div class=\"sdg-card__title\">S\u00fcrd\u00fcr\u00fclebilir Kalk\u0131nma Ara\u00e7lar\u0131<\/div>\r\n        <div class=\"sdg-card__desc\">SDG odakl\u0131 ara\u00e7lar, y\u00f6nlendirmeler ve kaynaklar.<\/div>\r\n        <div class=\"sdg-card__meta\">\r\n          <span class=\"sdg-pill\">SDG<\/span>\r\n          <span class=\"sdg-pill\">S\u00fcrd\u00fcr\u00fclebilirlik<\/span>\r\n        <\/div>\r\n      <\/div>\r\n      <div class=\"sdg-card__arrow\">\u2197<\/div>\r\n    <\/a>\r\n\r\n    <a class=\"sdg-card sdg-card--impact\" href=\"https:\/\/avesis.atauni.edu.tr\/arama?SDG[0]=SA%C4%9ELIKLI%20B%C4%B0REYLER&amp;SDG[1]=SANAY%C4%B0%2C%20YEN%C4%B0L%C4%B0K%C3%87%C4%B0L%C4%B0K%20VE%20ALTYAPI&amp;SDG[2]=SORUMLU%20%C3%9CRET%C4%B0M%20VE%20T%C3%9CKET%C4%B0M&amp;SDG[3]=TEM%C4%B0Z%20SU%20VE%20SIHH%C4%B0%20KO%C5%9EULLAR&amp;SDG[4]=N%C4%B0TEL%C4%B0KL%C4%B0%20E%C4%9E%C4%B0T%C4%B0M&amp;SDG[5]=ER%C4%B0%C5%9E%C4%B0LEB%C4%B0L%C4%B0R%20VE%20TEM%C4%B0Z%20ENERJ%C4%B0&amp;SDG[6]=%C4%B0KL%C4%B0M%20EYLEM%C4%B0&amp;%C3%9Clke[0]=T%C3%BCrkiye&amp;%C3%87al%C4%B1%C5%9F%C4%B1lan%20Kurum[0]=Atat%C3%BCrk%20%C3%9Cniversitesi&amp;%C3%87al%C4%B1%C5%9F%C4%B1lan%20Fak%C3%BClte[0]=M%C3%BChendislik%20Fak%C3%BCltesi&amp;%C3%87al%C4%B1%C5%9F%C4%B1lan%20B%C3%B6l%C3%BCm[0]=Metalurji%20ve%20Malzeme%20M%C3%BChendisli%C4%9Fi\" target=\"_blank\" rel=\"noopener noreferrer\">\r\n      <div class=\"sdg-card__icon\">\ud83e\udd1d<\/div>\r\n      <div class=\"sdg-card__body\">\r\n        <div class=\"sdg-card__title\">Topluma Katk\u0131 Faaliyetleri<\/div>\r\n        <div class=\"sdg-card__desc\">S\u00fcrd\u00fcr\u00fclebilir kalk\u0131nma ama\u00e7lar\u0131na katk\u0131 sa\u011flayan etkinlik ve \u00e7al\u0131\u015fmalar.<\/div>\r\n        <div class=\"sdg-card__meta\">\r\n          <span class=\"sdg-pill\">Toplumsal Katk\u0131<\/span>\r\n          <span class=\"sdg-pill\">Etkinlikler<\/span>\r\n        <\/div>\r\n      <\/div>\r\n      <div class=\"sdg-card__arrow\">\u2197<\/div>\r\n    <\/a>\r\n\r\n  <\/div>\r\n<\/section>\r\n\t\t\t\t<\/div>\n\t\t\t\t<\/div>\n\t\t\t\t\t<\/div>\n\t\t<\/div>\n\t\t\t\t\t<\/div>\n\t\t<\/section>\n\t\t\t\t<\/div>\n\t\t","protected":false},"excerpt":{"rendered":"<p>S\u00fcrd\u00fcr\u00fclebilirlik ve Toplumsal Katk\u0131 S\u00fcrd\u00fcr\u00fclebilir kalk\u0131nma \u00e7al\u0131\u015fmalar\u0131 ve topluma katk\u0131 faaliyetlerimize h\u0131zl\u0131 eri\u015fim. \ud83c\udf3f S\u00fcrd\u00fcr\u00fclebilir Kalk\u0131nma Ara\u00e7lar\u0131 SDG odakl\u0131 ara\u00e7lar, y\u00f6nlendirmeler ve kaynaklar. SDG S\u00fcrd\u00fcr\u00fclebilirlik \u2197 \ud83e\udd1d Topluma Katk\u0131 Faaliyetleri S\u00fcrd\u00fcr\u00fclebilir kalk\u0131nma ama\u00e7lar\u0131na katk\u0131 sa\u011flayan etkinlik ve \u00e7al\u0131\u015fmalar. Toplumsal Katk\u0131 Etkinlikler \u2197<\/p>\n","protected":false},"author":661,"featured_media":0,"parent":0,"menu_order":0,"comment_status":"closed","ping_status":"closed","template":"","meta":{"footnotes":""},"class_list":["post-8576","page","type-page","status-publish","hentry"],"_links":{"self":[{"href":"https:\/\/atauni.edu.tr\/metalurji-ve-malzeme-muhendisligi\/wp-json\/wp\/v2\/pages\/8576","targetHints":{"allow":["GET"]}}],"collection":[{"href":"https:\/\/atauni.edu.tr\/metalurji-ve-malzeme-muhendisligi\/wp-json\/wp\/v2\/pages"}],"about":[{"href":"https:\/\/atauni.edu.tr\/metalurji-ve-malzeme-muhendisligi\/wp-json\/wp\/v2\/types\/page"}],"author":[{"embeddable":true,"href":"https:\/\/atauni.edu.tr\/metalurji-ve-malzeme-muhendisligi\/wp-json\/wp\/v2\/users\/661"}],"replies":[{"embeddable":true,"href":"https:\/\/atauni.edu.tr\/metalurji-ve-malzeme-muhendisligi\/wp-json\/wp\/v2\/comments?post=8576"}],"version-history":[{"count":16,"href":"https:\/\/atauni.edu.tr\/metalurji-ve-malzeme-muhendisligi\/wp-json\/wp\/v2\/pages\/8576\/revisions"}],"predecessor-version":[{"id":8612,"href":"https:\/\/atauni.edu.tr\/metalurji-ve-malzeme-muhendisligi\/wp-json\/wp\/v2\/pages\/8576\/revisions\/8612"}],"wp:attachment":[{"href":"https:\/\/atauni.edu.tr\/metalurji-ve-malzeme-muhendisligi\/wp-json\/wp\/v2\/media?parent=8576"}],"curies":[{"name":"wp","href":"https:\/\/api.w.org\/{rel}","templated":true}]}}