{"id":8780,"date":"2026-04-17T03:59:46","date_gmt":"2026-04-17T00:59:46","guid":{"rendered":"https:\/\/atauni.edu.tr\/metalurji-ve-malzeme-muhendisligi\/?page_id=8780"},"modified":"2026-04-20T03:05:35","modified_gmt":"2026-04-20T00:05:35","slug":"paydaslarimiz","status":"publish","type":"page","link":"https:\/\/atauni.edu.tr\/metalurji-ve-malzeme-muhendisligi\/paydaslarimiz\/","title":{"rendered":"Payda\u015flar\u0131m\u0131z"},"content":{"rendered":"\t\t<div data-elementor-type=\"wp-page\" data-elementor-id=\"8780\" class=\"elementor elementor-8780\" data-elementor-post-type=\"page\">\n\t\t\t\t\t\t<section class=\"elementor-section elementor-top-section elementor-element elementor-element-4de583f elementor-section-boxed elementor-section-height-default elementor-section-height-default\" data-id=\"4de583f\" data-element_type=\"section\">\n\t\t\t\t\t\t<div class=\"elementor-container elementor-column-gap-default\">\n\t\t\t\t\t<div class=\"elementor-column elementor-col-100 elementor-top-column elementor-element elementor-element-6e044dc\" data-id=\"6e044dc\" data-element_type=\"column\">\n\t\t\t<div class=\"elementor-widget-wrap elementor-element-populated\">\n\t\t\t\t\t\t<div class=\"elementor-element elementor-element-ab8b889 elementor-widget elementor-widget-html\" data-id=\"ab8b889\" data-element_type=\"widget\" data-widget_type=\"html.default\">\n\t\t\t\t<div class=\"elementor-widget-container\">\n\t\t\t\t\t<div class=\"dis-paydas-wrap\">\n  <div class=\"dis-paydas-box\">\n    <div class=\"dis-paydas-head\">\n      <h2 class=\"dis-paydas-title\">B\u00f6l\u00fcm\u00fcm\u00fcz\u00fcn D\u0131\u015f Payda\u015flar\u0131<\/h2>\n      <p class=\"dis-paydas-desc\">\n        B\u00f6l\u00fcm\u00fcm\u00fcz, akademi ve sanayi i\u015f birliklerini g\u00fc\u00e7lendiren d\u0131\u015f payda\u015flar\u0131yla etkile\u015fim i\u00e7inde \u00e7al\u0131\u015fmalar\u0131n\u0131 s\u00fcrd\u00fcrmektedir.\n        Bu liste, ihtiya\u00e7lar ve i\u015f birlikleri do\u011frultusunda zaman i\u00e7erisinde g\u00fcncellenebilmektedir.\n      <\/p>\n    <\/div>\n\n    <div class=\"dis-paydas-grid\">\n\n      <div class=\"dis-paydas-card\">\n        <h3 class=\"dis-paydas-org\">Assan Al\u00fcminyum San. ve Tic. A.\u015e.<\/h3>\n        <p class=\"dis-paydas-person\">\n          <strong>Hatice Mollao\u011flu Altuner<\/strong><br>\n          <span class=\"dis-paydas-role\">Ar-Ge M\u00fcd\u00fcr\u00fc \/ Dr.<\/span>\n        <\/p>\n      <\/div>\n      \n      \n      <div class=\"dis-paydas-card\">\n        <h3 class=\"dis-paydas-org\">Eti Krom A.\u015e.<\/h3>\n        <p class=\"dis-paydas-person\">\n          <strong>Hande Ard\u0131\u00e7o\u011flu<\/strong><br>\n          <span class=\"dis-paydas-role\">K\u0131demli Ar-Ge M\u00fchendisi<\/span>\n        <\/p>\n      <\/div>\n      \n\n      <div class=\"dis-paydas-card\">\n        <h3 class=\"dis-paydas-org\">ARFEM Al\u00fcminyum<\/h3>\n        <p class=\"dis-paydas-person\">\n          <strong>Gamze Tosun<\/strong><br>\n          <span class=\"dis-paydas-role\">Teknik Ofis ve Kal\u0131phane \u015eefi<\/span>\n        <\/p>\n      <\/div>\n\n      <div class=\"dis-paydas-card\">\n        <h3 class=\"dis-paydas-org\">F\u0131rat \u00dcniversitesi<\/h3>\n        <p class=\"dis-paydas-person\">\n          <strong>Mustafa Boyrazl\u0131<\/strong><br>\n          <span class=\"dis-paydas-role\">Akademisyen \/ Prof. Dr.<\/span>\n        <\/p>\n      <\/div>\n\n      <div class=\"dis-paydas-card\">\n        <h3 class=\"dis-paydas-org\">Tan \u00c7elik D\u00f6k\u00fcm A.\u015e.<\/h3>\n        <p class=\"dis-paydas-person\">\n          <strong>Vahit Tan<\/strong><br>\n          <span class=\"dis-paydas-role\">Metalurji ve Malzeme M\u00fchendisi<\/span>\n        <\/p>\n      <\/div>\n\n      <div class=\"dis-paydas-card\">\n        <h3 class=\"dis-paydas-org\">Tu\u011f\u00e7elik Al\u00fcminyum<\/h3>\n        <p class=\"dis-paydas-person\">\n          <strong>Ramin Deniz<\/strong><br>\n          <span class=\"dis-paydas-role\">\u00dcretim M\u00fcd\u00fcr\u00fc<\/span>\n        <\/p>\n      <\/div>\n      \n      <div class=\"dis-paydas-card\">\n        <h3 class=\"dis-paydas-org\">Turkmag Madencilik Sanayi T.A.\u015e.<\/h3>\n        <p class=\"dis-paydas-person\">\n          <strong>Battal Kenan<\/strong><br>\n          <span class=\"dis-paydas-role\">\u0130nsan Kaynaklar\u0131 M\u00fcd\u00fcr\u00fc<\/span>\n        <\/p>\n      <\/div>\n      \n      <div class=\"dis-paydas-card\">\n        <h3 class=\"dis-paydas-org\">Asa\u015f Al\u00fcminyum <\/h3>\n        <p class=\"dis-paydas-person\">\n          <strong>B\u00d6zlem Y\u00fcksel<\/strong><br>\n          <span class=\"dis-paydas-role\">Teknoloji Geli\u015ftirme K\u0131demli Uzman\u0131<\/span>\n        <\/p>\n      <\/div>\n\n      \n\n    <\/div>\n  <\/div>\n<\/div>\t\t\t\t<\/div>\n\t\t\t\t<\/div>\n\t\t\t\t\t<\/div>\n\t\t<\/div>\n\t\t\t\t\t<\/div>\n\t\t<\/section>\n\t\t\t\t<\/div>\n\t\t","protected":false},"excerpt":{"rendered":"<p>B\u00f6l\u00fcm\u00fcm\u00fcz\u00fcn D\u0131\u015f Payda\u015flar\u0131 B\u00f6l\u00fcm\u00fcm\u00fcz, akademi ve sanayi i\u015f birliklerini g\u00fc\u00e7lendiren d\u0131\u015f payda\u015flar\u0131yla etkile\u015fim i\u00e7inde \u00e7al\u0131\u015fmalar\u0131n\u0131 s\u00fcrd\u00fcrmektedir. Bu liste, ihtiya\u00e7lar ve i\u015f birlikleri do\u011frultusunda zaman i\u00e7erisinde g\u00fcncellenebilmektedir. Assan Al\u00fcminyum San. ve Tic. A.\u015e. Hatice Mollao\u011flu Altuner Ar-Ge M\u00fcd\u00fcr\u00fc \/ Dr. Eti Krom A.\u015e. Hande Ard\u0131\u00e7o\u011flu K\u0131demli Ar-Ge M\u00fchendisi ARFEM Al\u00fcminyum Gamze Tosun Teknik Ofis ve Kal\u0131phane [&hellip;]<\/p>\n","protected":false},"author":661,"featured_media":0,"parent":0,"menu_order":0,"comment_status":"closed","ping_status":"closed","template":"","meta":{"footnotes":""},"class_list":["post-8780","page","type-page","status-publish","hentry"],"_links":{"self":[{"href":"https:\/\/atauni.edu.tr\/metalurji-ve-malzeme-muhendisligi\/wp-json\/wp\/v2\/pages\/8780","targetHints":{"allow":["GET"]}}],"collection":[{"href":"https:\/\/atauni.edu.tr\/metalurji-ve-malzeme-muhendisligi\/wp-json\/wp\/v2\/pages"}],"about":[{"href":"https:\/\/atauni.edu.tr\/metalurji-ve-malzeme-muhendisligi\/wp-json\/wp\/v2\/types\/page"}],"author":[{"embeddable":true,"href":"https:\/\/atauni.edu.tr\/metalurji-ve-malzeme-muhendisligi\/wp-json\/wp\/v2\/users\/661"}],"replies":[{"embeddable":true,"href":"https:\/\/atauni.edu.tr\/metalurji-ve-malzeme-muhendisligi\/wp-json\/wp\/v2\/comments?post=8780"}],"version-history":[{"count":22,"href":"https:\/\/atauni.edu.tr\/metalurji-ve-malzeme-muhendisligi\/wp-json\/wp\/v2\/pages\/8780\/revisions"}],"predecessor-version":[{"id":8804,"href":"https:\/\/atauni.edu.tr\/metalurji-ve-malzeme-muhendisligi\/wp-json\/wp\/v2\/pages\/8780\/revisions\/8804"}],"wp:attachment":[{"href":"https:\/\/atauni.edu.tr\/metalurji-ve-malzeme-muhendisligi\/wp-json\/wp\/v2\/media?parent=8780"}],"curies":[{"name":"wp","href":"https:\/\/api.w.org\/{rel}","templated":true}]}}