{"id":5682,"date":"2021-07-13T10:10:01","date_gmt":"2021-07-13T07:10:01","guid":{"rendered":"https:\/\/portaltest.atauni.edu.tr\/bilgisayar-muhendisligi\/?page_id=5682"},"modified":"2025-09-02T14:41:35","modified_gmt":"2025-09-02T11:41:35","slug":"misyon-vizyon-ve-temel-degerler","status":"publish","type":"page","link":"https:\/\/atauni.edu.tr\/mimarlik-bolumu\/misyon-vizyon-ve-temel-degerler\/","title":{"rendered":"Misyon, Vizyon ve Temel De\u011ferler"},"content":{"rendered":"\t\t<div data-elementor-type=\"wp-page\" data-elementor-id=\"5682\" class=\"elementor elementor-5682\" data-elementor-post-type=\"page\">\n\t\t\t\t\t\t<section class=\"elementor-section elementor-top-section elementor-element elementor-element-9be811a elementor-section-stretched elementor-section-boxed elementor-section-height-default elementor-section-height-default\" data-id=\"9be811a\" data-element_type=\"section\" data-settings=\"{&quot;stretch_section&quot;:&quot;section-stretched&quot;}\">\n\t\t\t\t\t\t<div class=\"elementor-container elementor-column-gap-default\">\n\t\t\t\t\t<div class=\"elementor-column elementor-col-100 elementor-top-column elementor-element elementor-element-1ed847b7\" data-id=\"1ed847b7\" data-element_type=\"column\">\n\t\t\t<div class=\"elementor-widget-wrap elementor-element-populated\">\n\t\t\t\t\t\t<div class=\"elementor-element elementor-element-4ce0d07f elementor-widget elementor-widget-heading\" data-id=\"4ce0d07f\" data-element_type=\"widget\" data-widget_type=\"heading.default\">\n\t\t\t\t<div class=\"elementor-widget-container\">\n\t\t\t\t\t<h2 class=\"elementor-heading-title elementor-size-default\">Misyon, Vizyon ve Temel De\u011ferler<\/h2>\t\t\t\t<\/div>\n\t\t\t\t<\/div>\n\t\t\t\t<div class=\"elementor-element elementor-element-63260862 elementor-widget-divider--view-line elementor-widget elementor-widget-divider\" data-id=\"63260862\" data-element_type=\"widget\" data-widget_type=\"divider.default\">\n\t\t\t\t<div class=\"elementor-widget-container\">\n\t\t\t\t\t\t\t<div class=\"elementor-divider\">\n\t\t\t<span class=\"elementor-divider-separator\">\n\t\t\t\t\t\t<\/span>\n\t\t<\/div>\n\t\t\t\t\t\t<\/div>\n\t\t\t\t<\/div>\n\t\t\t\t\t<\/div>\n\t\t<\/div>\n\t\t\t\t\t<\/div>\n\t\t<\/section>\n\t\t\t\t<section class=\"elementor-section elementor-top-section elementor-element elementor-element-730d320 elementor-section-boxed elementor-section-height-default elementor-section-height-default\" data-id=\"730d320\" data-element_type=\"section\">\n\t\t\t\t\t\t<div class=\"elementor-container elementor-column-gap-default\">\n\t\t\t\t\t<div class=\"elementor-column elementor-col-100 elementor-top-column elementor-element elementor-element-753d0860\" data-id=\"753d0860\" data-element_type=\"column\">\n\t\t\t<div class=\"elementor-widget-wrap elementor-element-populated\">\n\t\t\t\t\t\t<div class=\"elementor-element elementor-element-dd9ed1a elementor-widget elementor-widget-text-editor\" data-id=\"dd9ed1a\" data-element_type=\"widget\" data-widget_type=\"text-editor.default\">\n\t\t\t\t<div class=\"elementor-widget-container\">\n\t\t\t\t\t\t\t\t\t<p><strong>Misyon<\/strong><\/p><p>Yeni yakla\u015f\u0131mlar do\u011frultusunda gelece\u011fe y\u00f6nelik bir e\u011fitim sunarak, toplumsal ve \u00e7evresel bilince sahip; sanat, teknoloji ve teknik bilimlerde donan\u0131ml\u0131, kuram ve uygulama alan\u0131nda yetkin; sorgulayan; tart\u0131\u015fabilen; ba\u011f\u0131ms\u0131z ve ele\u015ftirel d\u00fc\u015f\u00fcnebilen; g\u00fcncel kentsel ve mimari sorunlara \u00e7\u00f6z\u00fcmler \u00fcretebilen; disiplinler aras\u0131 i\u015fbirli\u011fi kurabilen; etik ve estetik de\u011ferler ta\u015f\u0131yan ara\u015ft\u0131rmac\u0131 mimarlar yeti\u015ftirme ama\u00e7lanmaktad\u0131r.<\/p><p><strong>Vizyon<\/strong><\/p><p>Etik ve estetik de\u011ferlere sahip ara\u015ft\u0131ran, sorgulayan, ele\u015ftiren, yenilik\u00e7i, dinamik, \u00fcretken, \u00e7evreye duyal\u0131, \u00e7a\u011fda\u015f mimar ve akademisyenler yeti\u015ftirme, ulusal ve uluslararas\u0131 d\u00fczeyde akademik \u00e7al\u0131\u015fmalar \u00fcretme, e\u011fitim ve ara\u015ft\u0131rmada disiplinler aras\u0131 i\u015fbirli\u011fi kurma, i\u00e7 ve d\u0131\u015f payda\u015flarla birlikte kamuya hizmet etme, lisans\u00fcst\u00fc programlar\u0131 ile mesleki e\u011fitimin devaml\u0131l\u0131\u011f\u0131n\u0131 sa\u011flama, b\u00f6lgesel ve ulusal \u00f6l\u00e7ekli mimari sorunlara \u00e7\u00f6z\u00fcmler \u00fcretebilme, \u00e7a\u011fda\u015f bir e\u011fitim ve \u00e7al\u0131\u015fma ortam\u0131 sunma hedeflenmektedir.<\/p><p><strong>Birimin Hedefleri<\/strong><\/p><ul><li>Mimarl\u0131k alan\u0131nda yetkin, estetik, teknik, yarat\u0131c\u0131, analitik beceriye sahip meslek insan\u0131 yeti\u015ftirmek,<\/li><li>Mesleki etik de\u011ferleri olan, d\u00fcr\u00fcst, toplumla ve kendisi ile bar\u0131\u015f\u0131k, kendini ele\u015ftirebilen, sorgulayan, insanlar ve binalar aras\u0131ndaki ili\u015fkileri anlayan, kuran, mek\u00e2n yaratan mimar\u0131 yeti\u015ftirmek,<\/li><li>Uluslararas\u0131 \u00f6l\u00e7\u00fctlere e\u015fde\u011fer, kuram ve uygulamada ekonomik, k\u00fclt\u00fcrel, tarihsel toplumsal, \u00e7evresel ve benzeri gereklerle ilgili etkenleri g\u00f6z \u00f6n\u00fcne alan, yarat\u0131c\u0131, yenilik\u00e7i d\u00fc\u015f\u00fcnce becerisi kazanm\u0131\u015f, disiplinler aras\u0131 i\u015fbirli\u011fi kurabilen mimarlar yeti\u015fmesini sa\u011flamak,<\/li><li>\u00dclkesel \u00f6l\u00e7ekte s\u00f6z sahibi olan, di\u011fer b\u00f6l\u00fcmlerle i\u015fbirli\u011fi kurabilen, akademik \u00e7al\u0131\u015fmalar\u0131 ile kendi bilimsel alan\u0131nda y\u00f6nlendirici olan akademisyenler yeti\u015ftirmek,<\/li><li>Bulundu\u011fu co\u011frafyada yap\u0131lacak mimari \u00e7al\u0131\u015fmalara y\u00f6n vermek, \u0131\u015f\u0131k tutmak ve bu yolla y\u00f6renin geli\u015fmesine katk\u0131da bulunmak.<\/li><\/ul>\t\t\t\t\t\t\t\t<\/div>\n\t\t\t\t<\/div>\n\t\t\t\t\t<\/div>\n\t\t<\/div>\n\t\t\t\t\t<\/div>\n\t\t<\/section>\n\t\t\t\t<\/div>\n\t\t","protected":false},"excerpt":{"rendered":"<p>Misyon, Vizyon ve Temel De\u011ferler Misyon Yeni yakla\u015f\u0131mlar do\u011frultusunda gelece\u011fe y\u00f6nelik bir e\u011fitim sunarak, toplumsal ve \u00e7evresel bilince sahip; sanat, teknoloji ve teknik bilimlerde donan\u0131ml\u0131, kuram ve uygulama alan\u0131nda yetkin; sorgulayan; tart\u0131\u015fabilen; ba\u011f\u0131ms\u0131z ve ele\u015ftirel d\u00fc\u015f\u00fcnebilen; g\u00fcncel kentsel ve mimari sorunlara \u00e7\u00f6z\u00fcmler \u00fcretebilen; disiplinler aras\u0131 i\u015fbirli\u011fi kurabilen; etik ve estetik de\u011ferler ta\u015f\u0131yan ara\u015ft\u0131rmac\u0131 mimarlar yeti\u015ftirme [&hellip;]<\/p>\n","protected":false},"author":1,"featured_media":0,"parent":0,"menu_order":0,"comment_status":"closed","ping_status":"closed","template":"elementor_header_footer","meta":{"footnotes":""},"class_list":["post-5682","page","type-page","status-publish","hentry"],"_links":{"self":[{"href":"https:\/\/atauni.edu.tr\/mimarlik-bolumu\/wp-json\/wp\/v2\/pages\/5682","targetHints":{"allow":["GET"]}}],"collection":[{"href":"https:\/\/atauni.edu.tr\/mimarlik-bolumu\/wp-json\/wp\/v2\/pages"}],"about":[{"href":"https:\/\/atauni.edu.tr\/mimarlik-bolumu\/wp-json\/wp\/v2\/types\/page"}],"author":[{"embeddable":true,"href":"https:\/\/atauni.edu.tr\/mimarlik-bolumu\/wp-json\/wp\/v2\/users\/1"}],"replies":[{"embeddable":true,"href":"https:\/\/atauni.edu.tr\/mimarlik-bolumu\/wp-json\/wp\/v2\/comments?post=5682"}],"version-history":[{"count":44,"href":"https:\/\/atauni.edu.tr\/mimarlik-bolumu\/wp-json\/wp\/v2\/pages\/5682\/revisions"}],"predecessor-version":[{"id":7179,"href":"https:\/\/atauni.edu.tr\/mimarlik-bolumu\/wp-json\/wp\/v2\/pages\/5682\/revisions\/7179"}],"wp:attachment":[{"href":"https:\/\/atauni.edu.tr\/mimarlik-bolumu\/wp-json\/wp\/v2\/media?parent=5682"}],"curies":[{"name":"wp","href":"https:\/\/api.w.org\/{rel}","templated":true}]}}