{"id":5728,"date":"2021-07-13T11:33:38","date_gmt":"2021-07-13T08:33:38","guid":{"rendered":"https:\/\/portaltest.atauni.edu.tr\/bilgisayar-muhendisligi\/?page_id=5728"},"modified":"2022-08-08T11:49:31","modified_gmt":"2022-08-08T08:49:31","slug":"bolum-tanitimi","status":"publish","type":"page","link":"https:\/\/atauni.edu.tr\/mimarlik-bolumu\/bolum-tanitimi\/","title":{"rendered":"B\u00f6l\u00fcm Tan\u0131t\u0131m\u0131"},"content":{"rendered":"\t\t<div data-elementor-type=\"wp-page\" data-elementor-id=\"5728\" class=\"elementor elementor-5728\" data-elementor-post-type=\"page\">\n\t\t\t\t\t\t<section class=\"elementor-section elementor-top-section elementor-element elementor-element-730d320 elementor-section-boxed elementor-section-height-default elementor-section-height-default\" data-id=\"730d320\" data-element_type=\"section\">\n\t\t\t\t\t\t<div class=\"elementor-container elementor-column-gap-default\">\n\t\t\t\t\t<div class=\"elementor-column elementor-col-100 elementor-top-column elementor-element elementor-element-753d0860\" data-id=\"753d0860\" data-element_type=\"column\">\n\t\t\t<div class=\"elementor-widget-wrap\">\n\t\t\t\t\t\t\t<\/div>\n\t\t<\/div>\n\t\t\t\t\t<\/div>\n\t\t<\/section>\n\t\t\t\t<section class=\"elementor-section elementor-top-section elementor-element elementor-element-9be811a elementor-section-boxed elementor-section-height-default elementor-section-height-default\" data-id=\"9be811a\" data-element_type=\"section\">\n\t\t\t\t\t\t<div class=\"elementor-container elementor-column-gap-default\">\n\t\t\t\t\t<div class=\"elementor-column elementor-col-100 elementor-top-column elementor-element elementor-element-1ed847b7\" data-id=\"1ed847b7\" data-element_type=\"column\">\n\t\t\t<div class=\"elementor-widget-wrap elementor-element-populated\">\n\t\t\t\t\t\t<div class=\"elementor-element elementor-element-4ce0d07f elementor-widget elementor-widget-heading\" data-id=\"4ce0d07f\" data-element_type=\"widget\" data-widget_type=\"heading.default\">\n\t\t\t\t<div class=\"elementor-widget-container\">\n\t\t\t\t\t<h2 class=\"elementor-heading-title elementor-size-default\">B\u00f6l\u00fcm Tan\u0131t\u0131m\u0131<\/h2>\t\t\t\t<\/div>\n\t\t\t\t<\/div>\n\t\t\t\t<div class=\"elementor-element elementor-element-63260862 elementor-widget-divider--view-line elementor-widget elementor-widget-divider\" data-id=\"63260862\" data-element_type=\"widget\" data-widget_type=\"divider.default\">\n\t\t\t\t<div class=\"elementor-widget-container\">\n\t\t\t\t\t\t\t<div class=\"elementor-divider\">\n\t\t\t<span class=\"elementor-divider-separator\">\n\t\t\t\t\t\t<\/span>\n\t\t<\/div>\n\t\t\t\t\t\t<\/div>\n\t\t\t\t<\/div>\n\t\t\t\t\t<\/div>\n\t\t<\/div>\n\t\t\t\t\t<\/div>\n\t\t<\/section>\n\t\t\t\t<section class=\"elementor-section elementor-top-section elementor-element elementor-element-681db8b elementor-section-boxed elementor-section-height-default elementor-section-height-default\" data-id=\"681db8b\" data-element_type=\"section\">\n\t\t\t\t\t\t<div class=\"elementor-container elementor-column-gap-default\">\n\t\t\t\t\t<div class=\"elementor-column elementor-col-100 elementor-top-column elementor-element elementor-element-ad4dac5\" data-id=\"ad4dac5\" data-element_type=\"column\">\n\t\t\t<div class=\"elementor-widget-wrap elementor-element-populated\">\n\t\t\t\t\t\t<div class=\"elementor-element elementor-element-2f96b3d elementor-widget elementor-widget-text-editor\" data-id=\"2f96b3d\" data-element_type=\"widget\" data-widget_type=\"text-editor.default\">\n\t\t\t\t<div class=\"elementor-widget-container\">\n\t\t\t\t\t\t\t\t\t<p><strong>M\u0130MARLIK B\u00d6L\u00dcM\u00dc GENEL HUSUSLAR<\/strong><\/p>\n<table>\n<tbody>\n<tr>\n<td>\n<p><strong>\u0130ste\u011fe ba\u011fl\u0131 yabanc\u0131 dil haz\u0131rl\u0131k s\u0131n\u0131f\u0131 uygulamas\u0131<\/strong><\/p>\n<\/td>\n<td>\n<p>&#8211;<\/p>\n<\/td>\n<\/tr>\n<tr>\n<td>\n<p><strong>&nbsp;<\/strong><\/p>\n<p><strong>&nbsp;<\/strong><\/p>\n<p><strong>Staj, e\u011fitim modeli <\/strong><\/p>\n<\/td>\n<td>\n<p>B\u00f6l\u00fcm\u00fcm\u00fczde e\u011fitim-\u00f6\u011fretim y\u00fcz y\u00fcze ve online olarak y\u00fcr\u00fct\u00fclmektedir. 4 y\u0131ll\u0131k lisans e\u011fitimi m\u00fcfredat\u0131 240 AKTS (158 kredi) olup, bunun 33 AKTS\u2019lik b\u00f6l\u00fcm\u00fcn\u00fc mesleki se\u00e7meli dersler, 15 AKTS\u2019lik b\u00f6l\u00fcm\u00fcn\u00fc ise k\u00fclt\u00fcr, sanat ve spora y\u00f6nelik dersleri de i\u00e7eren \u00dcniversite Se\u00e7meli Dersler olu\u015fturmaktad\u0131r. E\u011fitim-\u00f6\u011fretim m\u00fcfredat\u0131n\u0131n %22,1\u2019i uzaktan e\u011fitim yoluyla okutulmaktad\u0131r. 158 yerel kredi saatinden olu\u015fan m\u00fcfredat \u00f6\u011frenciler i\u00e7in sosyal, k\u00fclt\u00fcrel, sanatsal, sportif ve g\u00fcndelik ya\u015fama dair serbest zaman ihtiyac\u0131n\u0131 da kar\u015f\u0131layacak d\u00fczeydedir. B\u00f6l\u00fcm\u00fcm\u00fczde Staj I (3.S\u0131n\u0131f-30 i\u015f g\u00fcn\u00fc-\u015fantiye staj\u0131) ve Staj II (4.S\u0131n\u0131f-30 i\u015f g\u00fcn\u00fc-b\u00fcro staj\u0131) olmak \u00fczere toplamda 60 i\u015f g\u00fcn\u00fc zorunlu staj uygulamas\u0131 bulunmaktad\u0131r. \u00d6\u011frencilerimiz stajlar\u0131n\u0131 istedikleri ilde yapabilmektedir.<\/p>\n<p>Erasmus+ program\u0131 ile yurt d\u0131\u015f\u0131nda staj yapma olana\u011f\u0131 da bulunmaktad\u0131r.<\/p>\n<\/td>\n<\/tr>\n<tr>\n<td>\n<p><strong>Mesle\u011fin gereklilikleri <\/strong><\/p>\n<\/td>\n<td>\n<p>B\u00f6l\u00fcm\u00fcm\u00fczde \u00f6\u011frenim i\u00e7in herhangi bir \u00f6zel gereklilik bulunmamaktad\u0131r. Bununla birlikte \u00f6\u011frencilerimizin \u00fc\u00e7 boyutlu d\u00fc\u015f\u00fcnme becerisinin geli\u015fmi\u015f olmas\u0131, mimarl\u0131k ile sanat tarihine merakl\u0131 olmas\u0131 \u00f6\u011frencilik ve meslek ya\u015fant\u0131s\u0131 bak\u0131m\u0131ndan faydal\u0131 g\u00f6r\u00fclmektedir.<\/p>\n<\/td>\n<\/tr>\n<tr>\n<td>\n<p><strong>Ders uygulamalar\u0131nda kullan\u0131lacak sarf malzeme, ara\u00e7 ve gere\u00e7 gideri<\/strong><\/p>\n<\/td>\n<td>\n<p>B\u00f6l\u00fcm\u00fcm\u00fczde st\u00fcdyo ve \u00e7izim derslerinde s\u0131kl\u0131kla kullan\u0131lacak olan malzemeler (\u00e7izim ka\u011f\u0131tlar\u0131, \u00e7izim kalemleri, rapidolar, renkli kartonlar, maket kartonlar\u0131, staforlar, cetveller gibi maket ve \u00e7izim malzemeleri ile dijital ortamda yap\u0131lan \u00e7izimler i\u00e7in bilgisayar ve proje bask\u0131 giderleri) \u00f6\u011frencilerimiz taraf\u0131ndan kar\u015f\u0131lanmaktad\u0131r.<\/p>\n<\/td>\n<\/tr>\n<tr>\n<td>\n<p><strong>Program\u0131n i\u00e7eri\u011fi, fak\u00fclte, y\u00fcksekokul ve meslek y\u00fcksekokulunun bulundu\u011fu yerle\u015fke\/kampus<\/strong><\/p>\n<\/td>\n<td>\n<p>B\u00f6l\u00fcm\u00fcm\u00fcz e\u011fitim-\u00f6\u011fretim faaliyetlerini, Atat\u00fcrk \u00dcniversitesi Kamp\u00fcs\u00fc Bat\u0131 Yerle\u015fkesinde yer alan Mimarl\u0131k ve Tasar\u0131m Fak\u00fcltesi Binas\u0131\u2019nda ger\u00e7ekle\u015ftirmektedir.<\/p>\n<\/td>\n<\/tr>\n<tr>\n<td>\n<p><strong>K\u0131sm\u0131 zamanl\u0131 \u00f6\u011frenci olarak \u00e7al\u0131\u015fabilme imkanlar\u0131 <\/strong><\/p>\n<\/td>\n<td>\n<p>\u00dcniversitemiz k\u0131smi zamanl\u0131 \u00f6\u011frenci \u00e7al\u0131\u015ft\u0131rabilme imkan\u0131na sahiptir.<\/p>\n<\/td>\n<\/tr>\n<tr>\n<td>\n<p><strong>\u0130lgili y\u00fcksek\u00f6\u011fretim kurumunun vakf\u0131 veya anla\u015fmal\u0131 oldu\u011fu kurum taraf\u0131ndan burs, yemek, yurt vb. imkanlar sunup sunmad\u0131\u011f\u0131.<\/strong><\/p>\n<\/td>\n<td>\n<p>\u00dcniversitemizde gerekli \u015fartlar\u0131 ta\u015f\u0131yan \u00f6\u011frenciler i\u00e7in burs ve yemek bursu imkanlar\u0131 bulunmaktad\u0131r.<\/p>\n<\/td>\n<\/tr>\n<\/tbody>\n<\/table>\t\t\t\t\t\t\t\t<\/div>\n\t\t\t\t<\/div>\n\t\t\t\t\t<\/div>\n\t\t<\/div>\n\t\t\t\t\t<\/div>\n\t\t<\/section>\n\t\t\t\t<\/div>\n\t\t","protected":false},"excerpt":{"rendered":"<p>B\u00f6l\u00fcm Tan\u0131t\u0131m\u0131 M\u0130MARLIK B\u00d6L\u00dcM\u00dc GENEL HUSUSLAR \u0130ste\u011fe ba\u011fl\u0131 yabanc\u0131 dil haz\u0131rl\u0131k s\u0131n\u0131f\u0131 uygulamas\u0131 &#8211; &nbsp; &nbsp; Staj, e\u011fitim modeli B\u00f6l\u00fcm\u00fcm\u00fczde e\u011fitim-\u00f6\u011fretim y\u00fcz y\u00fcze ve online olarak y\u00fcr\u00fct\u00fclmektedir. 4 y\u0131ll\u0131k lisans e\u011fitimi m\u00fcfredat\u0131 240 AKTS (158 kredi) olup, bunun 33 AKTS\u2019lik b\u00f6l\u00fcm\u00fcn\u00fc mesleki se\u00e7meli dersler, 15 AKTS\u2019lik b\u00f6l\u00fcm\u00fcn\u00fc ise k\u00fclt\u00fcr, sanat ve spora y\u00f6nelik dersleri de [&hellip;]<\/p>\n","protected":false},"author":1,"featured_media":0,"parent":0,"menu_order":0,"comment_status":"closed","ping_status":"closed","template":"elementor_header_footer","meta":{"footnotes":""},"class_list":["post-5728","page","type-page","status-publish","hentry"],"_links":{"self":[{"href":"https:\/\/atauni.edu.tr\/mimarlik-bolumu\/wp-json\/wp\/v2\/pages\/5728","targetHints":{"allow":["GET"]}}],"collection":[{"href":"https:\/\/atauni.edu.tr\/mimarlik-bolumu\/wp-json\/wp\/v2\/pages"}],"about":[{"href":"https:\/\/atauni.edu.tr\/mimarlik-bolumu\/wp-json\/wp\/v2\/types\/page"}],"author":[{"embeddable":true,"href":"https:\/\/atauni.edu.tr\/mimarlik-bolumu\/wp-json\/wp\/v2\/users\/1"}],"replies":[{"embeddable":true,"href":"https:\/\/atauni.edu.tr\/mimarlik-bolumu\/wp-json\/wp\/v2\/comments?post=5728"}],"version-history":[{"count":14,"href":"https:\/\/atauni.edu.tr\/mimarlik-bolumu\/wp-json\/wp\/v2\/pages\/5728\/revisions"}],"predecessor-version":[{"id":6227,"href":"https:\/\/atauni.edu.tr\/mimarlik-bolumu\/wp-json\/wp\/v2\/pages\/5728\/revisions\/6227"}],"wp:attachment":[{"href":"https:\/\/atauni.edu.tr\/mimarlik-bolumu\/wp-json\/wp\/v2\/media?parent=5728"}],"curies":[{"name":"wp","href":"https:\/\/api.w.org\/{rel}","templated":true}]}}