{"id":7116,"date":"2025-06-26T13:19:45","date_gmt":"2025-06-26T10:19:45","guid":{"rendered":"https:\/\/birimler.atauni.edu.tr\/mimarlik-bolumu\/?page_id=7116"},"modified":"2025-08-01T20:53:56","modified_gmt":"2025-08-01T17:53:56","slug":"etkinlikler","status":"publish","type":"page","link":"https:\/\/atauni.edu.tr\/mimarlik-bolumu\/etkinlikler\/","title":{"rendered":"Etkinlikler"},"content":{"rendered":"<form method=\"get\" class=\"row g-3\" style=\"margin-bottom: 20px;\"><div class=\"col-md-3\"><input type=\"text\" name=\"etkinlik_ara\" class=\"form-control\" placeholder=\"Etkinlik ara...\" value=\"\"><\/div><div class=\"col-md-3\"><input type=\"date\" name=\"baslangic_tarihi\" class=\"form-control\" value=\"\"><\/div><div class=\"col-md-3\"><input type=\"date\" name=\"bitis_tarihi\" class=\"form-control\" value=\"\"><\/div><div class=\"col-md-3\"><button type=\"submit\" class=\"btn btn-secondary w-50\">Filtrele<\/button><\/div><\/form><div class=\"etkinlikler-grid-container\" style=\"display: grid; grid-template-columns: repeat(3, 1fr); gap: 20px;\"><div class=\"etkinlik-grid-item\"><div class=\"etkinlik-thumbnail\"><img fetchpriority=\"high\" decoding=\"async\" width=\"212\" height=\"300\" src=\"https:\/\/atauni.edu.tr\/mimarlik-bolumu\/wp-content\/uploads\/sites\/140\/2025\/12\/AKPA-Aluminyum-212x300.jpg\" class=\"img-fluid wp-post-image\" alt=\"\" srcset=\"https:\/\/atauni.edu.tr\/mimarlik-bolumu\/wp-content\/uploads\/sites\/140\/2025\/12\/AKPA-Aluminyum-212x300.jpg 212w, https:\/\/atauni.edu.tr\/mimarlik-bolumu\/wp-content\/uploads\/sites\/140\/2025\/12\/AKPA-Aluminyum-724x1024.jpg 724w, https:\/\/atauni.edu.tr\/mimarlik-bolumu\/wp-content\/uploads\/sites\/140\/2025\/12\/AKPA-Aluminyum-768x1086.jpg 768w, https:\/\/atauni.edu.tr\/mimarlik-bolumu\/wp-content\/uploads\/sites\/140\/2025\/12\/AKPA-Aluminyum-1086x1536.jpg 1086w, https:\/\/atauni.edu.tr\/mimarlik-bolumu\/wp-content\/uploads\/sites\/140\/2025\/12\/AKPA-Aluminyum-1448x2048.jpg 1448w, https:\/\/atauni.edu.tr\/mimarlik-bolumu\/wp-content\/uploads\/sites\/140\/2025\/12\/AKPA-Aluminyum-424x600.jpg 424w, https:\/\/atauni.edu.tr\/mimarlik-bolumu\/wp-content\/uploads\/sites\/140\/2025\/12\/AKPA-Aluminyum-396x560.jpg 396w, https:\/\/atauni.edu.tr\/mimarlik-bolumu\/wp-content\/uploads\/sites\/140\/2025\/12\/AKPA-Aluminyum.jpg 1587w\" sizes=\"(max-width: 212px) 100vw, 212px\" \/><\/div><div class=\"etkinlik-datee\"><span class=\"day\">23<\/span><span class=\"month\">Aral\u0131k<\/span><span class=\"year\">2025<\/span><\/div><a href=\"https:\/\/atauni.edu.tr\/mimarlik-bolumu\/2025\/12\/23\/davetlisiniz\/\" class=\"etkinlik-titlee\">DAVETL\u0130S\u0130N\u0130Z<\/a><\/div><div class=\"etkinlik-grid-item\"><div class=\"etkinlik-thumbnail\"><img decoding=\"async\" width=\"214\" height=\"300\" src=\"https:\/\/atauni.edu.tr\/mimarlik-bolumu\/wp-content\/uploads\/sites\/140\/2025\/10\/s-214x300.jpg\" class=\"img-fluid wp-post-image\" alt=\"\" srcset=\"https:\/\/atauni.edu.tr\/mimarlik-bolumu\/wp-content\/uploads\/sites\/140\/2025\/10\/s-214x300.jpg 214w, https:\/\/atauni.edu.tr\/mimarlik-bolumu\/wp-content\/uploads\/sites\/140\/2025\/10\/s-731x1024.jpg 731w, https:\/\/atauni.edu.tr\/mimarlik-bolumu\/wp-content\/uploads\/sites\/140\/2025\/10\/s-768x1076.jpg 768w, https:\/\/atauni.edu.tr\/mimarlik-bolumu\/wp-content\/uploads\/sites\/140\/2025\/10\/s-1096x1536.jpg 1096w, https:\/\/atauni.edu.tr\/mimarlik-bolumu\/wp-content\/uploads\/sites\/140\/2025\/10\/s-428x600.jpg 428w, https:\/\/atauni.edu.tr\/mimarlik-bolumu\/wp-content\/uploads\/sites\/140\/2025\/10\/s-400x560.jpg 400w, https:\/\/atauni.edu.tr\/mimarlik-bolumu\/wp-content\/uploads\/sites\/140\/2025\/10\/s.jpg 1142w\" sizes=\"(max-width: 214px) 100vw, 214px\" \/><\/div><div class=\"etkinlik-datee\"><span class=\"day\">22<\/span><span class=\"month\">Ekim<\/span><span class=\"year\">2025<\/span><\/div><a href=\"https:\/\/atauni.edu.tr\/mimarlik-bolumu\/2025\/10\/22\/2025-2026-mimarlik-ve-tasarim-fakultesi-mimarlik-bolumu-proje-sergisi\/\" class=\"etkinlik-titlee\">2025-2026 Mimarl\u0131k ve Tasar\u0131m Fak\u00fcltesi Mimarl\u0131k B\u00f6l\u00fcm\u00fc Proje Sergisi<\/a><\/div><div class=\"etkinlik-grid-item\"><div class=\"etkinlik-thumbnail\"><img decoding=\"async\" width=\"300\" height=\"225\" src=\"https:\/\/atauni.edu.tr\/mimarlik-bolumu\/wp-content\/uploads\/sites\/140\/2025\/10\/r2-300x225.jpg\" class=\"img-fluid wp-post-image\" alt=\"\" srcset=\"https:\/\/atauni.edu.tr\/mimarlik-bolumu\/wp-content\/uploads\/sites\/140\/2025\/10\/r2-300x225.jpg 300w, https:\/\/atauni.edu.tr\/mimarlik-bolumu\/wp-content\/uploads\/sites\/140\/2025\/10\/r2-1024x768.jpg 1024w, https:\/\/atauni.edu.tr\/mimarlik-bolumu\/wp-content\/uploads\/sites\/140\/2025\/10\/r2-768x576.jpg 768w, https:\/\/atauni.edu.tr\/mimarlik-bolumu\/wp-content\/uploads\/sites\/140\/2025\/10\/r2-1536x1152.jpg 1536w, https:\/\/atauni.edu.tr\/mimarlik-bolumu\/wp-content\/uploads\/sites\/140\/2025\/10\/r2-600x450.jpg 600w, https:\/\/atauni.edu.tr\/mimarlik-bolumu\/wp-content\/uploads\/sites\/140\/2025\/10\/r2-560x420.jpg 560w, https:\/\/atauni.edu.tr\/mimarlik-bolumu\/wp-content\/uploads\/sites\/140\/2025\/10\/r2.jpg 2000w\" sizes=\"(max-width: 300px) 100vw, 300px\" \/><\/div><div class=\"etkinlik-datee\"><span class=\"day\">22<\/span><span class=\"month\">Ekim<\/span><span class=\"year\">2025<\/span><\/div><a href=\"https:\/\/atauni.edu.tr\/mimarlik-bolumu\/2025\/10\/22\/satala-antik-kenti-teknik-gezisi\/\" class=\"etkinlik-titlee\">Satala Antik Kenti Teknik Gezisi<\/a><\/div><div class=\"etkinlik-grid-item\"><div class=\"etkinlik-thumbnail\"><img loading=\"lazy\" decoding=\"async\" width=\"207\" height=\"300\" src=\"https:\/\/atauni.edu.tr\/mimarlik-bolumu\/wp-content\/uploads\/sites\/140\/2025\/06\/WhatsApp-Gorsel-2025-06-26-saat-14.13.40_b5db33ef-207x300.jpg\" class=\"img-fluid wp-post-image\" alt=\"\" srcset=\"https:\/\/atauni.edu.tr\/mimarlik-bolumu\/wp-content\/uploads\/sites\/140\/2025\/06\/WhatsApp-Gorsel-2025-06-26-saat-14.13.40_b5db33ef-207x300.jpg 207w, https:\/\/atauni.edu.tr\/mimarlik-bolumu\/wp-content\/uploads\/sites\/140\/2025\/06\/WhatsApp-Gorsel-2025-06-26-saat-14.13.40_b5db33ef-706x1024.jpg 706w, https:\/\/atauni.edu.tr\/mimarlik-bolumu\/wp-content\/uploads\/sites\/140\/2025\/06\/WhatsApp-Gorsel-2025-06-26-saat-14.13.40_b5db33ef-768x1114.jpg 768w, https:\/\/atauni.edu.tr\/mimarlik-bolumu\/wp-content\/uploads\/sites\/140\/2025\/06\/WhatsApp-Gorsel-2025-06-26-saat-14.13.40_b5db33ef-1059x1536.jpg 1059w, https:\/\/atauni.edu.tr\/mimarlik-bolumu\/wp-content\/uploads\/sites\/140\/2025\/06\/WhatsApp-Gorsel-2025-06-26-saat-14.13.40_b5db33ef-414x600.jpg 414w, https:\/\/atauni.edu.tr\/mimarlik-bolumu\/wp-content\/uploads\/sites\/140\/2025\/06\/WhatsApp-Gorsel-2025-06-26-saat-14.13.40_b5db33ef-386x560.jpg 386w, https:\/\/atauni.edu.tr\/mimarlik-bolumu\/wp-content\/uploads\/sites\/140\/2025\/06\/WhatsApp-Gorsel-2025-06-26-saat-14.13.40_b5db33ef.jpg 1078w\" sizes=\"(max-width: 207px) 100vw, 207px\" \/><\/div><div class=\"etkinlik-datee\"><span class=\"day\">26<\/span><span class=\"month\">Haziran<\/span><span class=\"year\">2025<\/span><\/div><a href=\"https:\/\/atauni.edu.tr\/mimarlik-bolumu\/2025\/06\/26\/erzurum-kulturel-mirasi-koruma-calistayi-ii-tabyalarin-somut-ve-somut-olmayan-kulturel-miras-olarak-onemi\/\" class=\"etkinlik-titlee\">Erzurum K\u00fclt\u00fcrel Miras\u0131 Koruma \u00c7al\u0131\u015ftay\u0131 II: Tabyalar\u0131n Somut ve Somut Olmayan K\u00fclt\u00fcrel Miras Olarak \u00d6nemi<\/a><\/div><\/div><div class=\"pagination\" style=\"margin-top: 20px;\"><\/div>\n\n\n\n<p><\/p>\n","protected":false},"excerpt":{"rendered":"","protected":false},"author":8,"featured_media":0,"parent":0,"menu_order":0,"comment_status":"closed","ping_status":"closed","template":"","meta":{"footnotes":""},"class_list":["post-7116","page","type-page","status-publish","hentry"],"_links":{"self":[{"href":"https:\/\/atauni.edu.tr\/mimarlik-bolumu\/wp-json\/wp\/v2\/pages\/7116","targetHints":{"allow":["GET"]}}],"collection":[{"href":"https:\/\/atauni.edu.tr\/mimarlik-bolumu\/wp-json\/wp\/v2\/pages"}],"about":[{"href":"https:\/\/atauni.edu.tr\/mimarlik-bolumu\/wp-json\/wp\/v2\/types\/page"}],"author":[{"embeddable":true,"href":"https:\/\/atauni.edu.tr\/mimarlik-bolumu\/wp-json\/wp\/v2\/users\/8"}],"replies":[{"embeddable":true,"href":"https:\/\/atauni.edu.tr\/mimarlik-bolumu\/wp-json\/wp\/v2\/comments?post=7116"}],"version-history":[{"count":2,"href":"https:\/\/atauni.edu.tr\/mimarlik-bolumu\/wp-json\/wp\/v2\/pages\/7116\/revisions"}],"predecessor-version":[{"id":7162,"href":"https:\/\/atauni.edu.tr\/mimarlik-bolumu\/wp-json\/wp\/v2\/pages\/7116\/revisions\/7162"}],"wp:attachment":[{"href":"https:\/\/atauni.edu.tr\/mimarlik-bolumu\/wp-json\/wp\/v2\/media?parent=7116"}],"curies":[{"name":"wp","href":"https:\/\/api.w.org\/{rel}","templated":true}]}}