{"id":7161,"date":"2025-08-01T20:54:36","date_gmt":"2025-08-01T17:54:36","guid":{"rendered":"https:\/\/birimler.atauni.edu.tr\/mimarlik-bolumu\/?page_id=7161"},"modified":"2025-08-01T20:54:36","modified_gmt":"2025-08-01T17:54:36","slug":"duyurular","status":"publish","type":"page","link":"https:\/\/atauni.edu.tr\/mimarlik-bolumu\/duyurular\/","title":{"rendered":"Duyurular"},"content":{"rendered":"<form method=\"get\" class=\"row g-3\" style=\"margin-bottom: 20px;\"><div class=\"col-md-3\"><input type=\"text\" name=\"Duyuru_ara\" class=\"form-control\" placeholder=\"Duyuru ara...\" value=\"\"><\/div><div class=\"col-md-3\"><input type=\"date\" name=\"baslangic_tarihi\" class=\"form-control\" value=\"\"><\/div><div class=\"col-md-3\"><input type=\"date\" name=\"bitis_tarihi\" class=\"form-control\" value=\"\"><\/div><div class=\"col-md-3\"><button type=\"submit\" class=\"btn btn-secondary w-50\">Filtrele<\/button><\/div><\/form><ul class=\"kategori-yazilari-liste\"><li style=\"display: flex; margin-bottom: 10px; align-items: center;\"><div class=\"post-content\" style=\"flex-grow: 1;\"><span class=\"post-date Duyurutarih\" style=\"display: block; font-weight: bold; margin-bottom: 5px;\">17 \u015eubat 2026<\/span><a class=\"Duyurubaslik\" href=\"https:\/\/atauni.edu.tr\/mimarlik-bolumu\/2026\/02\/17\/tebrik-mesaji\/\">Tebrik Mesaj\u0131<\/a><\/div><\/li><li style=\"display: flex; margin-bottom: 10px; align-items: center;\"><div class=\"post-content\" style=\"flex-grow: 1;\"><span class=\"post-date Duyurutarih\" style=\"display: block; font-weight: bold; margin-bottom: 5px;\">16 \u015eubat 2026<\/span><a class=\"Duyurubaslik\" href=\"https:\/\/atauni.edu.tr\/mimarlik-bolumu\/2026\/02\/16\/2025-turizm-baskenti-erzurum-uzerine-anlatilar-e-kitap-olarak-yayimlandi\/\">2025 Turizm Ba\u015fkenti Erzurum \u00dczerine Anlat\u0131lar E-Kitap Olarak Yay\u0131mland\u0131<\/a><\/div><\/li><li style=\"display: flex; margin-bottom: 10px; align-items: center;\"><div class=\"post-content\" style=\"flex-grow: 1;\"><span class=\"post-date Duyurutarih\" style=\"display: block; font-weight: bold; margin-bottom: 5px;\">10 \u015eubat 2026<\/span><a class=\"Duyurubaslik\" href=\"https:\/\/atauni.edu.tr\/mimarlik-bolumu\/2026\/02\/10\/2025-2026-bahar-yariyili-mimarlik-bolumu-lisans-ders-programi-guncellenmistir\/\">2025-2026 Bahar Yar\u0131y\u0131l\u0131 Mimarl\u0131k B\u00f6l\u00fcm\u00fc Lisans ders program\u0131 g\u00fcncellenmi\u015ftir.<\/a><\/div><\/li><li style=\"display: flex; margin-bottom: 10px; align-items: center;\"><div class=\"post-content\" style=\"flex-grow: 1;\"><span class=\"post-date Duyurutarih\" style=\"display: block; font-weight: bold; margin-bottom: 5px;\">9 \u015eubat 2026<\/span><a class=\"Duyurubaslik\" href=\"https:\/\/atauni.edu.tr\/mimarlik-bolumu\/2026\/02\/09\/2025-2026-bahar-yariyili-mimarlik-bolumu-lisans-ders-programi\/\">2025-2026 Bahar Yar\u0131y\u0131l\u0131 Mimarl\u0131k B\u00f6l\u00fcm\u00fc Lisans Ders Program\u0131<\/a><\/div><\/li><li style=\"display: flex; margin-bottom: 10px; align-items: center;\"><div class=\"post-content\" style=\"flex-grow: 1;\"><span class=\"post-date Duyurutarih\" style=\"display: block; font-weight: bold; margin-bottom: 5px;\">25 Aral\u0131k 2025<\/span><a class=\"Duyurubaslik\" href=\"https:\/\/atauni.edu.tr\/mimarlik-bolumu\/2025\/12\/25\/2025-26-guz-yariyili-mimarlik-a-b-d-yuksek-lisans-seminer-ve-tez-onerileri-programi\/\">2025-26 G\u00fcz Yar\u0131y\u0131l\u0131 Mimarl\u0131k A.B.D. Y\u00fcksek Lisans Seminer ve Tez \u00d6nerileri Program\u0131<\/a><\/div><\/li><li style=\"display: flex; margin-bottom: 10px; align-items: center;\"><div class=\"post-content\" style=\"flex-grow: 1;\"><span class=\"post-date Duyurutarih\" style=\"display: block; font-weight: bold; margin-bottom: 5px;\">19 Kas\u0131m 2025<\/span><a class=\"Duyurubaslik\" href=\"https:\/\/atauni.edu.tr\/mimarlik-bolumu\/2025\/11\/19\/usd-vize-sinavlari\/\">\u00dcSD V\u0130ZE SINAVLARI<\/a><\/div><\/li><li style=\"display: flex; margin-bottom: 10px; align-items: center;\"><div class=\"post-content\" style=\"flex-grow: 1;\"><span class=\"post-date Duyurutarih\" style=\"display: block; font-weight: bold; margin-bottom: 5px;\">12 Kas\u0131m 2025<\/span><a class=\"Duyurubaslik\" href=\"https:\/\/atauni.edu.tr\/mimarlik-bolumu\/2025\/11\/12\/elementor-7242\/\">2025-2026 G\u00fcz D\u00f6nemi Ara S\u0131nav Program\u0131 Yay\u0131nlanm\u0131\u015ft\u0131r<\/a><\/div><\/li><li style=\"display: flex; margin-bottom: 10px; align-items: center;\"><div class=\"post-content\" style=\"flex-grow: 1;\"><span class=\"post-date Duyurutarih\" style=\"display: block; font-weight: bold; margin-bottom: 5px;\">24 Eyl\u00fcl 2025<\/span><a class=\"Duyurubaslik\" href=\"https:\/\/atauni.edu.tr\/mimarlik-bolumu\/2025\/09\/24\/2025-2026-guz-yariyili-mimarlik-bolumu-lisans-ve-lisansustu-ders-programi\/\">2025 2026 G\u00dcZ YARIYILI M\u0130MARLIK B\u00d6L\u00dcM\u00dc L\u0130SANS VE L\u0130SANS\u00dcST\u00dc DERS PROGRAMI\u00a0\u00a0<\/a><\/div><\/li><\/ul>\n\n\n\n<p><\/p>\n","protected":false},"excerpt":{"rendered":"","protected":false},"author":1,"featured_media":0,"parent":0,"menu_order":0,"comment_status":"closed","ping_status":"closed","template":"","meta":{"footnotes":""},"class_list":["post-7161","page","type-page","status-publish","hentry"],"_links":{"self":[{"href":"https:\/\/atauni.edu.tr\/mimarlik-bolumu\/wp-json\/wp\/v2\/pages\/7161","targetHints":{"allow":["GET"]}}],"collection":[{"href":"https:\/\/atauni.edu.tr\/mimarlik-bolumu\/wp-json\/wp\/v2\/pages"}],"about":[{"href":"https:\/\/atauni.edu.tr\/mimarlik-bolumu\/wp-json\/wp\/v2\/types\/page"}],"author":[{"embeddable":true,"href":"https:\/\/atauni.edu.tr\/mimarlik-bolumu\/wp-json\/wp\/v2\/users\/1"}],"replies":[{"embeddable":true,"href":"https:\/\/atauni.edu.tr\/mimarlik-bolumu\/wp-json\/wp\/v2\/comments?post=7161"}],"version-history":[{"count":1,"href":"https:\/\/atauni.edu.tr\/mimarlik-bolumu\/wp-json\/wp\/v2\/pages\/7161\/revisions"}],"predecessor-version":[{"id":7164,"href":"https:\/\/atauni.edu.tr\/mimarlik-bolumu\/wp-json\/wp\/v2\/pages\/7161\/revisions\/7164"}],"wp:attachment":[{"href":"https:\/\/atauni.edu.tr\/mimarlik-bolumu\/wp-json\/wp\/v2\/media?parent=7161"}],"curies":[{"name":"wp","href":"https:\/\/api.w.org\/{rel}","templated":true}]}}