{"id":5638,"date":"2021-07-13T09:49:25","date_gmt":"2021-07-13T06:49:25","guid":{"rendered":"https:\/\/portaltest.atauni.edu.tr\/bilgisayar-muhendisligi\/?page_id=5638"},"modified":"2021-09-13T10:21:35","modified_gmt":"2021-09-13T07:21:35","slug":"tarihce","status":"publish","type":"page","link":"https:\/\/atauni.edu.tr\/mimarlik-ve-sehir-planlama-bolumu-1\/tarihce\/","title":{"rendered":"Tarih\u00e7e"},"content":{"rendered":"\t\t<div data-elementor-type=\"wp-page\" data-elementor-id=\"5638\" class=\"elementor elementor-5638\" data-elementor-post-type=\"page\">\n\t\t\t\t\t\t<section class=\"elementor-section elementor-top-section elementor-element elementor-element-730d320 elementor-section-boxed elementor-section-height-default elementor-section-height-default\" data-id=\"730d320\" data-element_type=\"section\">\n\t\t\t\t\t\t<div class=\"elementor-container elementor-column-gap-default\">\n\t\t\t\t\t<div class=\"elementor-column elementor-col-100 elementor-top-column elementor-element elementor-element-753d0860\" data-id=\"753d0860\" data-element_type=\"column\">\n\t\t\t<div class=\"elementor-widget-wrap\">\n\t\t\t\t\t\t\t<\/div>\n\t\t<\/div>\n\t\t\t\t\t<\/div>\n\t\t<\/section>\n\t\t\t\t<section class=\"elementor-section elementor-top-section elementor-element elementor-element-9be811a elementor-section-boxed elementor-section-height-default elementor-section-height-default\" data-id=\"9be811a\" data-element_type=\"section\">\n\t\t\t\t\t\t<div class=\"elementor-container elementor-column-gap-default\">\n\t\t\t\t\t<div class=\"elementor-column elementor-col-100 elementor-top-column elementor-element elementor-element-1ed847b7\" data-id=\"1ed847b7\" data-element_type=\"column\">\n\t\t\t<div class=\"elementor-widget-wrap elementor-element-populated\">\n\t\t\t\t\t\t<div class=\"elementor-element elementor-element-4ce0d07f elementor-widget elementor-widget-heading\" data-id=\"4ce0d07f\" data-element_type=\"widget\" data-widget_type=\"heading.default\">\n\t\t\t\t<div class=\"elementor-widget-container\">\n\t\t\t\t\t<h2 class=\"elementor-heading-title elementor-size-default\">Tarih\u00e7e<\/h2>\t\t\t\t<\/div>\n\t\t\t\t<\/div>\n\t\t\t\t<div class=\"elementor-element elementor-element-63260862 elementor-widget-divider--view-line elementor-widget elementor-widget-divider\" data-id=\"63260862\" data-element_type=\"widget\" data-widget_type=\"divider.default\">\n\t\t\t\t<div class=\"elementor-widget-container\">\n\t\t\t\t\t\t\t<div class=\"elementor-divider\">\n\t\t\t<span class=\"elementor-divider-separator\">\n\t\t\t\t\t\t<\/span>\n\t\t<\/div>\n\t\t\t\t\t\t<\/div>\n\t\t\t\t<\/div>\n\t\t\t\t\t<\/div>\n\t\t<\/div>\n\t\t\t\t\t<\/div>\n\t\t<\/section>\n\t\t\t\t<section class=\"elementor-section elementor-top-section elementor-element elementor-element-681db8b elementor-section-boxed elementor-section-height-default elementor-section-height-default\" data-id=\"681db8b\" data-element_type=\"section\">\n\t\t\t\t\t\t<div class=\"elementor-container elementor-column-gap-default\">\n\t\t\t\t\t<div class=\"elementor-column elementor-col-100 elementor-top-column elementor-element elementor-element-ad4dac5\" data-id=\"ad4dac5\" data-element_type=\"column\">\n\t\t\t<div class=\"elementor-widget-wrap elementor-element-populated\">\n\t\t\t\t\t\t<div class=\"elementor-element elementor-element-2f96b3d elementor-widget elementor-widget-text-editor\" data-id=\"2f96b3d\" data-element_type=\"widget\" data-widget_type=\"text-editor.default\">\n\t\t\t\t<div class=\"elementor-widget-container\">\n\t\t\t\t\t\t\t\t\t<p>Atat\u00fcrk \u00dcniversitesi Mimarl\u0131k ve \u015eehir Planlama B\u00f6l\u00fcm\u00fcn\u00fcn tarih\u00e7esi, \u00fclkenin mimarl\u0131k ve \u015fehir planlama alan\u0131ndaki ihtiya\u00e7lar\u0131n\u0131n kar\u015f\u0131lanmas\u0131na y\u00f6nelik uzun bir ge\u00e7mi\u015fe dayan\u0131r. B\u00f6l\u00fcmlerin olu\u015fumu, T\u00fcrkiye&#8217;nin modernle\u015fme s\u00fcrecinin bir par\u00e7as\u0131d\u0131r.<\/p>\n<p>B\u00f6l\u00fcm\u00fcn k\u00f6keni, mimarl\u0131k e\u011fitimine olan ihtiyac\u0131n artmas\u0131yla ortaya \u00e7\u0131km\u0131\u015ft\u0131r. \u00dclke, h\u0131zl\u0131 bir kentle\u015fme s\u00fcreci ya\u015famaktayd\u0131 ve bu s\u00fcre\u00e7le birlikte, planl\u0131 ve sa\u011fl\u0131kl\u0131 \u015fehirlerin olu\u015fturulmas\u0131na ihtiya\u00e7 duyulmaktayd\u0131. Bu ihtiyaca cevap verebilmek amac\u0131yla, b\u00f6l\u00fcm\u00fcn temelleri at\u0131lm\u0131\u015ft\u0131r.<\/p>\n<p>\u0130lk y\u0131llar\u0131nda, \u00f6\u011frencilere temel mimarl\u0131k e\u011fitimi verilmekteydi. Ancak zamanla, e\u011fitim m\u00fcfredat\u0131 geni\u015fletilmi\u015f ve \u015fehir planlama konusuna da \u00f6nem verilmi\u015ftir. B\u00f6l\u00fcm, g\u00fcn\u00fcm\u00fczde hem mimarl\u0131k hem de \u015fehir planlama alanlar\u0131nda e\u011fitim vermektedir.<\/p>\n<p>B\u00f6l\u00fcm\u00fcn geli\u015fiminde, \u00fclkenin \u015fehirle\u015fme s\u00fcrecindeki de\u011fi\u015fimler \u00f6nemli bir rol oynam\u0131\u015ft\u0131r. Kentlerin h\u0131zl\u0131 b\u00fcy\u00fcmesi ve pl\u00e1nlanan kentle\u015fme ihtiyac\u0131n\u0131n artmas\u0131yla birlikte, b\u00f6l\u00fcm\u00fcn e\u011fitim verstoku da geni\u015flemi\u015ftir. Bug\u00fcn, mezunlar\u0131 \u00fclkenin d\u00f6rt bir yan\u0131ndaki \u00f6nemli projelerde yer almaktad\u0131rlar.<\/p>\n<p>B\u00f6l\u00fcm, sadece teorik bilgi vermekle kalmaz, ayn\u0131 zamanda \u00f6\u011frencilere pratik deneyim kazand\u0131rma f\u0131rsat\u0131 da sunar. Staj programlar\u0131 ve proje \u00e7al\u0131\u015fmalar\u0131 ile \u00f6\u011frenciler, sekt\u00f6r\u00fcn ger\u00e7eklerini yak\u0131ndan tan\u0131rlar.<\/p>\t\t\t\t\t\t\t\t<\/div>\n\t\t\t\t<\/div>\n\t\t\t\t\t<\/div>\n\t\t<\/div>\n\t\t\t\t\t<\/div>\n\t\t<\/section>\n\t\t\t\t<\/div>\n\t\t","protected":false},"excerpt":{"rendered":"<p>Tarih\u00e7e Lorem Ipsum Nedir? Lorem Ipsum, dizgi ve bask\u0131 end\u00fcstrisinde kullan\u0131lan m\u0131g\u0131r metinlerdir. Lorem Ipsum, ad\u0131 bilinmeyen bir matbaac\u0131n\u0131n bir hurufat numune kitab\u0131 olu\u015fturmak \u00fczere bir yaz\u0131 galerisini alarak kar\u0131\u015ft\u0131rd\u0131\u011f\u0131 1500&#8217;lerden beri end\u00fcstri standard\u0131 sahte metinler olarak kullan\u0131lm\u0131\u015ft\u0131r. Be\u015fy\u00fcz y\u0131l boyunca varl\u0131\u011f\u0131n\u0131 s\u00fcrd\u00fcrmekle kalmam\u0131\u015f, ayn\u0131 zamanda pek de\u011fi\u015fmeden elektronik dizgiye de s\u0131\u00e7ram\u0131\u015ft\u0131r. 1960&#8217;larda Lorem Ipsum [&hellip;]<\/p>\n","protected":false},"author":1,"featured_media":0,"parent":0,"menu_order":0,"comment_status":"closed","ping_status":"closed","template":"","meta":{"footnotes":""},"class_list":["post-5638","page","type-page","status-publish","hentry"],"_links":{"self":[{"href":"https:\/\/atauni.edu.tr\/mimarlik-ve-sehir-planlama-bolumu-1\/wp-json\/wp\/v2\/pages\/5638","targetHints":{"allow":["GET"]}}],"collection":[{"href":"https:\/\/atauni.edu.tr\/mimarlik-ve-sehir-planlama-bolumu-1\/wp-json\/wp\/v2\/pages"}],"about":[{"href":"https:\/\/atauni.edu.tr\/mimarlik-ve-sehir-planlama-bolumu-1\/wp-json\/wp\/v2\/types\/page"}],"author":[{"embeddable":true,"href":"https:\/\/atauni.edu.tr\/mimarlik-ve-sehir-planlama-bolumu-1\/wp-json\/wp\/v2\/users\/1"}],"replies":[{"embeddable":true,"href":"https:\/\/atauni.edu.tr\/mimarlik-ve-sehir-planlama-bolumu-1\/wp-json\/wp\/v2\/comments?post=5638"}],"version-history":[{"count":22,"href":"https:\/\/atauni.edu.tr\/mimarlik-ve-sehir-planlama-bolumu-1\/wp-json\/wp\/v2\/pages\/5638\/revisions"}],"predecessor-version":[{"id":6117,"href":"https:\/\/atauni.edu.tr\/mimarlik-ve-sehir-planlama-bolumu-1\/wp-json\/wp\/v2\/pages\/5638\/revisions\/6117"}],"wp:attachment":[{"href":"https:\/\/atauni.edu.tr\/mimarlik-ve-sehir-planlama-bolumu-1\/wp-json\/wp\/v2\/media?parent=5638"}],"curies":[{"name":"wp","href":"https:\/\/api.w.org\/{rel}","templated":true}]}}