{"id":5774,"date":"2021-07-13T13:54:52","date_gmt":"2021-07-13T10:54:52","guid":{"rendered":"https:\/\/portaltest.atauni.edu.tr\/muhendislik-fakultesi\/?page_id=5774"},"modified":"2022-01-05T11:31:14","modified_gmt":"2022-01-05T08:31:14","slug":"tarihce","status":"publish","type":"page","link":"https:\/\/atauni.edu.tr\/mimarlik-ve-tasarim-fakultesi\/tarihce\/","title":{"rendered":"Tarih\u00e7e"},"content":{"rendered":"\t\t<div data-elementor-type=\"wp-page\" data-elementor-id=\"5774\" class=\"elementor elementor-5774\" data-elementor-post-type=\"page\">\n\t\t\t\t\t\t<section class=\"elementor-section elementor-top-section elementor-element elementor-element-46c2cb5d elementor-section-boxed elementor-section-height-default elementor-section-height-default\" data-id=\"46c2cb5d\" data-element_type=\"section\">\n\t\t\t\t\t\t<div class=\"elementor-container elementor-column-gap-default\">\n\t\t\t\t\t<div class=\"elementor-column elementor-col-100 elementor-top-column elementor-element elementor-element-299813e7\" data-id=\"299813e7\" data-element_type=\"column\">\n\t\t\t<div class=\"elementor-widget-wrap elementor-element-populated\">\n\t\t\t\t\t\t<div class=\"elementor-element elementor-element-3ec495a9 elementor-widget elementor-widget-heading\" data-id=\"3ec495a9\" data-element_type=\"widget\" data-widget_type=\"heading.default\">\n\t\t\t\t<div class=\"elementor-widget-container\">\n\t\t\t\t\t<h2 class=\"elementor-heading-title elementor-size-default\">Tarih\u00e7e<\/h2>\t\t\t\t<\/div>\n\t\t\t\t<\/div>\n\t\t\t\t<div class=\"elementor-element elementor-element-2092e3b3 elementor-widget-divider--view-line elementor-widget elementor-widget-divider\" data-id=\"2092e3b3\" data-element_type=\"widget\" data-widget_type=\"divider.default\">\n\t\t\t\t<div class=\"elementor-widget-container\">\n\t\t\t\t\t\t\t<div class=\"elementor-divider\">\n\t\t\t<span class=\"elementor-divider-separator\">\n\t\t\t\t\t\t<\/span>\n\t\t<\/div>\n\t\t\t\t\t\t<\/div>\n\t\t\t\t<\/div>\n\t\t\t\t\t<\/div>\n\t\t<\/div>\n\t\t\t\t\t<\/div>\n\t\t<\/section>\n\t\t\t\t<section class=\"elementor-section elementor-top-section elementor-element elementor-element-a00ea8d elementor-section-boxed elementor-section-height-default elementor-section-height-default\" data-id=\"a00ea8d\" data-element_type=\"section\">\n\t\t\t\t\t\t<div class=\"elementor-container elementor-column-gap-default\">\n\t\t\t\t\t<div class=\"elementor-column elementor-col-100 elementor-top-column elementor-element elementor-element-0ad1be4\" data-id=\"0ad1be4\" data-element_type=\"column\">\n\t\t\t<div class=\"elementor-widget-wrap elementor-element-populated\">\n\t\t\t\t\t\t<div class=\"elementor-element elementor-element-c133bed elementor-widget elementor-widget-text-editor\" data-id=\"c133bed\" data-element_type=\"widget\" data-widget_type=\"text-editor.default\">\n\t\t\t\t<div class=\"elementor-widget-container\">\n\t\t\t\t\t\t\t\t\t<p>Mimarl\u0131k ve Tasar\u0131m Fak\u00fcltesi, 1957 y\u0131l\u0131nda kurulan Atat\u00fcrk \u00dcniversitesi\u2019nin 23 fak\u00fcltesinden biri olarak 1 \u015eubat 2010 tarih ve 2010-103nolu Bakanlar Kurulu Kararnamesi ile kurulmu\u015f ve 27.02.2010 tarihli Resmi Gazetede kurulu\u015f kararnamesi yay\u0131nlanm\u0131\u015ft\u0131r. Fak\u00fclte kuruldu\u011fu y\u0131l Ziraat Fak\u00fcltesi b\u00fcnyesinde e\u011fitim \u2013 \u00f6\u011fretim faaliyetine devam eden Peyzaj Mimarl\u0131\u011f\u0131 B\u00f6l\u00fcm\u00fcn\u00fc b\u00fcnyesine katm\u0131\u015ft\u0131r. 2011 y\u0131l\u0131 i\u00e7erisinde akademik personel ve \u00f6\u011frencilerin Fak\u00fclteye aktar\u0131m i\u015flemleri tamamlanm\u0131\u015f ve resmi olarak akademik ve idari faaliyetlerine ba\u015flam\u0131\u015ft\u0131r.<\/p><p>Fak\u00fclte b\u00fcnyesinde 2012 y\u0131l\u0131nda \u015eehir ve B\u00f6lge Planlama, 2013 y\u0131l\u0131nda Mimarl\u0131k ve \u0130\u00e7 Mimarl\u0131k B\u00f6l\u00fcmleri a\u00e7\u0131lm\u0131\u015ft\u0131r. Akademik personel ve fiziki altyap\u0131s\u0131 olu\u015fturulan \u015eehir ve B\u00f6lge Planlama ve Mimarl\u0131k b\u00f6l\u00fcmleri s\u0131ras\u0131yla 2012 ve 2013 y\u0131llar\u0131nda \u00f6\u011frencilerini almaya ba\u015flam\u0131\u015ft\u0131r. Fak\u00fcltede 2022 y\u0131l\u0131 Ocak ay\u0131 itibariyle Peyzaj Mimarl\u0131\u011f\u0131 B\u00f6l\u00fcm\u00fc, lisans, y\u00fcksek lisans ve doktora; \u015eehir ve B\u00f6lge Planlama B\u00f6l\u00fcm\u00fc lisans ve y\u00fcksek lisans (interdisipliner), Mimarl\u0131k B\u00f6l\u00fcm\u00fc lisans ve y\u00fcksek lisans ve \u0130\u00e7 Mimarl\u0131k B\u00f6l\u00fcm\u00fc lisans e\u011fitimi vermektedir. Fak\u00fclte 2017 y\u0131l\u0131 Ekim ay\u0131ndan itibaren e\u011fitim &#8211; \u00f6\u011fretim faaliyetlerini bat\u0131 yerle\u015fkesi i\u00e7erisindeki yeni binas\u0131nda s\u00fcrd\u00fcrmektedir.<\/p>\t\t\t\t\t\t\t\t<\/div>\n\t\t\t\t<\/div>\n\t\t\t\t\t<\/div>\n\t\t<\/div>\n\t\t\t\t\t<\/div>\n\t\t<\/section>\n\t\t\t\t<\/div>\n\t\t","protected":false},"excerpt":{"rendered":"<p>Tarih\u00e7e Mimarl\u0131k ve Tasar\u0131m Fak\u00fcltesi, 1957 y\u0131l\u0131nda kurulan Atat\u00fcrk \u00dcniversitesi\u2019nin 23 fak\u00fcltesinden biri olarak 1 \u015eubat 2010 tarih ve 2010-103nolu Bakanlar Kurulu Kararnamesi ile kurulmu\u015f ve 27.02.2010 tarihli Resmi Gazetede kurulu\u015f kararnamesi yay\u0131nlanm\u0131\u015ft\u0131r. Fak\u00fclte kuruldu\u011fu y\u0131l Ziraat Fak\u00fcltesi b\u00fcnyesinde e\u011fitim \u2013 \u00f6\u011fretim faaliyetine devam eden Peyzaj Mimarl\u0131\u011f\u0131 B\u00f6l\u00fcm\u00fcn\u00fc b\u00fcnyesine katm\u0131\u015ft\u0131r. 2011 y\u0131l\u0131 i\u00e7erisinde akademik personel [&hellip;]<\/p>\n","protected":false},"author":1,"featured_media":0,"parent":0,"menu_order":0,"comment_status":"closed","ping_status":"closed","template":"elementor_header_footer","meta":{"footnotes":""},"class_list":["post-5774","page","type-page","status-publish","hentry"],"_links":{"self":[{"href":"https:\/\/atauni.edu.tr\/mimarlik-ve-tasarim-fakultesi\/wp-json\/wp\/v2\/pages\/5774","targetHints":{"allow":["GET"]}}],"collection":[{"href":"https:\/\/atauni.edu.tr\/mimarlik-ve-tasarim-fakultesi\/wp-json\/wp\/v2\/pages"}],"about":[{"href":"https:\/\/atauni.edu.tr\/mimarlik-ve-tasarim-fakultesi\/wp-json\/wp\/v2\/types\/page"}],"author":[{"embeddable":true,"href":"https:\/\/atauni.edu.tr\/mimarlik-ve-tasarim-fakultesi\/wp-json\/wp\/v2\/users\/1"}],"replies":[{"embeddable":true,"href":"https:\/\/atauni.edu.tr\/mimarlik-ve-tasarim-fakultesi\/wp-json\/wp\/v2\/comments?post=5774"}],"version-history":[{"count":29,"href":"https:\/\/atauni.edu.tr\/mimarlik-ve-tasarim-fakultesi\/wp-json\/wp\/v2\/pages\/5774\/revisions"}],"predecessor-version":[{"id":6882,"href":"https:\/\/atauni.edu.tr\/mimarlik-ve-tasarim-fakultesi\/wp-json\/wp\/v2\/pages\/5774\/revisions\/6882"}],"wp:attachment":[{"href":"https:\/\/atauni.edu.tr\/mimarlik-ve-tasarim-fakultesi\/wp-json\/wp\/v2\/media?parent=5774"}],"curies":[{"name":"wp","href":"https:\/\/api.w.org\/{rel}","templated":true}]}}