{"id":5804,"date":"2021-07-13T14:23:19","date_gmt":"2021-07-13T11:23:19","guid":{"rendered":"https:\/\/portaltest.atauni.edu.tr\/muhendislik-fakultesi\/?page_id=5804"},"modified":"2021-08-27T15:20:46","modified_gmt":"2021-08-27T12:20:46","slug":"yandal-programlar","status":"publish","type":"page","link":"https:\/\/atauni.edu.tr\/mimarlik-ve-tasarim-fakultesi\/yandal-programlar\/","title":{"rendered":"Yandal Programlar"},"content":{"rendered":"\t\t<div data-elementor-type=\"wp-page\" data-elementor-id=\"5804\" class=\"elementor elementor-5804\" data-elementor-post-type=\"page\">\n\t\t\t\t\t\t<section class=\"elementor-section elementor-top-section elementor-element elementor-element-46c2cb5d elementor-section-boxed elementor-section-height-default elementor-section-height-default\" data-id=\"46c2cb5d\" data-element_type=\"section\">\n\t\t\t\t\t\t<div class=\"elementor-container elementor-column-gap-default\">\n\t\t\t\t\t<div class=\"elementor-column elementor-col-100 elementor-top-column elementor-element elementor-element-299813e7\" data-id=\"299813e7\" data-element_type=\"column\">\n\t\t\t<div class=\"elementor-widget-wrap elementor-element-populated\">\n\t\t\t\t\t\t<div class=\"elementor-element elementor-element-3ec495a9 elementor-widget elementor-widget-heading\" data-id=\"3ec495a9\" data-element_type=\"widget\" data-widget_type=\"heading.default\">\n\t\t\t\t<div class=\"elementor-widget-container\">\n\t\t\t\t\t<h2 class=\"elementor-heading-title elementor-size-default\">Yandal Programlar<\/h2>\t\t\t\t<\/div>\n\t\t\t\t<\/div>\n\t\t\t\t<div class=\"elementor-element elementor-element-2092e3b3 elementor-widget-divider--view-line elementor-widget elementor-widget-divider\" data-id=\"2092e3b3\" data-element_type=\"widget\" data-widget_type=\"divider.default\">\n\t\t\t\t<div class=\"elementor-widget-container\">\n\t\t\t\t\t\t\t<div class=\"elementor-divider\">\n\t\t\t<span class=\"elementor-divider-separator\">\n\t\t\t\t\t\t<\/span>\n\t\t<\/div>\n\t\t\t\t\t\t<\/div>\n\t\t\t\t<\/div>\n\t\t\t\t\t<\/div>\n\t\t<\/div>\n\t\t\t\t\t<\/div>\n\t\t<\/section>\n\t\t\t\t<section class=\"elementor-section elementor-top-section elementor-element elementor-element-557563c elementor-section-boxed elementor-section-height-default elementor-section-height-default\" data-id=\"557563c\" data-element_type=\"section\">\n\t\t\t\t\t\t<div class=\"elementor-container elementor-column-gap-default\">\n\t\t\t\t\t<div class=\"elementor-column elementor-col-100 elementor-top-column elementor-element elementor-element-83d46ac\" data-id=\"83d46ac\" data-element_type=\"column\">\n\t\t\t<div class=\"elementor-widget-wrap elementor-element-populated\">\n\t\t\t\t\t\t<div class=\"elementor-element elementor-element-d53bd00 elementor-widget elementor-widget-text-editor\" data-id=\"d53bd00\" data-element_type=\"widget\" data-widget_type=\"text-editor.default\">\n\t\t\t\t<div class=\"elementor-widget-container\">\n\t\t\t\t\t\t\t\t\t<p>Mimarl\u0131k ve Tasar\u0131m Fak\u00fcltesi, \u00f6\u011frencilerin ilgi alanlar\u0131na g\u00f6re \ub2e4\uc591\ud55c yandal programlar\u0131 sunmaktad\u0131r. Bu programlar, \u00f6\u011frencilere ana dallar\u0131nda derinlemesine bilgi edinmenin yan\u0131 s\u0131ra, farkl\u0131 disiplinlerde de uzmanla\u015fmalar\u0131n\u0131 sa\u011flar.<\/p>\n<p>Yandal programlar\u0131, \u00f6\u011frencilerin se\u00e7tikleri alanda ek dersler almas\u0131n\u0131 ve bu alanda uzmanl\u0131k kazanmas\u0131n\u0131 i\u00e7erir. \u00d6\u011frenciler, yandal programlar\u0131na ba\u015fvurmak i\u00e7in belirli bir say\u0131daki krediyi tamamlam\u0131\u015f olmal\u0131 ve ilgili programa kabul edilmelidir.<\/p>\n<p>Mimarl\u0131k ve Tasar\u0131m Fak\u00fcltesi&#8217;nin sundu\u011fu yandal programlar\u0131 aras\u0131nda i\u00e7 mimarl\u0131k, peyzaj mimarl\u0131\u011f\u0131, \u015fehir planlama ve end\u00fcstri \u00fcr\u00fcnleri tasar\u0131m\u0131 gibi alanlar yer almaktad\u0131r. \u00d6\u011frenciler, bu programlar arac\u0131l\u0131\u011f\u0131yla farkl\u0131 disiplinlerde deneyim kazanarak, mezun olduktan sonra daha geni\u015f bir yelpazede i\u015f f\u0131rsatlar\u0131na sahip olabilirler.<\/p>\n<p>Yandal programlar\u0131n\u0131n avantajlar\u0131 aras\u0131nda, \u00f6\u011frencilerin kariyerlerine y\u00f6n vermesine yard\u0131mc\u0131 olmas\u0131, farkl\u0131 disiplinlerle etkile\u015fim kurmas\u0131n\u0131 sa\u011flamas\u0131 ve mezun olduklar\u0131nda daha fazla i\u015f imkan\u0131na sahip olmas\u0131na katk\u0131da bulunmas\u0131 yer almaktad\u0131r. Ayr\u0131ca, yandal programlar\u0131, \u00f6\u011frencilere se\u00e7tikleri alanda derinlemesine bilgi kazanma f\u0131rsat\u0131 sunar.<\/p>\n<p>\u00d6\u011frenciler, yandal programlar\u0131na kat\u0131larak, akademik ve profesyonel hedeflerine ula\u015fmalar\u0131na yard\u0131mc\u0131 olacak geni\u015f bir yelpaze de beceri ve bilgi kazan\u0131rlar. Mimarl\u0131k ve Tasar\u0131m Fak\u00fcltesi&#8217;nin sundu\u011fu yandal programlar\u0131, \u00f6\u011frencilerin ilgi alanlar\u0131na g\u00f6re \u015fekillenerek, onlar\u0131n gelecekte ba\u015far\u0131l\u0131 olmalar\u0131na katk\u0131da bulunur.<\/p>\t\t\t\t\t\t\t\t<\/div>\n\t\t\t\t<\/div>\n\t\t\t\t\t<\/div>\n\t\t<\/div>\n\t\t\t\t\t<\/div>\n\t\t<\/section>\n\t\t\t\t<\/div>\n\t\t","protected":false},"excerpt":{"rendered":"<p>**Yandal Programlar\u0131** Mimarl\u0131k ve Tasar\u0131m Fak\u00fcltemiz, \u00f6\u011frencilerin ilgi ve yeteneklerine g\u00f6re \u00e7e\u015fitlendirilmi\u015f yandal programlar\u0131yla onlara geni\u015f bir perspektif sunar. Bu programlar, \u00f6\u011frencilere ana dallar\u0131n\u0131n yan\u0131 s\u0131ra farkl\u0131 disiplinlerde de uzmanla\u015farak kariyerlerini zenginle\u015ftirmelerine olanak tan\u0131r. Yandal programlar\u0131m\u0131z, mimarl\u0131k ve tasar\u0131m alanlar\u0131n\u0131n \u00e7e\u015fitli y\u00f6nleriyle ili\u015fkili olarak haz\u0131rlanm\u0131\u015ft\u0131r. \u00d6\u011frenciler, se\u00e7tikleri yandal programlar\u0131 arac\u0131l\u0131\u011f\u0131yla yeni beceriler kazanma f\u0131rsat\u0131n\u0131 elde [&hellip;]<\/p>\n","protected":false},"author":1,"featured_media":0,"parent":0,"menu_order":0,"comment_status":"closed","ping_status":"closed","template":"elementor_header_footer","meta":{"footnotes":""},"class_list":["post-5804","page","type-page","status-publish","hentry"],"_links":{"self":[{"href":"https:\/\/atauni.edu.tr\/mimarlik-ve-tasarim-fakultesi\/wp-json\/wp\/v2\/pages\/5804","targetHints":{"allow":["GET"]}}],"collection":[{"href":"https:\/\/atauni.edu.tr\/mimarlik-ve-tasarim-fakultesi\/wp-json\/wp\/v2\/pages"}],"about":[{"href":"https:\/\/atauni.edu.tr\/mimarlik-ve-tasarim-fakultesi\/wp-json\/wp\/v2\/types\/page"}],"author":[{"embeddable":true,"href":"https:\/\/atauni.edu.tr\/mimarlik-ve-tasarim-fakultesi\/wp-json\/wp\/v2\/users\/1"}],"replies":[{"embeddable":true,"href":"https:\/\/atauni.edu.tr\/mimarlik-ve-tasarim-fakultesi\/wp-json\/wp\/v2\/comments?post=5804"}],"version-history":[{"count":11,"href":"https:\/\/atauni.edu.tr\/mimarlik-ve-tasarim-fakultesi\/wp-json\/wp\/v2\/pages\/5804\/revisions"}],"predecessor-version":[{"id":6401,"href":"https:\/\/atauni.edu.tr\/mimarlik-ve-tasarim-fakultesi\/wp-json\/wp\/v2\/pages\/5804\/revisions\/6401"}],"wp:attachment":[{"href":"https:\/\/atauni.edu.tr\/mimarlik-ve-tasarim-fakultesi\/wp-json\/wp\/v2\/media?parent=5804"}],"curies":[{"name":"wp","href":"https:\/\/api.w.org\/{rel}","templated":true}]}}