{"id":5807,"date":"2021-07-13T14:25:31","date_gmt":"2021-07-13T11:25:31","guid":{"rendered":"https:\/\/portaltest.atauni.edu.tr\/muhendislik-fakultesi\/?page_id=5807"},"modified":"2021-08-27T15:20:55","modified_gmt":"2021-08-27T12:20:55","slug":"ders-programlari","status":"publish","type":"page","link":"https:\/\/atauni.edu.tr\/mimarlik-ve-tasarim-fakultesi\/ders-programlari\/","title":{"rendered":"Ders Programlar\u0131"},"content":{"rendered":"\t\t<div data-elementor-type=\"wp-page\" data-elementor-id=\"5807\" class=\"elementor elementor-5807\" data-elementor-post-type=\"page\">\n\t\t\t\t\t\t<section class=\"elementor-section elementor-top-section elementor-element elementor-element-46c2cb5d elementor-section-boxed elementor-section-height-default elementor-section-height-default\" data-id=\"46c2cb5d\" data-element_type=\"section\">\n\t\t\t\t\t\t<div class=\"elementor-container elementor-column-gap-default\">\n\t\t\t\t\t<div class=\"elementor-column elementor-col-100 elementor-top-column elementor-element elementor-element-299813e7\" data-id=\"299813e7\" data-element_type=\"column\">\n\t\t\t<div class=\"elementor-widget-wrap elementor-element-populated\">\n\t\t\t\t\t\t<div class=\"elementor-element elementor-element-3ec495a9 elementor-widget elementor-widget-heading\" data-id=\"3ec495a9\" data-element_type=\"widget\" data-widget_type=\"heading.default\">\n\t\t\t\t<div class=\"elementor-widget-container\">\n\t\t\t\t\t<h2 class=\"elementor-heading-title elementor-size-default\">Ders Program\u0131<\/h2>\t\t\t\t<\/div>\n\t\t\t\t<\/div>\n\t\t\t\t<div class=\"elementor-element elementor-element-2092e3b3 elementor-widget-divider--view-line elementor-widget elementor-widget-divider\" data-id=\"2092e3b3\" data-element_type=\"widget\" data-widget_type=\"divider.default\">\n\t\t\t\t<div class=\"elementor-widget-container\">\n\t\t\t\t\t\t\t<div class=\"elementor-divider\">\n\t\t\t<span class=\"elementor-divider-separator\">\n\t\t\t\t\t\t<\/span>\n\t\t<\/div>\n\t\t\t\t\t\t<\/div>\n\t\t\t\t<\/div>\n\t\t\t\t\t<\/div>\n\t\t<\/div>\n\t\t\t\t\t<\/div>\n\t\t<\/section>\n\t\t\t\t<section class=\"elementor-section elementor-top-section elementor-element elementor-element-33c46b8 elementor-section-boxed elementor-section-height-default elementor-section-height-default\" data-id=\"33c46b8\" data-element_type=\"section\">\n\t\t\t\t\t\t<div class=\"elementor-container elementor-column-gap-default\">\n\t\t\t\t\t<div class=\"elementor-column elementor-col-100 elementor-top-column elementor-element elementor-element-1def29c\" data-id=\"1def29c\" data-element_type=\"column\">\n\t\t\t<div class=\"elementor-widget-wrap elementor-element-populated\">\n\t\t\t\t\t\t<div class=\"elementor-element elementor-element-3c63582 elementor-widget elementor-widget-text-editor\" data-id=\"3c63582\" data-element_type=\"widget\" data-widget_type=\"text-editor.default\">\n\t\t\t\t<div class=\"elementor-widget-container\">\n\t\t\t\t\t\t\t\t\t<p>Mimarl\u0131k ve Tasar\u0131m Fak\u00fcltesi, \u00f6\u011frencilerine geni\u015f bir yelpazede ders programlar\u0131 sunar. Bu programlar, \u00f6\u011frencilerin kendi ilgi alanlar\u0131na g\u00f6re se\u00e7ebilecekleri \u00e7e\u015fitli kurslar\u0131 i\u00e7erir.<\/p>\n<p>Temel e\u011fitim dersleri, \u00f6\u011frencilere tasar\u0131m ilkeleri, mimari tarih, malzeme bilimi gibi konularda temel bilgiler sa\u011flar. Ayn\u0131 zamanda, st\u00fcdyo \u00e7al\u0131\u015fmalar\u0131, \u00f6\u011frencilere pratik deneyim kazanma f\u0131rsat\u0131 verir.<\/p>\n<p>Fak\u00fcltenin sundu\u011fu di\u011fer dersler aras\u0131nda, s\u00fcrd\u00fcr\u00fclebilir tasar\u0131m, i\u00e7 mimari, peyzaj mimarisi, kent planlama ve grafik tasar\u0131m bulunur. Bu \u00e7e\u015fitlilik, \u00f6\u011frencilerin kendi uzmanl\u0131k alanlar\u0131n\u0131 belirlemelerine yard\u0131mc\u0131 olur.<\/p>\n<p>Ders programlar\u0131 ayr\u0131ca, \u00f6\u011frencilere proje y\u00f6netimi, ileti\u015fim becerileri gibi \u00f6nemli ya\u015fam becerilerini kazand\u0131rma amac\u0131 ta\u015f\u0131r. B\u00f6ylece mezun olan \u00f6\u011frenciler, sekt\u00f6rde ba\u015far\u0131l\u0131 bir \u015fekilde yer alabilirler.<\/p>\t\t\t\t\t\t\t\t<\/div>\n\t\t\t\t<\/div>\n\t\t\t\t\t<\/div>\n\t\t<\/div>\n\t\t\t\t\t<\/div>\n\t\t<\/section>\n\t\t\t\t<\/div>\n\t\t","protected":false},"excerpt":{"rendered":"<p>**Ders Programlar\u0131** Mimarl\u0131k ve Tasar\u0131m Fak\u00fcltemizde sunulan ders programlar\u0131m\u0131z, \u00f6\u011frencilerimizin yarat\u0131c\u0131 yeteneklerini geli\u015ftirmek ve sekt\u00f6r\u00fcn ihtiya\u00e7lar\u0131na cevap verebilecek \u015fekilde tasarlanm\u0131\u015ft\u0131r. Fak\u00fcltenin temel ama\u00e7lar\u0131ndan biri, \u00f6\u011frencilere \u00e7a\u011fda\u015f e\u011fitim olanaklar\u0131 sunarak onlar\u0131n mesleki ve ki\u015fisel geli\u015fimini desteklemektir. **Ders \u0130\u00e7erikleri** &#8211; **Temel Tasar\u0131m Dersleri:** \u00d6\u011frencilere temel tasar\u0131m ilkeleri ve yarat\u0131c\u0131 d\u00fc\u015f\u00fcnce y\u00f6ntemlerini \u00f6\u011fretmeyi hedefler. &#8211; **Mimarl\u0131k Tarihi:** Mimarl\u0131\u011f\u0131n [&hellip;]<\/p>\n","protected":false},"author":1,"featured_media":0,"parent":0,"menu_order":0,"comment_status":"closed","ping_status":"closed","template":"elementor_header_footer","meta":{"footnotes":""},"class_list":["post-5807","page","type-page","status-publish","hentry"],"_links":{"self":[{"href":"https:\/\/atauni.edu.tr\/mimarlik-ve-tasarim-fakultesi\/wp-json\/wp\/v2\/pages\/5807","targetHints":{"allow":["GET"]}}],"collection":[{"href":"https:\/\/atauni.edu.tr\/mimarlik-ve-tasarim-fakultesi\/wp-json\/wp\/v2\/pages"}],"about":[{"href":"https:\/\/atauni.edu.tr\/mimarlik-ve-tasarim-fakultesi\/wp-json\/wp\/v2\/types\/page"}],"author":[{"embeddable":true,"href":"https:\/\/atauni.edu.tr\/mimarlik-ve-tasarim-fakultesi\/wp-json\/wp\/v2\/users\/1"}],"replies":[{"embeddable":true,"href":"https:\/\/atauni.edu.tr\/mimarlik-ve-tasarim-fakultesi\/wp-json\/wp\/v2\/comments?post=5807"}],"version-history":[{"count":17,"href":"https:\/\/atauni.edu.tr\/mimarlik-ve-tasarim-fakultesi\/wp-json\/wp\/v2\/pages\/5807\/revisions"}],"predecessor-version":[{"id":6404,"href":"https:\/\/atauni.edu.tr\/mimarlik-ve-tasarim-fakultesi\/wp-json\/wp\/v2\/pages\/5807\/revisions\/6404"}],"wp:attachment":[{"href":"https:\/\/atauni.edu.tr\/mimarlik-ve-tasarim-fakultesi\/wp-json\/wp\/v2\/media?parent=5807"}],"curies":[{"name":"wp","href":"https:\/\/api.w.org\/{rel}","templated":true}]}}