{"id":5847,"date":"2021-07-13T14:56:17","date_gmt":"2021-07-13T11:56:17","guid":{"rendered":"https:\/\/portaltest.atauni.edu.tr\/muhendislik-fakultesi\/?page_id=5847"},"modified":"2023-02-09T15:17:35","modified_gmt":"2023-02-09T12:17:35","slug":"formlar","status":"publish","type":"page","link":"https:\/\/atauni.edu.tr\/mimarlik-ve-tasarim-fakultesi\/formlar\/","title":{"rendered":"Formlar"},"content":{"rendered":"\t\t<div data-elementor-type=\"wp-page\" data-elementor-id=\"5847\" class=\"elementor elementor-5847\" data-elementor-post-type=\"page\">\n\t\t\t\t\t\t<section class=\"elementor-section elementor-top-section elementor-element elementor-element-46c2cb5d elementor-section-boxed elementor-section-height-default elementor-section-height-default\" data-id=\"46c2cb5d\" data-element_type=\"section\">\n\t\t\t\t\t\t<div class=\"elementor-container elementor-column-gap-default\">\n\t\t\t\t\t<div class=\"elementor-column elementor-col-100 elementor-top-column elementor-element elementor-element-299813e7\" data-id=\"299813e7\" data-element_type=\"column\">\n\t\t\t<div class=\"elementor-widget-wrap elementor-element-populated\">\n\t\t\t\t\t\t<div class=\"elementor-element elementor-element-3ec495a9 elementor-widget elementor-widget-heading\" data-id=\"3ec495a9\" data-element_type=\"widget\" data-widget_type=\"heading.default\">\n\t\t\t\t<div class=\"elementor-widget-container\">\n\t\t\t\t\t<h2 class=\"elementor-heading-title elementor-size-default\">Formlar<\/h2>\t\t\t\t<\/div>\n\t\t\t\t<\/div>\n\t\t\t\t<div class=\"elementor-element elementor-element-2092e3b3 elementor-widget-divider--view-line elementor-widget elementor-widget-divider\" data-id=\"2092e3b3\" data-element_type=\"widget\" data-widget_type=\"divider.default\">\n\t\t\t\t<div class=\"elementor-widget-container\">\n\t\t\t\t\t\t\t<div class=\"elementor-divider\">\n\t\t\t<span class=\"elementor-divider-separator\">\n\t\t\t\t\t\t<\/span>\n\t\t<\/div>\n\t\t\t\t\t\t<\/div>\n\t\t\t\t<\/div>\n\t\t\t\t\t<\/div>\n\t\t<\/div>\n\t\t\t\t\t<\/div>\n\t\t<\/section>\n\t\t\t\t<section class=\"elementor-section elementor-top-section elementor-element elementor-element-ec5523f elementor-section-boxed elementor-section-height-default elementor-section-height-default\" data-id=\"ec5523f\" data-element_type=\"section\">\n\t\t\t\t\t\t<div class=\"elementor-container elementor-column-gap-default\">\n\t\t\t\t\t<div class=\"elementor-column elementor-col-100 elementor-top-column elementor-element elementor-element-60ffefd\" data-id=\"60ffefd\" data-element_type=\"column\">\n\t\t\t<div class=\"elementor-widget-wrap elementor-element-populated\">\n\t\t\t\t\t\t<div class=\"elementor-element elementor-element-a49a9c5 elementor-widget elementor-widget-text-editor\" data-id=\"a49a9c5\" data-element_type=\"widget\" data-widget_type=\"text-editor.default\">\n\t\t\t\t<div class=\"elementor-widget-container\">\n\t\t\t\t\t\t\t\t\t<p><strong>M\u0130MARLIK VE TASARIM FAK\u00dcLTES\u0130<\/strong><\/p><p><strong>D\u0130LEK\u00c7E VE FORMLAR L\u0130STES\u0130<\/strong><\/p><p><strong><u>\u00d6\u011eRENC\u0130LER \u0130\u00c7\u0130N:<\/u><\/strong><\/p><table width=\"100%\"><tbody><tr><td width=\"12%\"><p>MTF-01<\/p><\/td><td width=\"73%\"><p><a href=\"https:\/\/birimler.atauni.edu.tr\/mimarlik-ve-tasarim-fakultesi\/wp-content\/uploads\/sites\/68\/2020\/07\/MTF-01-Genel-Dilekce-1.docx\">MTF-01 Genel Dilekce<\/a><\/p><\/td><td width=\"14%\">\u00a0<\/td><\/tr><tr><td width=\"12%\"><p>MTF-02<\/p><\/td><td width=\"73%\"><p><a href=\"http:\/\/birimler.atauni.edu.tr\/mimarlik-ve-tasarim-fakultesi\/wp-content\/uploads\/sites\/68\/2020\/07\/MTF-02-Mazeretli-Ders-Kayit-Basvuru-Formu-1.docx\">MTF-02 Mazeretli Ders Kay\u0131t Ba\u015fvuru Formu<\/a><\/p><\/td><td width=\"14%\">\u00a0<\/td><\/tr><tr><td width=\"12%\"><p>MTF-03<\/p><\/td><td width=\"73%\"><p><a href=\"http:\/\/birimler.atauni.edu.tr\/mimarlik-ve-tasarim-fakultesi\/wp-content\/uploads\/sites\/68\/2020\/07\/MTF-03-Mazeret-Sinavi-Basvuru-Dilekcesi-2.docx\">MTF-03 Mazeret S\u0131nav\u0131 Ba\u015fvuru Dilek\u00e7esi<\/a><\/p><\/td><td width=\"14%\">\u00a0<\/td><\/tr><tr><td width=\"12%\"><p>MTF-04<\/p><\/td><td width=\"73%\"><p><a href=\"http:\/\/birimler.atauni.edu.tr\/mimarlik-ve-tasarim-fakultesi\/wp-content\/uploads\/sites\/68\/2020\/07\/MTF-04-Sinav-Notu-Itiraz-Dilekcesi-1.docx\">MTF-04 S\u0131nav Notu \u0130tiraz Dilek\u00e7esi<\/a><\/p><\/td><td width=\"14%\">\u00a0<\/td><\/tr><tr><td width=\"12%\"><p>MTF-05<\/p><\/td><td width=\"73%\"><p><a href=\"http:\/\/birimler.atauni.edu.tr\/mimarlik-ve-tasarim-fakultesi\/wp-content\/uploads\/sites\/68\/2020\/07\/MTF-05-Staj-Basvuru-Kabul-Belgesi.docx\">MTF-05 Staj Ba\u015fvuru Kabul Belgesi<\/a><\/p><\/td><td width=\"14%\">\u00a0<\/td><\/tr><tr><td width=\"12%\"><p>MTF-05A<\/p><\/td><td width=\"73%\"><p><a href=\"http:\/\/birimler.atauni.edu.tr\/mimarlik-ve-tasarim-fakultesi\/wp-content\/uploads\/sites\/68\/2020\/07\/MTF-05A-Pandemi-Donemi-Yuz-Yuze-Staj-Taahhut-Dilekcesi.docx\">MTF-05A Pandemi D\u00f6nemi Y\u00fcz Y\u00fcze Staj Taahh\u00fct Dilek\u00e7esi<\/a><\/p><\/td><td width=\"14%\">\u00a0<\/td><\/tr><tr><td width=\"12%\"><p>MTF-05B<\/p><\/td><td width=\"73%\"><p><a href=\"http:\/\/birimler.atauni.edu.tr\/mimarlik-ve-tasarim-fakultesi\/wp-content\/uploads\/sites\/68\/2020\/07\/MTF-05B-Pandemi-Donemi-Yuz-Yuze-Staj-Tedbir-Dilekcesi.docx\">MTF-05B Pandemi D\u00f6nemi Y\u00fcz Y\u00fcze Staj Tedbir Dilek\u00e7esi<\/a><\/p><\/td><td width=\"14%\">\u00a0<\/td><\/tr><tr><td width=\"12%\"><p>MTF-06<\/p><\/td><td width=\"73%\"><p><a href=\"http:\/\/birimler.atauni.edu.tr\/mimarlik-ve-tasarim-fakultesi\/wp-content\/uploads\/sites\/68\/2020\/07\/MTF-06-Zorunlu-Staj-Formu.docx\">MTF-06 Zorunlu Staj Formu<\/a><\/p><\/td><td width=\"14%\">\u00a0<\/td><\/tr><tr><td width=\"12%\"><p>MTF-06A<\/p><\/td><td width=\"73%\"><p><a href=\"http:\/\/birimler.atauni.edu.tr\/mimarlik-ve-tasarim-fakultesi\/wp-content\/uploads\/sites\/68\/2020\/07\/MTF-06A-Staj-Ek-Dilekce-1.docx\">MTF-06A Staj Ek Dilek\u00e7e &#8211; 1<\/a><\/p><\/td><td width=\"14%\">\u00a0<\/td><\/tr><tr><td width=\"12%\"><p>MTF-06B<\/p><\/td><td width=\"73%\"><p><a href=\"http:\/\/birimler.atauni.edu.tr\/mimarlik-ve-tasarim-fakultesi\/wp-content\/uploads\/sites\/68\/2020\/07\/MTF-06B-Staj-Ek-Dilekce-2.docx\">MTF-06B Staj Ek Dilek\u00e7e &#8211; 2<\/a><\/p><\/td><td width=\"14%\">\u00a0<\/td><\/tr><tr><td width=\"12%\"><p>MTF-07<\/p><\/td><td width=\"73%\"><p><a href=\"http:\/\/birimler.atauni.edu.tr\/mimarlik-ve-tasarim-fakultesi\/wp-content\/uploads\/sites\/68\/2020\/07\/MTF-07-Staj-Sicil-Fisi-Formu.docx\">MTF-07 Staj Sicil Fi\u015fi Formu<\/a><\/p><\/td><td width=\"14%\">\u00a0<\/td><\/tr><tr><td width=\"12%\"><p>MTF-08<\/p><\/td><td width=\"73%\"><p><a href=\"http:\/\/birimler.atauni.edu.tr\/mimarlik-ve-tasarim-fakultesi\/wp-content\/uploads\/sites\/68\/2020\/07\/MTF-08-Staj-Defteri-Formu.docx\">MTF-08 Staj Defteri Formu<\/a><\/p><\/td><td width=\"14%\">\u00a0<\/td><\/tr><tr><td width=\"12%\"><p>MTF-09<\/p><\/td><td width=\"73%\"><p><a href=\"http:\/\/birimler.atauni.edu.tr\/mimarlik-ve-tasarim-fakultesi\/wp-content\/uploads\/sites\/68\/2020\/07\/MTF-09-Yaz-Okulu-Muracaat-Dilekcesi.docx\">MTF-09 Yaz Okulu M\u00fcracaat Dilek\u00e7esi<\/a><\/p><\/td><td width=\"14%\">\u00a0<\/td><\/tr><tr><td width=\"12%\"><p>MTF-10<\/p><\/td><td width=\"73%\"><p><a href=\"http:\/\/birimler.atauni.edu.tr\/mimarlik-ve-tasarim-fakultesi\/wp-content\/uploads\/sites\/68\/2020\/07\/MTF-10-Farkli-Universiteden-Yaz-Okulunda-Ders-Alma-Basvuru-Dilekcesi.docx\">MTF-10 Farkl\u0131 \u00dcniversiteden Yaz Okulunda Ders Alma Ba\u015fvuru Dilek\u00e7esi<\/a><\/p><\/td><td width=\"14%\">\u00a0<\/td><\/tr><tr><td width=\"12%\"><p>MTF-11<\/p><\/td><td width=\"73%\"><p><a href=\"http:\/\/birimler.atauni.edu.tr\/mimarlik-ve-tasarim-fakultesi\/wp-content\/uploads\/sites\/68\/2020\/07\/MTF-11-Kurumlar-Arasi-Yatay-Gecis-Basvuru-Dilekcesi.docx\">MTF-11 Kurumlar Aras\u0131 Yatay Ge\u00e7i\u015f Ba\u015fvuru Dilek\u00e7esi<\/a><\/p><\/td><td width=\"14%\">\u00a0<\/td><\/tr><tr><td width=\"12%\"><p>MTF-12<\/p><\/td><td width=\"73%\"><p><a href=\"http:\/\/birimler.atauni.edu.tr\/mimarlik-ve-tasarim-fakultesi\/wp-content\/uploads\/sites\/68\/2020\/07\/MTF-12-Kurum-Ici-Yatay-Gecis-Basvuru-Dilekcesi.docx\">MTF-12 Kurum \u0130\u00e7i Yatay Ge\u00e7i\u015f Ba\u015fvuru Dilek\u00e7esi<\/a><\/p><\/td><td width=\"14%\">\u00a0<\/td><\/tr><tr><td width=\"12%\"><p>MTF-13<\/p><\/td><td width=\"73%\"><p><a href=\"http:\/\/birimler.atauni.edu.tr\/mimarlik-ve-tasarim-fakultesi\/wp-content\/uploads\/sites\/68\/2020\/07\/MTF-13-Yatay-Gecis-Kesin-Kayit-Dilekcesi.docx\">MTF-13 Yatay Ge\u00e7i\u015f Kesin Kay\u0131t Dilek\u00e7esi<\/a><\/p><\/td><td width=\"14%\">\u00a0<\/td><\/tr><tr><td width=\"12%\"><p>MTF-14<\/p><\/td><td width=\"73%\"><p><a href=\"http:\/\/birimler.atauni.edu.tr\/mimarlik-ve-tasarim-fakultesi\/wp-content\/uploads\/sites\/68\/2020\/07\/MTF-14-Cift-Anadal-Yandal-Programi-Basvuru-Dilekcesi.docx\">MTF-14 \u00c7ift Anadal-Yandal Program\u0131 Ba\u015fvuru Dilek\u00e7esi<\/a><\/p><\/td><td width=\"14%\">\u00a0<\/td><\/tr><tr><td width=\"12%\"><p>MTF-15<\/p><\/td><td width=\"73%\"><p><a href=\"http:\/\/birimler.atauni.edu.tr\/mimarlik-ve-tasarim-fakultesi\/wp-content\/uploads\/sites\/68\/2020\/07\/MTF-15-Cift-Anadal-Yandal-Kesin-Kayit-Dilekcesi.docx\">MTF-15 \u00c7ift Anadal-Yandal Kesin Kay\u0131t Dilek\u00e7esi<\/a><\/p><\/td><td width=\"14%\">\u00a0<\/td><\/tr><tr><td width=\"12%\"><p>MTF-16<\/p><\/td><td width=\"73%\"><p><a href=\"http:\/\/birimler.atauni.edu.tr\/mimarlik-ve-tasarim-fakultesi\/wp-content\/uploads\/sites\/68\/2020\/07\/MTF-16-Ders-Saydirma-ve-Muafiyet-Basvuru-Formu.docx\">MTF-16 Ders Sayd\u0131rma ve Muafiyet Ba\u015fvuru Formu<\/a><\/p><\/td><td width=\"14%\">\u00a0<\/td><\/tr><tr><td width=\"12%\"><p>MTF-17<\/p><\/td><td width=\"73%\"><p><a href=\"http:\/\/birimler.atauni.edu.tr\/mimarlik-ve-tasarim-fakultesi\/wp-content\/uploads\/sites\/68\/2020\/07\/MTF-17-Secmeli-Ders-Degistirme-Basvuru-Dilekcesi.docx\">MTF-17 Se\u00e7meli Ders De\u011fi\u015ftirme Ba\u015fvuru Dilek\u00e7esi<\/a><\/p><\/td><td width=\"14%\">\u00a0<\/td><\/tr><tr><td width=\"12%\"><p>MTF-18<\/p><\/td><td width=\"73%\"><p><a href=\"http:\/\/birimler.atauni.edu.tr\/mimarlik-ve-tasarim-fakultesi\/wp-content\/uploads\/sites\/68\/2020\/07\/MTF-18-Mezuniyet-Tek-Ders-Sinavi-Basvuru-Dilekcesi-1.docx\">MTF-18 Mezuniyet Tek Ders S\u0131nav\u0131 Ba\u015fvuru Dilek\u00e7esi<\/a><\/p><\/td><td width=\"14%\">\u00a0<\/td><\/tr><tr><td width=\"12%\"><p>MTF-19<\/p><\/td><td width=\"73%\"><p><a href=\"http:\/\/birimler.atauni.edu.tr\/mimarlik-ve-tasarim-fakultesi\/wp-content\/uploads\/sites\/68\/2020\/07\/MTF-19-Yedinci-Yil-Sonu-Ek-Sinav-Basvuru-Dilekcesi.docx\">MTF-19 Yedinci Y\u0131l Sonu Ek S\u0131nav Ba\u015fvuru Dilek\u00e7esi<\/a><\/p><\/td><td width=\"14%\">\u00a0<\/td><\/tr><tr><td width=\"12%\"><p>MTF-20<\/p><\/td><td width=\"73%\"><p><a href=\"http:\/\/birimler.atauni.edu.tr\/mimarlik-ve-tasarim-fakultesi\/wp-content\/uploads\/sites\/68\/2020\/07\/MTF-20-Kayit-Dondurma-Basvuru-Dilekcesi.docx\">MTF-20 Kay\u0131t Dondurma Ba\u015fvuru Dilek\u00e7esi<\/a><\/p><\/td><td width=\"14%\">\u00a0<\/td><\/tr><tr><td width=\"12%\"><p>MTF-21<\/p><\/td><td width=\"73%\"><p><a href=\"http:\/\/birimler.atauni.edu.tr\/mimarlik-ve-tasarim-fakultesi\/wp-content\/uploads\/sites\/68\/2020\/07\/MTF-21-Kayit-Sildirme-Dilekcesi.docx\">MTF-21 Kay\u0131t Sildirme Dilek\u00e7esi<\/a><\/p><\/td><td width=\"14%\">\u00a0<\/td><\/tr><tr><td width=\"12%\"><p>MTF-22<\/p><\/td><td width=\"73%\"><p>Yurtta Konaklama Ba\u015fvuru Dilek\u00e7esi (Pandemi D\u00f6nemi)<\/p><\/td><td width=\"14%\">\u00a0<\/td><\/tr><\/tbody><\/table><p><strong><u>AKADEM\u0130K PERSONEL \u0130\u00c7\u0130N:<\/u><\/strong><\/p><table width=\"100%\"><tbody><tr><td width=\"10%\"><p>MTF-51<\/p><\/td><td width=\"75%\"><p><a href=\"http:\/\/birimler.atauni.edu.tr\/mimarlik-ve-tasarim-fakultesi\/wp-content\/uploads\/sites\/68\/2020\/07\/MTF-51-Ders-Telafi-Bildirim-Formu.docx\">MTF-51 Ders Telafi Bildirim Formu<\/a><\/p><\/td><td width=\"14%\">\u00a0<\/td><\/tr><tr><td width=\"10%\"><p>MTF-52<\/p><\/td><td width=\"75%\"><p><a href=\"http:\/\/birimler.atauni.edu.tr\/mimarlik-ve-tasarim-fakultesi\/wp-content\/uploads\/sites\/68\/2020\/07\/MTF-52-Harf-Notu-Ilani-Geri-Cekme-Dilekcesi.docx\">MTF-52 Harf Notu \u0130lan\u0131 Geri \u00c7ekme Dilek\u00e7esi<\/a><\/p><\/td><td width=\"14%\">\u00a0<\/td><\/tr><tr><td width=\"10%\"><p>MTF-53<\/p><\/td><td width=\"75%\"><p><a href=\"http:\/\/birimler.atauni.edu.tr\/mimarlik-ve-tasarim-fakultesi\/wp-content\/uploads\/sites\/68\/2020\/07\/MTF-53-Mazeret-Sinavi-Not-Bildirim-Dilekcesi.docx\">MTF-53 Mazeret S\u0131nav\u0131 Not Bildirim Dilek\u00e7esi<\/a><\/p><\/td><td width=\"14%\">\u00a0<\/td><\/tr><tr><td width=\"10%\"><p>MTF-54<\/p><\/td><td width=\"75%\"><p><a href=\"http:\/\/birimler.atauni.edu.tr\/mimarlik-ve-tasarim-fakultesi\/wp-content\/uploads\/sites\/68\/2020\/07\/MTF-54-Tek-Ders-Sinavi-Not-Bildirim-Dilekcesi.docx\">MTF-54 Tek Ders S\u0131nav\u0131 Not Bildirim Dilek\u00e7esi<\/a><\/p><\/td><td width=\"14%\">\u00a0<\/td><\/tr><tr><td width=\"10%\"><p>MTF-55<\/p><\/td><td width=\"75%\"><p><a href=\"http:\/\/birimler.atauni.edu.tr\/mimarlik-ve-tasarim-fakultesi\/wp-content\/uploads\/sites\/68\/2020\/07\/MTF-55-Yaz-Okulunda-Gorev-Alma-Basvuru-Dilekcesi.docx\">MTF-55 Yaz Okulunda G\u00f6rev Alma Ba\u015fvuru Dilek\u00e7esi<\/a><\/p><\/td><td width=\"14%\">\u00a0<\/td><\/tr><tr><td width=\"10%\"><p>MTF-56<\/p><\/td><td width=\"75%\"><p><a href=\"http:\/\/birimler.atauni.edu.tr\/mimarlik-ve-tasarim-fakultesi\/wp-content\/uploads\/sites\/68\/2020\/07\/MTF-56-Ozgecmis-Formu.docx\">MTF-56 \u00d6zge\u00e7mi\u015f Formu<\/a><\/p><\/td><td width=\"14%\">\u00a0<\/td><\/tr><tr><td width=\"10%\"><p>MTF-57<\/p><\/td><td width=\"75%\"><p><a href=\"http:\/\/birimler.atauni.edu.tr\/mimarlik-ve-tasarim-fakultesi\/wp-content\/uploads\/sites\/68\/2020\/07\/MTF-57-Ogretim-Elemani-Faaliyet-ve-Degerlendirme-Raporu.docx\">MTF-57 \u00d6\u011fretim Eleman\u0131 Faaliyet ve De\u011ferlendirme Raporu<\/a><\/p><\/td><td width=\"14%\">\u00a0<\/td><\/tr><tr><td width=\"10%\"><p>MTF-58<\/p><\/td><td width=\"75%\"><p><a href=\"http:\/\/birimler.atauni.edu.tr\/mimarlik-ve-tasarim-fakultesi\/wp-content\/uploads\/sites\/68\/2020\/07\/MTF-58-Juri-Uyesi-Ucret-Formu.docx\">MTF-58 J\u00fcri \u00dcyesi \u00dccret Formu<\/a><\/p><\/td><td width=\"14%\">\u00a0<\/td><\/tr><tr><td width=\"10%\"><p>MTF-59<\/p><\/td><td width=\"75%\"><p><a href=\"http:\/\/birimler.atauni.edu.tr\/mimarlik-ve-tasarim-fakultesi\/wp-content\/uploads\/sites\/68\/2020\/07\/MTF-59-Juri-Uyeligi-Takip-Formu.docx\">MTF-59 J\u00fcri \u00dcyeli\u011fi Takip Formu<\/a><\/p><\/td><td width=\"14%\">\u00a0<\/td><\/tr><tr><td width=\"10%\"><p>MTF-60<\/p><\/td><td width=\"75%\"><p><a href=\"http:\/\/birimler.atauni.edu.tr\/mimarlik-ve-tasarim-fakultesi\/wp-content\/uploads\/sites\/68\/2020\/07\/MTF-60-Ogretim-Elemani-Puanlandirma-Formu.docx\">MTF-60 \u00d6\u011fretim Eleman\u0131 Puanland\u0131rma Formu<\/a><\/p><\/td><td width=\"14%\">\u00a0<\/td><\/tr><tr><td width=\"10%\"><p>MTF-61<\/p><\/td><td width=\"75%\"><p><a href=\"http:\/\/birimler.atauni.edu.tr\/mimarlik-ve-tasarim-fakultesi\/wp-content\/uploads\/sites\/68\/2020\/07\/MTF-61-Gorev-Suresi-Uzatma-Formu-1-Ogretim-Elemani.docx\">MTF-61 G\u00f6rev S\u00fcresi Uzatma Formu (1) \u00d6\u011fretim Eleman\u0131<\/a><\/p><\/td><td width=\"14%\">\u00a0<\/td><\/tr><tr><td width=\"10%\"><p>MTF-62<\/p><\/td><td width=\"75%\"><p><a href=\"http:\/\/birimler.atauni.edu.tr\/mimarlik-ve-tasarim-fakultesi\/wp-content\/uploads\/sites\/68\/2020\/07\/MTF-62-Gorev-Suresi-Uzatma-Formu-1-Bolum-Baskanligi.docx\">MTF-62 G\u00f6rev S\u00fcresi Uzatma Formu (1) B\u00f6l\u00fcm Ba\u015fkanl\u0131\u011f\u0131<\/a><\/p><\/td><td width=\"14%\">\u00a0<\/td><\/tr><\/tbody><\/table><p><strong><u>\u00a0<\/u><\/strong><\/p><p><strong><u>\u00a0<\/u><\/strong><\/p><p><strong><u>\u00a0<\/u><\/strong><\/p>\t\t\t\t\t\t\t\t<\/div>\n\t\t\t\t<\/div>\n\t\t\t\t\t<\/div>\n\t\t<\/div>\n\t\t\t\t\t<\/div>\n\t\t<\/section>\n\t\t\t\t<\/div>\n\t\t","protected":false},"excerpt":{"rendered":"<p>Formlar M\u0130MARLIK VE TASARIM FAK\u00dcLTES\u0130 D\u0130LEK\u00c7E VE FORMLAR L\u0130STES\u0130 \u00d6\u011eRENC\u0130LER \u0130\u00c7\u0130N: MTF-01 MTF-01 Genel Dilekce \u00a0 MTF-02 MTF-02 Mazeretli Ders Kay\u0131t Ba\u015fvuru Formu \u00a0 MTF-03 MTF-03 Mazeret S\u0131nav\u0131 Ba\u015fvuru Dilek\u00e7esi \u00a0 MTF-04 MTF-04 S\u0131nav Notu \u0130tiraz Dilek\u00e7esi \u00a0 MTF-05 MTF-05 Staj Ba\u015fvuru Kabul Belgesi \u00a0 MTF-05A MTF-05A Pandemi D\u00f6nemi Y\u00fcz Y\u00fcze Staj Taahh\u00fct Dilek\u00e7esi \u00a0 [&hellip;]<\/p>\n","protected":false},"author":1,"featured_media":0,"parent":0,"menu_order":0,"comment_status":"closed","ping_status":"closed","template":"elementor_header_footer","meta":{"footnotes":""},"class_list":["post-5847","page","type-page","status-publish","hentry"],"_links":{"self":[{"href":"https:\/\/atauni.edu.tr\/mimarlik-ve-tasarim-fakultesi\/wp-json\/wp\/v2\/pages\/5847","targetHints":{"allow":["GET"]}}],"collection":[{"href":"https:\/\/atauni.edu.tr\/mimarlik-ve-tasarim-fakultesi\/wp-json\/wp\/v2\/pages"}],"about":[{"href":"https:\/\/atauni.edu.tr\/mimarlik-ve-tasarim-fakultesi\/wp-json\/wp\/v2\/types\/page"}],"author":[{"embeddable":true,"href":"https:\/\/atauni.edu.tr\/mimarlik-ve-tasarim-fakultesi\/wp-json\/wp\/v2\/users\/1"}],"replies":[{"embeddable":true,"href":"https:\/\/atauni.edu.tr\/mimarlik-ve-tasarim-fakultesi\/wp-json\/wp\/v2\/comments?post=5847"}],"version-history":[{"count":44,"href":"https:\/\/atauni.edu.tr\/mimarlik-ve-tasarim-fakultesi\/wp-json\/wp\/v2\/pages\/5847\/revisions"}],"predecessor-version":[{"id":7792,"href":"https:\/\/atauni.edu.tr\/mimarlik-ve-tasarim-fakultesi\/wp-json\/wp\/v2\/pages\/5847\/revisions\/7792"}],"wp:attachment":[{"href":"https:\/\/atauni.edu.tr\/mimarlik-ve-tasarim-fakultesi\/wp-json\/wp\/v2\/media?parent=5847"}],"curies":[{"name":"wp","href":"https:\/\/api.w.org\/{rel}","templated":true}]}}