{"id":5864,"date":"2021-08-13T15:10:19","date_gmt":"2021-08-13T12:10:19","guid":{"rendered":"https:\/\/portaltest.atauni.edu.tr\/muhendislik-fakultesi\/?page_id=5864"},"modified":"2021-12-31T00:59:53","modified_gmt":"2021-12-30T21:59:53","slug":"uygulama-esaslari","status":"publish","type":"page","link":"https:\/\/atauni.edu.tr\/mimarlik-ve-tasarim-fakultesi\/uygulama-esaslari\/","title":{"rendered":"Fak\u00fclte Uygulama Esaslar\u0131"},"content":{"rendered":"\t\t<div data-elementor-type=\"wp-page\" data-elementor-id=\"5864\" class=\"elementor elementor-5864\" data-elementor-post-type=\"page\">\n\t\t\t\t\t\t<section class=\"elementor-section elementor-top-section elementor-element elementor-element-46c2cb5d elementor-section-boxed elementor-section-height-default elementor-section-height-default\" data-id=\"46c2cb5d\" data-element_type=\"section\">\n\t\t\t\t\t\t<div class=\"elementor-container elementor-column-gap-default\">\n\t\t\t\t\t<div class=\"elementor-column elementor-col-100 elementor-top-column elementor-element elementor-element-299813e7\" data-id=\"299813e7\" data-element_type=\"column\">\n\t\t\t<div class=\"elementor-widget-wrap elementor-element-populated\">\n\t\t\t\t\t\t<div class=\"elementor-element elementor-element-3ec495a9 elementor-widget elementor-widget-heading\" data-id=\"3ec495a9\" data-element_type=\"widget\" data-widget_type=\"heading.default\">\n\t\t\t\t<div class=\"elementor-widget-container\">\n\t\t\t\t\t<h2 class=\"elementor-heading-title elementor-size-default\">Fak\u00fclte Uygulama Esaslar\u0131<\/h2>\t\t\t\t<\/div>\n\t\t\t\t<\/div>\n\t\t\t\t<div class=\"elementor-element elementor-element-2092e3b3 elementor-widget-divider--view-line elementor-widget elementor-widget-divider\" data-id=\"2092e3b3\" data-element_type=\"widget\" data-widget_type=\"divider.default\">\n\t\t\t\t<div class=\"elementor-widget-container\">\n\t\t\t\t\t\t\t<div class=\"elementor-divider\">\n\t\t\t<span class=\"elementor-divider-separator\">\n\t\t\t\t\t\t<\/span>\n\t\t<\/div>\n\t\t\t\t\t\t<\/div>\n\t\t\t\t<\/div>\n\t\t\t\t\t<\/div>\n\t\t<\/div>\n\t\t\t\t\t<\/div>\n\t\t<\/section>\n\t\t\t\t<section class=\"elementor-section elementor-top-section elementor-element elementor-element-4a7c24b elementor-section-boxed elementor-section-height-default elementor-section-height-default\" data-id=\"4a7c24b\" data-element_type=\"section\">\n\t\t\t\t\t\t<div class=\"elementor-container elementor-column-gap-default\">\n\t\t\t\t\t<div class=\"elementor-column elementor-col-100 elementor-top-column elementor-element elementor-element-6963039\" data-id=\"6963039\" data-element_type=\"column\">\n\t\t\t<div class=\"elementor-widget-wrap elementor-element-populated\">\n\t\t\t\t\t\t<div class=\"elementor-element elementor-element-07fe6a4 elementor-widget elementor-widget-text-editor\" data-id=\"07fe6a4\" data-element_type=\"widget\" data-widget_type=\"text-editor.default\">\n\t\t\t\t<div class=\"elementor-widget-container\">\n\t\t\t\t\t\t\t\t\t<p><span style=\"letter-spacing: 0px\">Fak\u00fcltemiz Uygulama Esaslar\u0131 a\u015fa\u011f\u0131daki gibidir.<\/span><\/p><p><a href=\"http:\/\/birimler.atauni.edu.tr\/mimarlik-ve-tasarim-fakultesi\/wp-content\/uploads\/sites\/68\/2020\/07\/MTF_Uygulama-Esaslari.pdf\">Mimarl\u0131k ve Tasar\u0131m Fak\u00fcltesi Uygulama Esaslar\u0131<\/a><\/p>\t\t\t\t\t\t\t\t<\/div>\n\t\t\t\t<\/div>\n\t\t\t\t\t<\/div>\n\t\t<\/div>\n\t\t\t\t\t<\/div>\n\t\t<\/section>\n\t\t\t\t<\/div>\n\t\t","protected":false},"excerpt":{"rendered":"<p>Fak\u00fclte Uygulama Esaslar\u0131 Fak\u00fcltemiz Uygulama Esaslar\u0131 a\u015fa\u011f\u0131daki gibidir. Mimarl\u0131k ve Tasar\u0131m Fak\u00fcltesi Uygulama Esaslar\u0131<\/p>\n","protected":false},"author":246,"featured_media":0,"parent":0,"menu_order":0,"comment_status":"closed","ping_status":"closed","template":"elementor_header_footer","meta":{"footnotes":""},"class_list":["post-5864","page","type-page","status-publish","hentry"],"_links":{"self":[{"href":"https:\/\/atauni.edu.tr\/mimarlik-ve-tasarim-fakultesi\/wp-json\/wp\/v2\/pages\/5864","targetHints":{"allow":["GET"]}}],"collection":[{"href":"https:\/\/atauni.edu.tr\/mimarlik-ve-tasarim-fakultesi\/wp-json\/wp\/v2\/pages"}],"about":[{"href":"https:\/\/atauni.edu.tr\/mimarlik-ve-tasarim-fakultesi\/wp-json\/wp\/v2\/types\/page"}],"author":[{"embeddable":true,"href":"https:\/\/atauni.edu.tr\/mimarlik-ve-tasarim-fakultesi\/wp-json\/wp\/v2\/users\/246"}],"replies":[{"embeddable":true,"href":"https:\/\/atauni.edu.tr\/mimarlik-ve-tasarim-fakultesi\/wp-json\/wp\/v2\/comments?post=5864"}],"version-history":[{"count":16,"href":"https:\/\/atauni.edu.tr\/mimarlik-ve-tasarim-fakultesi\/wp-json\/wp\/v2\/pages\/5864\/revisions"}],"predecessor-version":[{"id":6763,"href":"https:\/\/atauni.edu.tr\/mimarlik-ve-tasarim-fakultesi\/wp-json\/wp\/v2\/pages\/5864\/revisions\/6763"}],"wp:attachment":[{"href":"https:\/\/atauni.edu.tr\/mimarlik-ve-tasarim-fakultesi\/wp-json\/wp\/v2\/media?parent=5864"}],"curies":[{"name":"wp","href":"https:\/\/api.w.org\/{rel}","templated":true}]}}