{"id":8732,"date":"2025-07-29T14:22:43","date_gmt":"2025-07-29T11:22:43","guid":{"rendered":"https:\/\/birimler.atauni.edu.tr\/mimarlik-ve-tasarim-fakultesi\/?page_id=8732"},"modified":"2025-07-29T14:22:49","modified_gmt":"2025-07-29T11:22:49","slug":"etkinlikler","status":"publish","type":"page","link":"https:\/\/atauni.edu.tr\/mimarlik-ve-tasarim-fakultesi\/etkinlikler\/","title":{"rendered":"Etkinlikler"},"content":{"rendered":"<form method=\"get\" class=\"row g-3\" style=\"margin-bottom: 20px;\"><div class=\"col-md-3\"><input type=\"text\" name=\"etkinlik_ara\" class=\"form-control\" placeholder=\"Etkinlik ara...\" value=\"\"><\/div><div class=\"col-md-3\"><input type=\"date\" name=\"baslangic_tarihi\" class=\"form-control\" value=\"\"><\/div><div class=\"col-md-3\"><input type=\"date\" name=\"bitis_tarihi\" class=\"form-control\" value=\"\"><\/div><div class=\"col-md-3\"><button type=\"submit\" class=\"btn btn-secondary w-50\">Filtrele<\/button><\/div><\/form><div class=\"etkinlikler-grid-container\" style=\"display: grid; grid-template-columns: repeat(3, 1fr); gap: 20px;\"><div class=\"etkinlik-grid-item\"><div class=\"etkinlik-thumbnail\"><img fetchpriority=\"high\" decoding=\"async\" width=\"214\" height=\"300\" src=\"https:\/\/atauni.edu.tr\/mimarlik-ve-tasarim-fakultesi\/wp-content\/uploads\/sites\/68\/2026\/01\/WhatsApp-Image-2026-01-15-at-16.15.07-1-214x300.jpeg\" class=\"img-fluid wp-post-image\" alt=\"\" srcset=\"https:\/\/atauni.edu.tr\/mimarlik-ve-tasarim-fakultesi\/wp-content\/uploads\/sites\/68\/2026\/01\/WhatsApp-Image-2026-01-15-at-16.15.07-1-214x300.jpeg 214w, https:\/\/atauni.edu.tr\/mimarlik-ve-tasarim-fakultesi\/wp-content\/uploads\/sites\/68\/2026\/01\/WhatsApp-Image-2026-01-15-at-16.15.07-1-732x1024.jpeg 732w, https:\/\/atauni.edu.tr\/mimarlik-ve-tasarim-fakultesi\/wp-content\/uploads\/sites\/68\/2026\/01\/WhatsApp-Image-2026-01-15-at-16.15.07-1-768x1075.jpeg 768w, https:\/\/atauni.edu.tr\/mimarlik-ve-tasarim-fakultesi\/wp-content\/uploads\/sites\/68\/2026\/01\/WhatsApp-Image-2026-01-15-at-16.15.07-1-1097x1536.jpeg 1097w, https:\/\/atauni.edu.tr\/mimarlik-ve-tasarim-fakultesi\/wp-content\/uploads\/sites\/68\/2026\/01\/WhatsApp-Image-2026-01-15-at-16.15.07-1-1463x2048.jpeg 1463w, https:\/\/atauni.edu.tr\/mimarlik-ve-tasarim-fakultesi\/wp-content\/uploads\/sites\/68\/2026\/01\/WhatsApp-Image-2026-01-15-at-16.15.07-1-429x600.jpeg 429w, https:\/\/atauni.edu.tr\/mimarlik-ve-tasarim-fakultesi\/wp-content\/uploads\/sites\/68\/2026\/01\/WhatsApp-Image-2026-01-15-at-16.15.07-1-400x560.jpeg 400w, https:\/\/atauni.edu.tr\/mimarlik-ve-tasarim-fakultesi\/wp-content\/uploads\/sites\/68\/2026\/01\/WhatsApp-Image-2026-01-15-at-16.15.07-1-scaled.jpeg 1829w\" sizes=\"(max-width: 214px) 100vw, 214px\" \/><\/div><div class=\"etkinlik-datee\"><span class=\"day\">23<\/span><span class=\"month\">Ocak<\/span><span class=\"year\">2026<\/span><\/div><a href=\"https:\/\/atauni.edu.tr\/mimarlik-ve-tasarim-fakultesi\/2026\/01\/23\/doku-iz-sergisi\/\" class=\"etkinlik-titlee\">Doku &#8211; \u0130z Sergisi<\/a><\/div><div class=\"etkinlik-grid-item\"><div class=\"etkinlik-thumbnail\"><img decoding=\"async\" width=\"300\" height=\"189\" src=\"https:\/\/atauni.edu.tr\/mimarlik-ve-tasarim-fakultesi\/wp-content\/uploads\/sites\/68\/2025\/11\/WhatsApp-Image-2025-11-12-at-15.55.42-300x189.jpeg\" class=\"img-fluid wp-post-image\" alt=\"\" srcset=\"https:\/\/atauni.edu.tr\/mimarlik-ve-tasarim-fakultesi\/wp-content\/uploads\/sites\/68\/2025\/11\/WhatsApp-Image-2025-11-12-at-15.55.42-300x189.jpeg 300w, https:\/\/atauni.edu.tr\/mimarlik-ve-tasarim-fakultesi\/wp-content\/uploads\/sites\/68\/2025\/11\/WhatsApp-Image-2025-11-12-at-15.55.42-1024x645.jpeg 1024w, https:\/\/atauni.edu.tr\/mimarlik-ve-tasarim-fakultesi\/wp-content\/uploads\/sites\/68\/2025\/11\/WhatsApp-Image-2025-11-12-at-15.55.42-768x484.jpeg 768w, https:\/\/atauni.edu.tr\/mimarlik-ve-tasarim-fakultesi\/wp-content\/uploads\/sites\/68\/2025\/11\/WhatsApp-Image-2025-11-12-at-15.55.42-1536x968.jpeg 1536w, https:\/\/atauni.edu.tr\/mimarlik-ve-tasarim-fakultesi\/wp-content\/uploads\/sites\/68\/2025\/11\/WhatsApp-Image-2025-11-12-at-15.55.42-600x378.jpeg 600w, https:\/\/atauni.edu.tr\/mimarlik-ve-tasarim-fakultesi\/wp-content\/uploads\/sites\/68\/2025\/11\/WhatsApp-Image-2025-11-12-at-15.55.42-560x353.jpeg 560w, https:\/\/atauni.edu.tr\/mimarlik-ve-tasarim-fakultesi\/wp-content\/uploads\/sites\/68\/2025\/11\/WhatsApp-Image-2025-11-12-at-15.55.42.jpeg 1600w\" sizes=\"(max-width: 300px) 100vw, 300px\" \/><\/div><div class=\"etkinlik-datee\"><span class=\"day\">13<\/span><span class=\"month\">Kas\u0131m<\/span><span class=\"year\">2025<\/span><\/div><a href=\"https:\/\/atauni.edu.tr\/mimarlik-ve-tasarim-fakultesi\/2025\/11\/13\/peyzaj-mimarligi-bolumu-ogrencileri-rektorumuzle-birlikte-agac-dikti\/\" class=\"etkinlik-titlee\">Peyzaj Mimarl\u0131\u011f\u0131 B\u00f6l\u00fcm\u00fc \u00d6\u011frencileri Rekt\u00f6r\u00fcm\u00fczle Birlikte A\u011fa\u00e7 Dikti<\/a><\/div><div class=\"etkinlik-grid-item\"><div class=\"etkinlik-thumbnail\"><img decoding=\"async\" width=\"300\" height=\"135\" src=\"https:\/\/atauni.edu.tr\/mimarlik-ve-tasarim-fakultesi\/wp-content\/uploads\/sites\/68\/2025\/11\/WhatsApp-Image-2025-11-05-at-15.51.49-300x135.jpeg\" class=\"img-fluid wp-post-image\" alt=\"Fak\u00fcltemizde A\u00e7\u0131k Okuma \u0130stasyonlar\u0131 ilgi g\u00f6r\u00fcyor.\" srcset=\"https:\/\/atauni.edu.tr\/mimarlik-ve-tasarim-fakultesi\/wp-content\/uploads\/sites\/68\/2025\/11\/WhatsApp-Image-2025-11-05-at-15.51.49-300x135.jpeg 300w, https:\/\/atauni.edu.tr\/mimarlik-ve-tasarim-fakultesi\/wp-content\/uploads\/sites\/68\/2025\/11\/WhatsApp-Image-2025-11-05-at-15.51.49-768x346.jpeg 768w, https:\/\/atauni.edu.tr\/mimarlik-ve-tasarim-fakultesi\/wp-content\/uploads\/sites\/68\/2025\/11\/WhatsApp-Image-2025-11-05-at-15.51.49-600x270.jpeg 600w, https:\/\/atauni.edu.tr\/mimarlik-ve-tasarim-fakultesi\/wp-content\/uploads\/sites\/68\/2025\/11\/WhatsApp-Image-2025-11-05-at-15.51.49-560x252.jpeg 560w, https:\/\/atauni.edu.tr\/mimarlik-ve-tasarim-fakultesi\/wp-content\/uploads\/sites\/68\/2025\/11\/WhatsApp-Image-2025-11-05-at-15.51.49.jpeg 1000w\" sizes=\"(max-width: 300px) 100vw, 300px\" \/><\/div><div class=\"etkinlik-datee\"><span class=\"day\">05<\/span><span class=\"month\">Kas\u0131m<\/span><span class=\"year\">2025<\/span><\/div><a href=\"https:\/\/atauni.edu.tr\/mimarlik-ve-tasarim-fakultesi\/2025\/11\/05\/acik-alan-okuma-istasyonlari\/\" class=\"etkinlik-titlee\">A\u00e7\u0131k Alan Okuma \u0130stasyonlar\u0131<\/a><\/div><div class=\"etkinlik-grid-item\"><div class=\"etkinlik-thumbnail\"><img loading=\"lazy\" decoding=\"async\" width=\"200\" height=\"300\" src=\"https:\/\/atauni.edu.tr\/mimarlik-ve-tasarim-fakultesi\/wp-content\/uploads\/sites\/68\/2025\/06\/WhatsApp-Image-2025-05-09-at-10.56.56-200x300.jpeg\" class=\"img-fluid wp-post-image\" alt=\"\" srcset=\"https:\/\/atauni.edu.tr\/mimarlik-ve-tasarim-fakultesi\/wp-content\/uploads\/sites\/68\/2025\/06\/WhatsApp-Image-2025-05-09-at-10.56.56-200x300.jpeg 200w, https:\/\/atauni.edu.tr\/mimarlik-ve-tasarim-fakultesi\/wp-content\/uploads\/sites\/68\/2025\/06\/WhatsApp-Image-2025-05-09-at-10.56.56-682x1024.jpeg 682w, https:\/\/atauni.edu.tr\/mimarlik-ve-tasarim-fakultesi\/wp-content\/uploads\/sites\/68\/2025\/06\/WhatsApp-Image-2025-05-09-at-10.56.56-768x1153.jpeg 768w, https:\/\/atauni.edu.tr\/mimarlik-ve-tasarim-fakultesi\/wp-content\/uploads\/sites\/68\/2025\/06\/WhatsApp-Image-2025-05-09-at-10.56.56-1023x1536.jpeg 1023w, https:\/\/atauni.edu.tr\/mimarlik-ve-tasarim-fakultesi\/wp-content\/uploads\/sites\/68\/2025\/06\/WhatsApp-Image-2025-05-09-at-10.56.56-400x600.jpeg 400w, https:\/\/atauni.edu.tr\/mimarlik-ve-tasarim-fakultesi\/wp-content\/uploads\/sites\/68\/2025\/06\/WhatsApp-Image-2025-05-09-at-10.56.56-373x560.jpeg 373w, https:\/\/atauni.edu.tr\/mimarlik-ve-tasarim-fakultesi\/wp-content\/uploads\/sites\/68\/2025\/06\/WhatsApp-Image-2025-05-09-at-10.56.56.jpeg 1066w\" sizes=\"(max-width: 200px) 100vw, 200px\" \/><\/div><div class=\"etkinlik-datee\"><span class=\"day\">29<\/span><span class=\"month\">May\u0131s<\/span><span class=\"year\">2025<\/span><\/div><a href=\"https:\/\/atauni.edu.tr\/mimarlik-ve-tasarim-fakultesi\/2025\/05\/29\/diyaloglar-deneyimler-yansimalar-2025-turizm-baskenti-erzurum-icin-anlatilar\/\" class=\"etkinlik-titlee\">D\u0130YALOGLAR \/ DENEY\u0130MLER \/ YANSIMALAR: 2025 Turizm Ba\u015fkenti Erzurum i\u00e7in Anlat\u0131lar<\/a><\/div><div class=\"etkinlik-grid-item\"><div class=\"etkinlik-thumbnail\"><img loading=\"lazy\" decoding=\"async\" width=\"225\" height=\"300\" src=\"https:\/\/atauni.edu.tr\/mimarlik-ve-tasarim-fakultesi\/wp-content\/uploads\/sites\/68\/2025\/05\/WhatsApp-Gorsel-2025-05-07-saat-16.25.27_da4a37d7-225x300.jpg\" class=\"img-fluid wp-post-image\" alt=\"\" srcset=\"https:\/\/atauni.edu.tr\/mimarlik-ve-tasarim-fakultesi\/wp-content\/uploads\/sites\/68\/2025\/05\/WhatsApp-Gorsel-2025-05-07-saat-16.25.27_da4a37d7-225x300.jpg 225w, https:\/\/atauni.edu.tr\/mimarlik-ve-tasarim-fakultesi\/wp-content\/uploads\/sites\/68\/2025\/05\/WhatsApp-Gorsel-2025-05-07-saat-16.25.27_da4a37d7-768x1024.jpg 768w, https:\/\/atauni.edu.tr\/mimarlik-ve-tasarim-fakultesi\/wp-content\/uploads\/sites\/68\/2025\/05\/WhatsApp-Gorsel-2025-05-07-saat-16.25.27_da4a37d7-1152x1536.jpg 1152w, https:\/\/atauni.edu.tr\/mimarlik-ve-tasarim-fakultesi\/wp-content\/uploads\/sites\/68\/2025\/05\/WhatsApp-Gorsel-2025-05-07-saat-16.25.27_da4a37d7-450x600.jpg 450w, https:\/\/atauni.edu.tr\/mimarlik-ve-tasarim-fakultesi\/wp-content\/uploads\/sites\/68\/2025\/05\/WhatsApp-Gorsel-2025-05-07-saat-16.25.27_da4a37d7-420x560.jpg 420w, https:\/\/atauni.edu.tr\/mimarlik-ve-tasarim-fakultesi\/wp-content\/uploads\/sites\/68\/2025\/05\/WhatsApp-Gorsel-2025-05-07-saat-16.25.27_da4a37d7.jpg 1200w\" sizes=\"(max-width: 225px) 100vw, 225px\" \/><\/div><div class=\"etkinlik-datee\"><span class=\"day\">07<\/span><span class=\"month\">May\u0131s<\/span><span class=\"year\">2025<\/span><\/div><a href=\"https:\/\/atauni.edu.tr\/mimarlik-ve-tasarim-fakultesi\/2025\/05\/07\/abdalcik-koyunde-katilimci-peyzaj-tasarimi-sureci-baslatildi\/\" class=\"etkinlik-titlee\">Abdalc\u0131k K\u00f6y\u00fc\u2019nde Kat\u0131l\u0131mc\u0131 Peyzaj Tasar\u0131m\u0131 S\u00fcreci Ba\u015flat\u0131ld\u0131<\/a><\/div><div class=\"etkinlik-grid-item\"><div class=\"etkinlik-thumbnail\"><img loading=\"lazy\" decoding=\"async\" width=\"214\" height=\"300\" src=\"https:\/\/atauni.edu.tr\/mimarlik-ve-tasarim-fakultesi\/wp-content\/uploads\/sites\/68\/2025\/02\/WhatsApp-Image-2025-02-25-at-21.33.00-214x300.jpeg\" class=\"img-fluid wp-post-image\" alt=\"\" srcset=\"https:\/\/atauni.edu.tr\/mimarlik-ve-tasarim-fakultesi\/wp-content\/uploads\/sites\/68\/2025\/02\/WhatsApp-Image-2025-02-25-at-21.33.00-214x300.jpeg 214w, https:\/\/atauni.edu.tr\/mimarlik-ve-tasarim-fakultesi\/wp-content\/uploads\/sites\/68\/2025\/02\/WhatsApp-Image-2025-02-25-at-21.33.00-731x1024.jpeg 731w, https:\/\/atauni.edu.tr\/mimarlik-ve-tasarim-fakultesi\/wp-content\/uploads\/sites\/68\/2025\/02\/WhatsApp-Image-2025-02-25-at-21.33.00-768x1076.jpeg 768w, https:\/\/atauni.edu.tr\/mimarlik-ve-tasarim-fakultesi\/wp-content\/uploads\/sites\/68\/2025\/02\/WhatsApp-Image-2025-02-25-at-21.33.00-1096x1536.jpeg 1096w, https:\/\/atauni.edu.tr\/mimarlik-ve-tasarim-fakultesi\/wp-content\/uploads\/sites\/68\/2025\/02\/WhatsApp-Image-2025-02-25-at-21.33.00-428x600.jpeg 428w, https:\/\/atauni.edu.tr\/mimarlik-ve-tasarim-fakultesi\/wp-content\/uploads\/sites\/68\/2025\/02\/WhatsApp-Image-2025-02-25-at-21.33.00-400x560.jpeg 400w, https:\/\/atauni.edu.tr\/mimarlik-ve-tasarim-fakultesi\/wp-content\/uploads\/sites\/68\/2025\/02\/WhatsApp-Image-2025-02-25-at-21.33.00.jpeg 1142w\" sizes=\"(max-width: 214px) 100vw, 214px\" \/><\/div><div class=\"etkinlik-datee\"><span class=\"day\">25<\/span><span class=\"month\">\u015eubat<\/span><span class=\"year\">2025<\/span><\/div><a href=\"https:\/\/atauni.edu.tr\/mimarlik-ve-tasarim-fakultesi\/2025\/02\/25\/mimarlik-bolumu-proje-sergisi\/\" class=\"etkinlik-titlee\">Mimarl\u0131k B\u00f6l\u00fcm\u00fc &#8211; Proje Sergisi<\/a><\/div><div class=\"etkinlik-grid-item\"><div class=\"etkinlik-thumbnail\"><img loading=\"lazy\" decoding=\"async\" width=\"216\" height=\"300\" src=\"https:\/\/atauni.edu.tr\/mimarlik-ve-tasarim-fakultesi\/wp-content\/uploads\/sites\/68\/2025\/02\/WhatsApp-Image-2025-02-21-at-14.28.46-e1740578627463-216x300.jpeg\" class=\"img-fluid wp-post-image\" alt=\"\" srcset=\"https:\/\/atauni.edu.tr\/mimarlik-ve-tasarim-fakultesi\/wp-content\/uploads\/sites\/68\/2025\/02\/WhatsApp-Image-2025-02-21-at-14.28.46-e1740578627463-216x300.jpeg 216w, https:\/\/atauni.edu.tr\/mimarlik-ve-tasarim-fakultesi\/wp-content\/uploads\/sites\/68\/2025\/02\/WhatsApp-Image-2025-02-21-at-14.28.46-e1740578627463-432x600.jpeg 432w, https:\/\/atauni.edu.tr\/mimarlik-ve-tasarim-fakultesi\/wp-content\/uploads\/sites\/68\/2025\/02\/WhatsApp-Image-2025-02-21-at-14.28.46-e1740578627463-403x560.jpeg 403w, https:\/\/atauni.edu.tr\/mimarlik-ve-tasarim-fakultesi\/wp-content\/uploads\/sites\/68\/2025\/02\/WhatsApp-Image-2025-02-21-at-14.28.46-e1740578627463.jpeg 720w\" sizes=\"(max-width: 216px) 100vw, 216px\" \/><\/div><div class=\"etkinlik-datee\"><span class=\"day\">24<\/span><span class=\"month\">\u015eubat<\/span><span class=\"year\">2025<\/span><\/div><a href=\"https:\/\/atauni.edu.tr\/mimarlik-ve-tasarim-fakultesi\/2025\/02\/24\/mahalleni-yeniden-tasarla-fikir-ve-tasarim-ideathonu-basladi\/\" class=\"etkinlik-titlee\">Mahalleni Yeniden Tasarla: Fikir ve Tasar\u0131m \u0130deathonu Ba\u015flad\u0131!<\/a><\/div><div class=\"etkinlik-grid-item\"><div class=\"etkinlik-thumbnail\"><img loading=\"lazy\" decoding=\"async\" width=\"300\" height=\"300\" src=\"https:\/\/atauni.edu.tr\/mimarlik-ve-tasarim-fakultesi\/wp-content\/uploads\/sites\/68\/2025\/02\/WhatsApp-Image-2025-02-25-at-12.54.08-300x300.jpeg\" class=\"img-fluid wp-post-image\" alt=\"\" srcset=\"https:\/\/atauni.edu.tr\/mimarlik-ve-tasarim-fakultesi\/wp-content\/uploads\/sites\/68\/2025\/02\/WhatsApp-Image-2025-02-25-at-12.54.08-300x300.jpeg 300w, https:\/\/atauni.edu.tr\/mimarlik-ve-tasarim-fakultesi\/wp-content\/uploads\/sites\/68\/2025\/02\/WhatsApp-Image-2025-02-25-at-12.54.08-150x150.jpeg 150w, https:\/\/atauni.edu.tr\/mimarlik-ve-tasarim-fakultesi\/wp-content\/uploads\/sites\/68\/2025\/02\/WhatsApp-Image-2025-02-25-at-12.54.08-768x768.jpeg 768w, https:\/\/atauni.edu.tr\/mimarlik-ve-tasarim-fakultesi\/wp-content\/uploads\/sites\/68\/2025\/02\/WhatsApp-Image-2025-02-25-at-12.54.08-600x600.jpeg 600w, https:\/\/atauni.edu.tr\/mimarlik-ve-tasarim-fakultesi\/wp-content\/uploads\/sites\/68\/2025\/02\/WhatsApp-Image-2025-02-25-at-12.54.08-560x560.jpeg 560w, https:\/\/atauni.edu.tr\/mimarlik-ve-tasarim-fakultesi\/wp-content\/uploads\/sites\/68\/2025\/02\/WhatsApp-Image-2025-02-25-at-12.54.08.jpeg 966w\" sizes=\"(max-width: 300px) 100vw, 300px\" \/><\/div><div class=\"etkinlik-datee\"><span class=\"day\">19<\/span><span class=\"month\">\u015eubat<\/span><span class=\"year\">2025<\/span><\/div><a href=\"https:\/\/atauni.edu.tr\/mimarlik-ve-tasarim-fakultesi\/2025\/02\/19\/ic-mimarlik-mobilya-sergisi\/\" class=\"etkinlik-titlee\">\u0130\u00e7 Mimarl\u0131k &#8211; Mobilya Sergisi<\/a><\/div><div class=\"etkinlik-grid-item\"><div class=\"etkinlik-thumbnail\"><img loading=\"lazy\" decoding=\"async\" width=\"300\" height=\"300\" src=\"https:\/\/atauni.edu.tr\/mimarlik-ve-tasarim-fakultesi\/wp-content\/uploads\/sites\/68\/2024\/12\/meeting-300x300.png\" class=\"img-fluid wp-post-image\" alt=\"\" srcset=\"https:\/\/atauni.edu.tr\/mimarlik-ve-tasarim-fakultesi\/wp-content\/uploads\/sites\/68\/2024\/12\/meeting-300x300.png 300w, https:\/\/atauni.edu.tr\/mimarlik-ve-tasarim-fakultesi\/wp-content\/uploads\/sites\/68\/2024\/12\/meeting-150x150.png 150w, https:\/\/atauni.edu.tr\/mimarlik-ve-tasarim-fakultesi\/wp-content\/uploads\/sites\/68\/2024\/12\/meeting-600x600.png 600w, https:\/\/atauni.edu.tr\/mimarlik-ve-tasarim-fakultesi\/wp-content\/uploads\/sites\/68\/2024\/12\/meeting-560x560.png 560w, https:\/\/atauni.edu.tr\/mimarlik-ve-tasarim-fakultesi\/wp-content\/uploads\/sites\/68\/2024\/12\/meeting.png 700w\" sizes=\"(max-width: 300px) 100vw, 300px\" \/><\/div><div class=\"etkinlik-datee\"><span class=\"day\">23<\/span><span class=\"month\">Ocak<\/span><span class=\"year\">2025<\/span><\/div><a href=\"https:\/\/atauni.edu.tr\/mimarlik-ve-tasarim-fakultesi\/2025\/01\/23\/kent-ve-kentlesme-komisyonu-toplantisi-1\/\" class=\"etkinlik-titlee\">Kent ve Kentle\u015fme Komisyonu Toplant\u0131lar\u0131<\/a><\/div><\/div><div class=\"pagination\" style=\"margin-top: 20px;\"><span aria-current=\"page\" class=\"page-numbers current\">1<\/span>\n<a class=\"page-numbers\" href=\"https:\/\/atauni.edu.tr\/mimarlik-ve-tasarim-fakultesi\/wp-json\/wp\/v2\/pages\/8732\/page\/2\/\">2<\/a>\n<a class=\"next page-numbers\" href=\"https:\/\/atauni.edu.tr\/mimarlik-ve-tasarim-fakultesi\/wp-json\/wp\/v2\/pages\/8732\/page\/2\/\">Sonraki &raquo;<\/a><\/div>\n\n\n\n<p><\/p>\n","protected":false},"excerpt":{"rendered":"","protected":false},"author":1,"featured_media":0,"parent":0,"menu_order":0,"comment_status":"closed","ping_status":"closed","template":"","meta":{"footnotes":""},"class_list":["post-8732","page","type-page","status-publish","hentry"],"_links":{"self":[{"href":"https:\/\/atauni.edu.tr\/mimarlik-ve-tasarim-fakultesi\/wp-json\/wp\/v2\/pages\/8732","targetHints":{"allow":["GET"]}}],"collection":[{"href":"https:\/\/atauni.edu.tr\/mimarlik-ve-tasarim-fakultesi\/wp-json\/wp\/v2\/pages"}],"about":[{"href":"https:\/\/atauni.edu.tr\/mimarlik-ve-tasarim-fakultesi\/wp-json\/wp\/v2\/types\/page"}],"author":[{"embeddable":true,"href":"https:\/\/atauni.edu.tr\/mimarlik-ve-tasarim-fakultesi\/wp-json\/wp\/v2\/users\/1"}],"replies":[{"embeddable":true,"href":"https:\/\/atauni.edu.tr\/mimarlik-ve-tasarim-fakultesi\/wp-json\/wp\/v2\/comments?post=8732"}],"version-history":[{"count":1,"href":"https:\/\/atauni.edu.tr\/mimarlik-ve-tasarim-fakultesi\/wp-json\/wp\/v2\/pages\/8732\/revisions"}],"predecessor-version":[{"id":8734,"href":"https:\/\/atauni.edu.tr\/mimarlik-ve-tasarim-fakultesi\/wp-json\/wp\/v2\/pages\/8732\/revisions\/8734"}],"wp:attachment":[{"href":"https:\/\/atauni.edu.tr\/mimarlik-ve-tasarim-fakultesi\/wp-json\/wp\/v2\/media?parent=8732"}],"curies":[{"name":"wp","href":"https:\/\/api.w.org\/{rel}","templated":true}]}}