{"id":5638,"date":"2021-07-13T09:49:25","date_gmt":"2021-07-13T06:49:25","guid":{"rendered":"https:\/\/portaltest.atauni.edu.tr\/bilgisayar-muhendisligi\/?page_id=5638"},"modified":"2022-12-21T11:11:42","modified_gmt":"2022-12-21T08:11:42","slug":"tarihce","status":"publish","type":"page","link":"https:\/\/atauni.edu.tr\/moda-ve-tekstil-tasarim-egitim-uygulama-ve-arastirma-merkezi\/tarihce\/","title":{"rendered":"Tarih\u00e7e"},"content":{"rendered":"\t\t<div data-elementor-type=\"wp-page\" data-elementor-id=\"5638\" class=\"elementor elementor-5638\" data-elementor-post-type=\"page\">\n\t\t\t\t\t\t<section class=\"elementor-section elementor-top-section elementor-element elementor-element-730d320 elementor-section-boxed elementor-section-height-default elementor-section-height-default\" data-id=\"730d320\" data-element_type=\"section\">\n\t\t\t\t\t\t<div class=\"elementor-container elementor-column-gap-default\">\n\t\t\t\t\t<div class=\"elementor-column elementor-col-100 elementor-top-column elementor-element elementor-element-753d0860\" data-id=\"753d0860\" data-element_type=\"column\">\n\t\t\t<div class=\"elementor-widget-wrap\">\n\t\t\t\t\t\t\t<\/div>\n\t\t<\/div>\n\t\t\t\t\t<\/div>\n\t\t<\/section>\n\t\t\t\t<section class=\"elementor-section elementor-top-section elementor-element elementor-element-9be811a elementor-section-boxed elementor-section-height-default elementor-section-height-default\" data-id=\"9be811a\" data-element_type=\"section\">\n\t\t\t\t\t\t<div class=\"elementor-container elementor-column-gap-default\">\n\t\t\t\t\t<div class=\"elementor-column elementor-col-100 elementor-top-column elementor-element elementor-element-1ed847b7\" data-id=\"1ed847b7\" data-element_type=\"column\">\n\t\t\t<div class=\"elementor-widget-wrap elementor-element-populated\">\n\t\t\t\t\t\t<div class=\"elementor-element elementor-element-4ce0d07f elementor-widget elementor-widget-heading\" data-id=\"4ce0d07f\" data-element_type=\"widget\" data-widget_type=\"heading.default\">\n\t\t\t\t<div class=\"elementor-widget-container\">\n\t\t\t\t\t<h2 class=\"elementor-heading-title elementor-size-default\">Tarih\u00e7e<\/h2>\t\t\t\t<\/div>\n\t\t\t\t<\/div>\n\t\t\t\t<div class=\"elementor-element elementor-element-63260862 elementor-widget-divider--view-line elementor-widget elementor-widget-divider\" data-id=\"63260862\" data-element_type=\"widget\" data-widget_type=\"divider.default\">\n\t\t\t\t<div class=\"elementor-widget-container\">\n\t\t\t\t\t\t\t<div class=\"elementor-divider\">\n\t\t\t<span class=\"elementor-divider-separator\">\n\t\t\t\t\t\t<\/span>\n\t\t<\/div>\n\t\t\t\t\t\t<\/div>\n\t\t\t\t<\/div>\n\t\t\t\t\t<\/div>\n\t\t<\/div>\n\t\t\t\t\t<\/div>\n\t\t<\/section>\n\t\t\t\t<section class=\"elementor-section elementor-top-section elementor-element elementor-element-681db8b elementor-section-boxed elementor-section-height-default elementor-section-height-default\" data-id=\"681db8b\" data-element_type=\"section\">\n\t\t\t\t\t\t<div class=\"elementor-container elementor-column-gap-default\">\n\t\t\t\t\t<div class=\"elementor-column elementor-col-100 elementor-top-column elementor-element elementor-element-ad4dac5\" data-id=\"ad4dac5\" data-element_type=\"column\">\n\t\t\t<div class=\"elementor-widget-wrap elementor-element-populated\">\n\t\t\t\t\t\t<div class=\"elementor-element elementor-element-2f96b3d elementor-widget elementor-widget-text-editor\" data-id=\"2f96b3d\" data-element_type=\"widget\" data-widget_type=\"text-editor.default\">\n\t\t\t\t<div class=\"elementor-widget-container\">\n\t\t\t\t\t\t\t\t\t<div><h2>Tarih\u00e7e<\/h2><div><div style=\"line-height: 90%;margin-top: 12.0pt;margin-bottom: 2.0pt;margin-left: .1in;text-indent: -.1in;text-align: left;direction: ltr\"><span style=\"font-size: 20.0pt\"><span style=\"color: #e48312;font-family: Calibri;font-size: 100%\">\u00a0<\/span><\/span><\/div><p style=\"line-height: 90%;margin-top: 12.0pt;margin-bottom: 2.0pt;margin-left: .1in;text-indent: -.1in;text-align: left;direction: ltr\"><span style=\"text-indent: -0.1in;letter-spacing: 0px;font-size: 20pt;font-family: Calibri;color: #404040\">Merkezin <\/span><span style=\"text-indent: -0.1in;letter-spacing: 0px;font-size: 20pt;font-family: Calibri;color: #404040\">kurulu\u015f <\/span><span style=\"text-indent: -0.1in;letter-spacing: 0px;font-size: 20pt;font-family: Calibri;color: #404040\">tarihi: <\/span><span style=\"text-indent: -0.1in;letter-spacing: 0px;font-size: 20pt;font-family: Calibri;color: #404040\">\u015eubat <\/span><span style=\"text-indent: -0.1in;letter-spacing: 0px;font-size: 20pt;font-family: Calibri;color: #404040\">2020<\/span><\/p><p style=\"line-height: 90%;margin-top: 12.0pt;margin-bottom: 2.0pt;margin-left: .1in;text-indent: -.1in;text-align: left;direction: ltr\"><span style=\"text-indent: -0.1in;letter-spacing: 0px;font-size: 20pt;font-family: Calibri;color: #404040\">\u00a0<\/span><\/p><p><span style=\"letter-spacing: 0px;font-size: 20pt;font-family: Calibri;color: #404040\">Merkez Y\u00f6netmeli\u011fi: Cumhurba\u015fkanl\u0131\u011f\u0131 <\/span><span style=\"letter-spacing: 0px;font-size: 20pt;font-family: Calibri;color: #404040\">Hukuk ve Mevzuat Genel M\u00fcd\u00fcrl\u00fc\u011f\u00fc\u00a0<\/span><span style=\"letter-spacing: 0px;text-indent: -0.1in;font-size: 20pt;font-family: Calibri;color: #404040\">taraf\u0131ndan 03 May\u0131s 2020 tarih<\/span><span style=\"letter-spacing: 0px;text-indent: -0.1in;font-size: 20pt;font-family: Calibri;color: #404040\">\u00a0ve<\/span><span style=\"letter-spacing: 0px;text-indent: -0.1in;font-size: 20pt;font-family: Calibri;color: #404040\">\u00a031116 say\u0131l\u0131 Resmi <\/span><span style=\"letter-spacing: 0px;text-indent: -0.1in;font-size: 20pt;font-family: Calibri;color: #404040\">Gazete &#8216;de yay\u0131mlanarak y\u00fcr\u00fcrl\u00fc\u011fe girmi\u015ftir.<\/span><span style=\"letter-spacing: 0px;text-indent: -0.1in;font-size: 20pt\"><span style=\"color: #e48312;font-family: Calibri;font-size: 100%\">\u00a0<\/span><\/span><\/p><\/div><\/div>\t\t\t\t\t\t\t\t<\/div>\n\t\t\t\t<\/div>\n\t\t\t\t\t<\/div>\n\t\t<\/div>\n\t\t\t\t\t<\/div>\n\t\t<\/section>\n\t\t\t\t<\/div>\n\t\t","protected":false},"excerpt":{"rendered":"<p>Tarih\u00e7e Tarih\u00e7e \u00a0 Merkezin kurulu\u015f tarihi: \u015eubat 2020 \u00a0 Merkez Y\u00f6netmeli\u011fi: Cumhurba\u015fkanl\u0131\u011f\u0131 Hukuk ve Mevzuat Genel M\u00fcd\u00fcrl\u00fc\u011f\u00fc\u00a0taraf\u0131ndan 03 May\u0131s 2020 tarih\u00a0ve\u00a031116 say\u0131l\u0131 Resmi Gazete &#8216;de yay\u0131mlanarak y\u00fcr\u00fcrl\u00fc\u011fe girmi\u015ftir.\u00a0<\/p>\n","protected":false},"author":1,"featured_media":0,"parent":0,"menu_order":0,"comment_status":"closed","ping_status":"closed","template":"","meta":{"footnotes":""},"class_list":["post-5638","page","type-page","status-publish","hentry"],"_links":{"self":[{"href":"https:\/\/atauni.edu.tr\/moda-ve-tekstil-tasarim-egitim-uygulama-ve-arastirma-merkezi\/wp-json\/wp\/v2\/pages\/5638","targetHints":{"allow":["GET"]}}],"collection":[{"href":"https:\/\/atauni.edu.tr\/moda-ve-tekstil-tasarim-egitim-uygulama-ve-arastirma-merkezi\/wp-json\/wp\/v2\/pages"}],"about":[{"href":"https:\/\/atauni.edu.tr\/moda-ve-tekstil-tasarim-egitim-uygulama-ve-arastirma-merkezi\/wp-json\/wp\/v2\/types\/page"}],"author":[{"embeddable":true,"href":"https:\/\/atauni.edu.tr\/moda-ve-tekstil-tasarim-egitim-uygulama-ve-arastirma-merkezi\/wp-json\/wp\/v2\/users\/1"}],"replies":[{"embeddable":true,"href":"https:\/\/atauni.edu.tr\/moda-ve-tekstil-tasarim-egitim-uygulama-ve-arastirma-merkezi\/wp-json\/wp\/v2\/comments?post=5638"}],"version-history":[{"count":31,"href":"https:\/\/atauni.edu.tr\/moda-ve-tekstil-tasarim-egitim-uygulama-ve-arastirma-merkezi\/wp-json\/wp\/v2\/pages\/5638\/revisions"}],"predecessor-version":[{"id":6401,"href":"https:\/\/atauni.edu.tr\/moda-ve-tekstil-tasarim-egitim-uygulama-ve-arastirma-merkezi\/wp-json\/wp\/v2\/pages\/5638\/revisions\/6401"}],"wp:attachment":[{"href":"https:\/\/atauni.edu.tr\/moda-ve-tekstil-tasarim-egitim-uygulama-ve-arastirma-merkezi\/wp-json\/wp\/v2\/media?parent=5638"}],"curies":[{"name":"wp","href":"https:\/\/api.w.org\/{rel}","templated":true}]}}