{"id":5682,"date":"2021-07-13T10:10:01","date_gmt":"2021-07-13T07:10:01","guid":{"rendered":"https:\/\/portaltest.atauni.edu.tr\/bilgisayar-muhendisligi\/?page_id=5682"},"modified":"2022-12-21T12:16:06","modified_gmt":"2022-12-21T09:16:06","slug":"misyon-vizyon-ve-temel-degerler","status":"publish","type":"page","link":"https:\/\/atauni.edu.tr\/moda-ve-tekstil-tasarim-egitim-uygulama-ve-arastirma-merkezi\/misyon-vizyon-ve-temel-degerler\/","title":{"rendered":"Misyon, Vizyon ve Temel De\u011ferler"},"content":{"rendered":"\t\t<div data-elementor-type=\"wp-page\" data-elementor-id=\"5682\" class=\"elementor elementor-5682\" data-elementor-post-type=\"page\">\n\t\t\t\t\t\t<section class=\"elementor-section elementor-top-section elementor-element elementor-element-730d320 elementor-section-boxed elementor-section-height-default elementor-section-height-default\" data-id=\"730d320\" data-element_type=\"section\">\n\t\t\t\t\t\t<div class=\"elementor-container elementor-column-gap-default\">\n\t\t\t\t\t<div class=\"elementor-column elementor-col-100 elementor-top-column elementor-element elementor-element-753d0860\" data-id=\"753d0860\" data-element_type=\"column\">\n\t\t\t<div class=\"elementor-widget-wrap\">\n\t\t\t\t\t\t\t<\/div>\n\t\t<\/div>\n\t\t\t\t\t<\/div>\n\t\t<\/section>\n\t\t\t\t<section class=\"elementor-section elementor-top-section elementor-element elementor-element-9be811a elementor-section-boxed elementor-section-height-default elementor-section-height-default\" data-id=\"9be811a\" data-element_type=\"section\">\n\t\t\t\t\t\t<div class=\"elementor-container elementor-column-gap-default\">\n\t\t\t\t\t<div class=\"elementor-column elementor-col-100 elementor-top-column elementor-element elementor-element-1ed847b7\" data-id=\"1ed847b7\" data-element_type=\"column\">\n\t\t\t<div class=\"elementor-widget-wrap elementor-element-populated\">\n\t\t\t\t\t\t<div class=\"elementor-element elementor-element-4ce0d07f elementor-widget elementor-widget-heading\" data-id=\"4ce0d07f\" data-element_type=\"widget\" data-widget_type=\"heading.default\">\n\t\t\t\t<div class=\"elementor-widget-container\">\n\t\t\t\t\t<h2 class=\"elementor-heading-title elementor-size-default\">Misyon, Vizyon ve Temel De\u011ferler<\/h2>\t\t\t\t<\/div>\n\t\t\t\t<\/div>\n\t\t\t\t<div class=\"elementor-element elementor-element-63260862 elementor-widget-divider--view-line elementor-widget elementor-widget-divider\" data-id=\"63260862\" data-element_type=\"widget\" data-widget_type=\"divider.default\">\n\t\t\t\t<div class=\"elementor-widget-container\">\n\t\t\t\t\t\t\t<div class=\"elementor-divider\">\n\t\t\t<span class=\"elementor-divider-separator\">\n\t\t\t\t\t\t<\/span>\n\t\t<\/div>\n\t\t\t\t\t\t<\/div>\n\t\t\t\t<\/div>\n\t\t\t\t\t<\/div>\n\t\t<\/div>\n\t\t\t\t\t<\/div>\n\t\t<\/section>\n\t\t\t\t<section class=\"elementor-section elementor-top-section elementor-element elementor-element-681db8b elementor-section-boxed elementor-section-height-default elementor-section-height-default\" data-id=\"681db8b\" data-element_type=\"section\">\n\t\t\t\t\t\t<div class=\"elementor-container elementor-column-gap-default\">\n\t\t\t\t\t<div class=\"elementor-column elementor-col-100 elementor-top-column elementor-element elementor-element-ad4dac5\" data-id=\"ad4dac5\" data-element_type=\"column\">\n\t\t\t<div class=\"elementor-widget-wrap elementor-element-populated\">\n\t\t\t\t\t\t<div class=\"elementor-element elementor-element-2f96b3d elementor-widget elementor-widget-text-editor\" data-id=\"2f96b3d\" data-element_type=\"widget\" data-widget_type=\"text-editor.default\">\n\t\t\t\t<div class=\"elementor-widget-container\">\n\t\t\t\t\t\t\t\t\t<ul><li>Ama\u00e7 Ve Faaliyet Alanlar\u0131<\/li><\/ul><h2>Merkezin amac\u0131:<\/h2><p>Merkezin amac\u0131; moda ve tekstil tasar\u0131m alan\u0131nda ara\u015ft\u0131rma, inceleme, tasar\u0131m ve uygulama yapma, yay\u0131n haz\u0131rlama, konferans ve sempozyum d\u00fczenleme, yenilik\u00e7i tasar\u0131mlar geli\u015ftirme, sekt\u00f6re dan\u0131\u015fmanl\u0131k hizmeti verme, \u00f6\u011frenci \u2013 kursiyer \u2013 sekt\u00f6r \u00e7al\u0131\u015fanlar\u0131na e\u011fitim verme, uygulama ve staj ortam\u0131 sa\u011flama, \u00f6rg\u00fcn e\u011fitim yapan Atat\u00fcrk \u00dcniversitesi G\u00fczel Sanatlar Fak\u00fcltesi Tekstil ve Moda Tasar\u0131m\u0131 B\u00f6l\u00fcm\u00fc ile A\u00e7\u0131k \u00d6\u011fretim &lt;fak\u00fcltesi Tekstil ve Moda Tasar\u0131m\u0131 Lisans b\u00f6l\u00fcm\u00fcne destek olma, Atat\u00fcrk \u00dcniversitesi Erzurum Meslek Y\u00fcksekokulu b\u00fcnyesinde bulunan ilgili moda ve tekstil programlar\u0131na destek verme, Atat\u00fcrk \u00dcniversitesi kurumsal kimli\u011fine ait \u00fcr\u00fcn ve tasar\u0131m \u00e7e\u015fitlili\u011finde uygulama faaliyetleri y\u00fcr\u00fctmektir.<\/p><h2>Faaliyet Alanlar\u0131:<\/h2><div><ol><li>Farkl\u0131 uzmanl\u0131k alanlar\u0131ndan tasar\u0131mc\u0131 ve ara\u015ft\u0131rmac\u0131lar\u0131 bir araya getirerek \u00dcniversite-sanayi i\u015f birli\u011fi kapsam\u0131nda sekt\u00f6rde yer alan i\u015fletmelerle tasar\u0131m ve \u00fcretim projeleri y\u00fcr\u00fctme,<\/li><li>E\u011fitim, ara\u015ft\u0131rma, inceleme ve uygulama sonu\u00e7 \u00e7\u0131kt\u0131lar\u0131n\u0131 belgelendirerek e-ar\u015fiv olu\u015fturma,<\/li><li>Moda ve tekstil tasar\u0131m\u0131 ile ilgili yay\u0131nlar yapma,<\/li><li>Sempozyum, panel, seminer, kongre, at\u00f6lye \u00e7al\u0131\u015fmalar\u0131 ve benzeri etkinlikler d\u00fczenleme,<\/li><li>Alana y\u00f6nelik sergiler d\u00fczenleme,<\/li><li>Yenilik\u00e7i \u00fcr\u00fcnler geli\u015ftirerek, moda ve tekstil tasar\u0131m\u0131 alan\u0131na katk\u0131 sa\u011flama,<\/li><li>Moda ve tekstil tasar\u0131m sekt\u00f6r\u00fcnden gelecek istekler do\u011frultusunda, dan\u0131\u015fmanl\u0131k yapmak, \u00fcretim yapmak, e\u011fitim verme,<\/li><li>Atat\u00fcrk \u00dcniversitesi G\u00fczel Sanatlar Fak\u00fcltesi Tekstil ve Moda Tasar\u0131m\u0131 B\u00f6l\u00fcm\u00fcne destek olma,<\/li><li>Atat\u00fcrk \u00dcniversitesi kurumsal kimli\u011fine ait \u00fcr\u00fcn ve tasar\u0131m \u00e7e\u015fitlili\u011finde uygulama faaliyetlerini y\u00fcr\u00fctme,<\/li><li>Ge\u00e7mi\u015ften bug\u00fcne Erzurum ve y\u00f6resinde bulunan giyim k\u00fclt\u00fcr\u00fcn\u00fcn inceleyerek e- ar\u015fiv olu\u015fturma,<\/li><li>Geli\u015ftirilen \u00fcr\u00fcnlerin tan\u0131t\u0131m\u0131, pazarlanmas\u0131 ve de\u011ferlendirilmesini sa\u011flama, ki\u015fiye \u00f6zel moda tasar\u0131m\u0131 faaliyetlerini y\u00fcr\u00fctmek, gerekti\u011finde sekt\u00f6r temsilcileriyle i\u015f birli\u011fi ger\u00e7ekle\u015ftirme,<\/li><li>Talep halinde kamu kurum ve kurulu\u015flar\u0131, \u00f6zel sekt\u00f6r ve di\u011fer kurulu\u015flar i\u00e7in bilirki\u015filik, ekspertiz \u00e7al\u0131\u015fmalar\u0131 yapmak ve rapor d\u00fczenleme,<\/li><li>Konusuyla ilgili uluslararas\u0131 konferans, sempozyum, kongre, panel, at\u00f6lye, sergi, \u00f6d\u00fcll\u00fc yar\u0131\u015fma vb. faaliyetler d\u00fczenlemek, bu konuda \u00e7al\u0131\u015fanlar\u0131 te\u015fvik etme,<\/li><li>Ara\u015ft\u0131rmalar\u0131n sonu\u00e7lar\u0131n\u0131 yay\u0131nlamak, \u00fcr\u00fcnleri sergilemek, moda ve tekstil tasar\u0131m\u0131 ile ilgili dergi, kitap, bro\u015f\u00fcr, rehber ve katalog bas\u0131m ve da\u011f\u0131t\u0131m\u0131 yapma,<\/li><li>Ba\u015fta Atat\u00fcrk \u00dcniversitesi G\u00fczel Sanatlar Fak\u00fcltesi Tekstil ve Moda Tasar\u0131m\u0131 B\u00f6l\u00fcm\u00fc akademik personeli olmak \u00fczere bu alanlarda \u00e7al\u0131\u015fan t\u00fcm ara\u015ft\u0131rmac\u0131lara ve sanat\u00e7\u0131lara, talepleri halinde, M\u00fcd\u00fcr ve Y\u00f6netim Kurulunun uygun g\u00f6r\u00fc\u015f\u00fc ile Merkezin faaliyetleri konusunda i\u015f birli\u011fi protokolleri olu\u015fturma,<\/li><li>Her d\u00fczeydeki \u00f6\u011frenciler ile di\u011fer talep eden kursiyer, ve sekt\u00f6r \u00e7al\u0131\u015fanlar\u0131na y\u00f6nelik moda tasar\u0131m\u0131, bilgisayarl\u0131 kal\u0131p, elde kal\u0131p, moda ve mek\u00e2n, moda g\u00f6sterisi, \u00fc\u00e7 boyutlu manken \u00fczerinde \u00f6zel giysi tasar\u0131mlar\u0131, dijital moda tasar\u0131m\u0131 ile ilgili; kurs, workshop ve yaz okullar\u0131 d\u00fczenleme,<\/li><li>Moda ve Tekstil Tasar\u0131m alan\u0131nda her meslek ve ya\u015f grubuna y\u00f6nelik bo\u015f zamanlar\u0131 de\u011ferlendirme ama\u00e7l\u0131 geleneksel bez bebek yap\u0131m\u0131, amigurumi, tak\u0131 tasar\u0131m\u0131, aksesuar, \u015fapka tasar\u0131m\u0131 ile ilgili hobi at\u00f6lyesi olu\u015fturma,<\/li><li>Yurt i\u00e7i ve yurt d\u0131\u015f\u0131ndaki benzer ara\u015ft\u0131rma merkezleri ile i\u015f birli\u011fi yapma,<\/li><li>Y\u00f6netim Kurulunun kararla\u015ft\u0131rd\u0131\u011f\u0131 di\u011fer faaliyetleri ger\u00e7ekle\u015ftirmektir.<\/li><\/ol><h2>Kurulumundan bu yana ger\u00e7ekle\u015ftirdi\u011fi faaliyetler:<\/h2><ol><li>\u0130\u015f Birli\u011fi Protokol\u00fc: Taraflar:<\/li><\/ol><p>Atat\u00fcrk \u00dcniversitesi Rekt\u00f6rl\u00fc\u011f\u00fc ile Aytim \u015eirketler Grubu<\/p><p><span style=\"letter-spacing: 0px\">2. \u00c7al\u0131\u015ftay <\/span><\/p><p><span style=\"letter-spacing: 0px\">3.15.20.2022 Mart tarihleri aras\u0131nda \u0130stanbul AYT\u0130M Tekstil\u2019e i\u015f birli\u011fi ziyaretinde bulunulmu\u015f, Erzurum yerelinden \u015firket ve \u00f6zel sekt\u00f6r temsilcilerinin de kat\u0131ld\u0131\u011f\u0131 g\u00f6r\u00fc\u015fme ve toplant\u0131lar sonucunda elde edilen veriler bir \u00e7al\u0131\u015ftayla karara ba\u011flanm\u0131\u015ft\u0131r.<\/span><\/p><div><p>Atat\u00fcrk \u00dcniversitesi Akademik Giysi \/C\u00fcbbe ve T\u00f6ren Giysi Y\u00f6nergesinin Kabul\u00fc: <i>Kabul tarihi: <\/i>Y\u00f6nergeye ili\u015fkin esaslar ATAT\u00dcRK \u00dcN\u0130VERS\u0130TES\u0130 SENATOSUNUN 09\/01\/2020 Per\u015fembe g\u00fcn\u00fc 1 say\u0131l\u0131 oturumunda al\u0131nan 7 say\u0131l\u0131 karar\u0131 ile kabul edilmi\u015ftir.<\/p><p>\u00a0<i>Ama\u00e7: <\/i>Bu senato esaslar\u0131n\u0131n amac\u0131, Atat\u00fcrk \u00dcniversitesi m\u00fctevelli heyeti \u00fcyeleri, \u00d6\u011fretim \u00fcyeleri, \u00a0Di\u011fer \u00f6\u011fretim elemanlar\u0131 ile \u00dcniversite genel sekreteri ve \u00f6\u011frencilerinin \u00f6nemli g\u00fcn, toplant\u0131 ve t\u00f6renlerde giyecekleri c\u00fcbbeler ile t\u00f6ren k\u0131yafetlerinin \u015fekil ve kullan\u0131m esaslar\u0131n\u0131 belirlemektir.<\/p><p><i style=\"text-align: -webkit-match-parent;letter-spacing: 0px\">Kapsam: <\/i><span style=\"text-align: -webkit-match-parent;letter-spacing: 0px\">Bu esaslar, Atat\u00fcrk \u00dcniversitesi mensuplar\u0131n\u0131n giyecekleri akademik k\u0131yafet (c\u00fcbbe) ve t\u00f6ren k\u0131yafetleriyle ilgili d\u00fczenlemeleri kapsar<\/span><\/p><p>4.TABRIZ ISLAMIC ART UNIVERSITY SKP-2021-10116 kodlu proje &#8221;Tarihi \u0130lhamlardan yararlanan heykelsi aksesuarlar&#8221; ba\u015fl\u0131kl\u0131 ATAUN\u0130 BAB Projesi.<\/p>5.ACCURUTE FABR\u0130C VISYALIZATION- ehram kuma\u015f modelleme<i><\/i><\/div><div>\u00a0<\/div><div>6.PollyPatten desing pro 2D e\u011fitim program\u0131<\/div><div>\u00a0<\/div><div>7.Bayburt Dede Korkut K\u00fclt\u00fcr \u015e\u00f6leni kapsam\u0131nda Bedesten Sanat Galerisinde ger\u00e7ekle\u015fen &#8221;Ehrama Modern Dokunu\u015flar&#8221; Sanal defilesinin haz\u0131rlanmas\u0131 ve sunumu<\/div><div>\u00a0<\/div><div>8. Tasar\u0131ma Yolculuk &#8221;Cumhuriyetin 99.Y\u0131l\u0131 Karma Sergisi Haz\u0131rlama ve D\u00fczenleme<\/div><div>\u00a0<\/div><\/div>\t\t\t\t\t\t\t\t<\/div>\n\t\t\t\t<\/div>\n\t\t\t\t\t<\/div>\n\t\t<\/div>\n\t\t\t\t\t<\/div>\n\t\t<\/section>\n\t\t\t\t<\/div>\n\t\t","protected":false},"excerpt":{"rendered":"<p>Misyon, Vizyon ve Temel De\u011ferler Ama\u00e7 Ve Faaliyet Alanlar\u0131 Merkezin amac\u0131: Merkezin amac\u0131; moda ve tekstil tasar\u0131m alan\u0131nda ara\u015ft\u0131rma, inceleme, tasar\u0131m ve uygulama yapma, yay\u0131n haz\u0131rlama, konferans ve sempozyum d\u00fczenleme, yenilik\u00e7i tasar\u0131mlar geli\u015ftirme, sekt\u00f6re dan\u0131\u015fmanl\u0131k hizmeti verme, \u00f6\u011frenci \u2013 kursiyer \u2013 sekt\u00f6r \u00e7al\u0131\u015fanlar\u0131na e\u011fitim verme, uygulama ve staj ortam\u0131 sa\u011flama, \u00f6rg\u00fcn e\u011fitim yapan Atat\u00fcrk \u00dcniversitesi [&hellip;]<\/p>\n","protected":false},"author":1,"featured_media":0,"parent":0,"menu_order":0,"comment_status":"closed","ping_status":"closed","template":"elementor_header_footer","meta":{"footnotes":""},"class_list":["post-5682","page","type-page","status-publish","hentry"],"_links":{"self":[{"href":"https:\/\/atauni.edu.tr\/moda-ve-tekstil-tasarim-egitim-uygulama-ve-arastirma-merkezi\/wp-json\/wp\/v2\/pages\/5682","targetHints":{"allow":["GET"]}}],"collection":[{"href":"https:\/\/atauni.edu.tr\/moda-ve-tekstil-tasarim-egitim-uygulama-ve-arastirma-merkezi\/wp-json\/wp\/v2\/pages"}],"about":[{"href":"https:\/\/atauni.edu.tr\/moda-ve-tekstil-tasarim-egitim-uygulama-ve-arastirma-merkezi\/wp-json\/wp\/v2\/types\/page"}],"author":[{"embeddable":true,"href":"https:\/\/atauni.edu.tr\/moda-ve-tekstil-tasarim-egitim-uygulama-ve-arastirma-merkezi\/wp-json\/wp\/v2\/users\/1"}],"replies":[{"embeddable":true,"href":"https:\/\/atauni.edu.tr\/moda-ve-tekstil-tasarim-egitim-uygulama-ve-arastirma-merkezi\/wp-json\/wp\/v2\/comments?post=5682"}],"version-history":[{"count":47,"href":"https:\/\/atauni.edu.tr\/moda-ve-tekstil-tasarim-egitim-uygulama-ve-arastirma-merkezi\/wp-json\/wp\/v2\/pages\/5682\/revisions"}],"predecessor-version":[{"id":6433,"href":"https:\/\/atauni.edu.tr\/moda-ve-tekstil-tasarim-egitim-uygulama-ve-arastirma-merkezi\/wp-json\/wp\/v2\/pages\/5682\/revisions\/6433"}],"wp:attachment":[{"href":"https:\/\/atauni.edu.tr\/moda-ve-tekstil-tasarim-egitim-uygulama-ve-arastirma-merkezi\/wp-json\/wp\/v2\/media?parent=5682"}],"curies":[{"name":"wp","href":"https:\/\/api.w.org\/{rel}","templated":true}]}}