{"id":6617,"date":"2025-01-24T09:09:21","date_gmt":"2025-01-24T06:09:21","guid":{"rendered":"https:\/\/birimler.atauni.edu.tr\/moda-ve-tekstil-tasarim-egitim-uygulama-ve-arastirma-merkezi\/?page_id=6617"},"modified":"2025-01-24T09:10:39","modified_gmt":"2025-01-24T06:10:39","slug":"calismalar","status":"publish","type":"page","link":"https:\/\/atauni.edu.tr\/moda-ve-tekstil-tasarim-egitim-uygulama-ve-arastirma-merkezi\/calismalar\/","title":{"rendered":"\u00c7al\u0131\u015fmalar"},"content":{"rendered":"\t\t<div data-elementor-type=\"wp-page\" data-elementor-id=\"6617\" class=\"elementor elementor-6617\" data-elementor-post-type=\"page\">\n\t\t\t\t\t\t<section class=\"elementor-section elementor-top-section elementor-element elementor-element-559fa5f elementor-section-boxed elementor-section-height-default elementor-section-height-default\" data-id=\"559fa5f\" data-element_type=\"section\">\n\t\t\t\t\t\t<div class=\"elementor-container elementor-column-gap-default\">\n\t\t\t\t\t<div class=\"elementor-column elementor-col-100 elementor-top-column elementor-element elementor-element-b3f4a28\" data-id=\"b3f4a28\" data-element_type=\"column\">\n\t\t\t<div class=\"elementor-widget-wrap elementor-element-populated\">\n\t\t\t\t\t\t<div class=\"elementor-element elementor-element-6e7a2ed elementor-widget elementor-widget-video\" data-id=\"6e7a2ed\" data-element_type=\"widget\" data-settings=\"{&quot;video_type&quot;:&quot;hosted&quot;,&quot;autoplay&quot;:&quot;yes&quot;,&quot;mute&quot;:&quot;yes&quot;,&quot;controls&quot;:&quot;yes&quot;}\" data-widget_type=\"video.default\">\n\t\t\t\t<div class=\"elementor-widget-container\">\n\t\t\t\t\t\t\t<div class=\"e-hosted-video elementor-wrapper elementor-open-inline\">\n\t\t\t\t\t<video class=\"elementor-video\" src=\"https:\/\/birimler.atauni.edu.tr\/moda-ve-tekstil-tasarim-egitim-uygulama-ve-arastirma-merkezi\/wp-content\/uploads\/sites\/718\/2022\/12\/Ehrama-Modern-Dokunuslar-Sanal-Sergisi-1-2.mp4\" autoplay=\"\" controls=\"\" muted=\"muted\" controlsList=\"nodownload\"><\/video>\n\t\t\t\t<\/div>\n\t\t\t\t\t\t<\/div>\n\t\t\t\t<\/div>\n\t\t\t\t\t<\/div>\n\t\t<\/div>\n\t\t\t\t\t<\/div>\n\t\t<\/section>\n\t\t\t\t<\/div>\n\t\t","protected":false},"excerpt":{"rendered":"<p>https:\/\/birimler.atauni.edu.tr\/moda-ve-tekstil-tasarim-egitim-uygulama-ve-arastirma-merkezi\/wp-content\/uploads\/sites\/718\/2022\/12\/Ehrama-Modern-Dokunuslar-Sanal-Sergisi-1-2.mp4<\/p>\n","protected":false},"author":8,"featured_media":0,"parent":0,"menu_order":0,"comment_status":"closed","ping_status":"closed","template":"elementor_header_footer","meta":{"footnotes":""},"class_list":["post-6617","page","type-page","status-publish","hentry"],"_links":{"self":[{"href":"https:\/\/atauni.edu.tr\/moda-ve-tekstil-tasarim-egitim-uygulama-ve-arastirma-merkezi\/wp-json\/wp\/v2\/pages\/6617","targetHints":{"allow":["GET"]}}],"collection":[{"href":"https:\/\/atauni.edu.tr\/moda-ve-tekstil-tasarim-egitim-uygulama-ve-arastirma-merkezi\/wp-json\/wp\/v2\/pages"}],"about":[{"href":"https:\/\/atauni.edu.tr\/moda-ve-tekstil-tasarim-egitim-uygulama-ve-arastirma-merkezi\/wp-json\/wp\/v2\/types\/page"}],"author":[{"embeddable":true,"href":"https:\/\/atauni.edu.tr\/moda-ve-tekstil-tasarim-egitim-uygulama-ve-arastirma-merkezi\/wp-json\/wp\/v2\/users\/8"}],"replies":[{"embeddable":true,"href":"https:\/\/atauni.edu.tr\/moda-ve-tekstil-tasarim-egitim-uygulama-ve-arastirma-merkezi\/wp-json\/wp\/v2\/comments?post=6617"}],"version-history":[{"count":5,"href":"https:\/\/atauni.edu.tr\/moda-ve-tekstil-tasarim-egitim-uygulama-ve-arastirma-merkezi\/wp-json\/wp\/v2\/pages\/6617\/revisions"}],"predecessor-version":[{"id":6624,"href":"https:\/\/atauni.edu.tr\/moda-ve-tekstil-tasarim-egitim-uygulama-ve-arastirma-merkezi\/wp-json\/wp\/v2\/pages\/6617\/revisions\/6624"}],"wp:attachment":[{"href":"https:\/\/atauni.edu.tr\/moda-ve-tekstil-tasarim-egitim-uygulama-ve-arastirma-merkezi\/wp-json\/wp\/v2\/media?parent=6617"}],"curies":[{"name":"wp","href":"https:\/\/api.w.org\/{rel}","templated":true}]}}