{"id":6742,"date":"2025-08-12T16:21:50","date_gmt":"2025-08-12T13:21:50","guid":{"rendered":"https:\/\/birimler.atauni.edu.tr\/moda-ve-tekstil-tasarim-egitim-uygulama-ve-arastirma-merkezi\/?page_id=6742"},"modified":"2025-08-12T16:21:50","modified_gmt":"2025-08-12T13:21:50","slug":"duyurular","status":"publish","type":"page","link":"https:\/\/atauni.edu.tr\/moda-ve-tekstil-tasarim-egitim-uygulama-ve-arastirma-merkezi\/duyurular\/","title":{"rendered":"Duyurular"},"content":{"rendered":"<form method=\"get\" class=\"row g-3\" style=\"margin-bottom: 20px;\"><div class=\"col-md-3\"><input type=\"text\" name=\"Duyuru_ara\" class=\"form-control\" placeholder=\"Duyuru ara...\" value=\"\"><\/div><div class=\"col-md-3\"><input type=\"date\" name=\"baslangic_tarihi\" class=\"form-control\" value=\"\"><\/div><div class=\"col-md-3\"><input type=\"date\" name=\"bitis_tarihi\" class=\"form-control\" value=\"\"><\/div><div class=\"col-md-3\"><button type=\"submit\" class=\"btn btn-secondary w-50\">Filtrele<\/button><\/div><\/form><ul class=\"kategori-yazilari-liste\"><li style=\"display: flex; margin-bottom: 10px; align-items: center;\"><div class=\"post-content\" style=\"flex-grow: 1;\"><span class=\"post-date Duyurutarih\" style=\"display: block; font-weight: bold; margin-bottom: 5px;\">10 Nisan 2025<\/span><a class=\"Duyurubaslik\" href=\"https:\/\/atauni.edu.tr\/moda-ve-tekstil-tasarim-egitim-uygulama-ve-arastirma-merkezi\/2025\/04\/10\/merkezimiz-tarafindan-tasarlanan-florence-nightingalein-kostumu\/\">Merkezimiz ve G\u00fczel Sanatlar Fak\u00fcltesi \u0130\u015fbirli\u011fi ile Ger\u00e7ekle\u015fen Florence Nightingale&#8217;in Kost\u00fcm Tasar\u0131m\u0131<\/a><\/div><\/li><li style=\"display: flex; margin-bottom: 10px; align-items: center;\"><div class=\"post-content\" style=\"flex-grow: 1;\"><span class=\"post-date Duyurutarih\" style=\"display: block; font-weight: bold; margin-bottom: 5px;\">28 Ocak 2025<\/span><a class=\"Duyurubaslik\" href=\"https:\/\/atauni.edu.tr\/moda-ve-tekstil-tasarim-egitim-uygulama-ve-arastirma-merkezi\/2025\/01\/28\/ataturk-universitesi-akademik-cubbe-tasarim-ve-uretim-surecleri\/\">Atat\u00fcrk \u00dcniversitesi Akademik C\u00fcbbe Tasar\u0131m ve \u00dcretim S\u00fcre\u00e7leri<\/a><\/div><\/li><li style=\"display: flex; margin-bottom: 10px; align-items: center;\"><div class=\"post-content\" style=\"flex-grow: 1;\"><span class=\"post-date Duyurutarih\" style=\"display: block; font-weight: bold; margin-bottom: 5px;\">23 Ocak 2025<\/span><a class=\"Duyurubaslik\" href=\"https:\/\/atauni.edu.tr\/moda-ve-tekstil-tasarim-egitim-uygulama-ve-arastirma-merkezi\/2025\/01\/23\/zayif-surdurulebilirlik-temelinde-bir-atolye-calismasi-adli-konferans-gerceklesti\/\">&#8220;Zay\u0131f S\u00fcrd\u00fcr\u00fclebilirlik Temelinde Bir At\u00f6lye \u00c7al\u0131\u015fmas\u0131&#8221; Adl\u0131 Konferans Ger\u00e7ekle\u015fti<\/a><\/div><\/li><li style=\"display: flex; margin-bottom: 10px; align-items: center;\"><div class=\"post-content\" style=\"flex-grow: 1;\"><span class=\"post-date Duyurutarih\" style=\"display: block; font-weight: bold; margin-bottom: 5px;\">23 Ocak 2025<\/span><a class=\"Duyurubaslik\" href=\"https:\/\/atauni.edu.tr\/moda-ve-tekstil-tasarim-egitim-uygulama-ve-arastirma-merkezi\/2025\/01\/23\/anadoludan-esintiler-ehram-uluslararasi-davetli\/\">Anadolu&#8217;dan Esintiler &#8220;Ehram&#8221; Uluslararas\u0131 Davetli Grup Sergisi<\/a><\/div><\/li><li style=\"display: flex; margin-bottom: 10px; align-items: center;\"><div class=\"post-content\" style=\"flex-grow: 1;\"><span class=\"post-date Duyurutarih\" style=\"display: block; font-weight: bold; margin-bottom: 5px;\">20 May\u0131s 2022<\/span><a class=\"Duyurubaslik\" href=\"https:\/\/atauni.edu.tr\/moda-ve-tekstil-tasarim-egitim-uygulama-ve-arastirma-merkezi\/2022\/05\/20\/atolye-de-sanat-var-dakaf22-karma-sergisi-hakkinda\/\">&#8220;At\u00f6lye &#8216;de  Sanat Var&#8221; DAKAF\u201922 Karma Sergisi Hakk\u0131nda<\/a><\/div><\/li><\/ul>\n\n\n\n<p><\/p>\n","protected":false},"excerpt":{"rendered":"","protected":false},"author":1,"featured_media":0,"parent":0,"menu_order":0,"comment_status":"closed","ping_status":"closed","template":"","meta":{"footnotes":""},"class_list":["post-6742","page","type-page","status-publish","hentry"],"_links":{"self":[{"href":"https:\/\/atauni.edu.tr\/moda-ve-tekstil-tasarim-egitim-uygulama-ve-arastirma-merkezi\/wp-json\/wp\/v2\/pages\/6742","targetHints":{"allow":["GET"]}}],"collection":[{"href":"https:\/\/atauni.edu.tr\/moda-ve-tekstil-tasarim-egitim-uygulama-ve-arastirma-merkezi\/wp-json\/wp\/v2\/pages"}],"about":[{"href":"https:\/\/atauni.edu.tr\/moda-ve-tekstil-tasarim-egitim-uygulama-ve-arastirma-merkezi\/wp-json\/wp\/v2\/types\/page"}],"author":[{"embeddable":true,"href":"https:\/\/atauni.edu.tr\/moda-ve-tekstil-tasarim-egitim-uygulama-ve-arastirma-merkezi\/wp-json\/wp\/v2\/users\/1"}],"replies":[{"embeddable":true,"href":"https:\/\/atauni.edu.tr\/moda-ve-tekstil-tasarim-egitim-uygulama-ve-arastirma-merkezi\/wp-json\/wp\/v2\/comments?post=6742"}],"version-history":[{"count":1,"href":"https:\/\/atauni.edu.tr\/moda-ve-tekstil-tasarim-egitim-uygulama-ve-arastirma-merkezi\/wp-json\/wp\/v2\/pages\/6742\/revisions"}],"predecessor-version":[{"id":6746,"href":"https:\/\/atauni.edu.tr\/moda-ve-tekstil-tasarim-egitim-uygulama-ve-arastirma-merkezi\/wp-json\/wp\/v2\/pages\/6742\/revisions\/6746"}],"wp:attachment":[{"href":"https:\/\/atauni.edu.tr\/moda-ve-tekstil-tasarim-egitim-uygulama-ve-arastirma-merkezi\/wp-json\/wp\/v2\/media?parent=6742"}],"curies":[{"name":"wp","href":"https:\/\/api.w.org\/{rel}","templated":true}]}}