{"id":5734,"date":"2021-07-13T11:37:45","date_gmt":"2021-07-13T08:37:45","guid":{"rendered":"https:\/\/portaltest.atauni.edu.tr\/bilgisayar-muhendisligi\/?page_id=5734"},"modified":"2025-12-30T13:44:23","modified_gmt":"2025-12-30T10:44:23","slug":"ogrenci-deneyimi","status":"publish","type":"page","link":"https:\/\/atauni.edu.tr\/molekuler-biyoloji-ve-genetik\/ogrenci-deneyimi\/","title":{"rendered":"\u00d6\u011frenci Deneyimi"},"content":{"rendered":"\t\t<div data-elementor-type=\"wp-page\" data-elementor-id=\"5734\" class=\"elementor elementor-5734\" data-elementor-post-type=\"page\">\n\t\t\t\t\t\t<section class=\"elementor-section elementor-top-section elementor-element elementor-element-730d320 elementor-section-boxed elementor-section-height-default elementor-section-height-default\" data-id=\"730d320\" data-element_type=\"section\">\n\t\t\t\t\t\t<div class=\"elementor-container elementor-column-gap-default\">\n\t\t\t\t\t<div class=\"elementor-column elementor-col-100 elementor-top-column elementor-element elementor-element-753d0860\" data-id=\"753d0860\" data-element_type=\"column\">\n\t\t\t<div class=\"elementor-widget-wrap\">\n\t\t\t\t\t\t\t<\/div>\n\t\t<\/div>\n\t\t\t\t\t<\/div>\n\t\t<\/section>\n\t\t\t\t<section class=\"elementor-section elementor-top-section elementor-element elementor-element-9be811a elementor-section-boxed elementor-section-height-default elementor-section-height-default\" data-id=\"9be811a\" data-element_type=\"section\">\n\t\t\t\t\t\t<div class=\"elementor-container elementor-column-gap-default\">\n\t\t\t\t\t<div class=\"elementor-column elementor-col-100 elementor-top-column elementor-element elementor-element-1ed847b7\" data-id=\"1ed847b7\" data-element_type=\"column\">\n\t\t\t<div class=\"elementor-widget-wrap elementor-element-populated\">\n\t\t\t\t\t\t<div class=\"elementor-element elementor-element-4ce0d07f elementor-widget elementor-widget-heading\" data-id=\"4ce0d07f\" data-element_type=\"widget\" data-widget_type=\"heading.default\">\n\t\t\t\t<div class=\"elementor-widget-container\">\n\t\t\t\t\t<h2 class=\"elementor-heading-title elementor-size-default\">\u00d6\u011frenci Deneyimi<\/h2>\t\t\t\t<\/div>\n\t\t\t\t<\/div>\n\t\t\t\t<div class=\"elementor-element elementor-element-63260862 elementor-widget-divider--view-line elementor-widget elementor-widget-divider\" data-id=\"63260862\" data-element_type=\"widget\" data-widget_type=\"divider.default\">\n\t\t\t\t<div class=\"elementor-widget-container\">\n\t\t\t\t\t\t\t<div class=\"elementor-divider\">\n\t\t\t<span class=\"elementor-divider-separator\">\n\t\t\t\t\t\t<\/span>\n\t\t<\/div>\n\t\t\t\t\t\t<\/div>\n\t\t\t\t<\/div>\n\t\t\t\t\t<\/div>\n\t\t<\/div>\n\t\t\t\t\t<\/div>\n\t\t<\/section>\n\t\t\t\t<section class=\"elementor-section elementor-top-section elementor-element elementor-element-4debb41 elementor-section-boxed elementor-section-height-default elementor-section-height-default\" data-id=\"4debb41\" data-element_type=\"section\">\n\t\t\t\t\t\t<div class=\"elementor-container elementor-column-gap-default\">\n\t\t\t\t\t<div class=\"elementor-column elementor-col-100 elementor-top-column elementor-element elementor-element-28420b1\" data-id=\"28420b1\" data-element_type=\"column\">\n\t\t\t<div class=\"elementor-widget-wrap elementor-element-populated\">\n\t\t\t\t\t\t<div class=\"elementor-element elementor-element-6d681a3 elementor-widget__width-initial elementor-widget elementor-widget-heading\" data-id=\"6d681a3\" data-element_type=\"widget\" data-widget_type=\"heading.default\">\n\t\t\t\t<div class=\"elementor-widget-container\">\n\t\t\t\t\t<h2 class=\"elementor-heading-title elementor-size-medium\"><p style=\"text-align:justify\"><span style=\",serif;color:black;background:#FAFAFA\">G\u00fcn\u00fcm\u00fczde Molek\u00fcler Biyoloji ve Genetik uygulamalar\u0131 t\u0131p, ila\u00e7, g\u0131da, tar\u0131m, biyomedikal gibi sekt\u00f6rlerden adli bilimlere kadar \u00e7ok geni\u015f bir alana yay\u0131lm\u0131\u015ft\u0131r. Dolay\u0131s\u0131yla, Molek\u00fcler Biyoloji ve Genetik B\u00f6l\u00fcm\u00fc mezunlar\u0131 t\u0131bbi bilimler,  adli bilimler, biyomedikal, ila\u00e7 ve g\u0131da sanayinin yan\u0131 s\u0131ra yurt i\u00e7i ve yurt d\u0131\u015f\u0131 ara\u015ft\u0131rma merkezleri ve laboratuvarlar\u0131nda ve \u00dcniversitelerin, Fen, T\u0131p, Ziraat, Eczac\u0131l\u0131k ve Veterinerlik Fak\u00fcltelerinde, T\u00dcB\u0130TAK gibi resmi kurumlarda ve \u00e7e\u015fitli sa\u011fl\u0131k kurulu\u015flar\u0131n\u0131n laboratuvarlar\u0131nda g\u00f6rev yapabilmektedirler.<\/span><\/p><p style=\"text-align:justify\"><span style=\",serif;color:black;background:#FAFAFA\">Molek\u00fcler Biyoloji ve Genetik B\u00f6l\u00fcm\u00fc, gerek yurt i\u00e7i ve gerekse yurt d\u0131\u015f\u0131nda t\u0131p, fen ve m\u00fchendislik bilimleri ve bili\u015fim teknolojileri alanlar\u0131nda faaliyet g\u00f6stermekte olan birimlerle koordineli olarak i\u015fbirli\u011fini s\u00fcrd\u00fcrmektedir. B\u00f6l\u00fcm\u00fcm\u00fcz, s\u00f6z\u00fc edilen birimlerle ortak ara\u015ft\u0131rma projeleri olu\u015fturmaya devam ederek ilimiz, \u00fcniversitemiz ve \u00fclkemizin bilimsel, end\u00fcstriyel ve ekonomik geli\u015fimine katk\u0131da bulunmay\u0131 hedeflemektedir.<\/span><\/p><p style=\"text-align:justify\"><span style=\",serif;color:black;background:#FAFAFA\">Molek\u00fcler Biyoloji ve Genetik B\u00f6l\u00fcm\u00fc lisans\u00fcst\u00fc program\u0131 ile ara\u015ft\u0131rma laboratuvarlar\u0131m\u0131zda ara\u015ft\u0131rma projelerinin y\u00fcr\u00fct\u00fclmesi, yeni tekniklerin geli\u015ftirilmesi ve \u00f6\u011fretilmesi, \u00f6\u011frencilere geli\u015fen teknoloji ve gereksinimler do\u011frultusunda ileri d\u00fczeyde bilgi ve beceri kazand\u0131r\u0131lmas\u0131, literat\u00fcr tarama konusunda deneyim ile birlikte deney dizayn etme ve uygulama becerisi kazand\u0131r\u0131lmas\u0131, \u00f6\u011frencilerin \u00f6zg\u00fcn ara\u015ft\u0131rma projeleri ger\u00e7ekle\u015ftirebilmeleri ve h\u0131zla geli\u015fen alanlarda kendilerini s\u00fcrekli yenilemeleri hedeflenen faaliyetler aras\u0131ndad\u0131r.<\/span><span style=\",serif;color:black\"><\/span><\/p><p><b style=\"letter-spacing: 0px\"><span style=\",serif\">E\u011fitim Dili:<\/span><\/b><span style=\"letter-spacing: 0px;, serif\"> T\u00fcrk\u00e7e<\/span><br><\/p><p style=\"margin-bottom:0cm;margin-bottom:.0001pt\"><b style=\"letter-spacing: 0px\"><span style=\",serif\">E\u011fitim S\u00fcresi:<\/span><\/b><span style=\"letter-spacing: 0px;, serif\"> 4 Y\u0131l<\/span><\/p><p style=\"margin-bottom:0cm;margin-bottom:.0001pt\"><b><span style=\",serif\">Haz\u0131rl\u0131k S\u0131n\u0131f\u0131:<\/span><\/b><span style=\",serif\"> Yok<\/span><\/p><p><b style=\"text-align: justify;letter-spacing: 0px\"><span style=\",serif\">Y\u00fcksek <\/span><\/b><b style=\"text-align: justify;letter-spacing: 0px\"><span style=\",serif\">Lisans\/Doktora: <\/span><\/b><span style=\"text-align: justify;letter-spacing: 0px;, serif\">Var \/ Var<\/span><\/p><p><b style=\"letter-spacing: 0px\"><u><span style=\",serif\">Mezuniyet \u0130\u00e7in;<\/span><\/u><\/b><br><\/p><p><b style=\"letter-spacing: 0px\"><span style=\",serif\">A\u011f\u0131rl\u0131kl\u0131 Genel <\/span><\/b><b style=\"letter-spacing: 0px\"><span style=\",serif\">Not Ortalamas\u0131 (AGNO): <\/span><\/b><span style=\"letter-spacing: 0px;, serif\">2.00<\/span><\/p><p><b style=\"letter-spacing: 0px\"><span style=\",serif\">Tamamlanmas\u0131 <\/span><\/b><b style=\"letter-spacing: 0px\"><span style=\",serif\">Gereken Toplam Ulusal Kredi\/AKTS:<\/span><\/b><span style=\"letter-spacing: 0px;, serif\"> 160\/240<\/span><\/p><p><b style=\"letter-spacing: 0px\"><span style=\",serif\">Zorunlu Yabanc\u0131 <\/span><\/b><b style=\"letter-spacing: 0px\"><span style=\",serif\">Dil (\u0130ngilizce): <\/span><\/b><span style=\", serif;letter-spacing: 0px\">16 ulusal kredi, 20 AKTS<\/span><\/p><p><span style=\"letter-spacing: 0px\"><b>Zorunlu Alan Dersi: <\/b>92<\/span><span style=\"letter-spacing: 0px;, serif\"> ulusal <\/span><span style=\", serif;letter-spacing: 0px\">kredi, 148 AKTS<\/span><\/p><p><b style=\"letter-spacing: 0px\"><span style=\",serif\">Ortak Zorunlu <\/span><\/b><b style=\"letter-spacing: 0px\"><span style=\",serif\">Ders: <\/span><\/b><span style=\"letter-spacing: 0px;, serif\">12 ulusal <\/span><span style=\", serif;letter-spacing: 0px\">kredi, 12 AKTS<\/span><\/p><p><b style=\"letter-spacing: 0px\"><span style=\",serif\">Alan Se\u00e7meli Ders:<\/span><\/b><span style=\"letter-spacing: 0px;, serif\"> 28 ulusal kredi, <\/span><span style=\", serif;letter-spacing: 0px\">42 AKTS<\/span><\/p><p><span style=\"font-weight: 700;letter-spacing: 0px\">Alan D\u0131\u015f\u0131 Se\u00e7meli <\/span><b style=\"letter-spacing: 0px\">Ders:<\/b><span style=\"letter-spacing: 0px\"> 12 ulusal kredi, 18 AKTS<\/span><\/p><br><br><br><br><\/h2>\t\t\t\t<\/div>\n\t\t\t\t<\/div>\n\t\t\t\t<div class=\"elementor-element elementor-element-ef2654b elementor-widget elementor-widget-heading\" data-id=\"ef2654b\" data-element_type=\"widget\" data-widget_type=\"heading.default\">\n\t\t\t\t<div class=\"elementor-widget-container\">\n\t\t\t\t\t<h2 class=\"elementor-heading-title elementor-size-medium\"><p class=\"MsoNormal\" style=\"text-align:justify\"><span style=\",serif\">B\u00f6l\u00fcm\u00fcm\u00fczle ilgili kontenjan, puan ve s\u0131ralama gibi di\u011fer detayl\u0131 bilgilere Y\u00fcksek\u00f6\u011fretim Program Atlas\u0131\u2019ndan <a href=\"https:\/\/yokatlas.yok.gov.tr\/lisans.php?y=101411001\">https:\/\/yokatlas.yok.gov.tr\/lisans.php?y=101411001<\/a> ula\u015fabilirsiniz.<\/span><\/p><\/h2>\t\t\t\t<\/div>\n\t\t\t\t<\/div>\n\t\t\t\t\t<\/div>\n\t\t<\/div>\n\t\t\t\t\t<\/div>\n\t\t<\/section>\n\t\t\t\t<\/div>\n\t\t","protected":false},"excerpt":{"rendered":"<p>\u00d6\u011frenci Deneyimi G\u00fcn\u00fcm\u00fczde Molek\u00fcler Biyoloji ve Genetik uygulamalar\u0131 t\u0131p, ila\u00e7, g\u0131da, tar\u0131m, biyomedikal gibi sekt\u00f6rlerden adli bilimlere kadar \u00e7ok geni\u015f bir alana yay\u0131lm\u0131\u015ft\u0131r. Dolay\u0131s\u0131yla, Molek\u00fcler Biyoloji ve Genetik B\u00f6l\u00fcm\u00fc mezunlar\u0131 t\u0131bbi bilimler, adli bilimler, biyomedikal, ila\u00e7 ve g\u0131da sanayinin yan\u0131 s\u0131ra yurt i\u00e7i ve yurt d\u0131\u015f\u0131 ara\u015ft\u0131rma merkezleri ve laboratuvarlar\u0131nda ve \u00dcniversitelerin, Fen, T\u0131p, Ziraat, [&hellip;]<\/p>\n","protected":false},"author":1,"featured_media":0,"parent":0,"menu_order":0,"comment_status":"closed","ping_status":"closed","template":"elementor_header_footer","meta":{"footnotes":""},"class_list":["post-5734","page","type-page","status-publish","hentry"],"_links":{"self":[{"href":"https:\/\/atauni.edu.tr\/molekuler-biyoloji-ve-genetik\/wp-json\/wp\/v2\/pages\/5734","targetHints":{"allow":["GET"]}}],"collection":[{"href":"https:\/\/atauni.edu.tr\/molekuler-biyoloji-ve-genetik\/wp-json\/wp\/v2\/pages"}],"about":[{"href":"https:\/\/atauni.edu.tr\/molekuler-biyoloji-ve-genetik\/wp-json\/wp\/v2\/types\/page"}],"author":[{"embeddable":true,"href":"https:\/\/atauni.edu.tr\/molekuler-biyoloji-ve-genetik\/wp-json\/wp\/v2\/users\/1"}],"replies":[{"embeddable":true,"href":"https:\/\/atauni.edu.tr\/molekuler-biyoloji-ve-genetik\/wp-json\/wp\/v2\/comments?post=5734"}],"version-history":[{"count":44,"href":"https:\/\/atauni.edu.tr\/molekuler-biyoloji-ve-genetik\/wp-json\/wp\/v2\/pages\/5734\/revisions"}],"predecessor-version":[{"id":8917,"href":"https:\/\/atauni.edu.tr\/molekuler-biyoloji-ve-genetik\/wp-json\/wp\/v2\/pages\/5734\/revisions\/8917"}],"wp:attachment":[{"href":"https:\/\/atauni.edu.tr\/molekuler-biyoloji-ve-genetik\/wp-json\/wp\/v2\/media?parent=5734"}],"curies":[{"name":"wp","href":"https:\/\/api.w.org\/{rel}","templated":true}]}}