{"id":5762,"date":"2021-07-13T12:55:48","date_gmt":"2021-07-13T09:55:48","guid":{"rendered":"https:\/\/portaltest.atauni.edu.tr\/bilgisayar-muhendisligi\/?page_id=5762"},"modified":"2023-10-04T15:59:39","modified_gmt":"2023-10-04T12:59:39","slug":"lisans-ders-listesi","status":"publish","type":"page","link":"https:\/\/atauni.edu.tr\/molekuler-biyoloji-ve-genetik\/lisans-ders-listesi\/","title":{"rendered":"M\u00fcfredat Plan\u0131"},"content":{"rendered":"\t\t<div data-elementor-type=\"wp-page\" data-elementor-id=\"5762\" class=\"elementor elementor-5762\" data-elementor-post-type=\"page\">\n\t\t\t\t\t\t<section class=\"elementor-section elementor-top-section elementor-element elementor-element-accc904 elementor-section-boxed elementor-section-height-default elementor-section-height-default\" data-id=\"accc904\" data-element_type=\"section\">\n\t\t\t\t\t\t<div class=\"elementor-container elementor-column-gap-default\">\n\t\t\t\t\t<div class=\"elementor-column elementor-col-100 elementor-top-column elementor-element elementor-element-3a22f0c\" data-id=\"3a22f0c\" data-element_type=\"column\">\n\t\t\t<div class=\"elementor-widget-wrap elementor-element-populated\">\n\t\t\t\t\t\t<div class=\"elementor-element elementor-element-ce5e40b elementor-widget elementor-widget-text-editor\" data-id=\"ce5e40b\" data-element_type=\"widget\" data-widget_type=\"text-editor.default\">\n\t\t\t\t<div class=\"elementor-widget-container\">\n\t\t\t\t\t\t\t\t\t<p>B\u00f6l\u00fcm\u00fcm\u00fczde uygulanan \u00f6\u011fretim planlar\u0131 (m\u00fcfredatlar) &#8220;Atat\u00fcrk \u00dcniversitesi Lisans Programlar\u0131nda Yap\u0131lan M\u00fcfredat G\u00fcncelleme \u00c7al\u0131\u015fmalar\u0131&#8221; kapsam\u0131nda, ilgili akreditasyon kurumu <a href=\"http:\/\/www.fedek.org.tr\/_uploads\/docs\/DEGERLENDIRME_OLCUTLERI_3_3.pdf\">(FEDEK) gereksinimleri<\/a> de g\u00f6z \u00f6n\u00fcnde bulundurularak g\u00fcncellenmi\u015f ve ge\u00e7mi\u015f y\u0131llardaki t\u00fcm \u00f6\u011fretim planlar\u0131 tek bir \u00f6\u011fretim plan\u0131 alt\u0131nda birle\u015ftirilmi\u015ftir.<\/p>\t\t\t\t\t\t\t\t<\/div>\n\t\t\t\t<\/div>\n\t\t\t\t\t<\/div>\n\t\t<\/div>\n\t\t\t\t\t<\/div>\n\t\t<\/section>\n\t\t\t\t<section class=\"elementor-section elementor-top-section elementor-element elementor-element-ba49838 elementor-section-boxed elementor-section-height-default elementor-section-height-default\" data-id=\"ba49838\" data-element_type=\"section\">\n\t\t\t\t\t\t<div class=\"elementor-container elementor-column-gap-default\">\n\t\t\t\t\t<div class=\"elementor-column elementor-col-100 elementor-top-column elementor-element elementor-element-7400b6f\" data-id=\"7400b6f\" data-element_type=\"column\">\n\t\t\t<div class=\"elementor-widget-wrap elementor-element-populated\">\n\t\t\t\t\t\t<div class=\"elementor-element elementor-element-ada6325 elementor-widget elementor-widget-text-editor\" data-id=\"ada6325\" data-element_type=\"widget\" data-widget_type=\"text-editor.default\">\n\t\t\t\t<div class=\"elementor-widget-container\">\n\t\t\t\t\t\t\t\t\t<p style=\"text-align: center\"><strong>1. S\u0131n\u0131f<\/strong><img fetchpriority=\"high\" decoding=\"async\" class=\"alignleft size-full wp-image-8374\" src=\"http:\/\/birimler.atauni.edu.tr\/molekuler-biyoloji-ve-genetik\/wp-content\/uploads\/sites\/141\/2020\/07\/1-2.jpg\" alt=\"\" width=\"1725\" height=\"428\" srcset=\"https:\/\/atauni.edu.tr\/molekuler-biyoloji-ve-genetik\/wp-content\/uploads\/sites\/141\/2020\/07\/1-2.jpg 1725w, https:\/\/atauni.edu.tr\/molekuler-biyoloji-ve-genetik\/wp-content\/uploads\/sites\/141\/2020\/07\/1-2-300x74.jpg 300w, https:\/\/atauni.edu.tr\/molekuler-biyoloji-ve-genetik\/wp-content\/uploads\/sites\/141\/2020\/07\/1-2-1024x254.jpg 1024w, https:\/\/atauni.edu.tr\/molekuler-biyoloji-ve-genetik\/wp-content\/uploads\/sites\/141\/2020\/07\/1-2-768x191.jpg 768w, https:\/\/atauni.edu.tr\/molekuler-biyoloji-ve-genetik\/wp-content\/uploads\/sites\/141\/2020\/07\/1-2-1536x381.jpg 1536w, https:\/\/atauni.edu.tr\/molekuler-biyoloji-ve-genetik\/wp-content\/uploads\/sites\/141\/2020\/07\/1-2-600x149.jpg 600w, https:\/\/atauni.edu.tr\/molekuler-biyoloji-ve-genetik\/wp-content\/uploads\/sites\/141\/2020\/07\/1-2-560x139.jpg 560w\" sizes=\"(max-width: 1725px) 100vw, 1725px\" \/><\/p><p style=\"text-align: center\"><strong>2. S\u0131n\u0131f<\/strong><img decoding=\"async\" class=\"alignnone size-full wp-image-8375\" src=\"http:\/\/birimler.atauni.edu.tr\/molekuler-biyoloji-ve-genetik\/wp-content\/uploads\/sites\/141\/2020\/07\/2.jpg\" alt=\"\" width=\"1733\" height=\"419\" srcset=\"https:\/\/atauni.edu.tr\/molekuler-biyoloji-ve-genetik\/wp-content\/uploads\/sites\/141\/2020\/07\/2.jpg 1733w, https:\/\/atauni.edu.tr\/molekuler-biyoloji-ve-genetik\/wp-content\/uploads\/sites\/141\/2020\/07\/2-300x73.jpg 300w, https:\/\/atauni.edu.tr\/molekuler-biyoloji-ve-genetik\/wp-content\/uploads\/sites\/141\/2020\/07\/2-1024x248.jpg 1024w, https:\/\/atauni.edu.tr\/molekuler-biyoloji-ve-genetik\/wp-content\/uploads\/sites\/141\/2020\/07\/2-768x186.jpg 768w, https:\/\/atauni.edu.tr\/molekuler-biyoloji-ve-genetik\/wp-content\/uploads\/sites\/141\/2020\/07\/2-1536x371.jpg 1536w, https:\/\/atauni.edu.tr\/molekuler-biyoloji-ve-genetik\/wp-content\/uploads\/sites\/141\/2020\/07\/2-600x145.jpg 600w, https:\/\/atauni.edu.tr\/molekuler-biyoloji-ve-genetik\/wp-content\/uploads\/sites\/141\/2020\/07\/2-560x135.jpg 560w\" sizes=\"(max-width: 1733px) 100vw, 1733px\" \/><strong>3. S\u0131n\u0131f<\/strong><img decoding=\"async\" class=\"alignnone size-full wp-image-8376\" src=\"http:\/\/birimler.atauni.edu.tr\/molekuler-biyoloji-ve-genetik\/wp-content\/uploads\/sites\/141\/2020\/07\/3.jpg\" alt=\"\" width=\"1729\" height=\"437\" srcset=\"https:\/\/atauni.edu.tr\/molekuler-biyoloji-ve-genetik\/wp-content\/uploads\/sites\/141\/2020\/07\/3.jpg 1729w, https:\/\/atauni.edu.tr\/molekuler-biyoloji-ve-genetik\/wp-content\/uploads\/sites\/141\/2020\/07\/3-300x76.jpg 300w, https:\/\/atauni.edu.tr\/molekuler-biyoloji-ve-genetik\/wp-content\/uploads\/sites\/141\/2020\/07\/3-1024x259.jpg 1024w, https:\/\/atauni.edu.tr\/molekuler-biyoloji-ve-genetik\/wp-content\/uploads\/sites\/141\/2020\/07\/3-768x194.jpg 768w, https:\/\/atauni.edu.tr\/molekuler-biyoloji-ve-genetik\/wp-content\/uploads\/sites\/141\/2020\/07\/3-1536x388.jpg 1536w, https:\/\/atauni.edu.tr\/molekuler-biyoloji-ve-genetik\/wp-content\/uploads\/sites\/141\/2020\/07\/3-600x152.jpg 600w, https:\/\/atauni.edu.tr\/molekuler-biyoloji-ve-genetik\/wp-content\/uploads\/sites\/141\/2020\/07\/3-560x142.jpg 560w\" sizes=\"(max-width: 1729px) 100vw, 1729px\" \/><strong>4. S\u0131n\u0131f<\/strong><img loading=\"lazy\" decoding=\"async\" class=\"alignnone size-full wp-image-8377\" src=\"http:\/\/birimler.atauni.edu.tr\/molekuler-biyoloji-ve-genetik\/wp-content\/uploads\/sites\/141\/2020\/07\/4.jpg\" alt=\"\" width=\"1728\" height=\"435\" srcset=\"https:\/\/atauni.edu.tr\/molekuler-biyoloji-ve-genetik\/wp-content\/uploads\/sites\/141\/2020\/07\/4.jpg 1728w, https:\/\/atauni.edu.tr\/molekuler-biyoloji-ve-genetik\/wp-content\/uploads\/sites\/141\/2020\/07\/4-300x76.jpg 300w, https:\/\/atauni.edu.tr\/molekuler-biyoloji-ve-genetik\/wp-content\/uploads\/sites\/141\/2020\/07\/4-1024x258.jpg 1024w, https:\/\/atauni.edu.tr\/molekuler-biyoloji-ve-genetik\/wp-content\/uploads\/sites\/141\/2020\/07\/4-768x193.jpg 768w, https:\/\/atauni.edu.tr\/molekuler-biyoloji-ve-genetik\/wp-content\/uploads\/sites\/141\/2020\/07\/4-1536x387.jpg 1536w, https:\/\/atauni.edu.tr\/molekuler-biyoloji-ve-genetik\/wp-content\/uploads\/sites\/141\/2020\/07\/4-600x151.jpg 600w, https:\/\/atauni.edu.tr\/molekuler-biyoloji-ve-genetik\/wp-content\/uploads\/sites\/141\/2020\/07\/4-560x141.jpg 560w\" sizes=\"(max-width: 1728px) 100vw, 1728px\" \/><strong>Se\u00e7meli Dersler<\/strong><img loading=\"lazy\" decoding=\"async\" class=\"alignnone size-full wp-image-8378\" src=\"http:\/\/birimler.atauni.edu.tr\/molekuler-biyoloji-ve-genetik\/wp-content\/uploads\/sites\/141\/2020\/07\/sss.jpg\" alt=\"\" width=\"1725\" height=\"898\" srcset=\"https:\/\/atauni.edu.tr\/molekuler-biyoloji-ve-genetik\/wp-content\/uploads\/sites\/141\/2020\/07\/sss.jpg 1725w, https:\/\/atauni.edu.tr\/molekuler-biyoloji-ve-genetik\/wp-content\/uploads\/sites\/141\/2020\/07\/sss-300x156.jpg 300w, https:\/\/atauni.edu.tr\/molekuler-biyoloji-ve-genetik\/wp-content\/uploads\/sites\/141\/2020\/07\/sss-1024x533.jpg 1024w, https:\/\/atauni.edu.tr\/molekuler-biyoloji-ve-genetik\/wp-content\/uploads\/sites\/141\/2020\/07\/sss-768x400.jpg 768w, https:\/\/atauni.edu.tr\/molekuler-biyoloji-ve-genetik\/wp-content\/uploads\/sites\/141\/2020\/07\/sss-1536x800.jpg 1536w, https:\/\/atauni.edu.tr\/molekuler-biyoloji-ve-genetik\/wp-content\/uploads\/sites\/141\/2020\/07\/sss-600x312.jpg 600w, https:\/\/atauni.edu.tr\/molekuler-biyoloji-ve-genetik\/wp-content\/uploads\/sites\/141\/2020\/07\/sss-560x292.jpg 560w\" sizes=\"(max-width: 1725px) 100vw, 1725px\" \/><\/p>\t\t\t\t\t\t\t\t<\/div>\n\t\t\t\t<\/div>\n\t\t\t\t\t<\/div>\n\t\t<\/div>\n\t\t\t\t\t<\/div>\n\t\t<\/section>\n\t\t\t\t<\/div>\n\t\t","protected":false},"excerpt":{"rendered":"<p>B\u00f6l\u00fcm\u00fcm\u00fczde uygulanan \u00f6\u011fretim planlar\u0131 (m\u00fcfredatlar) &#8220;Atat\u00fcrk \u00dcniversitesi Lisans Programlar\u0131nda Yap\u0131lan M\u00fcfredat G\u00fcncelleme \u00c7al\u0131\u015fmalar\u0131&#8221; kapsam\u0131nda, ilgili akreditasyon kurumu (FEDEK) gereksinimleri de g\u00f6z \u00f6n\u00fcnde bulundurularak g\u00fcncellenmi\u015f ve ge\u00e7mi\u015f y\u0131llardaki t\u00fcm \u00f6\u011fretim planlar\u0131 tek bir \u00f6\u011fretim plan\u0131 alt\u0131nda birle\u015ftirilmi\u015ftir. 1. S\u0131n\u0131f 2. S\u0131n\u0131f3. S\u0131n\u0131f4. S\u0131n\u0131fSe\u00e7meli Dersler<\/p>\n","protected":false},"author":1,"featured_media":0,"parent":0,"menu_order":0,"comment_status":"closed","ping_status":"closed","template":"elementor_header_footer","meta":{"footnotes":""},"class_list":["post-5762","page","type-page","status-publish","hentry"],"_links":{"self":[{"href":"https:\/\/atauni.edu.tr\/molekuler-biyoloji-ve-genetik\/wp-json\/wp\/v2\/pages\/5762","targetHints":{"allow":["GET"]}}],"collection":[{"href":"https:\/\/atauni.edu.tr\/molekuler-biyoloji-ve-genetik\/wp-json\/wp\/v2\/pages"}],"about":[{"href":"https:\/\/atauni.edu.tr\/molekuler-biyoloji-ve-genetik\/wp-json\/wp\/v2\/types\/page"}],"author":[{"embeddable":true,"href":"https:\/\/atauni.edu.tr\/molekuler-biyoloji-ve-genetik\/wp-json\/wp\/v2\/users\/1"}],"replies":[{"embeddable":true,"href":"https:\/\/atauni.edu.tr\/molekuler-biyoloji-ve-genetik\/wp-json\/wp\/v2\/comments?post=5762"}],"version-history":[{"count":126,"href":"https:\/\/atauni.edu.tr\/molekuler-biyoloji-ve-genetik\/wp-json\/wp\/v2\/pages\/5762\/revisions"}],"predecessor-version":[{"id":8409,"href":"https:\/\/atauni.edu.tr\/molekuler-biyoloji-ve-genetik\/wp-json\/wp\/v2\/pages\/5762\/revisions\/8409"}],"wp:attachment":[{"href":"https:\/\/atauni.edu.tr\/molekuler-biyoloji-ve-genetik\/wp-json\/wp\/v2\/media?parent=5762"}],"curies":[{"name":"wp","href":"https:\/\/api.w.org\/{rel}","templated":true}]}}