{"id":5765,"date":"2021-07-13T12:56:51","date_gmt":"2021-07-13T09:56:51","guid":{"rendered":"https:\/\/portaltest.atauni.edu.tr\/bilgisayar-muhendisligi\/?page_id=5765"},"modified":"2025-12-30T13:32:12","modified_gmt":"2025-12-30T10:32:12","slug":"anabilim-dallari","status":"publish","type":"page","link":"https:\/\/atauni.edu.tr\/molekuler-biyoloji-ve-genetik\/anabilim-dallari\/","title":{"rendered":"Bilim Dallar\u0131"},"content":{"rendered":"\t\t<div data-elementor-type=\"wp-page\" data-elementor-id=\"5765\" class=\"elementor elementor-5765\" data-elementor-post-type=\"page\">\n\t\t\t\t\t\t<section class=\"elementor-section elementor-top-section elementor-element elementor-element-730d320 elementor-section-boxed elementor-section-height-default elementor-section-height-default\" data-id=\"730d320\" data-element_type=\"section\">\n\t\t\t\t\t\t<div class=\"elementor-container elementor-column-gap-default\">\n\t\t\t\t\t<div class=\"elementor-column elementor-col-100 elementor-top-column elementor-element elementor-element-753d0860\" data-id=\"753d0860\" data-element_type=\"column\">\n\t\t\t<div class=\"elementor-widget-wrap\">\n\t\t\t\t\t\t\t<\/div>\n\t\t<\/div>\n\t\t\t\t\t<\/div>\n\t\t<\/section>\n\t\t\t\t<section class=\"elementor-section elementor-top-section elementor-element elementor-element-9be811a elementor-section-boxed elementor-section-height-default elementor-section-height-default\" data-id=\"9be811a\" data-element_type=\"section\">\n\t\t\t\t\t\t<div class=\"elementor-container elementor-column-gap-default\">\n\t\t\t\t\t<div class=\"elementor-column elementor-col-100 elementor-top-column elementor-element elementor-element-1ed847b7\" data-id=\"1ed847b7\" data-element_type=\"column\">\n\t\t\t<div class=\"elementor-widget-wrap elementor-element-populated\">\n\t\t\t\t\t\t<div class=\"elementor-element elementor-element-4ce0d07f elementor-widget elementor-widget-heading\" data-id=\"4ce0d07f\" data-element_type=\"widget\" data-widget_type=\"heading.default\">\n\t\t\t\t<div class=\"elementor-widget-container\">\n\t\t\t\t\t<h2 class=\"elementor-heading-title elementor-size-default\">Bilim Dallar\u0131<\/h2>\t\t\t\t<\/div>\n\t\t\t\t<\/div>\n\t\t\t\t<div class=\"elementor-element elementor-element-63260862 elementor-widget-divider--view-line elementor-widget elementor-widget-divider\" data-id=\"63260862\" data-element_type=\"widget\" data-widget_type=\"divider.default\">\n\t\t\t\t<div class=\"elementor-widget-container\">\n\t\t\t\t\t\t\t<div class=\"elementor-divider\">\n\t\t\t<span class=\"elementor-divider-separator\">\n\t\t\t\t\t\t<\/span>\n\t\t<\/div>\n\t\t\t\t\t\t<\/div>\n\t\t\t\t<\/div>\n\t\t\t\t\t<\/div>\n\t\t<\/div>\n\t\t\t\t\t<\/div>\n\t\t<\/section>\n\t\t\t\t<section class=\"elementor-section elementor-top-section elementor-element elementor-element-e8f463a elementor-section-boxed elementor-section-height-default elementor-section-height-default\" data-id=\"e8f463a\" data-element_type=\"section\">\n\t\t\t\t\t\t<div class=\"elementor-container elementor-column-gap-default\">\n\t\t\t\t\t<div class=\"elementor-column elementor-col-100 elementor-top-column elementor-element elementor-element-a10b9fe\" data-id=\"a10b9fe\" data-element_type=\"column\">\n\t\t\t<div class=\"elementor-widget-wrap elementor-element-populated\">\n\t\t\t\t\t\t<div class=\"elementor-element elementor-element-c57e391 elementor-widget elementor-widget-text-editor\" data-id=\"c57e391\" data-element_type=\"widget\" data-widget_type=\"text-editor.default\">\n\t\t\t\t<div class=\"elementor-widget-container\">\n\t\t\t\t\t\t\t\t\t<p><span style=\"text-decoration: underline\"><span style=\"font-weight: bold;letter-spacing: 0px\"><span style=\"font-size: 12pt;line-height: 17.12px;color: black;text-decoration: underline\">Biyoteknoloji Bilim Dal\u0131<\/span><\/span><\/span><\/p><p><span style=\"font-size: 12pt;line-height: 17.12px;color: black\">Biyoteknoloji Anabilim Dal\u0131 e\u011fitim ve Ar-Ge odakl\u0131\u00a0bir b\u00f6l\u00fcmd\u00fcr. Kavramsal dersler laboratuvar uygulamalar\u0131 ile bir b\u00fct\u00fcnl\u00fck\u00a0i\u00e7erisinde verilmekte olup, b\u00f6ylece konular\u0131n daha iyi \u00f6\u011frenilmesi\u00a0ama\u00e7lanmaktad\u0131r. Anabilim Dal\u0131m\u0131zda bir\u00e7ok bilimsel \u00e7al\u0131\u015fma y\u00fcr\u00fct\u00fclmekte, bu\u00a0\u00e7al\u0131\u015fmalar\u0131n sonu\u00e7lar\u0131 \u00e7e\u015fitli ulusal ve uluslararas\u0131 dergilerde yay\u0131nlanmaktad\u0131r.\u00a0\u00d6\u011frenciler ara\u015ft\u0131rma projelerine kat\u0131lma konusunda te\u015fvik edilmekte, kat\u0131lmak\u00a0isteyenler b\u00f6l\u00fcm\u00fcn t\u00fcm olanaklar\u0131ndan yararlanmaktad\u0131r. Amac\u0131m\u0131z; \u00e7a\u011fda\u015f ve\u00a0kaliteli bir Molek\u00fcler Biyoloji ve Genetik e\u011fitimi vererek, \u00f6ncelikle toplumsal\u00a0de\u011ferlerine sahip \u00e7\u0131kan, etkili bir \u00f6\u011fretim k\u00fclt\u00fcr\u00fc kazanan, yeterli bilgi\u00a0birikimine sahip olan, \u00f6zg\u00fcn ara\u015ft\u0131rma yetene\u011fine sahip olan, teorik bilgisini\u00a0ve ara\u015ft\u0131rmalar\u0131n\u0131 uygulayabilen, Biyoteknoloji alan\u0131nda kapsaml\u0131 ve yeterli\u00a0bilgi birikimine sahip, lisans\u00fcst\u00fc e\u011fitimine haz\u0131r, etkili ileti\u015fim kurabilen,\u00a0sorumluluk sahibi bireyler yeti\u015ftirmektir.<\/span><\/p><p><span style=\"color: #3366ff\"><a style=\"font-size: 12pt;letter-spacing: 0px;color: #3366ff\" href=\"https:\/\/avesis.atauni.edu.tr\/mesut.taskin\">Prof. Dr. Mesut TA\u015eKIN (Bilim Dal\u0131 B\u015fk.)<\/a><\/span><\/p><p><span style=\"font-size: 12pt;line-height: 17.12px;color: #3366ff\"><a style=\"color: #3366ff\" href=\"https:\/\/avesis.atauni.edu.tr\/msisecioglu\">Prof. Dr. Melda \u015e\u0130\u015eEC\u0130O\u011eLU<\/a><\/span><\/p><p><span style=\"font-size: 12pt;line-height: 17.12px;color: #3366ff\"><a style=\"color: #3366ff\" href=\"https:\/\/avesis.atauni.edu.tr\/asli.yilmaz\">Do\u00e7. Dr. Asl\u0131 YILMAZ<br \/><\/a><\/span><\/p><p><span style=\"font-size: 12pt;line-height: 17.12px;color: #3366ff\"><a style=\"color: #3366ff\" href=\"https:\/\/avesis.atauni.edu.tr\/buket.bakan\">Dr. \u00d6\u011fr. \u00dcyesi Buket BAKAN<\/a><\/span><\/p><p><span style=\"font-size: 12pt;line-height: 17.12px;color: #3366ff\"><a style=\"color: #3366ff\" href=\"https:\/\/avesis.atauni.edu.tr\/tugbaorak\">Dr. \u00d6\u011fr. \u00dcyesi Tu\u011fba ORAK<\/a><\/span><\/p><p><span style=\"color: #3366ff\"><a style=\"font-size: 12pt;letter-spacing: 0px;color: #3366ff\" href=\"https:\/\/avesis.atauni.edu.tr\/aseyda\">Ar\u015f. G\u00f6r. Dr. \u015eeyda ALBAYRAK<\/a><\/span><\/p><p><span style=\"color: #3366ff\"><a style=\"color: #3366ff\" href=\"https:\/\/avesis.atauni.edu.tr\/erdem.erkengez\">Ar\u015f. G\u00f6r. Erdem ERKENGEZ<\/a><\/span><\/p><p><span style=\"text-decoration: underline\"><span style=\"font-weight: bold;letter-spacing: 0px\"><span style=\"font-size: 12pt;line-height: 17.12px;color: black;text-decoration: underline\">Gen M\u00fchendisli\u011fi Bilim Dal\u0131<\/span><\/span><\/span><\/p><p><span style=\"color: black;font-size: 12pt;letter-spacing: 0px\">Gen m\u00fchendisli\u011fi alanlar\u0131nda temel bilgilere sahip,\u00a0evrensel geli\u015fmeleri takip edebilen, ara\u015ft\u0131rmac\u0131, disiplinler aras\u0131\u00a0\u00e7al\u0131\u015fabilen, \u00fcretici ve giri\u015fimci gen m\u00fchendisleri yeti\u015ftirmektir. Amac\u0131m\u0131z,\u00a0hem temel bilimlerde sa\u011flam bir altyap\u0131ya hem de tasar\u0131m, \u00f6l\u00e7\u00fcm ve modelleme\u00a0gibi m\u00fchendislik yetilerine sahip, yurt i\u00e7i ve yurt d\u0131\u015f\u0131nda ara\u015ft\u0131rma\u00a0yapabilecek donan\u0131ma sahip, \u00fclkemize gen m\u00fchendisli\u011fi alan\u0131nda katk\u0131\u00a0sa\u011flayabilecek \u00fcretici ve giri\u015fimci gen m\u00fchendisleri yeti\u015ftiren ve ad\u0131ndan s\u00f6z\u00a0ettiren bir b\u00f6l\u00fcm olmakt\u0131r.<\/span><\/p><p><span style=\"color: #3366ff\"><a style=\"font-size: 12pt;letter-spacing: 0px;color: #3366ff\" href=\"https:\/\/avesis.atauni.edu.tr\/hakanozkan\">Prof. Dr. Hakan \u00d6ZKAN<\/a><a style=\"font-size: 12pt;letter-spacing: 0px;color: #3366ff\" href=\"https:\/\/avesis.atauni.edu.tr\/mesut.taskin\"> (Bilim Dal\u0131 B\u015fk.)<\/a><\/span><\/p><p><span style=\"font-size: 12pt;line-height: 17.12px;color: #3366ff\"><a style=\"color: #3366ff\" href=\"https:\/\/avesis.atauni.edu.tr\/yunver\">Do\u00e7. Dr. Ya\u011fmur \u00dcNVER<\/a><\/span><\/p><p><span style=\"color: #3366ff\"><a style=\"color: #3366ff\" href=\"https:\/\/avesis.atauni.edu.tr\/g.nurdan\"><span style=\"font-size: 12pt;line-height: 107%\">Dr. \u00d6\u011fr. \u00dcyesi<\/span> Nurdan G\u00d6N\u00dcL BALTACI<\/a><\/span><\/p><p><span style=\"font-size: 12pt;line-height: 17.12px;color: #3366ff\"><a style=\"color: #3366ff\" href=\"https:\/\/avesis.atauni.edu.tr\/sumeyya.arslan\">Ar\u015f. G\u00f6r. Dr. S\u00fcmeyye AKBULUT<\/a><\/span><\/p><p><span style=\"color: #3366ff\"><a style=\"font-size: 12pt;letter-spacing: 0px;color: #3366ff\" href=\"https:\/\/avesis.atauni.edu.tr\/elanur.tuysuz\">Ar\u015f. G\u00f6r. Dr. Elanur TUYSUZ<\/a><\/span><\/p><p><span style=\"text-decoration: underline\"><b><span style=\"font-size: 12pt;line-height: 107%;color: black;text-decoration: underline\">Genetik Bilim Dal\u0131<\/span><\/b><\/span><\/p><p><span style=\"font-size: 12.0pt;line-height: 107%;,serif;color: black\">Genetik Anabilim Dal\u0131 e\u011fitim ve ara\u015ft\u0131rma temelli bir birimdir.\u00a0 Dersler, laboratuvar uygulamalar\u0131 ile bir b\u00fct\u00fcnl\u00fck i\u00e7erisinde verilmekte olup, b\u00f6ylece konular\u0131n daha iyi \u00f6\u011frenilmesi ama\u00e7lanmaktad\u0131r. Anabilim Dal\u0131m\u0131zda bir\u00e7ok bilimsel \u00e7al\u0131\u015fma y\u00fcr\u00fct\u00fclmekte, bu \u00e7al\u0131\u015fmalar\u0131n sonu\u00e7lar\u0131 \u00e7e\u015fitli ulusal ve uluslararas\u0131 dergilerde yay\u0131nlanmaktad\u0131r.\u00a0 \u00d6\u011fretim \u00fcyeleri, alanlar\u0131nda s\u00fcrd\u00fcrd\u00fckleri bilimsel ara\u015ft\u0131rmalara lisans ve lisans\u00fcst\u00fc \u00f6\u011frencilerinin de kat\u0131lmalar\u0131n\u0131 te\u015fvik etmektedirler. Bu yakla\u015f\u0131m \u00f6\u011frencilerimizin e\u011fitimleri boyunca kazand\u0131klar\u0131 kuramsal temellerin peki\u015ftirilmesine ve birinci elden ara\u015ft\u0131rma deneyimi kazanmalar\u0131na katk\u0131da bulunmaktad\u0131r.<\/span><\/p><p><span style=\"color: #0000ff;font-size: 12pt;letter-spacing: 0px\"><a style=\"color: #3366ff\" href=\"https:\/\/avesis.atauni.edu.tr\/hbudak\">Prof. Dr. Harun BUDAK <\/a><\/span><a style=\"font-size: 12pt;letter-spacing: 0px;color: #3366ff\" href=\"https:\/\/avesis.atauni.edu.tr\/mesut.taskin\">(Bilim Dal\u0131 B\u015fk.)<\/a><\/p><p><span style=\"color: #0000ff;font-size: 12pt;letter-spacing: 0px\"><a style=\"color: #0000ff\" href=\"https:\/\/avesis.atauni.edu.tr\/tsisman\"><span style=\"color: #3366ff\">Prof. Dr. Turgay \u015e\u0130\u015eMAN<\/span><\/a><a style=\"font-size: 12pt;letter-spacing: 0px;color: #3366ff\" href=\"https:\/\/avesis.atauni.edu.tr\/mesut.taskin\">\u00a0<\/a><\/span><\/p><p><span style=\"font-size: 12pt;line-height: 107%;color: #3366ff\"><a style=\"color: #3366ff\" href=\"https:\/\/avesis.atauni.edu.tr\/oerdogan\">Prof. Dr. Orhan ERDO\u011eAN<\/a><\/span><\/p><p><span style=\"font-size: 12pt;line-height: 107%;color: #3366ff\"><a style=\"color: #3366ff\" href=\"https:\/\/avesis.atauni.edu.tr\/haskin\">Prof. Dr. Hakan A\u015eKIN<\/a><\/span><\/p><p><span style=\"color: #3366ff\"><a style=\"color: #3366ff\" href=\"https:\/\/avesis.atauni.edu.tr\/ozkanaksakal\">Prof. Dr. \u00d6zkan AKSAKAL<\/a><\/span><\/p><p><span style=\"font-size: 12pt;line-height: 107%;color: #3366ff\"><a style=\"color: #3366ff\" href=\"https:\/\/avesis.atauni.edu.tr\/hamid.ceylan\">Do\u00e7. Dr. Hamid CEYLAN<\/a><\/span><\/p><p><span style=\"font-size: 12pt;line-height: 107%;color: #3366ff\"><a style=\"color: #3366ff\" href=\"https:\/\/avesis.atauni.edu.tr\/melike.yildiz\">Do\u00e7. Dr. Melike KARAMAN<\/a><\/span><\/p><p><span style=\"font-size: 12pt;line-height: 107%;color: #3366ff\"><a style=\"color: #3366ff\" href=\"https:\/\/avesis.atauni.edu.tr\/gokce.karadayi\">Dr. \u00d6\u011fr. \u00dcyesi G\u00f6k\u00e7e KARADAYI<\/a><\/span><\/p><p><span style=\"color: #3366ff\"><a style=\"color: #3366ff\" href=\"https:\/\/avesis.atauni.edu.tr\/emine.toraman\"><span style=\"font-size: 12pt;letter-spacing: 0px\"><span style=\"font-size: 12pt;line-height: 107%\">Dr. \u00d6\u011fr. \u00dcyesi<\/span> Emine TORAMAN<\/span><\/a><\/span><\/p><p><span style=\"color: #3366ff\"><a style=\"color: #3366ff\" href=\"https:\/\/avesis.atauni.edu.tr\/sefikademir\">Ar\u015f. G\u00f6r. \u015eefika Nur DEM\u0130R<\/a><\/span><\/p><p><span style=\"text-decoration: underline\"><b style=\"letter-spacing: 0px\"><span style=\"font-size: 12pt;line-height: 107%;color: black;text-decoration: underline\">Mikrobiyoloji Bilim Dal\u0131<\/span><\/b><\/span><\/p><p><span style=\"font-size: 12.0pt;line-height: 107%;,serif;color: black\">Mikrobiyoloji Anabilim Dal\u0131 e\u011fitim ve Ar-Ge odakl\u0131\u00a0bir b\u00f6l\u00fcmd\u00fcr. Kavramsal dersler laboratuvar uygulamalar\u0131 ile bir b\u00fct\u00fcnl\u00fck\u00a0i\u00e7erisinde verilmekte olup, b\u00f6ylece konular\u0131n daha iyi \u00f6\u011frenilmesi\u00a0ama\u00e7lanmaktad\u0131r. Anabilim Dal\u0131m\u0131zda bir\u00e7ok bilimsel \u00e7al\u0131\u015fma y\u00fcr\u00fct\u00fclmekte, bu\u00a0\u00e7al\u0131\u015fmalar\u0131n sonu\u00e7lar\u0131 \u00e7e\u015fitli ulusal ve uluslararas\u0131 dergilerde\u00a0yay\u0131nlanmaktad\u0131r. \u00d6\u011frenciler ara\u015ft\u0131rma projelerine kat\u0131lma konusunda te\u015fvik\u00a0edilmekte, kat\u0131lmak isteyenler b\u00f6l\u00fcm\u00fcn t\u00fcm olanaklar\u0131ndan yararlanmaktad\u0131r.\u00a0Anabilim Dal\u0131m\u0131z\u0131n Amac\u0131; Mikrobiyoloji alan\u0131nda teorik bilgi birikimi ile\u00a0birlikte laboratuvar becerisi kazand\u0131rmak, edindi\u011fi bilgi ve becerileri\u00a0kullanarak toplumun ve \u00fclkenin ihtiya\u00e7lar\u0131 do\u011frultusunda bilime ve eti\u011fe\u00a0sayg\u0131l\u0131, bilimsel \u00e7\u00f6z\u00fcmler ve teknoloji \u00fcretebilen bilim insanlar\u0131\u00a0yeti\u015ftirmektir.<\/span><\/p><p><span style=\"color: #3366ff;font-size: 12pt;letter-spacing: 0px\"><a style=\"color: #3366ff\" href=\"https:\/\/avesis.atauni.edu.tr\/adiguzel\">Prof. Dr. Ahmet ADIG\u00dcZEL<\/a><a style=\"font-size: 12pt;letter-spacing: 0px;color: #3366ff\" href=\"https:\/\/avesis.atauni.edu.tr\/mesut.taskin\"> (Bilim Dal\u0131 B\u015fk.)<\/a><\/span><\/p><p><span style=\"font-size: 12pt;line-height: 107%;color: #3366ff\"><a style=\"color: #3366ff\" href=\"https:\/\/avesis.atauni.edu.tr\/ozkanbaltaci\">Do\u00e7. Dr. \u00dcyesi Mustafa \u00d6zkan BALTACI<\/a><\/span><\/p><p><span style=\"font-size: 12pt;line-height: 107%;color: #3366ff\"><a style=\"color: #3366ff\" href=\"https:\/\/avesis.atauni.edu.tr\/akif.omeroglu\">Dr. \u00d6\u011fr. \u00dcyesi Mehmet Akif \u00d6MERO\u011eLU<\/a><\/span><\/p><p><b style=\"letter-spacing: 0px\"><span style=\"font-size: 12.0pt;line-height: 107%;,serif;color: black\">\u00a0<\/span><\/b><\/p><p><b style=\"letter-spacing: 0px\"><span style=\"font-size: 12.0pt;line-height: 107%;,serif;color: black\">\u00a0<\/span><\/b><\/p>\t\t\t\t\t\t\t\t<\/div>\n\t\t\t\t<\/div>\n\t\t\t\t\t<\/div>\n\t\t<\/div>\n\t\t\t\t\t<\/div>\n\t\t<\/section>\n\t\t\t\t<\/div>\n\t\t","protected":false},"excerpt":{"rendered":"<p>Bilim Dallar\u0131 Biyoteknoloji Bilim Dal\u0131 Biyoteknoloji Anabilim Dal\u0131 e\u011fitim ve Ar-Ge odakl\u0131\u00a0bir b\u00f6l\u00fcmd\u00fcr. Kavramsal dersler laboratuvar uygulamalar\u0131 ile bir b\u00fct\u00fcnl\u00fck\u00a0i\u00e7erisinde verilmekte olup, b\u00f6ylece konular\u0131n daha iyi \u00f6\u011frenilmesi\u00a0ama\u00e7lanmaktad\u0131r. Anabilim Dal\u0131m\u0131zda bir\u00e7ok bilimsel \u00e7al\u0131\u015fma y\u00fcr\u00fct\u00fclmekte, bu\u00a0\u00e7al\u0131\u015fmalar\u0131n sonu\u00e7lar\u0131 \u00e7e\u015fitli ulusal ve uluslararas\u0131 dergilerde yay\u0131nlanmaktad\u0131r.\u00a0\u00d6\u011frenciler ara\u015ft\u0131rma projelerine kat\u0131lma konusunda te\u015fvik edilmekte, kat\u0131lmak\u00a0isteyenler b\u00f6l\u00fcm\u00fcn t\u00fcm olanaklar\u0131ndan yararlanmaktad\u0131r. Amac\u0131m\u0131z; \u00e7a\u011fda\u015f ve\u00a0kaliteli [&hellip;]<\/p>\n","protected":false},"author":1,"featured_media":0,"parent":0,"menu_order":0,"comment_status":"closed","ping_status":"closed","template":"elementor_header_footer","meta":{"footnotes":""},"class_list":["post-5765","page","type-page","status-publish","hentry"],"_links":{"self":[{"href":"https:\/\/atauni.edu.tr\/molekuler-biyoloji-ve-genetik\/wp-json\/wp\/v2\/pages\/5765","targetHints":{"allow":["GET"]}}],"collection":[{"href":"https:\/\/atauni.edu.tr\/molekuler-biyoloji-ve-genetik\/wp-json\/wp\/v2\/pages"}],"about":[{"href":"https:\/\/atauni.edu.tr\/molekuler-biyoloji-ve-genetik\/wp-json\/wp\/v2\/types\/page"}],"author":[{"embeddable":true,"href":"https:\/\/atauni.edu.tr\/molekuler-biyoloji-ve-genetik\/wp-json\/wp\/v2\/users\/1"}],"replies":[{"embeddable":true,"href":"https:\/\/atauni.edu.tr\/molekuler-biyoloji-ve-genetik\/wp-json\/wp\/v2\/comments?post=5765"}],"version-history":[{"count":135,"href":"https:\/\/atauni.edu.tr\/molekuler-biyoloji-ve-genetik\/wp-json\/wp\/v2\/pages\/5765\/revisions"}],"predecessor-version":[{"id":8913,"href":"https:\/\/atauni.edu.tr\/molekuler-biyoloji-ve-genetik\/wp-json\/wp\/v2\/pages\/5765\/revisions\/8913"}],"wp:attachment":[{"href":"https:\/\/atauni.edu.tr\/molekuler-biyoloji-ve-genetik\/wp-json\/wp\/v2\/media?parent=5765"}],"curies":[{"name":"wp","href":"https:\/\/api.w.org\/{rel}","templated":true}]}}