{"id":5791,"date":"2021-07-13T13:07:15","date_gmt":"2021-07-13T10:07:15","guid":{"rendered":"https:\/\/portaltest.atauni.edu.tr\/bilgisayar-muhendisligi\/?page_id=5791"},"modified":"2023-10-05T16:12:45","modified_gmt":"2023-10-05T13:12:45","slug":"staj","status":"publish","type":"page","link":"https:\/\/atauni.edu.tr\/molekuler-biyoloji-ve-genetik\/staj\/","title":{"rendered":"Staj"},"content":{"rendered":"\t\t<div data-elementor-type=\"wp-page\" data-elementor-id=\"5791\" class=\"elementor elementor-5791\" data-elementor-post-type=\"page\">\n\t\t\t\t\t\t<section class=\"elementor-section elementor-top-section elementor-element elementor-element-9be811a elementor-section-boxed elementor-section-height-default elementor-section-height-default\" data-id=\"9be811a\" data-element_type=\"section\">\n\t\t\t\t\t\t<div class=\"elementor-container elementor-column-gap-default\">\n\t\t\t\t\t<div class=\"elementor-column elementor-col-100 elementor-top-column elementor-element elementor-element-1ed847b7\" data-id=\"1ed847b7\" data-element_type=\"column\">\n\t\t\t<div class=\"elementor-widget-wrap elementor-element-populated\">\n\t\t\t\t\t\t<div class=\"elementor-element elementor-element-4ce0d07f elementor-widget elementor-widget-heading\" data-id=\"4ce0d07f\" data-element_type=\"widget\" data-widget_type=\"heading.default\">\n\t\t\t\t<div class=\"elementor-widget-container\">\n\t\t\t\t\t<h2 class=\"elementor-heading-title elementor-size-default\">Staj<\/h2>\t\t\t\t<\/div>\n\t\t\t\t<\/div>\n\t\t\t\t<div class=\"elementor-element elementor-element-63260862 elementor-widget-divider--view-line elementor-widget elementor-widget-divider\" data-id=\"63260862\" data-element_type=\"widget\" data-widget_type=\"divider.default\">\n\t\t\t\t<div class=\"elementor-widget-container\">\n\t\t\t\t\t\t\t<div class=\"elementor-divider\">\n\t\t\t<span class=\"elementor-divider-separator\">\n\t\t\t\t\t\t<\/span>\n\t\t<\/div>\n\t\t\t\t\t\t<\/div>\n\t\t\t\t<\/div>\n\t\t\t\t\t<\/div>\n\t\t<\/div>\n\t\t\t\t\t<\/div>\n\t\t<\/section>\n\t\t\t\t<section class=\"elementor-section elementor-top-section elementor-element elementor-element-526739c elementor-section-boxed elementor-section-height-default elementor-section-height-default\" data-id=\"526739c\" data-element_type=\"section\">\n\t\t\t\t\t\t<div class=\"elementor-container elementor-column-gap-default\">\n\t\t\t\t\t<div class=\"elementor-column elementor-col-100 elementor-top-column elementor-element elementor-element-f79d6e3\" data-id=\"f79d6e3\" data-element_type=\"column\">\n\t\t\t<div class=\"elementor-widget-wrap elementor-element-populated\">\n\t\t\t\t\t\t<div class=\"elementor-element elementor-element-4ff879d elementor-widget elementor-widget-text-editor\" data-id=\"4ff879d\" data-element_type=\"widget\" data-widget_type=\"text-editor.default\">\n\t\t\t\t<div class=\"elementor-widget-container\">\n\t\t\t\t\t\t\t\t\t<p><span style=\"font-size: 13.0pt;color: black\">B\u00f6l\u00fcm\u00fcm\u00fczde \u00f6\u011frenim g\u00f6ren lisans \u00f6\u011frencileri\u00a0mezuniyet hakk\u0131 kazanabilmek i\u00e7in 3. s\u0131n\u0131f (6. d\u00f6nem) bahar d\u00f6nemi bitiminde 30\u00a0i\u015f g\u00fcn\u00fc zorunlu staj e\u011fitimini tamamlamak zorundad\u0131rlar.<\/span><\/p><p style=\"text-align: justify;text-indent: -18pt;background-image: initial;background-position: initial;background-size: initial;background-attachment: initial;margin-top: 2rem;margin-right: 2rem;margin-left: 2rem\"><span style=\"font-size: 13.0pt;color: black\"><strong>&#8211;<\/strong> Atat\u00fcrk \u00dcniversitesi Staj Uygulama Esaslar\u0131 MADDE 7 \u2013 (1)\u00a0gere\u011fince \u00f6\u011frenciler e\u011fitim-\u00f6\u011fretim ve s\u0131nav d\u00f6nemleri d\u0131\u015f\u0131nda staj\u00a0yapabilirler.\u00a0<\/span><\/p><p style=\"text-align: justify;text-indent: -18pt;background-image: initial;background-position: initial;background-size: initial;background-attachment: initial;margin-top: 2rem;margin-right: 2rem;margin-left: 2rem\"><span style=\"font-size: 13.0pt;color: black\"><strong>&#8211;<\/strong> Ancak, ilgili e\u011fitim-\u00f6\u011fretim y\u0131l\u0131nda kay\u0131t yapt\u0131rd\u0131\u011f\u0131\u00a0dersleri ba\u015far\u0131 ile tamamlayan \u00f6\u011frenciler\u00a0 e\u011fitim \u00f6\u011fretim ve s\u0131nav\u00a0d\u00f6nemleri i\u00e7erisinde de staj yapabilirler.\u00a0<\/span><\/p><p style=\"text-align: justify;text-indent: -18pt;background-image: initial;background-position: initial;background-size: initial;background-attachment: initial;margin-top: 2rem;margin-right: 2rem;margin-left: 2rem\"><span style=\"font-size: 13.0pt;color: black\"><strong>&#8211;<\/strong> Yaz okuluna devam eden \u00f6\u011frenciler yaz okulu s\u00fcresince\u00a0staj yapamazlar. Ancak, haftada en fazla 9 saat derse devam y\u00fck\u00fcml\u00fcl\u00fc\u011f\u00fc olan\u00a0\u00f6\u011frenciler normal e\u011fitim-\u00f6\u011fretim d\u00f6nemi, b\u00fct\u00fcnleme veya yaz okulu s\u00fcresinde\u00a0ilgili y\u00f6netim kurulunun onay vermesi halinde staj yapabilirler.<\/span><\/p><p style=\"text-align: justify;background-image: initial;background-position: initial;background-size: initial;background-attachment: initial;margin-top: 2rem;margin-right: 2rem;margin-left: 2rem\"><span style=\"font-size: 13.0pt;color: black\"><b>Atat\u00fcrk \u00dcniversitesi Staj Uygulama\u00a0Esaslar\u0131<\/b>&#8216;na ula\u015fabilmek i\u00e7in l\u00fctfen <a href=\"https:\/\/birimler.atauni.edu.tr\/saglik-kultur-ve-spor-daire-baskanligi\/wp-content\/uploads\/sites\/220\/2020\/07\/Staj-Uygulama-Esaslari.pdf\">t\u0131klay\u0131n\u0131z<\/a><\/span><\/p>\t\t\t\t\t\t\t\t<\/div>\n\t\t\t\t<\/div>\n\t\t\t\t\t<\/div>\n\t\t<\/div>\n\t\t\t\t\t<\/div>\n\t\t<\/section>\n\t\t\t\t<\/div>\n\t\t","protected":false},"excerpt":{"rendered":"<p>Staj B\u00f6l\u00fcm\u00fcm\u00fczde \u00f6\u011frenim g\u00f6ren lisans \u00f6\u011frencileri\u00a0mezuniyet hakk\u0131 kazanabilmek i\u00e7in 3. s\u0131n\u0131f (6. d\u00f6nem) bahar d\u00f6nemi bitiminde 30\u00a0i\u015f g\u00fcn\u00fc zorunlu staj e\u011fitimini tamamlamak zorundad\u0131rlar. &#8211; Atat\u00fcrk \u00dcniversitesi Staj Uygulama Esaslar\u0131 MADDE 7 \u2013 (1)\u00a0gere\u011fince \u00f6\u011frenciler e\u011fitim-\u00f6\u011fretim ve s\u0131nav d\u00f6nemleri d\u0131\u015f\u0131nda staj\u00a0yapabilirler. &#8211; Ancak, ilgili e\u011fitim-\u00f6\u011fretim y\u0131l\u0131nda kay\u0131t yapt\u0131rd\u0131\u011f\u0131\u00a0dersleri ba\u015far\u0131 ile tamamlayan \u00f6\u011frenciler\u00a0 e\u011fitim \u00f6\u011fretim ve s\u0131nav\u00a0d\u00f6nemleri [&hellip;]<\/p>\n","protected":false},"author":1,"featured_media":0,"parent":0,"menu_order":0,"comment_status":"closed","ping_status":"closed","template":"elementor_header_footer","meta":{"footnotes":""},"class_list":["post-5791","page","type-page","status-publish","hentry"],"_links":{"self":[{"href":"https:\/\/atauni.edu.tr\/molekuler-biyoloji-ve-genetik\/wp-json\/wp\/v2\/pages\/5791","targetHints":{"allow":["GET"]}}],"collection":[{"href":"https:\/\/atauni.edu.tr\/molekuler-biyoloji-ve-genetik\/wp-json\/wp\/v2\/pages"}],"about":[{"href":"https:\/\/atauni.edu.tr\/molekuler-biyoloji-ve-genetik\/wp-json\/wp\/v2\/types\/page"}],"author":[{"embeddable":true,"href":"https:\/\/atauni.edu.tr\/molekuler-biyoloji-ve-genetik\/wp-json\/wp\/v2\/users\/1"}],"replies":[{"embeddable":true,"href":"https:\/\/atauni.edu.tr\/molekuler-biyoloji-ve-genetik\/wp-json\/wp\/v2\/comments?post=5791"}],"version-history":[{"count":33,"href":"https:\/\/atauni.edu.tr\/molekuler-biyoloji-ve-genetik\/wp-json\/wp\/v2\/pages\/5791\/revisions"}],"predecessor-version":[{"id":8427,"href":"https:\/\/atauni.edu.tr\/molekuler-biyoloji-ve-genetik\/wp-json\/wp\/v2\/pages\/5791\/revisions\/8427"}],"wp:attachment":[{"href":"https:\/\/atauni.edu.tr\/molekuler-biyoloji-ve-genetik\/wp-json\/wp\/v2\/media?parent=5791"}],"curies":[{"name":"wp","href":"https:\/\/api.w.org\/{rel}","templated":true}]}}