{"id":6781,"date":"2022-05-31T15:01:36","date_gmt":"2022-05-31T12:01:36","guid":{"rendered":"https:\/\/birimler.atauni.edu.tr\/molekuler-biyoloji-ve-genetik\/?page_id=6781"},"modified":"2023-05-17T09:40:08","modified_gmt":"2023-05-17T06:40:08","slug":"fedek-hakkinda","status":"publish","type":"page","link":"https:\/\/atauni.edu.tr\/molekuler-biyoloji-ve-genetik\/fedek-hakkinda\/","title":{"rendered":"Fedek Hakk\u0131nda"},"content":{"rendered":"\t\t<div data-elementor-type=\"wp-page\" data-elementor-id=\"6781\" class=\"elementor elementor-6781\" data-elementor-post-type=\"page\">\n\t\t\t\t\t\t<section class=\"elementor-section elementor-top-section elementor-element elementor-element-2a66aad elementor-section-boxed elementor-section-height-default elementor-section-height-default\" data-id=\"2a66aad\" data-element_type=\"section\">\n\t\t\t\t\t\t<div class=\"elementor-container elementor-column-gap-default\">\n\t\t\t\t\t<div class=\"elementor-column elementor-col-100 elementor-top-column elementor-element elementor-element-a783934\" data-id=\"a783934\" data-element_type=\"column\">\n\t\t\t<div class=\"elementor-widget-wrap elementor-element-populated\">\n\t\t\t\t\t\t<div class=\"elementor-element elementor-element-67eabbd elementor-widget elementor-widget-text-editor\" data-id=\"67eabbd\" data-element_type=\"widget\" data-widget_type=\"text-editor.default\">\n\t\t\t\t<div class=\"elementor-widget-container\">\n\t\t\t\t\t\t\t\t\t<p>B\u00f6l\u00fcm\u00fcm\u00fcz, bu alanda yetkilendirilmi\u015f kurulu\u015f olan <span style=\"text-decoration: underline\">Fen, Edebiyat, Fen &#8211; Edebiyat, Dil ve Tarih &#8211; Co\u011frafya Fak\u00fclteleri \u00d6\u011fretim Programlar\u0131 De\u011ferlendirme ve Akreditasyon Derne\u011fi<\/span> (<a href=\"http:\/\/www.fedek.org.tr\/\">FEDEK<\/a>) taraf\u0131ndan 30 Eyl\u00fcl 2025 tarihine kadar (2 y\u0131ll\u0131\u011f\u0131na) akredite edilmi\u015ftir. <strong>Akreditasyon s\u00fcrecinde eme\u011fi ge\u00e7en e\u011fitim-\u00f6\u011fretim kadromuza, payda\u015flar\u0131m\u0131za ve k\u0131ymetli \u00f6\u011frencilerimize te\u015fekk\u00fcr ederiz.<\/strong><\/p><p><a href=\"http:\/\/www.fedek.org.tr\/_uploads\/AKREDITE_KURUMLAR_11Nisan2023.pdf\">http:\/\/www.fedek.org.tr\/_uploads\/AKREDITE_KURUMLAR_11Nisan2023.pdf<\/a><\/p><p><a href=\"http:\/\/www.fedek.org.tr\/\">FEDEK<\/a>, farkl\u0131 disiplinlerdeki Fen, Edebiyat, Fen-Edebiyat, Dil ve Tarih-Co\u011frafya Fak\u00fclteleri (Bundan sonra FEF olarak an\u0131lacakt\u0131r) \u00f6\u011fretim programlar\u0131 i\u00e7in akreditasyon, de\u011ferlendirme ve bilgilendirme \u00e7al\u0131\u015fmalar\u0131 yaparak, T\u00fcrkiye\u2019de FEF \u00f6\u011fretiminin kalitesinin y\u00fckseltilmesine katk\u0131da bulunacakt\u0131r. FEDEK, FEF b\u00f6l\u00fcmlerinde e\u011fitim-\u00f6\u011fretim, bilimsel ara\u015ft\u0131rma ve topluma hizmeti ilerletmek amac\u0131yla kurulmu\u015ftur.<\/p><p><b>FEDEK<\/b><b>\u00a0\u00c7\u0131kt\u0131lar\u0131<\/b><\/p><p><b>F\u00c71.\u00a0<\/b>Kendi programlar\u0131 ile ilgili alanlar\u0131nda yeterli bilgi birikimi ile kuramsal ve uygulamal\u0131 bilgilerini alanlar\u0131nda kullanabilme becerisi.<\/p><p><b>F\u00c72.\u00a0<\/b>Alanlar\u0131ndaki problemleri saptama, tan\u0131mlama, yorumlama, form\u00fcle etme ve \u00e7\u00f6zme becerisi; bu ama\u00e7la uygun analiz ve modelleme y\u00f6ntemlerini se\u00e7me ve uygulama becerisi.<\/p><p><b>F\u00c73.\u00a0<\/b>Bir s\u00fcreci, olay\u0131, olguyu, donan\u0131m\u0131 veya \u00fcr\u00fcn\u00fc anlama, yorumlama, ilgili sorunlar\u0131 \u00e7a\u011fda\u015f y\u00f6ntemlerle \u00e7\u00f6zme becerisi<\/p><p><b>F\u00c74.\u00a0<\/b>\u00d6\u011fretim programlar\u0131nda en az iki adet alan d\u0131\u015f\u0131 ders alm\u0131\u015f olmas\u0131.<\/p><p><b>F\u00c75.\u00a0<\/b>Alan uygulamalar\u0131 i\u00e7in gerekli olan \u00e7a\u011fda\u015f ara\u00e7lar\u0131 se\u00e7me, kullanma, geli\u015ftirme ve bili\u015fim teknolojilerini etkin bir \u015fekilde kullanma becerisi.<\/p><p><b>F\u00c76.\u00a0<\/b>Alanlar\u0131na g\u00f6re tasarlama, deney yapma, alan \u00e7al\u0131\u015fmas\u0131, veri toplama, sonu\u00e7lar\u0131 analiz etme, ar\u015fivleme, metin \u00e7\u00f6zme ve\/veya yorumlama becerisi.<\/p><p><b>F\u00c77.\u00a0<\/b>Bireysel olarak ve tak\u0131mlarda etkin bi\u00e7imde \u00e7al\u0131\u015fabilme becerisi.<\/p><p><b>F\u00c78.\u00a0<\/b>T\u00fcrk\u00e7e s\u00f6zl\u00fc ve yaz\u0131l\u0131 etkin ileti\u015fim kurma becerisi, en az bir yabanc\u0131 dil bilgisi.<\/p><p><b>F\u00c79.\u00a0<\/b>Ya\u015fam boyu \u00f6\u011frenme bilinci, bilgiye eri\u015febilme, bilim ve teknolojideki geli\u015fmeleri izleme ve kendini s\u00fcrekli yenileme becerisi.<\/p><p><b>F\u00c710.\u00a0<\/b>Meslek\u00ee etik ve sorumluluk bilinci.<\/p><p><b>F\u00c711.\u00a0<\/b>Alan uygulamalar\u0131n\u0131n evrensel ve toplumsal boyutlardaki etkileri (\u00c7evre sorunlar\u0131, ekonomi, s\u00fcrd\u00fcr\u00fclebilirlik vb.) ve hukuksal sonu\u00e7lar\u0131 konusunda fark\u0131ndal\u0131k.\u00a0<\/p>\t\t\t\t\t\t\t\t<\/div>\n\t\t\t\t<\/div>\n\t\t\t\t\t<\/div>\n\t\t<\/div>\n\t\t\t\t\t<\/div>\n\t\t<\/section>\n\t\t\t\t<\/div>\n\t\t","protected":false},"excerpt":{"rendered":"<p>B\u00f6l\u00fcm\u00fcm\u00fcz, bu alanda yetkilendirilmi\u015f kurulu\u015f olan Fen, Edebiyat, Fen &#8211; Edebiyat, Dil ve Tarih &#8211; Co\u011frafya Fak\u00fclteleri \u00d6\u011fretim Programlar\u0131 De\u011ferlendirme ve Akreditasyon Derne\u011fi (FEDEK) taraf\u0131ndan 30 Eyl\u00fcl 2025 tarihine kadar (2 y\u0131ll\u0131\u011f\u0131na) akredite edilmi\u015ftir. Akreditasyon s\u00fcrecinde eme\u011fi ge\u00e7en e\u011fitim-\u00f6\u011fretim kadromuza, payda\u015flar\u0131m\u0131za ve k\u0131ymetli \u00f6\u011frencilerimize te\u015fekk\u00fcr ederiz. http:\/\/www.fedek.org.tr\/_uploads\/AKREDITE_KURUMLAR_11Nisan2023.pdf FEDEK, farkl\u0131 disiplinlerdeki Fen, Edebiyat, Fen-Edebiyat, Dil ve [&hellip;]<\/p>\n","protected":false},"author":285,"featured_media":0,"parent":0,"menu_order":0,"comment_status":"closed","ping_status":"closed","template":"","meta":{"footnotes":""},"class_list":["post-6781","page","type-page","status-publish","hentry"],"_links":{"self":[{"href":"https:\/\/atauni.edu.tr\/molekuler-biyoloji-ve-genetik\/wp-json\/wp\/v2\/pages\/6781","targetHints":{"allow":["GET"]}}],"collection":[{"href":"https:\/\/atauni.edu.tr\/molekuler-biyoloji-ve-genetik\/wp-json\/wp\/v2\/pages"}],"about":[{"href":"https:\/\/atauni.edu.tr\/molekuler-biyoloji-ve-genetik\/wp-json\/wp\/v2\/types\/page"}],"author":[{"embeddable":true,"href":"https:\/\/atauni.edu.tr\/molekuler-biyoloji-ve-genetik\/wp-json\/wp\/v2\/users\/285"}],"replies":[{"embeddable":true,"href":"https:\/\/atauni.edu.tr\/molekuler-biyoloji-ve-genetik\/wp-json\/wp\/v2\/comments?post=6781"}],"version-history":[{"count":38,"href":"https:\/\/atauni.edu.tr\/molekuler-biyoloji-ve-genetik\/wp-json\/wp\/v2\/pages\/6781\/revisions"}],"predecessor-version":[{"id":8067,"href":"https:\/\/atauni.edu.tr\/molekuler-biyoloji-ve-genetik\/wp-json\/wp\/v2\/pages\/6781\/revisions\/8067"}],"wp:attachment":[{"href":"https:\/\/atauni.edu.tr\/molekuler-biyoloji-ve-genetik\/wp-json\/wp\/v2\/media?parent=6781"}],"curies":[{"name":"wp","href":"https:\/\/api.w.org\/{rel}","templated":true}]}}