{"id":68,"date":"2020-07-10T03:09:24","date_gmt":"2020-07-10T00:09:24","guid":{"rendered":"http:\/\/demo.ovathemes.com\/egovt\/?page_id=68"},"modified":"2026-03-23T12:12:10","modified_gmt":"2026-03-23T09:12:10","slug":"anasayfa","status":"publish","type":"page","link":"https:\/\/atauni.edu.tr\/molekuler-biyoloji-ve-genetik\/","title":{"rendered":"Anasayfa"},"content":{"rendered":"\t\t<div data-elementor-type=\"wp-page\" data-elementor-id=\"68\" class=\"elementor elementor-68\" data-elementor-post-type=\"page\">\n\t\t\t\t\t\t<section class=\"elementor-section elementor-top-section elementor-element elementor-element-a5c68be elementor-section-stretched elementor-section-boxed elementor-section-height-default elementor-section-height-default\" data-id=\"a5c68be\" data-element_type=\"section\" data-settings=\"{&quot;stretch_section&quot;:&quot;section-stretched&quot;}\">\n\t\t\t\t\t\t<div class=\"elementor-container elementor-column-gap-default\">\n\t\t\t\t\t<div class=\"elementor-column elementor-col-100 elementor-top-column elementor-element elementor-element-290fb3a\" data-id=\"290fb3a\" data-element_type=\"column\">\n\t\t\t<div class=\"elementor-widget-wrap elementor-element-populated\">\n\t\t\t\t\t\t<div class=\"elementor-element elementor-element-fe53b6e elementor-arrows-position-inside elementor-widget elementor-widget-image-carousel\" data-id=\"fe53b6e\" data-element_type=\"widget\" data-settings=\"{&quot;slides_to_show&quot;:&quot;3&quot;,&quot;autoplay_speed&quot;:&quot;4000&quot;,&quot;navigation&quot;:&quot;arrows&quot;,&quot;_animation&quot;:&quot;none&quot;,&quot;autoplay&quot;:&quot;yes&quot;,&quot;speed&quot;:500}\" data-widget_type=\"image-carousel.default\">\n\t\t\t\t<div class=\"elementor-widget-container\">\n\t\t\t\t\t\t\t<div class=\"elementor-image-carousel-wrapper swiper\" role=\"region\" aria-roledescription=\"carousel\" aria-label=\"Resim D\u00f6ng\u00fcs\u00fc\" dir=\"ltr\">\n\t\t\t<div class=\"elementor-image-carousel swiper-wrapper\" aria-live=\"off\">\n\t\t\t\t\t\t\t\t<div class=\"swiper-slide\" role=\"group\" aria-roledescription=\"slide\" aria-label=\"1 \/ 3\"><figure class=\"swiper-slide-inner\"><img decoding=\"async\" class=\"swiper-slide-image\" src=\"https:\/\/atauni.edu.tr\/molekuler-biyoloji-ve-genetik\/wp-content\/uploads\/sites\/141\/2020\/07\/giphy-1.gif\" alt=\"giphy (1)\" \/><\/figure><\/div><div class=\"swiper-slide\" role=\"group\" aria-roledescription=\"slide\" aria-label=\"2 \/ 3\"><figure class=\"swiper-slide-inner\"><img decoding=\"async\" class=\"swiper-slide-image\" src=\"https:\/\/atauni.edu.tr\/molekuler-biyoloji-ve-genetik\/wp-content\/uploads\/sites\/141\/2020\/07\/ATAMBG.jpg\" alt=\"ATAMBG\" \/><\/figure><\/div><div class=\"swiper-slide\" role=\"group\" aria-roledescription=\"slide\" aria-label=\"3 \/ 3\"><figure class=\"swiper-slide-inner\"><img decoding=\"async\" class=\"swiper-slide-image\" src=\"https:\/\/atauni.edu.tr\/molekuler-biyoloji-ve-genetik\/wp-content\/uploads\/sites\/141\/2020\/07\/giphy.gif\" alt=\"giphy\" \/><\/figure><\/div>\t\t\t<\/div>\n\t\t\t\t\t\t\t\t\t\t\t\t<div class=\"elementor-swiper-button elementor-swiper-button-prev\" role=\"button\" tabindex=\"0\">\n\t\t\t\t\t\t<i aria-hidden=\"true\" class=\"eicon-chevron-left\"><\/i>\t\t\t\t\t<\/div>\n\t\t\t\t\t<div class=\"elementor-swiper-button elementor-swiper-button-next\" role=\"button\" tabindex=\"0\">\n\t\t\t\t\t\t<i aria-hidden=\"true\" class=\"eicon-chevron-right\"><\/i>\t\t\t\t\t<\/div>\n\t\t\t\t\n\t\t\t\t\t\t\t\t\t<\/div>\n\t\t\t\t\t\t<\/div>\n\t\t\t\t<\/div>\n\t\t\t\t\t<\/div>\n\t\t<\/div>\n\t\t\t\t\t<\/div>\n\t\t<\/section>\n\t\t\t\t<section class=\"elementor-section elementor-top-section elementor-element elementor-element-000c4a3 elementor-section-height-full elementor-section-boxed elementor-section-height-default elementor-section-items-middle\" data-id=\"000c4a3\" data-element_type=\"section\">\n\t\t\t\t\t\t<div class=\"elementor-container elementor-column-gap-default\">\n\t\t\t\t\t<div class=\"elementor-column elementor-col-100 elementor-top-column elementor-element elementor-element-fde833c\" data-id=\"fde833c\" data-element_type=\"column\">\n\t\t\t<div class=\"elementor-widget-wrap elementor-element-populated\">\n\t\t\t\t\t\t<section class=\"elementor-section elementor-inner-section elementor-element elementor-element-09ac8ef elementor-section-content-top elementor-section-boxed elementor-section-height-default elementor-section-height-default\" data-id=\"09ac8ef\" data-element_type=\"section\">\n\t\t\t\t\t\t<div class=\"elementor-container elementor-column-gap-default\">\n\t\t\t\t\t<div class=\"elementor-column elementor-col-50 elementor-inner-column elementor-element elementor-element-a97879e\" data-id=\"a97879e\" data-element_type=\"column\">\n\t\t\t<div class=\"elementor-widget-wrap elementor-element-populated\">\n\t\t\t\t\t\t<div class=\"elementor-element elementor-element-ac92542 elementor-widget elementor-widget-text-editor\" data-id=\"ac92542\" data-element_type=\"widget\" data-widget_type=\"text-editor.default\">\n\t\t\t\t<div class=\"elementor-widget-container\">\n\t\t\t\t\t\t\t\t\t<h2 class=\"elementor-heading-title elementor-size-default elementor-inline-editing pen\" style=\"text-align: center\" data-elementor-setting-key=\"title\" data-pen-placeholder=\"Buraya yaz...\">Duyurular<\/h2>\t\t\t\t\t\t\t\t<\/div>\n\t\t\t\t<\/div>\n\t\t\t\t\t<\/div>\n\t\t<\/div>\n\t\t\t\t<div class=\"elementor-column elementor-col-50 elementor-inner-column elementor-element elementor-element-ccda500\" data-id=\"ccda500\" data-element_type=\"column\">\n\t\t\t<div class=\"elementor-widget-wrap elementor-element-populated\">\n\t\t\t\t\t\t<div class=\"elementor-element elementor-element-13dff6b elementor-widget elementor-widget-text-editor\" data-id=\"13dff6b\" data-element_type=\"widget\" data-widget_type=\"text-editor.default\">\n\t\t\t\t<div class=\"elementor-widget-container\">\n\t\t\t\t\t\t\t\t\t<h2 class=\"elementor-heading-title elementor-size-default elementor-inline-editing pen\" style=\"text-align: center\" data-elementor-setting-key=\"title\" data-pen-placeholder=\"Buraya yaz...\">Haberler<\/h2>\t\t\t\t\t\t\t\t<\/div>\n\t\t\t\t<\/div>\n\t\t\t\t\t<\/div>\n\t\t<\/div>\n\t\t\t\t\t<\/div>\n\t\t<\/section>\n\t\t\t\t<section class=\"elementor-section elementor-inner-section elementor-element elementor-element-49e7086 elementor-section-boxed elementor-section-height-default elementor-section-height-default\" data-id=\"49e7086\" data-element_type=\"section\">\n\t\t\t\t\t\t<div class=\"elementor-container elementor-column-gap-default\">\n\t\t\t\t\t<div class=\"elementor-column elementor-col-50 elementor-inner-column elementor-element elementor-element-d4ff83e\" data-id=\"d4ff83e\" data-element_type=\"column\">\n\t\t\t<div class=\"elementor-widget-wrap elementor-element-populated\">\n\t\t\t\t\t\t<div class=\"elementor-element elementor-element-6f38593 elementor--h-position-center elementor--v-position-middle elementor-arrows-position-inside elementor-pagination-position-inside elementor-widget elementor-widget-slides\" data-id=\"6f38593\" data-element_type=\"widget\" data-settings=\"{&quot;navigation&quot;:&quot;both&quot;,&quot;autoplay&quot;:&quot;yes&quot;,&quot;pause_on_hover&quot;:&quot;yes&quot;,&quot;pause_on_interaction&quot;:&quot;yes&quot;,&quot;autoplay_speed&quot;:5000,&quot;infinite&quot;:&quot;yes&quot;,&quot;transition&quot;:&quot;slide&quot;,&quot;transition_speed&quot;:500}\" data-widget_type=\"slides.default\">\n\t\t\t\t<div class=\"elementor-widget-container\">\n\t\t\t\t\t\t\t\t\t<div class=\"elementor-swiper\">\n\t\t\t\t\t<div class=\"elementor-slides-wrapper elementor-main-swiper swiper\" role=\"region\" aria-roledescription=\"carousel\" aria-label=\"Slides\" dir=\"ltr\" data-animation=\"fadeInUp\">\n\t\t\t\t<div class=\"swiper-wrapper elementor-slides\">\n\t\t\t\t\t\t\t\t\t\t<div class=\"elementor-repeater-item-6ca0d88 swiper-slide\" role=\"group\" aria-roledescription=\"slide\"><div class=\"swiper-slide-bg\"><\/div><a class=\"swiper-slide-inner\" href=\"https:\/\/atauni.edu.tr\/molekuler-biyoloji-ve-genetik\/sinav_programi\/\"><div class=\"swiper-slide-contents\"><div class=\"elementor-slide-heading\">2025-2026 E\u011e\u0130T\u0130M-\u00d6\u011eRET\u0130M YILI BAHAR D\u00d6NEM\u0130 V\u0130ZE PROGRAMI<\/div><div class=\"elementor-slide-description\">2025-2026 E\u011e\u0130T\u0130M-\u00d6\u011eRET\u0130M YILI BAHAR D\u00d6NEM\u0130 V\u0130ZE PROGRAMI A\u00c7IKLANMI\u015eTIR.<\/div><div  class=\"elementor-button elementor-slide-button elementor-size-sm\">Program i\u00e7in t\u0131klay\u0131n\u0131z<\/div><\/div><\/a><\/div><div class=\"elementor-repeater-item-6298d80 swiper-slide\" role=\"group\" aria-roledescription=\"slide\"><div class=\"swiper-slide-bg\"><\/div><a class=\"swiper-slide-inner\" href=\"https:\/\/birimler.atauni.edu.tr\/molekuler-biyoloji-ve-genetik\/ders-programi\/\"><div class=\"swiper-slide-contents\"><div class=\"elementor-slide-heading\">BAHAR D\u00f6nemi Ders Program\u0131 <\/div><div class=\"elementor-slide-description\">B\u00f6l\u00fcm\u00fcm\u00fcz\u00fcn 2025-2026 E\u011fitim-\u00d6\u011fretim Y\u0131l\u0131 BAHAR D\u00f6nemi Lisans Ders Program\u0131 yay\u0131nlanm\u0131\u015ft\u0131r. Programa ula\u015fmak i\u00e7in<\/div><div  class=\"elementor-button elementor-slide-button elementor-size-sm\">T\u0131klay\u0131n\u0131z<\/div><\/div><\/a><\/div><div class=\"elementor-repeater-item-ae7b771 swiper-slide\" role=\"group\" aria-roledescription=\"slide\"><div class=\"swiper-slide-bg\"><\/div><a class=\"swiper-slide-inner\" href=\"https:\/\/birimler.atauni.edu.tr\/molekuler-biyoloji-ve-genetik\/sinav_programi\/\"><div class=\"swiper-slide-contents\"><div class=\"elementor-slide-heading\">2025-2026 G\u00dcZ D\u00f6nemi F\u0130NAL ve B\u00dcT\u00dcNLEME S\u0131nav takvimi a\u00e7\u0131klanm\u0131\u015ft\u0131r<\/div><div class=\"elementor-slide-description\">S\u0131nav program\u0131na ula\u015fmak i\u00e7in<\/div><div  class=\"elementor-button elementor-slide-button elementor-size-sm\">T\u0131klay\u0131n\u0131z<\/div><\/div><\/a><\/div><div class=\"elementor-repeater-item-978b7a2 swiper-slide\" role=\"group\" aria-roledescription=\"slide\"><div class=\"swiper-slide-bg\"><\/div><div class=\"swiper-slide-inner\" ><div class=\"swiper-slide-contents\"><div class=\"elementor-slide-heading\">\u00d6\u011frenci Temsilcisi Se\u00e7imleri<\/div><div class=\"elementor-slide-description\">Atat\u00fcrk \u00dcniversitesi Molek\u00fcler Biyoloji ve Genetik B\u00f6l\u00fcm\u00fc \u00d6\u011frenci Temsilcisi se\u00e7imleri yap\u0131lm\u0131\u015ft\u0131r. \n\u00d6\u011frencilerimizden Bahar ERKAYA (4. S\u0131n\u0131f) 2025-2026 E\u011fitim \u00d6\u011fretim Y\u0131l\u0131 B\u00f6l\u00fcm \u00d6\u011frenci Temsilcisi olarak se\u00e7ilmi\u015ftir.\nKendisine g\u00f6revinde ba\u015far\u0131lar diliyoruz.\n<\/div><div  class=\"elementor-button elementor-slide-button elementor-size-sm\">Devam\u0131...<\/div><\/div><\/div><\/div><div class=\"elementor-repeater-item-a76f4f0 swiper-slide\" role=\"group\" aria-roledescription=\"slide\"><div class=\"swiper-slide-bg\"><\/div><div class=\"swiper-slide-inner\" ><div class=\"swiper-slide-contents\"><div class=\"elementor-slide-heading\">\u00d6\u011frenci Kul\u00fcb\u00fc Se\u00e7imleri<\/div><div class=\"elementor-slide-description\">Atat\u00fcrk \u00dcniversitesi Molek\u00fcler Biyoloji ve Genetik Toplulu\u011fu (ATAGEN) Kul\u00fcp Ba\u015fkan\u0131 se\u00e7imleri yap\u0131lm\u0131\u015ft\u0131r. \n\u00d6\u011frencilerimizden Ferhat BAYKAN (4. S\u0131n\u0131f) 2025-2026 E\u011fitim \u00d6\u011fretim Y\u0131l\u0131 ATAGEN Kul\u00fcp Ba\u015fkan\u0131 olarak se\u00e7ilmi\u015ftir.\n\nKendisine g\u00f6revinde ba\u015far\u0131lar diliyoruz.\n<\/div><div  class=\"elementor-button elementor-slide-button elementor-size-sm\">Devam\u0131...<\/div><\/div><\/div><\/div><div class=\"elementor-repeater-item-ad247ac swiper-slide\" role=\"group\" aria-roledescription=\"slide\"><div class=\"swiper-slide-bg\"><\/div><a class=\"swiper-slide-inner\" href=\"https:\/\/birimler.atauni.edu.tr\/molekuler-biyoloji-ve-genetik\/lisans-ders-listesi\/\"><div class=\"swiper-slide-contents\"><div class=\"elementor-slide-heading\">SE\u00c7MEL\u0130 DERSLER HAKKINDA<\/div><div class=\"elementor-slide-description\">B\u00f6l\u00fcm\u00fcm\u00fcz \u00f6\u011fretim plan\u0131 ve se\u00e7meli ders listesini g\u00f6rebilmek i\u00e7in <\/div><div  class=\"elementor-button elementor-slide-button elementor-size-sm\">T\u0131klay\u0131n\u0131z<\/div><\/div><\/a><\/div><div class=\"elementor-repeater-item-4d7a249 swiper-slide\" role=\"group\" aria-roledescription=\"slide\"><div class=\"swiper-slide-bg\"><\/div><div class=\"swiper-slide-inner\" ><div class=\"swiper-slide-contents\"><div class=\"elementor-slide-heading\">\u00d6\u011frenci Temsilcisi ve Kul\u00fcp Ba\u015fkan\u0131 se\u00e7imleri hakk\u0131nda...<\/div><div class=\"elementor-slide-description\">2024\/2025 E\u011fitim-\u00d6\u011fretim Y\u0131l\u0131 \nMolek\u00fcler Biyoloji ve Genetik B\u00f6l\u00fcm\u00fc \u00d6\u011frenci Temsilcisi\nve\nAtat\u00fcrk \u00dcniversitesi Molek\u00fcler Biyoloji ve Genetik Toplulu\u011fu (ATAGEN)\nKul\u00fcp Ba\u015fkan\u0131\nse\u00e7imleri e\u015f zamanl\u0131 olarak 21.10.2024 tarihinde saat 08:00-12:00 aras\u0131nda yap\u0131lacakt\u0131r.\n\nAday olmak isteyen \u00f6\u011frencilerimizin b\u00f6l\u00fcm sekreterli\u011finden temin edebilecekleri ba\u015fvuru dilek\u00e7elerini doldurarak\n16.10.2024 mesai bitimine kadar b\u00f6l\u00fcm\u00fcm\u00fcz sekreterli\u011fine vermeleri gerekmektedir.\n\nKesin aday listeleri 17.10.2024 tarihinde b\u00f6l\u00fcm ilan panolar\u0131ndan ve sosyal medya hesaplar\u0131m\u0131zdan payla\u015f\u0131lacakt\u0131r.\n<\/div><\/div><\/div><\/div>\t\t\t\t<\/div>\n\t\t\t\t\t\t\t\t\t\t\t\t\t\t\t<div class=\"elementor-swiper-button elementor-swiper-button-prev\" role=\"button\" tabindex=\"0\" aria-label=\"Previous slide\">\n\t\t\t\t\t\t\t<i aria-hidden=\"true\" class=\"eicon-chevron-left\"><\/i>\t\t\t\t\t\t<\/div>\n\t\t\t\t\t\t<div class=\"elementor-swiper-button elementor-swiper-button-next\" role=\"button\" tabindex=\"0\" aria-label=\"Next slide\">\n\t\t\t\t\t\t\t<i aria-hidden=\"true\" class=\"eicon-chevron-right\"><\/i>\t\t\t\t\t\t<\/div>\n\t\t\t\t\t\t\t\t\t\t\t\t\t\t\t\t<div class=\"swiper-pagination\"><\/div>\n\t\t\t\t\t\t\t\t\t\t\t\t<\/div>\n\t\t\t\t<\/div>\n\t\t\t\t\t\t\t\t<\/div>\n\t\t\t\t<\/div>\n\t\t\t\t\t<\/div>\n\t\t<\/div>\n\t\t\t\t<div class=\"elementor-column elementor-col-50 elementor-inner-column elementor-element elementor-element-6eb8c6d\" data-id=\"6eb8c6d\" data-element_type=\"column\">\n\t\t\t<div class=\"elementor-widget-wrap elementor-element-populated\">\n\t\t\t\t\t\t<div class=\"elementor-element elementor-element-8da73e9 elementor--h-position-center elementor--v-position-middle elementor-arrows-position-inside elementor-pagination-position-inside elementor-widget elementor-widget-slides\" data-id=\"8da73e9\" data-element_type=\"widget\" data-settings=\"{&quot;navigation&quot;:&quot;both&quot;,&quot;autoplay&quot;:&quot;yes&quot;,&quot;pause_on_hover&quot;:&quot;yes&quot;,&quot;pause_on_interaction&quot;:&quot;yes&quot;,&quot;autoplay_speed&quot;:5000,&quot;infinite&quot;:&quot;yes&quot;,&quot;transition&quot;:&quot;slide&quot;,&quot;transition_speed&quot;:500}\" data-widget_type=\"slides.default\">\n\t\t\t\t<div class=\"elementor-widget-container\">\n\t\t\t\t\t\t\t\t\t<div class=\"elementor-swiper\">\n\t\t\t\t\t<div class=\"elementor-slides-wrapper elementor-main-swiper swiper\" role=\"region\" aria-roledescription=\"carousel\" aria-label=\"Slides\" dir=\"ltr\" data-animation=\"fadeInUp\">\n\t\t\t\t<div class=\"swiper-wrapper elementor-slides\">\n\t\t\t\t\t\t\t\t\t\t<div class=\"elementor-repeater-item-06beb91 swiper-slide\" role=\"group\" aria-roledescription=\"slide\"><div class=\"swiper-slide-bg\"><\/div><a class=\"swiper-slide-inner\" href=\"https:\/\/www.instagram.com\/p\/Cy0dNjFMLSg\/?img_index=1\"><div class=\"swiper-slide-contents\"><div class=\"elementor-slide-heading\">Molek\u00fcler Biyoloji ve Genetik B\u00f6l\u00fcm\u00fc Oryantasyon Program\u0131<\/div><div class=\"elementor-slide-description\">2024-2025 E\u011fitim-\u00f6\u011fretim y\u0131l\u0131 g\u00fcz yar\u0131y\u0131l\u0131 Molek\u00fcler Biyoloji ve Genetik B\u00f6l\u00fcm\u00fc birinci s\u0131n\u0131flar Oryantasyon Program\u0131 Toplant\u0131s\u0131 11 Ekim 2024 tarihinde Fak\u00fcltemiz OYA Konferans Salonunda B\u00f6l\u00fcm\u00fcm\u00fcz \u00f6\u011fretim \u00fcyeleri, \u00f6\u011fretim elemanlar\u0131 ve \u00f6\u011frencileriyle birlikte ger\u00e7ekle\u015ftirilmi\u015ftir. <\/div><div  class=\"elementor-button elementor-slide-button elementor-size-sm\">Devam\u0131...<\/div><\/div><\/a><\/div><div class=\"elementor-repeater-item-b98bdee swiper-slide\" role=\"group\" aria-roledescription=\"slide\"><div class=\"swiper-slide-bg\"><\/div><a class=\"swiper-slide-inner\" href=\"https:\/\/www.instagram.com\/p\/Cy0dCYjMiDd\/?img_index=2\"><div class=\"swiper-slide-contents\"><div class=\"elementor-slide-heading\">Kamp\u00fcse Ho\u015f Geldin Oryantasyon Program\u0131<\/div><div class=\"elementor-slide-description\">Atat\u00fcrk \u00dcniversitesi\u2019nin 65. Akademik Y\u0131l\u0131 a\u00e7\u0131l\u0131\u015f\u0131 dolay\u0131s\u0131yla \u00fcniversitemizin \u00f6\u011frencilerine y\u00f6nelik Kamp\u00fcse Ho\u015f Geldin Oryantasyon Program\u0131 d\u00fczenlendi. <\/div><div  class=\"elementor-button elementor-slide-button elementor-size-sm\">Devam\u0131...<\/div><\/div><\/a><\/div>\t\t\t\t<\/div>\n\t\t\t\t\t\t\t\t\t\t\t\t\t\t\t<div class=\"elementor-swiper-button elementor-swiper-button-prev\" role=\"button\" tabindex=\"0\" aria-label=\"Previous slide\">\n\t\t\t\t\t\t\t<i aria-hidden=\"true\" class=\"eicon-chevron-left\"><\/i>\t\t\t\t\t\t<\/div>\n\t\t\t\t\t\t<div class=\"elementor-swiper-button elementor-swiper-button-next\" role=\"button\" tabindex=\"0\" aria-label=\"Next slide\">\n\t\t\t\t\t\t\t<i aria-hidden=\"true\" class=\"eicon-chevron-right\"><\/i>\t\t\t\t\t\t<\/div>\n\t\t\t\t\t\t\t\t\t\t\t\t\t\t\t\t<div class=\"swiper-pagination\"><\/div>\n\t\t\t\t\t\t\t\t\t\t\t\t<\/div>\n\t\t\t\t<\/div>\n\t\t\t\t\t\t\t\t<\/div>\n\t\t\t\t<\/div>\n\t\t\t\t\t<\/div>\n\t\t<\/div>\n\t\t\t\t\t<\/div>\n\t\t<\/section>\n\t\t\t\t\t<\/div>\n\t\t<\/div>\n\t\t\t\t\t<\/div>\n\t\t<\/section>\n\t\t\t\t<\/div>\n\t\t","protected":false},"excerpt":{"rendered":"<p>Duyurular Haberler 2025-2026 E\u011e\u0130T\u0130M-\u00d6\u011eRET\u0130M YILI BAHAR D\u00d6NEM\u0130 V\u0130ZE PROGRAMI2025-2026 E\u011e\u0130T\u0130M-\u00d6\u011eRET\u0130M YILI BAHAR D\u00d6NEM\u0130 V\u0130ZE PROGRAMI A\u00c7IKLANMI\u015eTIR.Program i\u00e7in t\u0131klay\u0131n\u0131zBAHAR D\u00f6nemi Ders Program\u0131 B\u00f6l\u00fcm\u00fcm\u00fcz\u00fcn 2025-2026 E\u011fitim-\u00d6\u011fretim Y\u0131l\u0131 BAHAR D\u00f6nemi Lisans Ders Program\u0131 yay\u0131nlanm\u0131\u015ft\u0131r. Programa ula\u015fmak i\u00e7inT\u0131klay\u0131n\u0131z2025-2026 G\u00dcZ D\u00f6nemi F\u0130NAL ve B\u00dcT\u00dcNLEME S\u0131nav takvimi a\u00e7\u0131klanm\u0131\u015ft\u0131rS\u0131nav program\u0131na ula\u015fmak i\u00e7inT\u0131klay\u0131n\u0131z\u00d6\u011frenci Temsilcisi Se\u00e7imleriAtat\u00fcrk \u00dcniversitesi Molek\u00fcler Biyoloji ve Genetik B\u00f6l\u00fcm\u00fc \u00d6\u011frenci Temsilcisi [&hellip;]<\/p>\n","protected":false},"author":1,"featured_media":0,"parent":0,"menu_order":0,"comment_status":"closed","ping_status":"closed","template":"elementor_header_footer","meta":{"footnotes":""},"class_list":["post-68","page","type-page","status-publish","hentry"],"_links":{"self":[{"href":"https:\/\/atauni.edu.tr\/molekuler-biyoloji-ve-genetik\/wp-json\/wp\/v2\/pages\/68","targetHints":{"allow":["GET"]}}],"collection":[{"href":"https:\/\/atauni.edu.tr\/molekuler-biyoloji-ve-genetik\/wp-json\/wp\/v2\/pages"}],"about":[{"href":"https:\/\/atauni.edu.tr\/molekuler-biyoloji-ve-genetik\/wp-json\/wp\/v2\/types\/page"}],"author":[{"embeddable":true,"href":"https:\/\/atauni.edu.tr\/molekuler-biyoloji-ve-genetik\/wp-json\/wp\/v2\/users\/1"}],"replies":[{"embeddable":true,"href":"https:\/\/atauni.edu.tr\/molekuler-biyoloji-ve-genetik\/wp-json\/wp\/v2\/comments?post=68"}],"version-history":[{"count":633,"href":"https:\/\/atauni.edu.tr\/molekuler-biyoloji-ve-genetik\/wp-json\/wp\/v2\/pages\/68\/revisions"}],"predecessor-version":[{"id":9085,"href":"https:\/\/atauni.edu.tr\/molekuler-biyoloji-ve-genetik\/wp-json\/wp\/v2\/pages\/68\/revisions\/9085"}],"wp:attachment":[{"href":"https:\/\/atauni.edu.tr\/molekuler-biyoloji-ve-genetik\/wp-json\/wp\/v2\/media?parent=68"}],"curies":[{"name":"wp","href":"https:\/\/api.w.org\/{rel}","templated":true}]}}