{"id":6840,"date":"2022-05-31T16:22:35","date_gmt":"2022-05-31T13:22:35","guid":{"rendered":"https:\/\/birimler.atauni.edu.tr\/molekuler-biyoloji-ve-genetik\/?page_id=6840"},"modified":"2026-01-16T18:19:17","modified_gmt":"2026-01-16T15:19:17","slug":"program-ogretim-amaclari","status":"publish","type":"page","link":"https:\/\/atauni.edu.tr\/molekuler-biyoloji-ve-genetik\/program-ogretim-amaclari\/","title":{"rendered":"Program \u00d6\u011fretim Ama\u00e7lar\u0131"},"content":{"rendered":"\t\t<div data-elementor-type=\"wp-page\" data-elementor-id=\"6840\" class=\"elementor elementor-6840\" data-elementor-post-type=\"page\">\n\t\t\t\t\t\t<section class=\"elementor-section elementor-top-section elementor-element elementor-element-0af1bd3 elementor-section-boxed elementor-section-height-default elementor-section-height-default\" data-id=\"0af1bd3\" data-element_type=\"section\">\n\t\t\t\t\t\t<div class=\"elementor-container elementor-column-gap-default\">\n\t\t\t\t\t<div class=\"elementor-column elementor-col-100 elementor-top-column elementor-element elementor-element-32b81e8\" data-id=\"32b81e8\" data-element_type=\"column\">\n\t\t\t<div class=\"elementor-widget-wrap elementor-element-populated\">\n\t\t\t\t\t\t<div class=\"elementor-element elementor-element-487b40e elementor-widget elementor-widget-text-editor\" data-id=\"487b40e\" data-element_type=\"widget\" data-widget_type=\"text-editor.default\">\n\t\t\t\t<div class=\"elementor-widget-container\">\n\t\t\t\t\t\t\t\t\t<p><span style=\"color: #ff0000\"><strong>Program \u00d6\u011fretim Ama\u00e7lar\u0131n\u0131n Belirlenmesi ve G\u00fcncellenmesi<\/strong><\/span><\/p><p>Molek\u00fcler Biyoloji ve Genetik Program\u0131 \u00d6\u011fretim Ama\u00e7lar\u0131 alanla ili\u015fkili ulusal akreditasyon kurulu\u015fu (<a href=\"http:\/\/fedek.org.tr\/\">FEDEK<\/a>) tan\u0131mlar\u0131, T\u00fcrkiye Y\u00fcksek\u00f6\u011fretim Yeterlilikler \u00c7er\u00e7evesi (<a href=\"https:\/\/portal.tyc.gov.tr\/yeterlilikler\/seviye-6?tycseviye=6\">TYY\u00c7 \u2013 D\u00fczey 6<\/a>), \u00f6zel<a href=\"https:\/\/www.kariyer.net\/pozisyonlar\/molekuler+biyolog\"> sekt\u00f6r firma tercihleri<\/a><a href=\"https:\/\/www.kariyer.net\/pozisyonlar\/molekuler+biyolog\">\u00a0<\/a>ve <a href=\"https:\/\/www.kariyer.net\/firma-profil\/dna-laboratuvarlari-genetik-hastaliklar-tani-merke-103091-45123\">sekt\u00f6rel \u00e7al\u0131\u015fan profilleri<\/a> g\u00f6z \u00f6n\u00fcnde bulundurularak belirlenmi\u015ftir.\u00a0 P\u00d6A\u2019lar d\u00fczenli aral\u0131klarla b\u00f6l\u00fcm kurulu toplant\u0131lar\u0131nda g\u00f6zden ge\u00e7irilmekte ve geri bildirimler do\u011frultusunda g\u00fcncellenmektedir.<\/p><p>\u00a0<\/p><p>Bilimsel ara\u015ft\u0131rma, etik ve g\u00fcvenlik boyutlar\u0131n\u0131 i\u00e7eren ama\u00e7lar\u0131n birle\u015ftirilmesiyle program \u00f6\u011fretim ama\u00e7lar\u0131 daha b\u00fct\u00fcnc\u00fcl ve \u00f6l\u00e7\u00fclebilir hale getirilmi\u015ftir. Bu yakla\u015f\u0131m, \u00f6zellikle Bitirme Projesi ve ara\u015ft\u0131rma a\u011f\u0131rl\u0131kl\u0131 dersler arac\u0131l\u0131\u011f\u0131yla \u00f6\u011frencilerin \u00fcst d\u00fczey bili\u015fsel beceriler kazanmas\u0131n\u0131 desteklemektedir.\u00a0*<strong>P\u00d6A tan\u0131mlar\u0131 son olarak\u00a0 FEDEK gereksinimlerinin tam sa\u011flanmas\u0131 amac\u0131yla B\u00f6l\u00fcm Ba\u015fkanl\u0131\u011f\u0131n\u0131n 2600016548 say\u0131l\u0131 yaz\u0131s\u0131 do\u011frultusunda 16.01.2026 tarihinde g\u00fcncellenmi\u015ftir.<\/strong><\/p><p>\u00a0<\/p><p><span style=\"text-decoration: underline;color: #ff0000\"><strong>Molek\u00fcler Biyoloji ve Genetik Program\u0131 \u00d6\u011fretim Ama\u00e7lar\u0131<\/strong><\/span><\/p><p><strong>P\u00d6A-1. <\/strong>Mezunlara molek\u00fcler biyoloji, genetik ve h\u00fccre biyolojisi alanlar\u0131nda g\u00fc\u00e7l\u00fc bir kuramsal ve uygulamal\u0131 altyap\u0131 kazand\u0131rmak.<\/p><p><strong>P\u00d6A-2. <\/strong>\u00d6\u011frencilerin modern molek\u00fcler biyoloji ve genetik tekniklerini etik ve g\u00fcvenli bi\u00e7imde kullanabilmelerini sa\u011flamak.<\/p><p><strong>P\u00d6A-3. <\/strong>Bilimsel problem \u00e7\u00f6zme, deney tasarlama, veri analizi ve yorumlama becerilerini geli\u015ftirirken; bilimsel etik, laboratuvar g\u00fcvenli\u011fi ve mesleki sorumluluk bilinci kazand\u0131rmak.<\/p><p><strong>P\u00d6A-4. <\/strong>Disiplinler aras\u0131 yakla\u015f\u0131mlar ve biyoinformatik ara\u00e7lar kullanabilen bireyler yeti\u015ftirmek.<\/p><p><strong>P\u00d6A-5. <\/strong>Ya\u015fam boyu \u00f6\u011frenme bilinci kazand\u0131rarak mezunlar\u0131 lisans\u00fcst\u00fc e\u011fitime ve mesleki geli\u015fime haz\u0131rlamak.<\/p><p><strong>P\u00d6A-6. <\/strong>Mezunlar\u0131n akademik ve end\u00fcstriyel ortamlarda etkili yaz\u0131l\u0131 ve s\u00f6zl\u00fc ileti\u015fim kurabilmelerini sa\u011flamak.<\/p><p><strong>P\u00d6A-7. <\/strong>Alan bilgisini sa\u011fl\u0131k, \u00e7evre, tar\u0131m ve biyoteknoloji gibi alanlarda toplumsal faydaya d\u00f6n\u00fc\u015ft\u00fcrebilen mezunlar yeti\u015ftirmek.<\/p>\t\t\t\t\t\t\t\t<\/div>\n\t\t\t\t<\/div>\n\t\t\t\t\t<\/div>\n\t\t<\/div>\n\t\t\t\t\t<\/div>\n\t\t<\/section>\n\t\t\t\t<\/div>\n\t\t","protected":false},"excerpt":{"rendered":"<p>Program \u00d6\u011fretim Ama\u00e7lar\u0131n\u0131n Belirlenmesi ve G\u00fcncellenmesi Molek\u00fcler Biyoloji ve Genetik Program\u0131 \u00d6\u011fretim Ama\u00e7lar\u0131 alanla ili\u015fkili ulusal akreditasyon kurulu\u015fu (FEDEK) tan\u0131mlar\u0131, T\u00fcrkiye Y\u00fcksek\u00f6\u011fretim Yeterlilikler \u00c7er\u00e7evesi (TYY\u00c7 \u2013 D\u00fczey 6), \u00f6zel sekt\u00f6r firma tercihleri\u00a0ve sekt\u00f6rel \u00e7al\u0131\u015fan profilleri g\u00f6z \u00f6n\u00fcnde bulundurularak belirlenmi\u015ftir.\u00a0 P\u00d6A\u2019lar d\u00fczenli aral\u0131klarla b\u00f6l\u00fcm kurulu toplant\u0131lar\u0131nda g\u00f6zden ge\u00e7irilmekte ve geri bildirimler do\u011frultusunda g\u00fcncellenmektedir. \u00a0 Bilimsel ara\u015ft\u0131rma, [&hellip;]<\/p>\n","protected":false},"author":285,"featured_media":0,"parent":0,"menu_order":0,"comment_status":"closed","ping_status":"closed","template":"","meta":{"footnotes":""},"class_list":["post-6840","page","type-page","status-publish","hentry"],"_links":{"self":[{"href":"https:\/\/atauni.edu.tr\/molekuler-biyoloji-ve-genetik\/wp-json\/wp\/v2\/pages\/6840","targetHints":{"allow":["GET"]}}],"collection":[{"href":"https:\/\/atauni.edu.tr\/molekuler-biyoloji-ve-genetik\/wp-json\/wp\/v2\/pages"}],"about":[{"href":"https:\/\/atauni.edu.tr\/molekuler-biyoloji-ve-genetik\/wp-json\/wp\/v2\/types\/page"}],"author":[{"embeddable":true,"href":"https:\/\/atauni.edu.tr\/molekuler-biyoloji-ve-genetik\/wp-json\/wp\/v2\/users\/285"}],"replies":[{"embeddable":true,"href":"https:\/\/atauni.edu.tr\/molekuler-biyoloji-ve-genetik\/wp-json\/wp\/v2\/comments?post=6840"}],"version-history":[{"count":44,"href":"https:\/\/atauni.edu.tr\/molekuler-biyoloji-ve-genetik\/wp-json\/wp\/v2\/pages\/6840\/revisions"}],"predecessor-version":[{"id":8945,"href":"https:\/\/atauni.edu.tr\/molekuler-biyoloji-ve-genetik\/wp-json\/wp\/v2\/pages\/6840\/revisions\/8945"}],"wp:attachment":[{"href":"https:\/\/atauni.edu.tr\/molekuler-biyoloji-ve-genetik\/wp-json\/wp\/v2\/media?parent=6840"}],"curies":[{"name":"wp","href":"https:\/\/api.w.org\/{rel}","templated":true}]}}