{"id":7111,"date":"2022-05-31T22:11:46","date_gmt":"2022-05-31T19:11:46","guid":{"rendered":"https:\/\/birimler.atauni.edu.tr\/molekuler-biyoloji-ve-genetik\/?page_id=7111"},"modified":"2022-06-01T02:14:07","modified_gmt":"2022-05-31T23:14:07","slug":"laboratuvarlar","status":"publish","type":"page","link":"https:\/\/atauni.edu.tr\/molekuler-biyoloji-ve-genetik\/laboratuvarlar\/","title":{"rendered":"Laboratuvarlar"},"content":{"rendered":"\t\t<div data-elementor-type=\"wp-page\" data-elementor-id=\"7111\" class=\"elementor elementor-7111\" data-elementor-post-type=\"page\">\n\t\t\t\t\t\t<section class=\"elementor-section elementor-top-section elementor-element elementor-element-99837cd elementor-section-boxed elementor-section-height-default elementor-section-height-default\" data-id=\"99837cd\" data-element_type=\"section\">\n\t\t\t\t\t\t<div class=\"elementor-container elementor-column-gap-default\">\n\t\t\t\t\t<div class=\"elementor-column elementor-col-100 elementor-top-column elementor-element elementor-element-9e97812\" data-id=\"9e97812\" data-element_type=\"column\">\n\t\t\t<div class=\"elementor-widget-wrap elementor-element-populated\">\n\t\t\t\t\t\t<div class=\"elementor-element elementor-element-02e85e0 elementor-widget elementor-widget-text-editor\" data-id=\"02e85e0\" data-element_type=\"widget\" data-widget_type=\"text-editor.default\">\n\t\t\t\t<div class=\"elementor-widget-container\">\n\t\t\t\t\t\t\t\t\t<p>Atat\u00fcrk \u00dcniversitesi b\u00fcnyesinde kurulan Laboratuvar Envanter ve Kalite Y\u00f6netim Sistemi (LABS\u0130S), \u00fcniversite b\u00fcnyesindeki t\u00fcm laboratuvar varl\u0131klar\u0131n\u0131n tek panel \u00fczerinden g\u00f6r\u00fclmesine ve y\u00f6netilmesine imk\u00e2n tan\u0131maktad\u0131r.<\/p>\n<p><\/p>\n<p>Molek\u00fcler Biyoloji ve Genetik B\u00f6l\u00fcm\u00fc b\u00fcnyesinde bulunan Molek\u00fcler Biyoloji ve Genetik Ara\u015ft\u0131rma Laboratuvar\u0131; Genetik, Mikrobiyoloji, Biyoteknoloji ve Gen M\u00fchendisli\u011fi bilim dallar\u0131nda \u00e7al\u0131\u015fma yapan b\u00f6l\u00fcm akademik personeli ve lisans\u00fcst\u00fc \u00f6\u011frencilerine ara\u015ft\u0131rma olana\u011f\u0131 sa\u011flamaktad\u0131r.<\/p>\n<p><\/p>\n<p>Laboratuvar\u0131m\u0131zdaki cihazlar ve hizmetlerimiz i\u00e7in web sayfam\u0131z\u0131 ziyaret edebilirsiniz.&nbsp;<\/p>\n<p><\/p>\n<p>Laboratuvar web sayfas\u0131na eri\u015fmek i\u00e7in l\u00fctfen <a href=\"https:\/\/labsis.atauni.edu.tr\/site\/?lab=h9lHjcTakt0618Yhakt0618T3sWGsnh5uw==&amp;page=K+YaAAMk9aFolqsIFKakt0618ZZA==\">t\u0131klay\u0131n\u0131z<\/a>.<\/p>\t\t\t\t\t\t\t\t<\/div>\n\t\t\t\t<\/div>\n\t\t\t\t\t<\/div>\n\t\t<\/div>\n\t\t\t\t\t<\/div>\n\t\t<\/section>\n\t\t\t\t<section class=\"elementor-section elementor-top-section elementor-element elementor-element-6d57a50 elementor-section-boxed elementor-section-height-default elementor-section-height-default\" data-id=\"6d57a50\" data-element_type=\"section\">\n\t\t\t\t\t\t<div class=\"elementor-container elementor-column-gap-default\">\n\t\t\t\t\t<div class=\"elementor-column elementor-col-100 elementor-top-column elementor-element elementor-element-1cd2342\" data-id=\"1cd2342\" data-element_type=\"column\">\n\t\t\t<div class=\"elementor-widget-wrap elementor-element-populated\">\n\t\t\t\t\t\t<div class=\"elementor-element elementor-element-d08fab4 elementor-widget elementor-widget-image\" data-id=\"d08fab4\" data-element_type=\"widget\" data-widget_type=\"image.default\">\n\t\t\t\t<div class=\"elementor-widget-container\">\n\t\t\t\t\t\t\t\t\t\t\t\t\t\t\t\t<a href=\"http:\/\/birimler.atauni.edu.tr\/molekuler-biyoloji-ve-genetik\/wp-content\/uploads\/sites\/141\/2022\/05\/4f2ff5fe07f25df52b5d5cdb34296091.jpeg\" data-elementor-open-lightbox=\"yes\" data-elementor-lightbox-title=\"4f2ff5fe07f25df52b5d5cdb34296091\" data-e-action-hash=\"#elementor-action%3Aaction%3Dlightbox%26settings%3DeyJpZCI6IjcxMjQiLCJ1cmwiOiJodHRwczpcL1wvYXRhdW5pLmVkdS50clwvbW9sZWt1bGVyLWJpeW9sb2ppLXZlLWdlbmV0aWtcL3dwLWNvbnRlbnRcL3VwbG9hZHNcL3NpdGVzXC8xNDFcLzIwMjJcLzA1XC80ZjJmZjVmZTA3ZjI1ZGY1MmI1ZDVjZGIzNDI5NjA5MS5qcGVnIn0%3D\">\n\t\t\t\t\t\t\t<img decoding=\"async\" width=\"150\" height=\"150\" src=\"https:\/\/atauni.edu.tr\/molekuler-biyoloji-ve-genetik\/wp-content\/uploads\/sites\/141\/2022\/05\/4f2ff5fe07f25df52b5d5cdb34296091-150x150.jpeg\" class=\"attachment-thumbnail size-thumbnail wp-image-7124\" alt=\"\" \/>\t\t\t\t\t\t\t\t<\/a>\n\t\t\t\t\t\t\t\t\t\t\t\t\t\t\t<\/div>\n\t\t\t\t<\/div>\n\t\t\t\t\t<\/div>\n\t\t<\/div>\n\t\t\t\t\t<\/div>\n\t\t<\/section>\n\t\t\t\t<\/div>\n\t\t","protected":false},"excerpt":{"rendered":"<p>Atat\u00fcrk \u00dcniversitesi b\u00fcnyesinde kurulan Laboratuvar Envanter ve Kalite Y\u00f6netim Sistemi (LABS\u0130S), \u00fcniversite b\u00fcnyesindeki t\u00fcm laboratuvar varl\u0131klar\u0131n\u0131n tek panel \u00fczerinden g\u00f6r\u00fclmesine ve y\u00f6netilmesine imk\u00e2n tan\u0131maktad\u0131r. Molek\u00fcler Biyoloji ve Genetik B\u00f6l\u00fcm\u00fc b\u00fcnyesinde bulunan Molek\u00fcler Biyoloji ve Genetik Ara\u015ft\u0131rma Laboratuvar\u0131; Genetik, Mikrobiyoloji, Biyoteknoloji ve Gen M\u00fchendisli\u011fi bilim dallar\u0131nda \u00e7al\u0131\u015fma yapan b\u00f6l\u00fcm akademik personeli ve lisans\u00fcst\u00fc \u00f6\u011frencilerine ara\u015ft\u0131rma olana\u011f\u0131 [&hellip;]<\/p>\n","protected":false},"author":285,"featured_media":0,"parent":0,"menu_order":0,"comment_status":"closed","ping_status":"closed","template":"","meta":{"footnotes":""},"class_list":["post-7111","page","type-page","status-publish","hentry"],"_links":{"self":[{"href":"https:\/\/atauni.edu.tr\/molekuler-biyoloji-ve-genetik\/wp-json\/wp\/v2\/pages\/7111","targetHints":{"allow":["GET"]}}],"collection":[{"href":"https:\/\/atauni.edu.tr\/molekuler-biyoloji-ve-genetik\/wp-json\/wp\/v2\/pages"}],"about":[{"href":"https:\/\/atauni.edu.tr\/molekuler-biyoloji-ve-genetik\/wp-json\/wp\/v2\/types\/page"}],"author":[{"embeddable":true,"href":"https:\/\/atauni.edu.tr\/molekuler-biyoloji-ve-genetik\/wp-json\/wp\/v2\/users\/285"}],"replies":[{"embeddable":true,"href":"https:\/\/atauni.edu.tr\/molekuler-biyoloji-ve-genetik\/wp-json\/wp\/v2\/comments?post=7111"}],"version-history":[{"count":26,"href":"https:\/\/atauni.edu.tr\/molekuler-biyoloji-ve-genetik\/wp-json\/wp\/v2\/pages\/7111\/revisions"}],"predecessor-version":[{"id":7449,"href":"https:\/\/atauni.edu.tr\/molekuler-biyoloji-ve-genetik\/wp-json\/wp\/v2\/pages\/7111\/revisions\/7449"}],"wp:attachment":[{"href":"https:\/\/atauni.edu.tr\/molekuler-biyoloji-ve-genetik\/wp-json\/wp\/v2\/media?parent=7111"}],"curies":[{"name":"wp","href":"https:\/\/api.w.org\/{rel}","templated":true}]}}