{"id":7113,"date":"2022-05-31T22:11:46","date_gmt":"2022-05-31T19:11:46","guid":{"rendered":"https:\/\/birimler.atauni.edu.tr\/molekuler-biyoloji-ve-genetik\/?page_id=7113"},"modified":"2023-05-17T09:48:13","modified_gmt":"2023-05-17T06:48:13","slug":"yayinlar","status":"publish","type":"page","link":"https:\/\/atauni.edu.tr\/molekuler-biyoloji-ve-genetik\/yayinlar\/","title":{"rendered":"Yay\u0131nlar"},"content":{"rendered":"\t\t<div data-elementor-type=\"wp-page\" data-elementor-id=\"7113\" class=\"elementor elementor-7113\" data-elementor-post-type=\"page\">\n\t\t\t\t\t\t<section class=\"elementor-section elementor-top-section elementor-element elementor-element-5da4499 elementor-section-boxed elementor-section-height-default elementor-section-height-default\" data-id=\"5da4499\" data-element_type=\"section\">\n\t\t\t\t\t\t<div class=\"elementor-container elementor-column-gap-default\">\n\t\t\t\t\t<div class=\"elementor-column elementor-col-100 elementor-top-column elementor-element elementor-element-ad41e72\" data-id=\"ad41e72\" data-element_type=\"column\">\n\t\t\t<div class=\"elementor-widget-wrap elementor-element-populated\">\n\t\t\t\t\t\t<div class=\"elementor-element elementor-element-825098e elementor-widget elementor-widget-text-editor\" data-id=\"825098e\" data-element_type=\"widget\" data-widget_type=\"text-editor.default\">\n\t\t\t\t<div class=\"elementor-widget-container\">\n\t\t\t\t\t\t\t\t\t<p>Molek\u00fcler Biyoloji ve Genetik B\u00f6l\u00fcm\u00fc, gerek yurt i\u00e7i ve gerekse yurt d\u0131\u015f\u0131nda t\u0131p, fen ve m\u00fchendislik bilimleri ve bili\u015fim teknolojileri alanlar\u0131nda faaliyet g\u00f6stermekte olan birimlerle koordineli olarak i\u015fbirli\u011fini s\u00fcrd\u00fcrmektedir. B\u00f6l\u00fcm\u00fcm\u00fcz, s\u00f6z\u00fc edilen birimlerle ortak ara\u015ft\u0131rma projeleri olu\u015fturmaya devam ederek ilimiz, \u00fcniversitemiz ve \u00fclkemizin bilimsel, end\u00fcstriyel ve ekonomik geli\u015fimine katk\u0131da bulunmay\u0131 hedeflemektedir.<\/p><p>B\u00f6l\u00fcm\u00fcm\u00fcz \u00f6\u011fretim \u00fcye ve elamanlar\u0131na ait g\u00fcncel bilimsel \u00e7al\u0131\u015fmalara\u00a0<b>Atat\u00fcrk \u00dcniversitesi Akademik Veri Y\u00f6netim Sistemi<\/b>\u00a0(AVES\u0130S) \u00fczerinden ula\u015fabilmek i\u00e7in l\u00fctfen <a href=\"https:\/\/avesis.atauni.edu.tr\/arama?q=Fen%20Fak%C3%BCltesi%2C%20Molek%C3%BCler%20Biyoloji%20ve%20Genetik&amp;Bulunan%20Kay%C4%B1t%20T%C3%BCrleri[0]=Ara%C5%9Ft%C4%B1rmac%C4%B1lar&amp;B%C3%B6l%C3%BCm%20Ara=mol&amp;%C3%87al%C4%B1%C5%9F%C4%B1lan%20B%C3%B6l%C3%BCm[0]=Molek%C3%BCler%20Biyoloji%20ve%20Genetik\">t\u0131klay\u0131n\u0131z<\/a>.<\/p>\t\t\t\t\t\t\t\t<\/div>\n\t\t\t\t<\/div>\n\t\t\t\t\t<\/div>\n\t\t<\/div>\n\t\t\t\t\t<\/div>\n\t\t<\/section>\n\t\t\t\t<\/div>\n\t\t","protected":false},"excerpt":{"rendered":"<p>Molek\u00fcler Biyoloji ve Genetik B\u00f6l\u00fcm\u00fc, gerek yurt i\u00e7i ve gerekse yurt d\u0131\u015f\u0131nda t\u0131p, fen ve m\u00fchendislik bilimleri ve bili\u015fim teknolojileri alanlar\u0131nda faaliyet g\u00f6stermekte olan birimlerle koordineli olarak i\u015fbirli\u011fini s\u00fcrd\u00fcrmektedir. B\u00f6l\u00fcm\u00fcm\u00fcz, s\u00f6z\u00fc edilen birimlerle ortak ara\u015ft\u0131rma projeleri olu\u015fturmaya devam ederek ilimiz, \u00fcniversitemiz ve \u00fclkemizin bilimsel, end\u00fcstriyel ve ekonomik geli\u015fimine katk\u0131da bulunmay\u0131 hedeflemektedir. B\u00f6l\u00fcm\u00fcm\u00fcz \u00f6\u011fretim \u00fcye ve [&hellip;]<\/p>\n","protected":false},"author":285,"featured_media":0,"parent":0,"menu_order":0,"comment_status":"closed","ping_status":"closed","template":"","meta":{"footnotes":""},"class_list":["post-7113","page","type-page","status-publish","hentry"],"_links":{"self":[{"href":"https:\/\/atauni.edu.tr\/molekuler-biyoloji-ve-genetik\/wp-json\/wp\/v2\/pages\/7113","targetHints":{"allow":["GET"]}}],"collection":[{"href":"https:\/\/atauni.edu.tr\/molekuler-biyoloji-ve-genetik\/wp-json\/wp\/v2\/pages"}],"about":[{"href":"https:\/\/atauni.edu.tr\/molekuler-biyoloji-ve-genetik\/wp-json\/wp\/v2\/types\/page"}],"author":[{"embeddable":true,"href":"https:\/\/atauni.edu.tr\/molekuler-biyoloji-ve-genetik\/wp-json\/wp\/v2\/users\/285"}],"replies":[{"embeddable":true,"href":"https:\/\/atauni.edu.tr\/molekuler-biyoloji-ve-genetik\/wp-json\/wp\/v2\/comments?post=7113"}],"version-history":[{"count":14,"href":"https:\/\/atauni.edu.tr\/molekuler-biyoloji-ve-genetik\/wp-json\/wp\/v2\/pages\/7113\/revisions"}],"predecessor-version":[{"id":8079,"href":"https:\/\/atauni.edu.tr\/molekuler-biyoloji-ve-genetik\/wp-json\/wp\/v2\/pages\/7113\/revisions\/8079"}],"wp:attachment":[{"href":"https:\/\/atauni.edu.tr\/molekuler-biyoloji-ve-genetik\/wp-json\/wp\/v2\/media?parent=7113"}],"curies":[{"name":"wp","href":"https:\/\/api.w.org\/{rel}","templated":true}]}}