{"id":7172,"date":"2022-05-31T22:46:01","date_gmt":"2022-05-31T19:46:01","guid":{"rendered":"https:\/\/birimler.atauni.edu.tr\/molekuler-biyoloji-ve-genetik\/?page_id=7172"},"modified":"2022-06-03T10:20:06","modified_gmt":"2022-06-03T07:20:06","slug":"sosyal-sorumluluk-projeleri","status":"publish","type":"page","link":"https:\/\/atauni.edu.tr\/molekuler-biyoloji-ve-genetik\/sosyal-sorumluluk-projeleri\/","title":{"rendered":"Sosyal Sorumluluk Projeleri"},"content":{"rendered":"\t\t<div data-elementor-type=\"wp-page\" data-elementor-id=\"7172\" class=\"elementor elementor-7172\" data-elementor-post-type=\"page\">\n\t\t\t\t\t\t<section class=\"elementor-section elementor-top-section elementor-element elementor-element-652a21b elementor-section-boxed elementor-section-height-default elementor-section-height-default\" data-id=\"652a21b\" data-element_type=\"section\">\n\t\t\t\t\t\t<div class=\"elementor-container elementor-column-gap-default\">\n\t\t\t\t\t<div class=\"elementor-column elementor-col-100 elementor-top-column elementor-element elementor-element-988c268\" data-id=\"988c268\" data-element_type=\"column\">\n\t\t\t<div class=\"elementor-widget-wrap elementor-element-populated\">\n\t\t\t\t\t\t<div class=\"elementor-element elementor-element-91d760d elementor-widget elementor-widget-text-editor\" data-id=\"91d760d\" data-element_type=\"widget\" data-widget_type=\"text-editor.default\">\n\t\t\t\t<div class=\"elementor-widget-container\">\n\t\t\t\t\t\t\t\t\t<p><b>S\u0131n\u0131f\u0131n d\u0131\u015f\u0131nda, toplumun i\u00e7inde\u2026<\/b><\/p>\n<p>Birimimiz, e\u011fitim, ara\u015ft\u0131rma ve topluma katk\u0131 misyonlar\u0131n\u0131 b\u00fct\u00fcnsel olarak ele alarak, e\u011fitim ve ara\u015ft\u0131rma olanaklar\u0131n\u0131 ve \u00e7\u0131kt\u0131lar\u0131n\u0131 kamu yarar\u0131na d\u00f6n\u00fc\u015ft\u00fcrmeyi ama\u00e7layarak toplumsal katk\u0131y\u0131 \u00f6n plana \u00e7\u0131karmay\u0131 temel politika olarak benimsemektedir. Bu ba\u011flamda birimimizin ulusal ve uluslararas\u0131 alanda sayg\u0131nl\u0131\u011f\u0131n\u0131 art\u0131rmak i\u00e7in disiplinli ve \u00e7\u00f6z\u00fcm odakl\u0131, b\u00f6lge ve \u00fclke ekonomisine katma de\u011fer olu\u015fturacak ve bilime katk\u0131 sa\u011flayacak bir ortam\u0131n haz\u0131rlanmas\u0131 stratejik bir hedef olarak belirlenmi\u015ftir.<\/p>\n<p>Bu kapsamda Atat\u00fcrk \u00dcniversitesi \u00f6nc\u00fcl\u00fc\u011f\u00fcnde <a href=\"https:\/\/tdm.atauni.edu.tr\/\">Toplumsal Duyarl\u0131l\u0131k Projeleri Uygulama ve Ara\u015ft\u0131rma Merkezi<\/a> koordinat\u00f6rl\u00fc\u011f\u00fcnde b\u00f6l\u00fcm\u00fcm\u00fcz \u00f6\u011fretim \u00fcye ve elamanlar\u0131 taraf\u0131ndan 2021 y\u0131l\u0131nda ger\u00e7ekle\u015ftirilen baz\u0131 <strong>T<\/strong><b>oplumsal Duyarl\u0131l\u0131k Projeleri<\/b>ne ait bilgiler a\u015fa\u011f\u0131da \u00f6zetlenmi\u015ftir.<\/p>\t\t\t\t\t\t\t\t<\/div>\n\t\t\t\t<\/div>\n\t\t\t\t<div class=\"elementor-element elementor-element-70d565e elementor-widget elementor-widget-text-editor\" data-id=\"70d565e\" data-element_type=\"widget\" data-widget_type=\"text-editor.default\">\n\t\t\t\t<div class=\"elementor-widget-container\">\n\t\t\t\t\t\t\t\t\t<p>*PDF dosyas\u0131n\u0131n a\u00e7\u0131lmas\u0131 i\u00e7in l\u00fctfen bekleyiniz veya sayfay\u0131 yenileyiniz<\/p>\t\t\t\t\t\t\t\t<\/div>\n\t\t\t\t<\/div>\n\t\t\t\t\t<\/div>\n\t\t<\/div>\n\t\t\t\t\t<\/div>\n\t\t<\/section>\n\t\t\t\t<section class=\"elementor-section elementor-top-section elementor-element elementor-element-db54c75 elementor-section-boxed elementor-section-height-default elementor-section-height-default\" data-id=\"db54c75\" data-element_type=\"section\">\n\t\t\t\t\t\t<div class=\"elementor-container elementor-column-gap-default\">\n\t\t\t\t\t<div class=\"elementor-column elementor-col-100 elementor-top-column elementor-element elementor-element-521e633\" data-id=\"521e633\" data-element_type=\"column\">\n\t\t\t<div class=\"elementor-widget-wrap elementor-element-populated\">\n\t\t\t\t\t\t<div class=\"elementor-element elementor-element-dcd364a elementor-widget elementor-widget-pdf_viewer\" data-id=\"dcd364a\" data-element_type=\"widget\" data-widget_type=\"pdf_viewer.default\">\n\t\t\t\t<div class=\"elementor-widget-container\">\n\t\t\t\t\t<iframe src=\"https:\/\/docs.google.com\/viewer?url=http:\/\/birimler.atauni.edu.tr\/molekuler-biyoloji-ve-genetik\/wp-content\/uploads\/sites\/141\/2022\/06\/toplumsal-katki-ornekler.pdf&amp;embedded=true\" style=\"display: block; margin-left: auto; margin-right: auto; width: 750px; height: 1020px;\" frameborder=\"1\" marginheight=\"0px\" marginwidth=\"0px\" allowfullscreen><\/iframe>\t\t\t\t<\/div>\n\t\t\t\t<\/div>\n\t\t\t\t\t<\/div>\n\t\t<\/div>\n\t\t\t\t\t<\/div>\n\t\t<\/section>\n\t\t\t\t<\/div>\n\t\t","protected":false},"excerpt":{"rendered":"<p>S\u0131n\u0131f\u0131n d\u0131\u015f\u0131nda, toplumun i\u00e7inde\u2026 Birimimiz, e\u011fitim, ara\u015ft\u0131rma ve topluma katk\u0131 misyonlar\u0131n\u0131 b\u00fct\u00fcnsel olarak ele alarak, e\u011fitim ve ara\u015ft\u0131rma olanaklar\u0131n\u0131 ve \u00e7\u0131kt\u0131lar\u0131n\u0131 kamu yarar\u0131na d\u00f6n\u00fc\u015ft\u00fcrmeyi ama\u00e7layarak toplumsal katk\u0131y\u0131 \u00f6n plana \u00e7\u0131karmay\u0131 temel politika olarak benimsemektedir. Bu ba\u011flamda birimimizin ulusal ve uluslararas\u0131 alanda sayg\u0131nl\u0131\u011f\u0131n\u0131 art\u0131rmak i\u00e7in disiplinli ve \u00e7\u00f6z\u00fcm odakl\u0131, b\u00f6lge ve \u00fclke ekonomisine katma de\u011fer olu\u015fturacak [&hellip;]<\/p>\n","protected":false},"author":285,"featured_media":0,"parent":0,"menu_order":0,"comment_status":"closed","ping_status":"closed","template":"","meta":{"footnotes":""},"class_list":["post-7172","page","type-page","status-publish","hentry"],"_links":{"self":[{"href":"https:\/\/atauni.edu.tr\/molekuler-biyoloji-ve-genetik\/wp-json\/wp\/v2\/pages\/7172","targetHints":{"allow":["GET"]}}],"collection":[{"href":"https:\/\/atauni.edu.tr\/molekuler-biyoloji-ve-genetik\/wp-json\/wp\/v2\/pages"}],"about":[{"href":"https:\/\/atauni.edu.tr\/molekuler-biyoloji-ve-genetik\/wp-json\/wp\/v2\/types\/page"}],"author":[{"embeddable":true,"href":"https:\/\/atauni.edu.tr\/molekuler-biyoloji-ve-genetik\/wp-json\/wp\/v2\/users\/285"}],"replies":[{"embeddable":true,"href":"https:\/\/atauni.edu.tr\/molekuler-biyoloji-ve-genetik\/wp-json\/wp\/v2\/comments?post=7172"}],"version-history":[{"count":26,"href":"https:\/\/atauni.edu.tr\/molekuler-biyoloji-ve-genetik\/wp-json\/wp\/v2\/pages\/7172\/revisions"}],"predecessor-version":[{"id":7615,"href":"https:\/\/atauni.edu.tr\/molekuler-biyoloji-ve-genetik\/wp-json\/wp\/v2\/pages\/7172\/revisions\/7615"}],"wp:attachment":[{"href":"https:\/\/atauni.edu.tr\/molekuler-biyoloji-ve-genetik\/wp-json\/wp\/v2\/media?parent=7172"}],"curies":[{"name":"wp","href":"https:\/\/api.w.org\/{rel}","templated":true}]}}